{"id":6013,"date":"2017-12-18T14:33:34","date_gmt":"2017-12-18T14:33:34","guid":{"rendered":"https:\/\/lumart.fr\/les-collections\/non%20class\u00e9\/crosse-crosse-40-cm-82836\/"},"modified":"2017-12-18T15:46:25","modified_gmt":"2017-12-18T15:46:25","slug":"crosse-crosse-40-cm-82836","status":"publish","type":"product","link":"https:\/\/lumart.fr\/fr\/les-collections\/exterieur\/accroches\/crosse-crosse-40-cm-82836\/","title":{"rendered":" 40 cm"},"content":{"rendered":"<p>En laiton, la crosse est le compl\u00e9ment n\u00e9cessaire \u00e0 votre lanterne pour l&rsquo;accrocher au mur. Le choix de la dimension de cette crosse (distance du mur \u00e0 l&rsquo;axe de la lanterne) va d\u00e9pendre de la taille de la lanterne. Plus la lanterne est grande, plus elle devra \u00eatre d\u00e9port\u00e9e du mur. Les crosses sont \u00e9galement disponibles en crosses d&rsquo;angle. L&rsquo;\u00e9quipe Lum&rsquo;art est \u00e0 votre disposition pour vous aider dans votre choix.<\/p>\n","protected":false},"excerpt":{"rendered":"<p>En laiton, la crosse est le compl\u00e9ment n\u00e9cessaire \u00e0 votre lanterne pour l&rsquo;accrocher au mur. Le choix de la dimension de cette crosse (distance du mur \u00e0 l&rsquo;axe de la lanterne) va d\u00e9pendre de la taille de la lanterne. Plus la lanterne est grande, plus elle devra \u00eatre d\u00e9port\u00e9e du mur. Les crosses sont \u00e9galement disponibles en crosses d&rsquo;angle. L&rsquo;\u00e9quipe <a href=\"https:\/\/lumart.fr\/fr\/les-collections\/exterieur\/accroches\/crosse-crosse-40-cm-82836\/\" class=\"more\">[ &hellip; ]<\/a><\/p>\n","protected":false},"featured_media":5749,"template":"","meta":[],"product_cat":[244],"product_tag":[],"acf":[],"yoast_head":"<!-- This site is optimized with the Yoast SEO plugin v17.8 - https:\/\/yoast.com\/wordpress\/plugins\/seo\/ -->\n<meta name=\"robots\" content=\"index, follow, max-snippet:-1, max-image-preview:large, max-video-preview:-1\" \/>\n<link rel=\"canonical\" href=\"https:\/\/lumart.fr\/fr\/les-collections\/exterieur\/accroches\/crosse-crosse-40-cm-82836\/\" \/>\n<meta property=\"og:locale\" content=\"fr_FR\" \/>\n<meta property=\"og:type\" content=\"article\" \/>\n<meta property=\"og:title\" content=\"Crosse Crosse 40 cm (82836) - Lum&#039;art\" \/>\n<meta property=\"og:description\" content=\"En laiton, la crosse est le compl\u00e9ment n\u00e9cessaire \u00e0 votre lanterne pour l&rsquo;accrocher au mur. Le choix de la dimension de cette crosse (distance du mur \u00e0 l&rsquo;axe de la lanterne) va d\u00e9pendre de la taille de la lanterne. Plus la lanterne est grande, plus elle devra \u00eatre d\u00e9port\u00e9e du mur. Les crosses sont \u00e9galement disponibles en crosses d&rsquo;angle. L&rsquo;\u00e9quipe [ &hellip; ]\" \/>\n<meta property=\"og:url\" content=\"https:\/\/lumart.fr\/fr\/les-collections\/exterieur\/accroches\/crosse-crosse-40-cm-82836\/\" \/>\n<meta property=\"og:site_name\" content=\"Lum&#039;art\" \/>\n<meta property=\"article:publisher\" content=\"https:\/\/www.facebook.com\/LumArt-1543826629180391\/\" \/>\n<meta property=\"article:modified_time\" content=\"2017-12-18T15:46:25+00:00\" \/>\n<meta property=\"og:image\" content=\"https:\/\/lumart.fr\/wp-content\/uploads\/2017\/12\/82836-Crosse-40cm-VL-Lumart-BD-1.jpg\" \/>\n\t<meta property=\"og:image:width\" content=\"2551\" \/>\n\t<meta property=\"og:image:height\" content=\"1701\" \/>\n<meta name=\"twitter:card\" content=\"summary\" \/>\n<script type=\"application\/ld+json\" class=\"yoast-schema-graph\">{\"@context\":\"https:\/\/schema.org\",\"@graph\":[{\"@type\":\"WebSite\",\"@id\":\"https:\/\/lumart.fr\/fr\/#website\",\"url\":\"https:\/\/lumart.fr\/fr\/\",\"name\":\"Lum'art\",\"description\":\"\",\"potentialAction\":[{\"@type\":\"SearchAction\",\"target\":{\"@type\":\"EntryPoint\",\"urlTemplate\":\"https:\/\/lumart.fr\/fr\/?s={search_term_string}\"},\"query-input\":\"required name=search_term_string\"}],\"inLanguage\":\"fr-FR\"},{\"@type\":\"ImageObject\",\"@id\":\"https:\/\/lumart.fr\/fr\/les-collections\/exterieur\/accroches\/crosse-crosse-40-cm-82836\/#primaryimage\",\"inLanguage\":\"fr-FR\",\"url\":\"\/wp-content\/uploads\/2017\/12\/82836-Crosse-40cm-VL-Lumart-BD-1.jpg\",\"contentUrl\":\"\/wp-content\/uploads\/2017\/12\/82836-Crosse-40cm-VL-Lumart-BD-1.jpg\",\"width\":2551,\"height\":1701,\"caption\":\"Crosse 40 cm - Finition vieux laiton\"},{\"@type\":\"WebPage\",\"@id\":\"https:\/\/lumart.fr\/fr\/les-collections\/exterieur\/accroches\/crosse-crosse-40-cm-82836\/#webpage\",\"url\":\"https:\/\/lumart.fr\/fr\/les-collections\/exterieur\/accroches\/crosse-crosse-40-cm-82836\/\",\"name\":\"Crosse Crosse 40 cm (82836) - Lum&#039;art\",\"isPartOf\":{\"@id\":\"https:\/\/lumart.fr\/fr\/#website\"},\"primaryImageOfPage\":{\"@id\":\"https:\/\/lumart.fr\/fr\/les-collections\/exterieur\/accroches\/crosse-crosse-40-cm-82836\/#primaryimage\"},\"datePublished\":\"2017-12-18T14:33:34+00:00\",\"dateModified\":\"2017-12-18T15:46:25+00:00\",\"breadcrumb\":{\"@id\":\"https:\/\/lumart.fr\/fr\/les-collections\/exterieur\/accroches\/crosse-crosse-40-cm-82836\/#breadcrumb\"},\"inLanguage\":\"fr-FR\",\"potentialAction\":[{\"@type\":\"ReadAction\",\"target\":[\"https:\/\/lumart.fr\/fr\/les-collections\/exterieur\/accroches\/crosse-crosse-40-cm-82836\/\"]}]},{\"@type\":\"BreadcrumbList\",\"@id\":\"https:\/\/lumart.fr\/fr\/les-collections\/exterieur\/accroches\/crosse-crosse-40-cm-82836\/#breadcrumb\",\"itemListElement\":[{\"@type\":\"ListItem\",\"position\":1,\"name\":\"Home\",\"item\":\"https:\/\/lumart.fr\/fr\/\"},{\"@type\":\"ListItem\",\"position\":2,\"name\":\"Les Collections\",\"item\":\"https:\/\/lumart.fr\/fr\/les-collections\/\"},{\"@type\":\"ListItem\",\"position\":3,\"name\":\"40 cm\"}]}]}<\/script>\n<!-- \/ Yoast SEO plugin. -->","yoast_head_json":{"robots":{"index":"index","follow":"follow","max-snippet":"max-snippet:-1","max-image-preview":"max-image-preview:large","max-video-preview":"max-video-preview:-1"},"canonical":"https:\/\/lumart.fr\/fr\/les-collections\/exterieur\/accroches\/crosse-crosse-40-cm-82836\/","og_locale":"fr_FR","og_type":"article","og_title":"Crosse Crosse 40 cm (82836) - Lum&#039;art","og_description":"En laiton, la crosse est le compl\u00e9ment n\u00e9cessaire \u00e0 votre lanterne pour l&rsquo;accrocher au mur. Le choix de la dimension de cette crosse (distance du mur \u00e0 l&rsquo;axe de la lanterne) va d\u00e9pendre de la taille de la lanterne. Plus la lanterne est grande, plus elle devra \u00eatre d\u00e9port\u00e9e du mur. Les crosses sont \u00e9galement disponibles en crosses d&rsquo;angle. L&rsquo;\u00e9quipe [ &hellip; ]","og_url":"https:\/\/lumart.fr\/fr\/les-collections\/exterieur\/accroches\/crosse-crosse-40-cm-82836\/","og_site_name":"Lum&#039;art","article_publisher":"https:\/\/www.facebook.com\/LumArt-1543826629180391\/","article_modified_time":"2017-12-18T15:46:25+00:00","og_image":[{"width":2551,"height":1701,"url":"https:\/\/lumart.fr\/wp-content\/uploads\/2017\/12\/82836-Crosse-40cm-VL-Lumart-BD-1.jpg","type":"image\/jpeg"}],"twitter_card":"summary","schema":{"@context":"https:\/\/schema.org","@graph":[{"@type":"WebSite","@id":"https:\/\/lumart.fr\/fr\/#website","url":"https:\/\/lumart.fr\/fr\/","name":"Lum'art","description":"","potentialAction":[{"@type":"SearchAction","target":{"@type":"EntryPoint","urlTemplate":"https:\/\/lumart.fr\/fr\/?s={search_term_string}"},"query-input":"required name=search_term_string"}],"inLanguage":"fr-FR"},{"@type":"ImageObject","@id":"https:\/\/lumart.fr\/fr\/les-collections\/exterieur\/accroches\/crosse-crosse-40-cm-82836\/#primaryimage","inLanguage":"fr-FR","url":"\/wp-content\/uploads\/2017\/12\/82836-Crosse-40cm-VL-Lumart-BD-1.jpg","contentUrl":"\/wp-content\/uploads\/2017\/12\/82836-Crosse-40cm-VL-Lumart-BD-1.jpg","width":2551,"height":1701,"caption":"Crosse 40 cm - Finition vieux laiton"},{"@type":"WebPage","@id":"https:\/\/lumart.fr\/fr\/les-collections\/exterieur\/accroches\/crosse-crosse-40-cm-82836\/#webpage","url":"https:\/\/lumart.fr\/fr\/les-collections\/exterieur\/accroches\/crosse-crosse-40-cm-82836\/","name":"Crosse Crosse 40 cm (82836) - Lum&#039;art","isPartOf":{"@id":"https:\/\/lumart.fr\/fr\/#website"},"primaryImageOfPage":{"@id":"https:\/\/lumart.fr\/fr\/les-collections\/exterieur\/accroches\/crosse-crosse-40-cm-82836\/#primaryimage"},"datePublished":"2017-12-18T14:33:34+00:00","dateModified":"2017-12-18T15:46:25+00:00","breadcrumb":{"@id":"https:\/\/lumart.fr\/fr\/les-collections\/exterieur\/accroches\/crosse-crosse-40-cm-82836\/#breadcrumb"},"inLanguage":"fr-FR","potentialAction":[{"@type":"ReadAction","target":["https:\/\/lumart.fr\/fr\/les-collections\/exterieur\/accroches\/crosse-crosse-40-cm-82836\/"]}]},{"@type":"BreadcrumbList","@id":"https:\/\/lumart.fr\/fr\/les-collections\/exterieur\/accroches\/crosse-crosse-40-cm-82836\/#breadcrumb","itemListElement":[{"@type":"ListItem","position":1,"name":"Home","item":"https:\/\/lumart.fr\/fr\/"},{"@type":"ListItem","position":2,"name":"Les Collections","item":"https:\/\/lumart.fr\/fr\/les-collections\/"},{"@type":"ListItem","position":3,"name":"40 cm"}]}]}},"_links":{"self":[{"href":"https:\/\/lumart.fr\/fr\/wp-json\/wp\/v2\/product\/6013"}],"collection":[{"href":"https:\/\/lumart.fr\/fr\/wp-json\/wp\/v2\/product"}],"about":[{"href":"https:\/\/lumart.fr\/fr\/wp-json\/wp\/v2\/types\/product"}],"wp:featuredmedia":[{"embeddable":true,"href":"https:\/\/lumart.fr\/fr\/wp-json\/wp\/v2\/media\/5749"}],"wp:attachment":[{"href":"https:\/\/lumart.fr\/fr\/wp-json\/wp\/v2\/media?parent=6013"}],"wp:term":[{"taxonomy":"product_cat","embeddable":true,"href":"https:\/\/lumart.fr\/fr\/wp-json\/wp\/v2\/product_cat?post=6013"},{"taxonomy":"product_tag","embeddable":true,"href":"https:\/\/lumart.fr\/fr\/wp-json\/wp\/v2\/product_tag?post=6013"}],"curies":[{"name":"wp","href":"https:\/\/api.w.org\/{rel}","templated":true}]}}