{"id":6009,"date":"2017-12-18T14:33:32","date_gmt":"2017-12-18T14:33:32","guid":{"rendered":"https:\/\/lumart.fr\/les-collections\/non%20class\u00e9\/cour-cheverny-lanterne-gm-280\/"},"modified":"2023-06-22T14:47:49","modified_gmt":"2023-06-22T12:47:49","slug":"cour-cheverny-lanterne-gm-280","status":"publish","type":"product","link":"https:\/\/lumart.fr\/fr\/les-collections\/exterieur\/appliques-exterieur\/cour-cheverny-lanterne-gm-280\/","title":{"rendered":"Cour Cheverny - Applique Horizontale"},"content":{"rendered":"<p>Fid\u00e8le transposition des lanternes de cour du XIX\u00e8me si\u00e8cle, la collection Cour Cheverny se d\u00e9cline en lampadaire, suspension et applique. On privil\u00e9giera l&rsquo;applique oblique au dessus d&rsquo;une porte ou d&rsquo;une ouverture et l&rsquo;applique horizontale le long d&rsquo;une fa\u00e7ade, en r\u00e9p\u00e9tition. Applique et suspension peuvent \u00e9galement int\u00e9grer votre int\u00e9rieur pour donner un c\u00f4t\u00e9 industrielle \u00e0 une cuisine par exemple.<\/p>\n","protected":false},"excerpt":{"rendered":"<p>Fid\u00e8le transposition des lanternes de cour du XIX\u00e8me si\u00e8cle, la collection Cour Cheverny se d\u00e9cline en lampadaire, suspension et applique. On privil\u00e9giera l&rsquo;applique oblique au dessus d&rsquo;une porte ou d&rsquo;une ouverture et l&rsquo;applique horizontale le long d&rsquo;une fa\u00e7ade, en r\u00e9p\u00e9tition. Applique et suspension peuvent \u00e9galement int\u00e9grer votre int\u00e9rieur pour donner un c\u00f4t\u00e9 industrielle \u00e0 une cuisine par exemple.<\/p>\n","protected":false},"featured_media":2464,"template":"","meta":[],"product_cat":[231],"product_tag":[],"acf":[],"yoast_head":"<!-- This site is optimized with the Yoast SEO plugin v17.8 - https:\/\/yoast.com\/wordpress\/plugins\/seo\/ -->\n<meta name=\"robots\" content=\"index, follow, max-snippet:-1, max-image-preview:large, max-video-preview:-1\" \/>\n<link rel=\"canonical\" href=\"https:\/\/lumart.fr\/fr\/les-collections\/exterieur\/appliques-exterieur\/cour-cheverny-lanterne-gm-280\/\" \/>\n<meta property=\"og:locale\" content=\"fr_FR\" \/>\n<meta property=\"og:type\" content=\"article\" \/>\n<meta property=\"og:title\" content=\"Cour Cheverny Applique horizontale (280) - Lum&#039;art\" \/>\n<meta property=\"og:description\" content=\"Fid\u00e8le transposition des lanternes de cour du XIX\u00e8me si\u00e8cle, la collection Cour Cheverny se d\u00e9cline en lampadaire, suspension et applique. On privil\u00e9giera l&rsquo;applique oblique au dessus d&rsquo;une porte ou d&rsquo;une ouverture et l&rsquo;applique horizontale le long d&rsquo;une fa\u00e7ade, en r\u00e9p\u00e9tition. Applique et suspension peuvent \u00e9galement int\u00e9grer votre int\u00e9rieur pour donner un c\u00f4t\u00e9 industrielle \u00e0 une cuisine par exemple.\" \/>\n<meta property=\"og:url\" content=\"https:\/\/lumart.fr\/fr\/les-collections\/exterieur\/appliques-exterieur\/cour-cheverny-lanterne-gm-280\/\" \/>\n<meta property=\"og:site_name\" content=\"Lum&#039;art\" \/>\n<meta property=\"article:publisher\" content=\"https:\/\/www.facebook.com\/LumArt-1543826629180391\/\" \/>\n<meta property=\"article:modified_time\" content=\"2023-06-22T12:47:49+00:00\" \/>\n<meta property=\"og:image\" content=\"https:\/\/lumart.fr\/wp-content\/uploads\/2017\/12\/280-Lanterne-Cour-Cheverny-GM-droit-VL-Lumart-BD-2.jpg\" \/>\n\t<meta property=\"og:image:width\" content=\"2551\" \/>\n\t<meta property=\"og:image:height\" content=\"1701\" \/>\n<meta name=\"twitter:card\" content=\"summary\" \/>\n<script type=\"application\/ld+json\" class=\"yoast-schema-graph\">{\"@context\":\"https:\/\/schema.org\",\"@graph\":[{\"@type\":\"WebSite\",\"@id\":\"https:\/\/lumart.fr\/fr\/#website\",\"url\":\"https:\/\/lumart.fr\/fr\/\",\"name\":\"Lum'art\",\"description\":\"\",\"potentialAction\":[{\"@type\":\"SearchAction\",\"target\":{\"@type\":\"EntryPoint\",\"urlTemplate\":\"https:\/\/lumart.fr\/fr\/?s={search_term_string}\"},\"query-input\":\"required name=search_term_string\"}],\"inLanguage\":\"fr-FR\"},{\"@type\":\"ImageObject\",\"@id\":\"https:\/\/lumart.fr\/fr\/les-collections\/exterieur\/appliques-exterieur\/cour-cheverny-lanterne-gm-280\/#primaryimage\",\"inLanguage\":\"fr-FR\",\"url\":\"\/wp-content\/uploads\/2017\/12\/280-Lanterne-Cour-Cheverny-GM-droit-VL-Lumart-BD-2.jpg\",\"contentUrl\":\"\/wp-content\/uploads\/2017\/12\/280-Lanterne-Cour-Cheverny-GM-droit-VL-Lumart-BD-2.jpg\",\"width\":2551,\"height\":1701,\"caption\":\"Applique Cour Cheverny horizontale - Finition vieux laiton\"},{\"@type\":\"WebPage\",\"@id\":\"https:\/\/lumart.fr\/fr\/les-collections\/exterieur\/appliques-exterieur\/cour-cheverny-lanterne-gm-280\/#webpage\",\"url\":\"https:\/\/lumart.fr\/fr\/les-collections\/exterieur\/appliques-exterieur\/cour-cheverny-lanterne-gm-280\/\",\"name\":\"Cour Cheverny Applique horizontale (280) - Lum&#039;art\",\"isPartOf\":{\"@id\":\"https:\/\/lumart.fr\/fr\/#website\"},\"primaryImageOfPage\":{\"@id\":\"https:\/\/lumart.fr\/fr\/les-collections\/exterieur\/appliques-exterieur\/cour-cheverny-lanterne-gm-280\/#primaryimage\"},\"datePublished\":\"2017-12-18T14:33:32+00:00\",\"dateModified\":\"2023-06-22T12:47:49+00:00\",\"breadcrumb\":{\"@id\":\"https:\/\/lumart.fr\/fr\/les-collections\/exterieur\/appliques-exterieur\/cour-cheverny-lanterne-gm-280\/#breadcrumb\"},\"inLanguage\":\"fr-FR\",\"potentialAction\":[{\"@type\":\"ReadAction\",\"target\":[\"https:\/\/lumart.fr\/fr\/les-collections\/exterieur\/appliques-exterieur\/cour-cheverny-lanterne-gm-280\/\"]}]},{\"@type\":\"BreadcrumbList\",\"@id\":\"https:\/\/lumart.fr\/fr\/les-collections\/exterieur\/appliques-exterieur\/cour-cheverny-lanterne-gm-280\/#breadcrumb\",\"itemListElement\":[{\"@type\":\"ListItem\",\"position\":1,\"name\":\"Home\",\"item\":\"https:\/\/lumart.fr\/fr\/\"},{\"@type\":\"ListItem\",\"position\":2,\"name\":\"Les Collections\",\"item\":\"https:\/\/lumart.fr\/fr\/les-collections\/\"},{\"@type\":\"ListItem\",\"position\":3,\"name\":\"Cour Cheverny - Applique Horizontale\"}]}]}<\/script>\n<!-- \/ Yoast SEO plugin. -->","yoast_head_json":{"robots":{"index":"index","follow":"follow","max-snippet":"max-snippet:-1","max-image-preview":"max-image-preview:large","max-video-preview":"max-video-preview:-1"},"canonical":"https:\/\/lumart.fr\/fr\/les-collections\/exterieur\/appliques-exterieur\/cour-cheverny-lanterne-gm-280\/","og_locale":"fr_FR","og_type":"article","og_title":"Cour Cheverny Applique horizontale (280) - Lum&#039;art","og_description":"Fid\u00e8le transposition des lanternes de cour du XIX\u00e8me si\u00e8cle, la collection Cour Cheverny se d\u00e9cline en lampadaire, suspension et applique. On privil\u00e9giera l&rsquo;applique oblique au dessus d&rsquo;une porte ou d&rsquo;une ouverture et l&rsquo;applique horizontale le long d&rsquo;une fa\u00e7ade, en r\u00e9p\u00e9tition. Applique et suspension peuvent \u00e9galement int\u00e9grer votre int\u00e9rieur pour donner un c\u00f4t\u00e9 industrielle \u00e0 une cuisine par exemple.","og_url":"https:\/\/lumart.fr\/fr\/les-collections\/exterieur\/appliques-exterieur\/cour-cheverny-lanterne-gm-280\/","og_site_name":"Lum&#039;art","article_publisher":"https:\/\/www.facebook.com\/LumArt-1543826629180391\/","article_modified_time":"2023-06-22T12:47:49+00:00","og_image":[{"width":2551,"height":1701,"url":"https:\/\/lumart.fr\/wp-content\/uploads\/2017\/12\/280-Lanterne-Cour-Cheverny-GM-droit-VL-Lumart-BD-2.jpg","type":"image\/jpeg"}],"twitter_card":"summary","schema":{"@context":"https:\/\/schema.org","@graph":[{"@type":"WebSite","@id":"https:\/\/lumart.fr\/fr\/#website","url":"https:\/\/lumart.fr\/fr\/","name":"Lum'art","description":"","potentialAction":[{"@type":"SearchAction","target":{"@type":"EntryPoint","urlTemplate":"https:\/\/lumart.fr\/fr\/?s={search_term_string}"},"query-input":"required name=search_term_string"}],"inLanguage":"fr-FR"},{"@type":"ImageObject","@id":"https:\/\/lumart.fr\/fr\/les-collections\/exterieur\/appliques-exterieur\/cour-cheverny-lanterne-gm-280\/#primaryimage","inLanguage":"fr-FR","url":"\/wp-content\/uploads\/2017\/12\/280-Lanterne-Cour-Cheverny-GM-droit-VL-Lumart-BD-2.jpg","contentUrl":"\/wp-content\/uploads\/2017\/12\/280-Lanterne-Cour-Cheverny-GM-droit-VL-Lumart-BD-2.jpg","width":2551,"height":1701,"caption":"Applique Cour Cheverny horizontale - Finition vieux laiton"},{"@type":"WebPage","@id":"https:\/\/lumart.fr\/fr\/les-collections\/exterieur\/appliques-exterieur\/cour-cheverny-lanterne-gm-280\/#webpage","url":"https:\/\/lumart.fr\/fr\/les-collections\/exterieur\/appliques-exterieur\/cour-cheverny-lanterne-gm-280\/","name":"Cour Cheverny Applique horizontale (280) - Lum&#039;art","isPartOf":{"@id":"https:\/\/lumart.fr\/fr\/#website"},"primaryImageOfPage":{"@id":"https:\/\/lumart.fr\/fr\/les-collections\/exterieur\/appliques-exterieur\/cour-cheverny-lanterne-gm-280\/#primaryimage"},"datePublished":"2017-12-18T14:33:32+00:00","dateModified":"2023-06-22T12:47:49+00:00","breadcrumb":{"@id":"https:\/\/lumart.fr\/fr\/les-collections\/exterieur\/appliques-exterieur\/cour-cheverny-lanterne-gm-280\/#breadcrumb"},"inLanguage":"fr-FR","potentialAction":[{"@type":"ReadAction","target":["https:\/\/lumart.fr\/fr\/les-collections\/exterieur\/appliques-exterieur\/cour-cheverny-lanterne-gm-280\/"]}]},{"@type":"BreadcrumbList","@id":"https:\/\/lumart.fr\/fr\/les-collections\/exterieur\/appliques-exterieur\/cour-cheverny-lanterne-gm-280\/#breadcrumb","itemListElement":[{"@type":"ListItem","position":1,"name":"Home","item":"https:\/\/lumart.fr\/fr\/"},{"@type":"ListItem","position":2,"name":"Les Collections","item":"https:\/\/lumart.fr\/fr\/les-collections\/"},{"@type":"ListItem","position":3,"name":"Cour Cheverny - Applique Horizontale"}]}]}},"_links":{"self":[{"href":"https:\/\/lumart.fr\/fr\/wp-json\/wp\/v2\/product\/6009"}],"collection":[{"href":"https:\/\/lumart.fr\/fr\/wp-json\/wp\/v2\/product"}],"about":[{"href":"https:\/\/lumart.fr\/fr\/wp-json\/wp\/v2\/types\/product"}],"wp:featuredmedia":[{"embeddable":true,"href":"https:\/\/lumart.fr\/fr\/wp-json\/wp\/v2\/media\/2464"}],"wp:attachment":[{"href":"https:\/\/lumart.fr\/fr\/wp-json\/wp\/v2\/media?parent=6009"}],"wp:term":[{"taxonomy":"product_cat","embeddable":true,"href":"https:\/\/lumart.fr\/fr\/wp-json\/wp\/v2\/product_cat?post=6009"},{"taxonomy":"product_tag","embeddable":true,"href":"https:\/\/lumart.fr\/fr\/wp-json\/wp\/v2\/product_tag?post=6009"}],"curies":[{"name":"wp","href":"https:\/\/api.w.org\/{rel}","templated":true}]}}