{"id":6006,"date":"2017-12-18T14:33:31","date_gmt":"2017-12-18T14:33:31","guid":{"rendered":"https:\/\/lumart.fr\/les-collections\/non%20class\u00e9\/corot-borne-50-cm-82881\/"},"modified":"2023-06-22T14:56:43","modified_gmt":"2023-06-22T12:56:43","slug":"corot-borne-50-cm-82881","status":"publish","type":"product","link":"https:\/\/lumart.fr\/fr\/les-collections\/exterieur\/bornes\/corot-borne-50-cm-82881\/","title":{"rendered":"Corot - Borne 50 cm"},"content":{"rendered":"<p>Corot est une borne de jardin \u00e0 noyer dans vos massifs pour un \u00e9clairage subtil et indirect gr\u00e2ce \u00e0 son chapeau totalement orientable. Vous pouvez \u00e9galement la jouer pour accompagner une all\u00e9e, toujours en \u00e9clairage indirect.<\/p>\n","protected":false},"excerpt":{"rendered":"<p>Corot est une borne de jardin \u00e0 noyer dans vos massifs pour un \u00e9clairage subtil et indirect gr\u00e2ce \u00e0 son chapeau totalement orientable. Vous pouvez \u00e9galement la jouer pour accompagner une all\u00e9e, toujours en \u00e9clairage indirect.<\/p>\n","protected":false},"featured_media":5819,"template":"","meta":[],"product_cat":[235],"product_tag":[],"acf":[],"yoast_head":"<!-- This site is optimized with the Yoast SEO plugin v17.8 - https:\/\/yoast.com\/wordpress\/plugins\/seo\/ -->\n<meta name=\"robots\" content=\"index, follow, max-snippet:-1, max-image-preview:large, max-video-preview:-1\" \/>\n<link rel=\"canonical\" href=\"https:\/\/lumart.fr\/fr\/les-collections\/exterieur\/bornes\/corot-borne-50-cm-82881\/\" \/>\n<meta property=\"og:locale\" content=\"fr_FR\" \/>\n<meta property=\"og:type\" content=\"article\" \/>\n<meta property=\"og:title\" content=\"Corot Borne 50 cm (82881) - Lum&#039;art\" \/>\n<meta property=\"og:description\" content=\"Corot est une borne de jardin \u00e0 noyer dans vos massifs pour un \u00e9clairage subtil et indirect gr\u00e2ce \u00e0 son chapeau totalement orientable. Vous pouvez \u00e9galement la jouer pour accompagner une all\u00e9e, toujours en \u00e9clairage indirect.\" \/>\n<meta property=\"og:url\" content=\"https:\/\/lumart.fr\/fr\/les-collections\/exterieur\/bornes\/corot-borne-50-cm-82881\/\" \/>\n<meta property=\"og:site_name\" content=\"Lum&#039;art\" \/>\n<meta property=\"article:publisher\" content=\"https:\/\/www.facebook.com\/LumArt-1543826629180391\/\" \/>\n<meta property=\"article:modified_time\" content=\"2023-06-22T12:56:43+00:00\" \/>\n<meta property=\"og:image\" content=\"https:\/\/lumart.fr\/wp-content\/uploads\/2017\/12\/82881-Borne-Corot-50cm-VZ-Lumart-BD-3.jpg\" \/>\n\t<meta property=\"og:image:width\" content=\"2551\" \/>\n\t<meta property=\"og:image:height\" content=\"1701\" \/>\n<meta name=\"twitter:card\" content=\"summary\" \/>\n<script type=\"application\/ld+json\" class=\"yoast-schema-graph\">{\"@context\":\"https:\/\/schema.org\",\"@graph\":[{\"@type\":\"WebSite\",\"@id\":\"https:\/\/lumart.fr\/fr\/#website\",\"url\":\"https:\/\/lumart.fr\/fr\/\",\"name\":\"Lum'art\",\"description\":\"\",\"potentialAction\":[{\"@type\":\"SearchAction\",\"target\":{\"@type\":\"EntryPoint\",\"urlTemplate\":\"https:\/\/lumart.fr\/fr\/?s={search_term_string}\"},\"query-input\":\"required name=search_term_string\"}],\"inLanguage\":\"fr-FR\"},{\"@type\":\"ImageObject\",\"@id\":\"https:\/\/lumart.fr\/fr\/les-collections\/exterieur\/bornes\/corot-borne-50-cm-82881\/#primaryimage\",\"inLanguage\":\"fr-FR\",\"url\":\"\/wp-content\/uploads\/2017\/12\/82881-Borne-Corot-50cm-VZ-Lumart-BD-3.jpg\",\"contentUrl\":\"\/wp-content\/uploads\/2017\/12\/82881-Borne-Corot-50cm-VZ-Lumart-BD-3.jpg\",\"width\":2551,\"height\":1701,\"caption\":\"Borne Corot 50 cm - Finition vieux zinc et vieux laiton\"},{\"@type\":\"WebPage\",\"@id\":\"https:\/\/lumart.fr\/fr\/les-collections\/exterieur\/bornes\/corot-borne-50-cm-82881\/#webpage\",\"url\":\"https:\/\/lumart.fr\/fr\/les-collections\/exterieur\/bornes\/corot-borne-50-cm-82881\/\",\"name\":\"Corot Borne 50 cm (82881) - Lum&#039;art\",\"isPartOf\":{\"@id\":\"https:\/\/lumart.fr\/fr\/#website\"},\"primaryImageOfPage\":{\"@id\":\"https:\/\/lumart.fr\/fr\/les-collections\/exterieur\/bornes\/corot-borne-50-cm-82881\/#primaryimage\"},\"datePublished\":\"2017-12-18T14:33:31+00:00\",\"dateModified\":\"2023-06-22T12:56:43+00:00\",\"breadcrumb\":{\"@id\":\"https:\/\/lumart.fr\/fr\/les-collections\/exterieur\/bornes\/corot-borne-50-cm-82881\/#breadcrumb\"},\"inLanguage\":\"fr-FR\",\"potentialAction\":[{\"@type\":\"ReadAction\",\"target\":[\"https:\/\/lumart.fr\/fr\/les-collections\/exterieur\/bornes\/corot-borne-50-cm-82881\/\"]}]},{\"@type\":\"BreadcrumbList\",\"@id\":\"https:\/\/lumart.fr\/fr\/les-collections\/exterieur\/bornes\/corot-borne-50-cm-82881\/#breadcrumb\",\"itemListElement\":[{\"@type\":\"ListItem\",\"position\":1,\"name\":\"Home\",\"item\":\"https:\/\/lumart.fr\/fr\/\"},{\"@type\":\"ListItem\",\"position\":2,\"name\":\"Les Collections\",\"item\":\"https:\/\/lumart.fr\/fr\/les-collections\/\"},{\"@type\":\"ListItem\",\"position\":3,\"name\":\"Corot - Borne 50 cm\"}]}]}<\/script>\n<!-- \/ Yoast SEO plugin. -->","yoast_head_json":{"robots":{"index":"index","follow":"follow","max-snippet":"max-snippet:-1","max-image-preview":"max-image-preview:large","max-video-preview":"max-video-preview:-1"},"canonical":"https:\/\/lumart.fr\/fr\/les-collections\/exterieur\/bornes\/corot-borne-50-cm-82881\/","og_locale":"fr_FR","og_type":"article","og_title":"Corot Borne 50 cm (82881) - Lum&#039;art","og_description":"Corot est une borne de jardin \u00e0 noyer dans vos massifs pour un \u00e9clairage subtil et indirect gr\u00e2ce \u00e0 son chapeau totalement orientable. Vous pouvez \u00e9galement la jouer pour accompagner une all\u00e9e, toujours en \u00e9clairage indirect.","og_url":"https:\/\/lumart.fr\/fr\/les-collections\/exterieur\/bornes\/corot-borne-50-cm-82881\/","og_site_name":"Lum&#039;art","article_publisher":"https:\/\/www.facebook.com\/LumArt-1543826629180391\/","article_modified_time":"2023-06-22T12:56:43+00:00","og_image":[{"width":2551,"height":1701,"url":"https:\/\/lumart.fr\/wp-content\/uploads\/2017\/12\/82881-Borne-Corot-50cm-VZ-Lumart-BD-3.jpg","type":"image\/jpeg"}],"twitter_card":"summary","schema":{"@context":"https:\/\/schema.org","@graph":[{"@type":"WebSite","@id":"https:\/\/lumart.fr\/fr\/#website","url":"https:\/\/lumart.fr\/fr\/","name":"Lum'art","description":"","potentialAction":[{"@type":"SearchAction","target":{"@type":"EntryPoint","urlTemplate":"https:\/\/lumart.fr\/fr\/?s={search_term_string}"},"query-input":"required name=search_term_string"}],"inLanguage":"fr-FR"},{"@type":"ImageObject","@id":"https:\/\/lumart.fr\/fr\/les-collections\/exterieur\/bornes\/corot-borne-50-cm-82881\/#primaryimage","inLanguage":"fr-FR","url":"\/wp-content\/uploads\/2017\/12\/82881-Borne-Corot-50cm-VZ-Lumart-BD-3.jpg","contentUrl":"\/wp-content\/uploads\/2017\/12\/82881-Borne-Corot-50cm-VZ-Lumart-BD-3.jpg","width":2551,"height":1701,"caption":"Borne Corot 50 cm - Finition vieux zinc et vieux laiton"},{"@type":"WebPage","@id":"https:\/\/lumart.fr\/fr\/les-collections\/exterieur\/bornes\/corot-borne-50-cm-82881\/#webpage","url":"https:\/\/lumart.fr\/fr\/les-collections\/exterieur\/bornes\/corot-borne-50-cm-82881\/","name":"Corot Borne 50 cm (82881) - Lum&#039;art","isPartOf":{"@id":"https:\/\/lumart.fr\/fr\/#website"},"primaryImageOfPage":{"@id":"https:\/\/lumart.fr\/fr\/les-collections\/exterieur\/bornes\/corot-borne-50-cm-82881\/#primaryimage"},"datePublished":"2017-12-18T14:33:31+00:00","dateModified":"2023-06-22T12:56:43+00:00","breadcrumb":{"@id":"https:\/\/lumart.fr\/fr\/les-collections\/exterieur\/bornes\/corot-borne-50-cm-82881\/#breadcrumb"},"inLanguage":"fr-FR","potentialAction":[{"@type":"ReadAction","target":["https:\/\/lumart.fr\/fr\/les-collections\/exterieur\/bornes\/corot-borne-50-cm-82881\/"]}]},{"@type":"BreadcrumbList","@id":"https:\/\/lumart.fr\/fr\/les-collections\/exterieur\/bornes\/corot-borne-50-cm-82881\/#breadcrumb","itemListElement":[{"@type":"ListItem","position":1,"name":"Home","item":"https:\/\/lumart.fr\/fr\/"},{"@type":"ListItem","position":2,"name":"Les Collections","item":"https:\/\/lumart.fr\/fr\/les-collections\/"},{"@type":"ListItem","position":3,"name":"Corot - Borne 50 cm"}]}]}},"_links":{"self":[{"href":"https:\/\/lumart.fr\/fr\/wp-json\/wp\/v2\/product\/6006"}],"collection":[{"href":"https:\/\/lumart.fr\/fr\/wp-json\/wp\/v2\/product"}],"about":[{"href":"https:\/\/lumart.fr\/fr\/wp-json\/wp\/v2\/types\/product"}],"wp:featuredmedia":[{"embeddable":true,"href":"https:\/\/lumart.fr\/fr\/wp-json\/wp\/v2\/media\/5819"}],"wp:attachment":[{"href":"https:\/\/lumart.fr\/fr\/wp-json\/wp\/v2\/media?parent=6006"}],"wp:term":[{"taxonomy":"product_cat","embeddable":true,"href":"https:\/\/lumart.fr\/fr\/wp-json\/wp\/v2\/product_cat?post=6006"},{"taxonomy":"product_tag","embeddable":true,"href":"https:\/\/lumart.fr\/fr\/wp-json\/wp\/v2\/product_tag?post=6006"}],"curies":[{"name":"wp","href":"https:\/\/api.w.org\/{rel}","templated":true}]}}