{"id":5980,"date":"2017-12-18T14:33:11","date_gmt":"2017-12-18T14:33:11","guid":{"rendered":"https:\/\/lumart.fr\/les-collections\/non%20class\u00e9\/combray-lustre-3x15-cm-5458-3\/"},"modified":"2017-12-18T15:46:06","modified_gmt":"2017-12-18T15:46:06","slug":"combray-lustre-3x15-cm-5458-3","status":"publish","type":"product","link":"https:\/\/lumart.fr\/fr\/les-collections\/interieur\/lustres\/combray-lustre-3x15-cm-5458-3\/","title":{"rendered":"Combray - Lustre 3x15 cm"},"content":{"rendered":"<p>L\u00e9g\u00e8res, comme en l\u00e9vitation, les suspensions de la collection Combray diffusent une lumi\u00e8re subtile, comme tamis\u00e9e par le laiton micro perfor\u00e9 dont elle sont fabriqu\u00e9es. On peut les jouer en s\u00e9rie ou en grappe pour un effet \u00ab\u00a0mobile\u00a0\u00bb.<\/p>\n","protected":false},"excerpt":{"rendered":"<p>L\u00e9g\u00e8res, comme en l\u00e9vitation, les suspensions de la collection Combray diffusent une lumi\u00e8re subtile, comme tamis\u00e9e par le laiton micro perfor\u00e9 dont elle sont fabriqu\u00e9es. On peut les jouer en s\u00e9rie ou en grappe pour un effet \u00ab\u00a0mobile\u00a0\u00bb.<\/p>\n","protected":false},"featured_media":4417,"template":"","meta":[],"product_cat":[232],"product_tag":[],"acf":[],"yoast_head":"<!-- This site is optimized with the Yoast SEO plugin v17.8 - https:\/\/yoast.com\/wordpress\/plugins\/seo\/ -->\n<meta name=\"robots\" content=\"index, follow, max-snippet:-1, max-image-preview:large, max-video-preview:-1\" \/>\n<link rel=\"canonical\" href=\"https:\/\/lumart.fr\/fr\/les-collections\/interieur\/lustres\/combray-lustre-3x15-cm-5458-3\/\" \/>\n<meta property=\"og:locale\" content=\"fr_FR\" \/>\n<meta property=\"og:type\" content=\"article\" \/>\n<meta property=\"og:title\" content=\"Combray Lustre 3x15 cm (5458\/3) - Lum&#039;art\" \/>\n<meta property=\"og:description\" content=\"L\u00e9g\u00e8res, comme en l\u00e9vitation, les suspensions de la collection Combray diffusent une lumi\u00e8re subtile, comme tamis\u00e9e par le laiton micro perfor\u00e9 dont elle sont fabriqu\u00e9es. On peut les jouer en s\u00e9rie ou en grappe pour un effet \u00ab\u00a0mobile\u00a0\u00bb.\" \/>\n<meta property=\"og:url\" content=\"https:\/\/lumart.fr\/fr\/les-collections\/interieur\/lustres\/combray-lustre-3x15-cm-5458-3\/\" \/>\n<meta property=\"og:site_name\" content=\"Lum&#039;art\" \/>\n<meta property=\"article:publisher\" content=\"https:\/\/www.facebook.com\/LumArt-1543826629180391\/\" \/>\n<meta property=\"article:modified_time\" content=\"2017-12-18T15:46:06+00:00\" \/>\n<meta property=\"og:image\" content=\"https:\/\/lumart.fr\/wp-content\/uploads\/2017\/12\/5458-3-Lustre-Combray-3x15cm-LB-Lumart-BD-1.jpg\" \/>\n\t<meta property=\"og:image:width\" content=\"2551\" \/>\n\t<meta property=\"og:image:height\" content=\"1701\" \/>\n<meta name=\"twitter:card\" content=\"summary\" \/>\n<script type=\"application\/ld+json\" class=\"yoast-schema-graph\">{\"@context\":\"https:\/\/schema.org\",\"@graph\":[{\"@type\":\"WebSite\",\"@id\":\"https:\/\/lumart.fr\/fr\/#website\",\"url\":\"https:\/\/lumart.fr\/fr\/\",\"name\":\"Lum'art\",\"description\":\"\",\"potentialAction\":[{\"@type\":\"SearchAction\",\"target\":{\"@type\":\"EntryPoint\",\"urlTemplate\":\"https:\/\/lumart.fr\/fr\/?s={search_term_string}\"},\"query-input\":\"required name=search_term_string\"}],\"inLanguage\":\"fr-FR\"},{\"@type\":\"ImageObject\",\"@id\":\"https:\/\/lumart.fr\/fr\/les-collections\/interieur\/lustres\/combray-lustre-3x15-cm-5458-3\/#primaryimage\",\"inLanguage\":\"fr-FR\",\"url\":\"\/wp-content\/uploads\/2017\/12\/5458-3-Lustre-Combray-3x15cm-LB-Lumart-BD-1.jpg\",\"contentUrl\":\"\/wp-content\/uploads\/2017\/12\/5458-3-Lustre-Combray-3x15cm-LB-Lumart-BD-1.jpg\",\"width\":2551,\"height\":1701,\"caption\":\"Lustre Combray 3x15 cm - Finition laiton bross\\u00e9\"},{\"@type\":\"WebPage\",\"@id\":\"https:\/\/lumart.fr\/fr\/les-collections\/interieur\/lustres\/combray-lustre-3x15-cm-5458-3\/#webpage\",\"url\":\"https:\/\/lumart.fr\/fr\/les-collections\/interieur\/lustres\/combray-lustre-3x15-cm-5458-3\/\",\"name\":\"Combray Lustre 3x15 cm (5458\/3) - Lum&#039;art\",\"isPartOf\":{\"@id\":\"https:\/\/lumart.fr\/fr\/#website\"},\"primaryImageOfPage\":{\"@id\":\"https:\/\/lumart.fr\/fr\/les-collections\/interieur\/lustres\/combray-lustre-3x15-cm-5458-3\/#primaryimage\"},\"datePublished\":\"2017-12-18T14:33:11+00:00\",\"dateModified\":\"2017-12-18T15:46:06+00:00\",\"breadcrumb\":{\"@id\":\"https:\/\/lumart.fr\/fr\/les-collections\/interieur\/lustres\/combray-lustre-3x15-cm-5458-3\/#breadcrumb\"},\"inLanguage\":\"fr-FR\",\"potentialAction\":[{\"@type\":\"ReadAction\",\"target\":[\"https:\/\/lumart.fr\/fr\/les-collections\/interieur\/lustres\/combray-lustre-3x15-cm-5458-3\/\"]}]},{\"@type\":\"BreadcrumbList\",\"@id\":\"https:\/\/lumart.fr\/fr\/les-collections\/interieur\/lustres\/combray-lustre-3x15-cm-5458-3\/#breadcrumb\",\"itemListElement\":[{\"@type\":\"ListItem\",\"position\":1,\"name\":\"Home\",\"item\":\"https:\/\/lumart.fr\/fr\/\"},{\"@type\":\"ListItem\",\"position\":2,\"name\":\"Les Collections\",\"item\":\"https:\/\/lumart.fr\/fr\/les-collections\/\"},{\"@type\":\"ListItem\",\"position\":3,\"name\":\"Combray - Lustre 3x15 cm\"}]}]}<\/script>\n<!-- \/ Yoast SEO plugin. -->","yoast_head_json":{"robots":{"index":"index","follow":"follow","max-snippet":"max-snippet:-1","max-image-preview":"max-image-preview:large","max-video-preview":"max-video-preview:-1"},"canonical":"https:\/\/lumart.fr\/fr\/les-collections\/interieur\/lustres\/combray-lustre-3x15-cm-5458-3\/","og_locale":"fr_FR","og_type":"article","og_title":"Combray Lustre 3x15 cm (5458\/3) - Lum&#039;art","og_description":"L\u00e9g\u00e8res, comme en l\u00e9vitation, les suspensions de la collection Combray diffusent une lumi\u00e8re subtile, comme tamis\u00e9e par le laiton micro perfor\u00e9 dont elle sont fabriqu\u00e9es. On peut les jouer en s\u00e9rie ou en grappe pour un effet \u00ab\u00a0mobile\u00a0\u00bb.","og_url":"https:\/\/lumart.fr\/fr\/les-collections\/interieur\/lustres\/combray-lustre-3x15-cm-5458-3\/","og_site_name":"Lum&#039;art","article_publisher":"https:\/\/www.facebook.com\/LumArt-1543826629180391\/","article_modified_time":"2017-12-18T15:46:06+00:00","og_image":[{"width":2551,"height":1701,"url":"https:\/\/lumart.fr\/wp-content\/uploads\/2017\/12\/5458-3-Lustre-Combray-3x15cm-LB-Lumart-BD-1.jpg","type":"image\/jpeg"}],"twitter_card":"summary","schema":{"@context":"https:\/\/schema.org","@graph":[{"@type":"WebSite","@id":"https:\/\/lumart.fr\/fr\/#website","url":"https:\/\/lumart.fr\/fr\/","name":"Lum'art","description":"","potentialAction":[{"@type":"SearchAction","target":{"@type":"EntryPoint","urlTemplate":"https:\/\/lumart.fr\/fr\/?s={search_term_string}"},"query-input":"required name=search_term_string"}],"inLanguage":"fr-FR"},{"@type":"ImageObject","@id":"https:\/\/lumart.fr\/fr\/les-collections\/interieur\/lustres\/combray-lustre-3x15-cm-5458-3\/#primaryimage","inLanguage":"fr-FR","url":"\/wp-content\/uploads\/2017\/12\/5458-3-Lustre-Combray-3x15cm-LB-Lumart-BD-1.jpg","contentUrl":"\/wp-content\/uploads\/2017\/12\/5458-3-Lustre-Combray-3x15cm-LB-Lumart-BD-1.jpg","width":2551,"height":1701,"caption":"Lustre Combray 3x15 cm - Finition laiton bross\u00e9"},{"@type":"WebPage","@id":"https:\/\/lumart.fr\/fr\/les-collections\/interieur\/lustres\/combray-lustre-3x15-cm-5458-3\/#webpage","url":"https:\/\/lumart.fr\/fr\/les-collections\/interieur\/lustres\/combray-lustre-3x15-cm-5458-3\/","name":"Combray Lustre 3x15 cm (5458\/3) - Lum&#039;art","isPartOf":{"@id":"https:\/\/lumart.fr\/fr\/#website"},"primaryImageOfPage":{"@id":"https:\/\/lumart.fr\/fr\/les-collections\/interieur\/lustres\/combray-lustre-3x15-cm-5458-3\/#primaryimage"},"datePublished":"2017-12-18T14:33:11+00:00","dateModified":"2017-12-18T15:46:06+00:00","breadcrumb":{"@id":"https:\/\/lumart.fr\/fr\/les-collections\/interieur\/lustres\/combray-lustre-3x15-cm-5458-3\/#breadcrumb"},"inLanguage":"fr-FR","potentialAction":[{"@type":"ReadAction","target":["https:\/\/lumart.fr\/fr\/les-collections\/interieur\/lustres\/combray-lustre-3x15-cm-5458-3\/"]}]},{"@type":"BreadcrumbList","@id":"https:\/\/lumart.fr\/fr\/les-collections\/interieur\/lustres\/combray-lustre-3x15-cm-5458-3\/#breadcrumb","itemListElement":[{"@type":"ListItem","position":1,"name":"Home","item":"https:\/\/lumart.fr\/fr\/"},{"@type":"ListItem","position":2,"name":"Les Collections","item":"https:\/\/lumart.fr\/fr\/les-collections\/"},{"@type":"ListItem","position":3,"name":"Combray - Lustre 3x15 cm"}]}]}},"_links":{"self":[{"href":"https:\/\/lumart.fr\/fr\/wp-json\/wp\/v2\/product\/5980"}],"collection":[{"href":"https:\/\/lumart.fr\/fr\/wp-json\/wp\/v2\/product"}],"about":[{"href":"https:\/\/lumart.fr\/fr\/wp-json\/wp\/v2\/types\/product"}],"wp:featuredmedia":[{"embeddable":true,"href":"https:\/\/lumart.fr\/fr\/wp-json\/wp\/v2\/media\/4417"}],"wp:attachment":[{"href":"https:\/\/lumart.fr\/fr\/wp-json\/wp\/v2\/media?parent=5980"}],"wp:term":[{"taxonomy":"product_cat","embeddable":true,"href":"https:\/\/lumart.fr\/fr\/wp-json\/wp\/v2\/product_cat?post=5980"},{"taxonomy":"product_tag","embeddable":true,"href":"https:\/\/lumart.fr\/fr\/wp-json\/wp\/v2\/product_tag?post=5980"}],"curies":[{"name":"wp","href":"https:\/\/api.w.org\/{rel}","templated":true}]}}