{"id":5966,"date":"2017-12-18T14:33:01","date_gmt":"2017-12-18T14:33:01","guid":{"rendered":"https:\/\/lumart.fr\/les-collections\/non%20class\u00e9\/cluny-applique-dangle-exterieur-gm-209-2\/"},"modified":"2023-06-21T15:28:41","modified_gmt":"2023-06-21T13:28:41","slug":"cluny-applique-dangle-exterieur-gm-209-2","status":"publish","type":"product","link":"https:\/\/lumart.fr\/fr\/les-collections\/exterieur\/appliques-dangle-exterieur\/cluny-applique-dangle-exterieur-gm-209-2\/","title":{"rendered":"Cluny - Applique d'angle ext\u00e9rieur GM"},"content":{"rendered":"<p>Inspir\u00e9e des lanternes du XIX\u00e8me si\u00e8cle fran\u00e7ais, la collection Cluny allie \u00e9l\u00e9gance \u00e0 la fran\u00e7aise, simplicit\u00e9 des lignes et authenticit\u00e9. La d\u00e9licate frise \u00e0 la naissance du toit fait subtilement \u00e9cho aux boules en laiton qui signe cette collection.<\/p>\n","protected":false},"excerpt":{"rendered":"<p>Inspir\u00e9e des lanternes du XIX\u00e8me si\u00e8cle fran\u00e7ais, la collection Cluny allie \u00e9l\u00e9gance \u00e0 la fran\u00e7aise, simplicit\u00e9 des lignes et authenticit\u00e9. La d\u00e9licate frise \u00e0 la naissance du toit fait subtilement \u00e9cho aux boules en laiton qui signe cette collection.<\/p>\n","protected":false},"featured_media":9633,"template":"","meta":[],"product_cat":[239],"product_tag":[],"acf":[],"yoast_head":"<!-- This site is optimized with the Yoast SEO plugin v17.8 - https:\/\/yoast.com\/wordpress\/plugins\/seo\/ -->\n<meta name=\"robots\" content=\"index, follow, max-snippet:-1, max-image-preview:large, max-video-preview:-1\" \/>\n<link rel=\"canonical\" href=\"https:\/\/lumart.fr\/fr\/les-collections\/exterieur\/appliques-dangle-exterieur\/cluny-applique-dangle-exterieur-gm-209-2\/\" \/>\n<meta property=\"og:locale\" content=\"fr_FR\" \/>\n<meta property=\"og:type\" content=\"article\" \/>\n<meta property=\"og:title\" content=\"Cluny Applique d&#039;angle ext\u00e9rieur GM (209\/2) - Lum&#039;art\" \/>\n<meta property=\"og:description\" content=\"Inspir\u00e9e des lanternes du XIX\u00e8me si\u00e8cle fran\u00e7ais, la collection Cluny allie \u00e9l\u00e9gance \u00e0 la fran\u00e7aise, simplicit\u00e9 des lignes et authenticit\u00e9. La d\u00e9licate frise \u00e0 la naissance du toit fait subtilement \u00e9cho aux boules en laiton qui signe cette collection.\" \/>\n<meta property=\"og:url\" content=\"https:\/\/lumart.fr\/fr\/les-collections\/exterieur\/appliques-dangle-exterieur\/cluny-applique-dangle-exterieur-gm-209-2\/\" \/>\n<meta property=\"og:site_name\" content=\"Lum&#039;art\" \/>\n<meta property=\"article:publisher\" content=\"https:\/\/www.facebook.com\/LumArt-1543826629180391\/\" \/>\n<meta property=\"article:modified_time\" content=\"2023-06-21T13:28:41+00:00\" \/>\n<meta property=\"og:image\" content=\"https:\/\/lumart.fr\/wp-content\/uploads\/2017\/12\/209-2-Lanterne-dangle-Cluny-GM-LN-Lumart-BD1.jpg\" \/>\n\t<meta property=\"og:image:width\" content=\"2551\" \/>\n\t<meta property=\"og:image:height\" content=\"1701\" \/>\n<meta name=\"twitter:card\" content=\"summary\" \/>\n<script type=\"application\/ld+json\" class=\"yoast-schema-graph\">{\"@context\":\"https:\/\/schema.org\",\"@graph\":[{\"@type\":\"WebSite\",\"@id\":\"https:\/\/lumart.fr\/fr\/#website\",\"url\":\"https:\/\/lumart.fr\/fr\/\",\"name\":\"Lum'art\",\"description\":\"\",\"potentialAction\":[{\"@type\":\"SearchAction\",\"target\":{\"@type\":\"EntryPoint\",\"urlTemplate\":\"https:\/\/lumart.fr\/fr\/?s={search_term_string}\"},\"query-input\":\"required name=search_term_string\"}],\"inLanguage\":\"fr-FR\"},{\"@type\":\"ImageObject\",\"@id\":\"https:\/\/lumart.fr\/fr\/les-collections\/exterieur\/appliques-dangle-exterieur\/cluny-applique-dangle-exterieur-gm-209-2\/#primaryimage\",\"inLanguage\":\"fr-FR\",\"url\":\"\/wp-content\/uploads\/2017\/12\/209-2-Lanterne-dangle-Cluny-GM-LN-Lumart-BD1.jpg\",\"contentUrl\":\"\/wp-content\/uploads\/2017\/12\/209-2-Lanterne-dangle-Cluny-GM-LN-Lumart-BD1.jpg\",\"width\":2551,\"height\":1701,\"caption\":\"Applique d'angle ext\\u00e9rieur Cluny GM - Finition laque noire\"},{\"@type\":\"WebPage\",\"@id\":\"https:\/\/lumart.fr\/fr\/les-collections\/exterieur\/appliques-dangle-exterieur\/cluny-applique-dangle-exterieur-gm-209-2\/#webpage\",\"url\":\"https:\/\/lumart.fr\/fr\/les-collections\/exterieur\/appliques-dangle-exterieur\/cluny-applique-dangle-exterieur-gm-209-2\/\",\"name\":\"Cluny Applique d'angle ext\\u00e9rieur GM (209\/2) - Lum&#039;art\",\"isPartOf\":{\"@id\":\"https:\/\/lumart.fr\/fr\/#website\"},\"primaryImageOfPage\":{\"@id\":\"https:\/\/lumart.fr\/fr\/les-collections\/exterieur\/appliques-dangle-exterieur\/cluny-applique-dangle-exterieur-gm-209-2\/#primaryimage\"},\"datePublished\":\"2017-12-18T14:33:01+00:00\",\"dateModified\":\"2023-06-21T13:28:41+00:00\",\"breadcrumb\":{\"@id\":\"https:\/\/lumart.fr\/fr\/les-collections\/exterieur\/appliques-dangle-exterieur\/cluny-applique-dangle-exterieur-gm-209-2\/#breadcrumb\"},\"inLanguage\":\"fr-FR\",\"potentialAction\":[{\"@type\":\"ReadAction\",\"target\":[\"https:\/\/lumart.fr\/fr\/les-collections\/exterieur\/appliques-dangle-exterieur\/cluny-applique-dangle-exterieur-gm-209-2\/\"]}]},{\"@type\":\"BreadcrumbList\",\"@id\":\"https:\/\/lumart.fr\/fr\/les-collections\/exterieur\/appliques-dangle-exterieur\/cluny-applique-dangle-exterieur-gm-209-2\/#breadcrumb\",\"itemListElement\":[{\"@type\":\"ListItem\",\"position\":1,\"name\":\"Home\",\"item\":\"https:\/\/lumart.fr\/fr\/\"},{\"@type\":\"ListItem\",\"position\":2,\"name\":\"Les Collections\",\"item\":\"https:\/\/lumart.fr\/fr\/les-collections\/\"},{\"@type\":\"ListItem\",\"position\":3,\"name\":\"Cluny - Applique d'angle ext\\u00e9rieur GM\"}]}]}<\/script>\n<!-- \/ Yoast SEO plugin. -->","yoast_head_json":{"robots":{"index":"index","follow":"follow","max-snippet":"max-snippet:-1","max-image-preview":"max-image-preview:large","max-video-preview":"max-video-preview:-1"},"canonical":"https:\/\/lumart.fr\/fr\/les-collections\/exterieur\/appliques-dangle-exterieur\/cluny-applique-dangle-exterieur-gm-209-2\/","og_locale":"fr_FR","og_type":"article","og_title":"Cluny Applique d'angle ext\u00e9rieur GM (209\/2) - Lum&#039;art","og_description":"Inspir\u00e9e des lanternes du XIX\u00e8me si\u00e8cle fran\u00e7ais, la collection Cluny allie \u00e9l\u00e9gance \u00e0 la fran\u00e7aise, simplicit\u00e9 des lignes et authenticit\u00e9. La d\u00e9licate frise \u00e0 la naissance du toit fait subtilement \u00e9cho aux boules en laiton qui signe cette collection.","og_url":"https:\/\/lumart.fr\/fr\/les-collections\/exterieur\/appliques-dangle-exterieur\/cluny-applique-dangle-exterieur-gm-209-2\/","og_site_name":"Lum&#039;art","article_publisher":"https:\/\/www.facebook.com\/LumArt-1543826629180391\/","article_modified_time":"2023-06-21T13:28:41+00:00","og_image":[{"width":2551,"height":1701,"url":"https:\/\/lumart.fr\/wp-content\/uploads\/2017\/12\/209-2-Lanterne-dangle-Cluny-GM-LN-Lumart-BD1.jpg","type":"image\/jpeg"}],"twitter_card":"summary","schema":{"@context":"https:\/\/schema.org","@graph":[{"@type":"WebSite","@id":"https:\/\/lumart.fr\/fr\/#website","url":"https:\/\/lumart.fr\/fr\/","name":"Lum'art","description":"","potentialAction":[{"@type":"SearchAction","target":{"@type":"EntryPoint","urlTemplate":"https:\/\/lumart.fr\/fr\/?s={search_term_string}"},"query-input":"required name=search_term_string"}],"inLanguage":"fr-FR"},{"@type":"ImageObject","@id":"https:\/\/lumart.fr\/fr\/les-collections\/exterieur\/appliques-dangle-exterieur\/cluny-applique-dangle-exterieur-gm-209-2\/#primaryimage","inLanguage":"fr-FR","url":"\/wp-content\/uploads\/2017\/12\/209-2-Lanterne-dangle-Cluny-GM-LN-Lumart-BD1.jpg","contentUrl":"\/wp-content\/uploads\/2017\/12\/209-2-Lanterne-dangle-Cluny-GM-LN-Lumart-BD1.jpg","width":2551,"height":1701,"caption":"Applique d'angle ext\u00e9rieur Cluny GM - Finition laque noire"},{"@type":"WebPage","@id":"https:\/\/lumart.fr\/fr\/les-collections\/exterieur\/appliques-dangle-exterieur\/cluny-applique-dangle-exterieur-gm-209-2\/#webpage","url":"https:\/\/lumart.fr\/fr\/les-collections\/exterieur\/appliques-dangle-exterieur\/cluny-applique-dangle-exterieur-gm-209-2\/","name":"Cluny Applique d'angle ext\u00e9rieur GM (209\/2) - Lum&#039;art","isPartOf":{"@id":"https:\/\/lumart.fr\/fr\/#website"},"primaryImageOfPage":{"@id":"https:\/\/lumart.fr\/fr\/les-collections\/exterieur\/appliques-dangle-exterieur\/cluny-applique-dangle-exterieur-gm-209-2\/#primaryimage"},"datePublished":"2017-12-18T14:33:01+00:00","dateModified":"2023-06-21T13:28:41+00:00","breadcrumb":{"@id":"https:\/\/lumart.fr\/fr\/les-collections\/exterieur\/appliques-dangle-exterieur\/cluny-applique-dangle-exterieur-gm-209-2\/#breadcrumb"},"inLanguage":"fr-FR","potentialAction":[{"@type":"ReadAction","target":["https:\/\/lumart.fr\/fr\/les-collections\/exterieur\/appliques-dangle-exterieur\/cluny-applique-dangle-exterieur-gm-209-2\/"]}]},{"@type":"BreadcrumbList","@id":"https:\/\/lumart.fr\/fr\/les-collections\/exterieur\/appliques-dangle-exterieur\/cluny-applique-dangle-exterieur-gm-209-2\/#breadcrumb","itemListElement":[{"@type":"ListItem","position":1,"name":"Home","item":"https:\/\/lumart.fr\/fr\/"},{"@type":"ListItem","position":2,"name":"Les Collections","item":"https:\/\/lumart.fr\/fr\/les-collections\/"},{"@type":"ListItem","position":3,"name":"Cluny - Applique d'angle ext\u00e9rieur GM"}]}]}},"_links":{"self":[{"href":"https:\/\/lumart.fr\/fr\/wp-json\/wp\/v2\/product\/5966"}],"collection":[{"href":"https:\/\/lumart.fr\/fr\/wp-json\/wp\/v2\/product"}],"about":[{"href":"https:\/\/lumart.fr\/fr\/wp-json\/wp\/v2\/types\/product"}],"wp:featuredmedia":[{"embeddable":true,"href":"https:\/\/lumart.fr\/fr\/wp-json\/wp\/v2\/media\/9633"}],"wp:attachment":[{"href":"https:\/\/lumart.fr\/fr\/wp-json\/wp\/v2\/media?parent=5966"}],"wp:term":[{"taxonomy":"product_cat","embeddable":true,"href":"https:\/\/lumart.fr\/fr\/wp-json\/wp\/v2\/product_cat?post=5966"},{"taxonomy":"product_tag","embeddable":true,"href":"https:\/\/lumart.fr\/fr\/wp-json\/wp\/v2\/product_tag?post=5966"}],"curies":[{"name":"wp","href":"https:\/\/api.w.org\/{rel}","templated":true}]}}