{"id":5944,"date":"2017-12-18T14:32:49","date_gmt":"2017-12-18T14:32:49","guid":{"rendered":"https:\/\/lumart.fr\/les-collections\/non%20class\u00e9\/chaine-et-pavillon-pour-pm-chaine-et-pavillon-pour-pm-35-cm-82001\/"},"modified":"2023-06-20T15:07:04","modified_gmt":"2023-06-20T13:07:04","slug":"chaine-et-pavillon-pour-pm-chaine-et-pavillon-pour-pm-40-cm-82001","status":"publish","type":"product","link":"https:\/\/lumart.fr\/fr\/les-collections\/exterieur\/accroches\/chaine-et-pavillon-pour-pm-chaine-et-pavillon-pour-pm-40-cm-82001\/","title":{"rendered":" 40 cm"},"content":{"rendered":"<p>L&rsquo;ensemble chaine et pavillon est le compl\u00e9ment n\u00e9cessaire \u00e0 votre lanterne pour la suspendre au plafond. La dimension de la chaine va d\u00e9pendre de la taille de la lanterne. Le pavillon, qui va cacher au plafond la connexion \u00e9lectrique, sera d\u00e9clin\u00e9 dans la m\u00eame patine que celle de la lanterne. Il est bien s\u00fbr possible d&rsquo;allonger ou de raccourcir une longueur de chaine sur demande. L&rsquo;\u00e9quipe Lum&rsquo;art est \u00e0 votre disposition pour vous aider dans votre choix.<\/p>\n","protected":false},"excerpt":{"rendered":"<p>L&rsquo;ensemble chaine et pavillon est le compl\u00e9ment n\u00e9cessaire \u00e0 votre lanterne pour la suspendre au plafond. La dimension de la chaine va d\u00e9pendre de la taille de la lanterne. Le pavillon, qui va cacher au plafond la connexion \u00e9lectrique, sera d\u00e9clin\u00e9 dans la m\u00eame patine que celle de la lanterne. Il est bien s\u00fbr possible d&rsquo;allonger ou de raccourcir une <a href=\"https:\/\/lumart.fr\/fr\/les-collections\/exterieur\/accroches\/chaine-et-pavillon-pour-pm-chaine-et-pavillon-pour-pm-40-cm-82001\/\" class=\"more\">[ &hellip; ]<\/a><\/p>\n","protected":false},"featured_media":5631,"template":"","meta":[],"product_cat":[244],"product_tag":[],"acf":[],"yoast_head":"<!-- This site is optimized with the Yoast SEO plugin v17.8 - https:\/\/yoast.com\/wordpress\/plugins\/seo\/ -->\n<meta name=\"robots\" content=\"index, follow, max-snippet:-1, max-image-preview:large, max-video-preview:-1\" \/>\n<link rel=\"canonical\" href=\"https:\/\/lumart.fr\/fr\/les-collections\/exterieur\/accroches\/chaine-et-pavillon-pour-pm-chaine-et-pavillon-pour-pm-40-cm-82001\/\" \/>\n<meta property=\"og:locale\" content=\"fr_FR\" \/>\n<meta property=\"og:type\" content=\"article\" \/>\n<meta property=\"og:title\" content=\"Cha\u00eene et pavillon pour PM Cha\u00eene et pavillon pour PM 40 cm (82001) - Lum&#039;art\" \/>\n<meta property=\"og:description\" content=\"L&rsquo;ensemble chaine et pavillon est le compl\u00e9ment n\u00e9cessaire \u00e0 votre lanterne pour la suspendre au plafond. La dimension de la chaine va d\u00e9pendre de la taille de la lanterne. Le pavillon, qui va cacher au plafond la connexion \u00e9lectrique, sera d\u00e9clin\u00e9 dans la m\u00eame patine que celle de la lanterne. Il est bien s\u00fbr possible d&rsquo;allonger ou de raccourcir une [ &hellip; ]\" \/>\n<meta property=\"og:url\" content=\"https:\/\/lumart.fr\/fr\/les-collections\/exterieur\/accroches\/chaine-et-pavillon-pour-pm-chaine-et-pavillon-pour-pm-40-cm-82001\/\" \/>\n<meta property=\"og:site_name\" content=\"Lum&#039;art\" \/>\n<meta property=\"article:publisher\" content=\"https:\/\/www.facebook.com\/LumArt-1543826629180391\/\" \/>\n<meta property=\"article:modified_time\" content=\"2023-06-20T13:07:04+00:00\" \/>\n<meta property=\"og:image\" content=\"https:\/\/lumart.fr\/wp-content\/uploads\/2017\/12\/82001-Chaine-et-Pavillon-VL.jpg\" \/>\n\t<meta property=\"og:image:width\" content=\"2551\" \/>\n\t<meta property=\"og:image:height\" content=\"1701\" \/>\n<meta name=\"twitter:card\" content=\"summary\" \/>\n<script type=\"application\/ld+json\" class=\"yoast-schema-graph\">{\"@context\":\"https:\/\/schema.org\",\"@graph\":[{\"@type\":\"WebSite\",\"@id\":\"https:\/\/lumart.fr\/fr\/#website\",\"url\":\"https:\/\/lumart.fr\/fr\/\",\"name\":\"Lum'art\",\"description\":\"\",\"potentialAction\":[{\"@type\":\"SearchAction\",\"target\":{\"@type\":\"EntryPoint\",\"urlTemplate\":\"https:\/\/lumart.fr\/fr\/?s={search_term_string}\"},\"query-input\":\"required name=search_term_string\"}],\"inLanguage\":\"fr-FR\"},{\"@type\":\"ImageObject\",\"@id\":\"https:\/\/lumart.fr\/fr\/les-collections\/exterieur\/accroches\/chaine-et-pavillon-pour-pm-chaine-et-pavillon-pour-pm-40-cm-82001\/#primaryimage\",\"inLanguage\":\"fr-FR\",\"url\":\"\/wp-content\/uploads\/2017\/12\/82001-Chaine-et-Pavillon-VL.jpg\",\"contentUrl\":\"\/wp-content\/uploads\/2017\/12\/82001-Chaine-et-Pavillon-VL.jpg\",\"width\":2551,\"height\":1701,\"caption\":\"Cha\\u00eene et pavillon pour PM 40 cm - Finition vieux laiton\"},{\"@type\":\"WebPage\",\"@id\":\"https:\/\/lumart.fr\/fr\/les-collections\/exterieur\/accroches\/chaine-et-pavillon-pour-pm-chaine-et-pavillon-pour-pm-40-cm-82001\/#webpage\",\"url\":\"https:\/\/lumart.fr\/fr\/les-collections\/exterieur\/accroches\/chaine-et-pavillon-pour-pm-chaine-et-pavillon-pour-pm-40-cm-82001\/\",\"name\":\"Cha\\u00eene et pavillon pour PM Cha\\u00eene et pavillon pour PM 40 cm (82001) - Lum&#039;art\",\"isPartOf\":{\"@id\":\"https:\/\/lumart.fr\/fr\/#website\"},\"primaryImageOfPage\":{\"@id\":\"https:\/\/lumart.fr\/fr\/les-collections\/exterieur\/accroches\/chaine-et-pavillon-pour-pm-chaine-et-pavillon-pour-pm-40-cm-82001\/#primaryimage\"},\"datePublished\":\"2017-12-18T14:32:49+00:00\",\"dateModified\":\"2023-06-20T13:07:04+00:00\",\"breadcrumb\":{\"@id\":\"https:\/\/lumart.fr\/fr\/les-collections\/exterieur\/accroches\/chaine-et-pavillon-pour-pm-chaine-et-pavillon-pour-pm-40-cm-82001\/#breadcrumb\"},\"inLanguage\":\"fr-FR\",\"potentialAction\":[{\"@type\":\"ReadAction\",\"target\":[\"https:\/\/lumart.fr\/fr\/les-collections\/exterieur\/accroches\/chaine-et-pavillon-pour-pm-chaine-et-pavillon-pour-pm-40-cm-82001\/\"]}]},{\"@type\":\"BreadcrumbList\",\"@id\":\"https:\/\/lumart.fr\/fr\/les-collections\/exterieur\/accroches\/chaine-et-pavillon-pour-pm-chaine-et-pavillon-pour-pm-40-cm-82001\/#breadcrumb\",\"itemListElement\":[{\"@type\":\"ListItem\",\"position\":1,\"name\":\"Home\",\"item\":\"https:\/\/lumart.fr\/fr\/\"},{\"@type\":\"ListItem\",\"position\":2,\"name\":\"Les Collections\",\"item\":\"https:\/\/lumart.fr\/fr\/les-collections\/\"},{\"@type\":\"ListItem\",\"position\":3,\"name\":\"40 cm\"}]}]}<\/script>\n<!-- \/ Yoast SEO plugin. -->","yoast_head_json":{"robots":{"index":"index","follow":"follow","max-snippet":"max-snippet:-1","max-image-preview":"max-image-preview:large","max-video-preview":"max-video-preview:-1"},"canonical":"https:\/\/lumart.fr\/fr\/les-collections\/exterieur\/accroches\/chaine-et-pavillon-pour-pm-chaine-et-pavillon-pour-pm-40-cm-82001\/","og_locale":"fr_FR","og_type":"article","og_title":"Cha\u00eene et pavillon pour PM Cha\u00eene et pavillon pour PM 40 cm (82001) - Lum&#039;art","og_description":"L&rsquo;ensemble chaine et pavillon est le compl\u00e9ment n\u00e9cessaire \u00e0 votre lanterne pour la suspendre au plafond. La dimension de la chaine va d\u00e9pendre de la taille de la lanterne. Le pavillon, qui va cacher au plafond la connexion \u00e9lectrique, sera d\u00e9clin\u00e9 dans la m\u00eame patine que celle de la lanterne. Il est bien s\u00fbr possible d&rsquo;allonger ou de raccourcir une [ &hellip; ]","og_url":"https:\/\/lumart.fr\/fr\/les-collections\/exterieur\/accroches\/chaine-et-pavillon-pour-pm-chaine-et-pavillon-pour-pm-40-cm-82001\/","og_site_name":"Lum&#039;art","article_publisher":"https:\/\/www.facebook.com\/LumArt-1543826629180391\/","article_modified_time":"2023-06-20T13:07:04+00:00","og_image":[{"width":2551,"height":1701,"url":"https:\/\/lumart.fr\/wp-content\/uploads\/2017\/12\/82001-Chaine-et-Pavillon-VL.jpg","type":"image\/jpeg"}],"twitter_card":"summary","schema":{"@context":"https:\/\/schema.org","@graph":[{"@type":"WebSite","@id":"https:\/\/lumart.fr\/fr\/#website","url":"https:\/\/lumart.fr\/fr\/","name":"Lum'art","description":"","potentialAction":[{"@type":"SearchAction","target":{"@type":"EntryPoint","urlTemplate":"https:\/\/lumart.fr\/fr\/?s={search_term_string}"},"query-input":"required name=search_term_string"}],"inLanguage":"fr-FR"},{"@type":"ImageObject","@id":"https:\/\/lumart.fr\/fr\/les-collections\/exterieur\/accroches\/chaine-et-pavillon-pour-pm-chaine-et-pavillon-pour-pm-40-cm-82001\/#primaryimage","inLanguage":"fr-FR","url":"\/wp-content\/uploads\/2017\/12\/82001-Chaine-et-Pavillon-VL.jpg","contentUrl":"\/wp-content\/uploads\/2017\/12\/82001-Chaine-et-Pavillon-VL.jpg","width":2551,"height":1701,"caption":"Cha\u00eene et pavillon pour PM 40 cm - Finition vieux laiton"},{"@type":"WebPage","@id":"https:\/\/lumart.fr\/fr\/les-collections\/exterieur\/accroches\/chaine-et-pavillon-pour-pm-chaine-et-pavillon-pour-pm-40-cm-82001\/#webpage","url":"https:\/\/lumart.fr\/fr\/les-collections\/exterieur\/accroches\/chaine-et-pavillon-pour-pm-chaine-et-pavillon-pour-pm-40-cm-82001\/","name":"Cha\u00eene et pavillon pour PM Cha\u00eene et pavillon pour PM 40 cm (82001) - Lum&#039;art","isPartOf":{"@id":"https:\/\/lumart.fr\/fr\/#website"},"primaryImageOfPage":{"@id":"https:\/\/lumart.fr\/fr\/les-collections\/exterieur\/accroches\/chaine-et-pavillon-pour-pm-chaine-et-pavillon-pour-pm-40-cm-82001\/#primaryimage"},"datePublished":"2017-12-18T14:32:49+00:00","dateModified":"2023-06-20T13:07:04+00:00","breadcrumb":{"@id":"https:\/\/lumart.fr\/fr\/les-collections\/exterieur\/accroches\/chaine-et-pavillon-pour-pm-chaine-et-pavillon-pour-pm-40-cm-82001\/#breadcrumb"},"inLanguage":"fr-FR","potentialAction":[{"@type":"ReadAction","target":["https:\/\/lumart.fr\/fr\/les-collections\/exterieur\/accroches\/chaine-et-pavillon-pour-pm-chaine-et-pavillon-pour-pm-40-cm-82001\/"]}]},{"@type":"BreadcrumbList","@id":"https:\/\/lumart.fr\/fr\/les-collections\/exterieur\/accroches\/chaine-et-pavillon-pour-pm-chaine-et-pavillon-pour-pm-40-cm-82001\/#breadcrumb","itemListElement":[{"@type":"ListItem","position":1,"name":"Home","item":"https:\/\/lumart.fr\/fr\/"},{"@type":"ListItem","position":2,"name":"Les Collections","item":"https:\/\/lumart.fr\/fr\/les-collections\/"},{"@type":"ListItem","position":3,"name":"40 cm"}]}]}},"_links":{"self":[{"href":"https:\/\/lumart.fr\/fr\/wp-json\/wp\/v2\/product\/5944"}],"collection":[{"href":"https:\/\/lumart.fr\/fr\/wp-json\/wp\/v2\/product"}],"about":[{"href":"https:\/\/lumart.fr\/fr\/wp-json\/wp\/v2\/types\/product"}],"wp:featuredmedia":[{"embeddable":true,"href":"https:\/\/lumart.fr\/fr\/wp-json\/wp\/v2\/media\/5631"}],"wp:attachment":[{"href":"https:\/\/lumart.fr\/fr\/wp-json\/wp\/v2\/media?parent=5944"}],"wp:term":[{"taxonomy":"product_cat","embeddable":true,"href":"https:\/\/lumart.fr\/fr\/wp-json\/wp\/v2\/product_cat?post=5944"},{"taxonomy":"product_tag","embeddable":true,"href":"https:\/\/lumart.fr\/fr\/wp-json\/wp\/v2\/product_tag?post=5944"}],"curies":[{"name":"wp","href":"https:\/\/api.w.org\/{rel}","templated":true}]}}