{"id":5938,"date":"2017-12-18T14:32:45","date_gmt":"2017-12-18T14:32:45","guid":{"rendered":"https:\/\/lumart.fr\/les-collections\/non%20class\u00e9\/cepe-borne-60-cm-82880\/"},"modified":"2023-06-21T13:19:43","modified_gmt":"2023-06-21T11:19:43","slug":"cepe-borne-60-cm-82880","status":"publish","type":"product","link":"https:\/\/lumart.fr\/fr\/les-collections\/exterieur\/bornes\/cepe-borne-60-cm-82880\/","title":{"rendered":"C\u00e8pe - Borne 60 cm"},"content":{"rendered":"<p>C\u00e8pe est une borne de jardin \u00e0 noyer dans vos massifs pour un \u00e9clairage subtil et indirect gr\u00e2ce \u00e0 son chapeau pivotant. Vous pouvez \u00e9galement la jouer pour accompagner une all\u00e9e, toujours en \u00e9clairage indirect ou la placer de fa\u00e7on al\u00e9atoire sur votre pelouse tel un champignon !<\/p>\n","protected":false},"excerpt":{"rendered":"<p>C\u00e8pe est une borne de jardin \u00e0 noyer dans vos massifs pour un \u00e9clairage subtil et indirect gr\u00e2ce \u00e0 son chapeau pivotant. Vous pouvez \u00e9galement la jouer pour accompagner une all\u00e9e, toujours en \u00e9clairage indirect ou la placer de fa\u00e7on al\u00e9atoire sur votre pelouse tel un champignon !<\/p>\n","protected":false},"featured_media":5807,"template":"","meta":[],"product_cat":[235],"product_tag":[],"acf":[],"yoast_head":"<!-- This site is optimized with the Yoast SEO plugin v17.8 - https:\/\/yoast.com\/wordpress\/plugins\/seo\/ -->\n<meta name=\"robots\" content=\"index, follow, max-snippet:-1, max-image-preview:large, max-video-preview:-1\" \/>\n<link rel=\"canonical\" href=\"https:\/\/lumart.fr\/fr\/les-collections\/exterieur\/bornes\/cepe-borne-60-cm-82880\/\" \/>\n<meta property=\"og:locale\" content=\"fr_FR\" \/>\n<meta property=\"og:type\" content=\"article\" \/>\n<meta property=\"og:title\" content=\"C\u00e8pe Borne 60 cm (82880) - Lum&#039;art\" \/>\n<meta property=\"og:description\" content=\"C\u00e8pe est une borne de jardin \u00e0 noyer dans vos massifs pour un \u00e9clairage subtil et indirect gr\u00e2ce \u00e0 son chapeau pivotant. Vous pouvez \u00e9galement la jouer pour accompagner une all\u00e9e, toujours en \u00e9clairage indirect ou la placer de fa\u00e7on al\u00e9atoire sur votre pelouse tel un champignon !\" \/>\n<meta property=\"og:url\" content=\"https:\/\/lumart.fr\/fr\/les-collections\/exterieur\/bornes\/cepe-borne-60-cm-82880\/\" \/>\n<meta property=\"og:site_name\" content=\"Lum&#039;art\" \/>\n<meta property=\"article:publisher\" content=\"https:\/\/www.facebook.com\/LumArt-1543826629180391\/\" \/>\n<meta property=\"article:modified_time\" content=\"2023-06-21T11:19:43+00:00\" \/>\n<meta property=\"og:image\" content=\"https:\/\/lumart.fr\/wp-content\/uploads\/2017\/12\/82880-Borne-Cepe-60cm-VZ-Lumart-BD-2.jpg\" \/>\n\t<meta property=\"og:image:width\" content=\"2551\" \/>\n\t<meta property=\"og:image:height\" content=\"1701\" \/>\n<meta name=\"twitter:card\" content=\"summary\" \/>\n<script type=\"application\/ld+json\" class=\"yoast-schema-graph\">{\"@context\":\"https:\/\/schema.org\",\"@graph\":[{\"@type\":\"WebSite\",\"@id\":\"https:\/\/lumart.fr\/fr\/#website\",\"url\":\"https:\/\/lumart.fr\/fr\/\",\"name\":\"Lum'art\",\"description\":\"\",\"potentialAction\":[{\"@type\":\"SearchAction\",\"target\":{\"@type\":\"EntryPoint\",\"urlTemplate\":\"https:\/\/lumart.fr\/fr\/?s={search_term_string}\"},\"query-input\":\"required name=search_term_string\"}],\"inLanguage\":\"fr-FR\"},{\"@type\":\"ImageObject\",\"@id\":\"https:\/\/lumart.fr\/fr\/les-collections\/exterieur\/bornes\/cepe-borne-60-cm-82880\/#primaryimage\",\"inLanguage\":\"fr-FR\",\"url\":\"\/wp-content\/uploads\/2017\/12\/82880-Borne-Cepe-60cm-VZ-Lumart-BD-2.jpg\",\"contentUrl\":\"\/wp-content\/uploads\/2017\/12\/82880-Borne-Cepe-60cm-VZ-Lumart-BD-2.jpg\",\"width\":2551,\"height\":1701,\"caption\":\"Borne C\\u00e8pe 60 cm - Finition vieux zinc et vieux fer rouill\\u00e9\"},{\"@type\":\"WebPage\",\"@id\":\"https:\/\/lumart.fr\/fr\/les-collections\/exterieur\/bornes\/cepe-borne-60-cm-82880\/#webpage\",\"url\":\"https:\/\/lumart.fr\/fr\/les-collections\/exterieur\/bornes\/cepe-borne-60-cm-82880\/\",\"name\":\"C\\u00e8pe Borne 60 cm (82880) - Lum&#039;art\",\"isPartOf\":{\"@id\":\"https:\/\/lumart.fr\/fr\/#website\"},\"primaryImageOfPage\":{\"@id\":\"https:\/\/lumart.fr\/fr\/les-collections\/exterieur\/bornes\/cepe-borne-60-cm-82880\/#primaryimage\"},\"datePublished\":\"2017-12-18T14:32:45+00:00\",\"dateModified\":\"2023-06-21T11:19:43+00:00\",\"breadcrumb\":{\"@id\":\"https:\/\/lumart.fr\/fr\/les-collections\/exterieur\/bornes\/cepe-borne-60-cm-82880\/#breadcrumb\"},\"inLanguage\":\"fr-FR\",\"potentialAction\":[{\"@type\":\"ReadAction\",\"target\":[\"https:\/\/lumart.fr\/fr\/les-collections\/exterieur\/bornes\/cepe-borne-60-cm-82880\/\"]}]},{\"@type\":\"BreadcrumbList\",\"@id\":\"https:\/\/lumart.fr\/fr\/les-collections\/exterieur\/bornes\/cepe-borne-60-cm-82880\/#breadcrumb\",\"itemListElement\":[{\"@type\":\"ListItem\",\"position\":1,\"name\":\"Home\",\"item\":\"https:\/\/lumart.fr\/fr\/\"},{\"@type\":\"ListItem\",\"position\":2,\"name\":\"Les Collections\",\"item\":\"https:\/\/lumart.fr\/fr\/les-collections\/\"},{\"@type\":\"ListItem\",\"position\":3,\"name\":\"C\\u00e8pe - Borne 60 cm\"}]}]}<\/script>\n<!-- \/ Yoast SEO plugin. -->","yoast_head_json":{"robots":{"index":"index","follow":"follow","max-snippet":"max-snippet:-1","max-image-preview":"max-image-preview:large","max-video-preview":"max-video-preview:-1"},"canonical":"https:\/\/lumart.fr\/fr\/les-collections\/exterieur\/bornes\/cepe-borne-60-cm-82880\/","og_locale":"fr_FR","og_type":"article","og_title":"C\u00e8pe Borne 60 cm (82880) - Lum&#039;art","og_description":"C\u00e8pe est une borne de jardin \u00e0 noyer dans vos massifs pour un \u00e9clairage subtil et indirect gr\u00e2ce \u00e0 son chapeau pivotant. Vous pouvez \u00e9galement la jouer pour accompagner une all\u00e9e, toujours en \u00e9clairage indirect ou la placer de fa\u00e7on al\u00e9atoire sur votre pelouse tel un champignon !","og_url":"https:\/\/lumart.fr\/fr\/les-collections\/exterieur\/bornes\/cepe-borne-60-cm-82880\/","og_site_name":"Lum&#039;art","article_publisher":"https:\/\/www.facebook.com\/LumArt-1543826629180391\/","article_modified_time":"2023-06-21T11:19:43+00:00","og_image":[{"width":2551,"height":1701,"url":"https:\/\/lumart.fr\/wp-content\/uploads\/2017\/12\/82880-Borne-Cepe-60cm-VZ-Lumart-BD-2.jpg","type":"image\/jpeg"}],"twitter_card":"summary","schema":{"@context":"https:\/\/schema.org","@graph":[{"@type":"WebSite","@id":"https:\/\/lumart.fr\/fr\/#website","url":"https:\/\/lumart.fr\/fr\/","name":"Lum'art","description":"","potentialAction":[{"@type":"SearchAction","target":{"@type":"EntryPoint","urlTemplate":"https:\/\/lumart.fr\/fr\/?s={search_term_string}"},"query-input":"required name=search_term_string"}],"inLanguage":"fr-FR"},{"@type":"ImageObject","@id":"https:\/\/lumart.fr\/fr\/les-collections\/exterieur\/bornes\/cepe-borne-60-cm-82880\/#primaryimage","inLanguage":"fr-FR","url":"\/wp-content\/uploads\/2017\/12\/82880-Borne-Cepe-60cm-VZ-Lumart-BD-2.jpg","contentUrl":"\/wp-content\/uploads\/2017\/12\/82880-Borne-Cepe-60cm-VZ-Lumart-BD-2.jpg","width":2551,"height":1701,"caption":"Borne C\u00e8pe 60 cm - Finition vieux zinc et vieux fer rouill\u00e9"},{"@type":"WebPage","@id":"https:\/\/lumart.fr\/fr\/les-collections\/exterieur\/bornes\/cepe-borne-60-cm-82880\/#webpage","url":"https:\/\/lumart.fr\/fr\/les-collections\/exterieur\/bornes\/cepe-borne-60-cm-82880\/","name":"C\u00e8pe Borne 60 cm (82880) - Lum&#039;art","isPartOf":{"@id":"https:\/\/lumart.fr\/fr\/#website"},"primaryImageOfPage":{"@id":"https:\/\/lumart.fr\/fr\/les-collections\/exterieur\/bornes\/cepe-borne-60-cm-82880\/#primaryimage"},"datePublished":"2017-12-18T14:32:45+00:00","dateModified":"2023-06-21T11:19:43+00:00","breadcrumb":{"@id":"https:\/\/lumart.fr\/fr\/les-collections\/exterieur\/bornes\/cepe-borne-60-cm-82880\/#breadcrumb"},"inLanguage":"fr-FR","potentialAction":[{"@type":"ReadAction","target":["https:\/\/lumart.fr\/fr\/les-collections\/exterieur\/bornes\/cepe-borne-60-cm-82880\/"]}]},{"@type":"BreadcrumbList","@id":"https:\/\/lumart.fr\/fr\/les-collections\/exterieur\/bornes\/cepe-borne-60-cm-82880\/#breadcrumb","itemListElement":[{"@type":"ListItem","position":1,"name":"Home","item":"https:\/\/lumart.fr\/fr\/"},{"@type":"ListItem","position":2,"name":"Les Collections","item":"https:\/\/lumart.fr\/fr\/les-collections\/"},{"@type":"ListItem","position":3,"name":"C\u00e8pe - Borne 60 cm"}]}]}},"_links":{"self":[{"href":"https:\/\/lumart.fr\/fr\/wp-json\/wp\/v2\/product\/5938"}],"collection":[{"href":"https:\/\/lumart.fr\/fr\/wp-json\/wp\/v2\/product"}],"about":[{"href":"https:\/\/lumart.fr\/fr\/wp-json\/wp\/v2\/types\/product"}],"wp:featuredmedia":[{"embeddable":true,"href":"https:\/\/lumart.fr\/fr\/wp-json\/wp\/v2\/media\/5807"}],"wp:attachment":[{"href":"https:\/\/lumart.fr\/fr\/wp-json\/wp\/v2\/media?parent=5938"}],"wp:term":[{"taxonomy":"product_cat","embeddable":true,"href":"https:\/\/lumart.fr\/fr\/wp-json\/wp\/v2\/product_cat?post=5938"},{"taxonomy":"product_tag","embeddable":true,"href":"https:\/\/lumart.fr\/fr\/wp-json\/wp\/v2\/product_tag?post=5938"}],"curies":[{"name":"wp","href":"https:\/\/api.w.org\/{rel}","templated":true}]}}