{"id":5933,"date":"2017-12-18T14:32:42","date_gmt":"2017-12-18T14:32:42","guid":{"rendered":"https:\/\/lumart.fr\/les-collections\/non%20class\u00e9\/celine-rampe-a-tableau-71-cm-3144-4\/"},"modified":"2023-06-20T13:16:21","modified_gmt":"2023-06-20T11:16:21","slug":"celine-rampe-a-tableau-71-cm-3144-4","status":"publish","type":"product","link":"https:\/\/lumart.fr\/fr\/les-collections\/interieur\/rampes-a-tableau\/celine-rampe-a-tableau-71-cm-3144-4\/","title":{"rendered":"C\u00e9line - Rampe \u00e0 tableau 71 cm"},"content":{"rendered":"<p>Subtile et \u00e9l\u00e9gante, la collection de rampes \u00e0 tableaux C\u00e9line, se d\u00e9cline en plusieurs tailles pour mettre en lumi\u00e8re tout type d&rsquo;encadrement. A la fois r\u00e9glable en profondeur et orientable, la rampe C\u00e9line va permettre de trouver le bon angle d&rsquo;\u00e9clairage pour \u00e9viter reflet ou zone d&rsquo;ombre. Pour accompagner un int\u00e9rieur classique ou plut\u00f4t contemporain, c&rsquo;est la patine choisie qui d\u00e9cidera !<\/p>\n","protected":false},"excerpt":{"rendered":"<p>Subtile et \u00e9l\u00e9gante, la collection de rampes \u00e0 tableaux C\u00e9line, se d\u00e9cline en plusieurs tailles pour mettre en lumi\u00e8re tout type d&rsquo;encadrement. A la fois r\u00e9glable en profondeur et orientable, la rampe C\u00e9line va permettre de trouver le bon angle d&rsquo;\u00e9clairage pour \u00e9viter reflet ou zone d&rsquo;ombre. Pour accompagner un int\u00e9rieur classique ou plut\u00f4t contemporain, c&rsquo;est la patine choisie qui <a href=\"https:\/\/lumart.fr\/fr\/les-collections\/interieur\/rampes-a-tableau\/celine-rampe-a-tableau-71-cm-3144-4\/\" class=\"more\">[ &hellip; ]<\/a><\/p>\n","protected":false},"featured_media":3260,"template":"","meta":[],"product_cat":[243],"product_tag":[],"acf":[],"yoast_head":"<!-- This site is optimized with the Yoast SEO plugin v17.8 - https:\/\/yoast.com\/wordpress\/plugins\/seo\/ -->\n<meta name=\"robots\" content=\"index, follow, max-snippet:-1, max-image-preview:large, max-video-preview:-1\" \/>\n<link rel=\"canonical\" href=\"https:\/\/lumart.fr\/fr\/les-collections\/interieur\/rampes-a-tableau\/celine-rampe-a-tableau-71-cm-3144-4\/\" \/>\n<meta property=\"og:locale\" content=\"fr_FR\" \/>\n<meta property=\"og:type\" content=\"article\" \/>\n<meta property=\"og:title\" content=\"C\u00e9line Rampe \u00e0 tableau 71 cm (3144\/4) - Lum&#039;art\" \/>\n<meta property=\"og:description\" content=\"Subtile et \u00e9l\u00e9gante, la collection de rampes \u00e0 tableaux C\u00e9line, se d\u00e9cline en plusieurs tailles pour mettre en lumi\u00e8re tout type d&rsquo;encadrement. A la fois r\u00e9glable en profondeur et orientable, la rampe C\u00e9line va permettre de trouver le bon angle d&rsquo;\u00e9clairage pour \u00e9viter reflet ou zone d&rsquo;ombre. Pour accompagner un int\u00e9rieur classique ou plut\u00f4t contemporain, c&rsquo;est la patine choisie qui [ &hellip; ]\" \/>\n<meta property=\"og:url\" content=\"https:\/\/lumart.fr\/fr\/les-collections\/interieur\/rampes-a-tableau\/celine-rampe-a-tableau-71-cm-3144-4\/\" \/>\n<meta property=\"og:site_name\" content=\"Lum&#039;art\" \/>\n<meta property=\"article:publisher\" content=\"https:\/\/www.facebook.com\/LumArt-1543826629180391\/\" \/>\n<meta property=\"article:modified_time\" content=\"2023-06-20T11:16:21+00:00\" \/>\n<meta property=\"og:image\" content=\"https:\/\/lumart.fr\/wp-content\/uploads\/2017\/12\/3144-4-Rampe-tableau-Celine-71cm-CDF-Lumart-BD-2.jpg\" \/>\n\t<meta property=\"og:image:width\" content=\"2551\" \/>\n\t<meta property=\"og:image:height\" content=\"1701\" \/>\n<meta name=\"twitter:card\" content=\"summary\" \/>\n<script type=\"application\/ld+json\" class=\"yoast-schema-graph\">{\"@context\":\"https:\/\/schema.org\",\"@graph\":[{\"@type\":\"WebSite\",\"@id\":\"https:\/\/lumart.fr\/fr\/#website\",\"url\":\"https:\/\/lumart.fr\/fr\/\",\"name\":\"Lum'art\",\"description\":\"\",\"potentialAction\":[{\"@type\":\"SearchAction\",\"target\":{\"@type\":\"EntryPoint\",\"urlTemplate\":\"https:\/\/lumart.fr\/fr\/?s={search_term_string}\"},\"query-input\":\"required name=search_term_string\"}],\"inLanguage\":\"fr-FR\"},{\"@type\":\"ImageObject\",\"@id\":\"https:\/\/lumart.fr\/fr\/les-collections\/interieur\/rampes-a-tableau\/celine-rampe-a-tableau-71-cm-3144-4\/#primaryimage\",\"inLanguage\":\"fr-FR\",\"url\":\"\/wp-content\/uploads\/2017\/12\/3144-4-Rampe-tableau-Celine-71cm-CDF-Lumart-BD-2.jpg\",\"contentUrl\":\"\/wp-content\/uploads\/2017\/12\/3144-4-Rampe-tableau-Celine-71cm-CDF-Lumart-BD-2.jpg\",\"width\":2551,\"height\":1701,\"caption\":\"Rampe \\u00e0 tableau C\\u00e9line 71 cm - Finition canon de fusil\"},{\"@type\":\"WebPage\",\"@id\":\"https:\/\/lumart.fr\/fr\/les-collections\/interieur\/rampes-a-tableau\/celine-rampe-a-tableau-71-cm-3144-4\/#webpage\",\"url\":\"https:\/\/lumart.fr\/fr\/les-collections\/interieur\/rampes-a-tableau\/celine-rampe-a-tableau-71-cm-3144-4\/\",\"name\":\"C\\u00e9line Rampe \\u00e0 tableau 71 cm (3144\/4) - Lum&#039;art\",\"isPartOf\":{\"@id\":\"https:\/\/lumart.fr\/fr\/#website\"},\"primaryImageOfPage\":{\"@id\":\"https:\/\/lumart.fr\/fr\/les-collections\/interieur\/rampes-a-tableau\/celine-rampe-a-tableau-71-cm-3144-4\/#primaryimage\"},\"datePublished\":\"2017-12-18T14:32:42+00:00\",\"dateModified\":\"2023-06-20T11:16:21+00:00\",\"breadcrumb\":{\"@id\":\"https:\/\/lumart.fr\/fr\/les-collections\/interieur\/rampes-a-tableau\/celine-rampe-a-tableau-71-cm-3144-4\/#breadcrumb\"},\"inLanguage\":\"fr-FR\",\"potentialAction\":[{\"@type\":\"ReadAction\",\"target\":[\"https:\/\/lumart.fr\/fr\/les-collections\/interieur\/rampes-a-tableau\/celine-rampe-a-tableau-71-cm-3144-4\/\"]}]},{\"@type\":\"BreadcrumbList\",\"@id\":\"https:\/\/lumart.fr\/fr\/les-collections\/interieur\/rampes-a-tableau\/celine-rampe-a-tableau-71-cm-3144-4\/#breadcrumb\",\"itemListElement\":[{\"@type\":\"ListItem\",\"position\":1,\"name\":\"Home\",\"item\":\"https:\/\/lumart.fr\/fr\/\"},{\"@type\":\"ListItem\",\"position\":2,\"name\":\"Les Collections\",\"item\":\"https:\/\/lumart.fr\/fr\/les-collections\/\"},{\"@type\":\"ListItem\",\"position\":3,\"name\":\"C\\u00e9line - Rampe \\u00e0 tableau 71 cm\"}]}]}<\/script>\n<!-- \/ Yoast SEO plugin. -->","yoast_head_json":{"robots":{"index":"index","follow":"follow","max-snippet":"max-snippet:-1","max-image-preview":"max-image-preview:large","max-video-preview":"max-video-preview:-1"},"canonical":"https:\/\/lumart.fr\/fr\/les-collections\/interieur\/rampes-a-tableau\/celine-rampe-a-tableau-71-cm-3144-4\/","og_locale":"fr_FR","og_type":"article","og_title":"C\u00e9line Rampe \u00e0 tableau 71 cm (3144\/4) - Lum&#039;art","og_description":"Subtile et \u00e9l\u00e9gante, la collection de rampes \u00e0 tableaux C\u00e9line, se d\u00e9cline en plusieurs tailles pour mettre en lumi\u00e8re tout type d&rsquo;encadrement. A la fois r\u00e9glable en profondeur et orientable, la rampe C\u00e9line va permettre de trouver le bon angle d&rsquo;\u00e9clairage pour \u00e9viter reflet ou zone d&rsquo;ombre. Pour accompagner un int\u00e9rieur classique ou plut\u00f4t contemporain, c&rsquo;est la patine choisie qui [ &hellip; ]","og_url":"https:\/\/lumart.fr\/fr\/les-collections\/interieur\/rampes-a-tableau\/celine-rampe-a-tableau-71-cm-3144-4\/","og_site_name":"Lum&#039;art","article_publisher":"https:\/\/www.facebook.com\/LumArt-1543826629180391\/","article_modified_time":"2023-06-20T11:16:21+00:00","og_image":[{"width":2551,"height":1701,"url":"https:\/\/lumart.fr\/wp-content\/uploads\/2017\/12\/3144-4-Rampe-tableau-Celine-71cm-CDF-Lumart-BD-2.jpg","type":"image\/jpeg"}],"twitter_card":"summary","schema":{"@context":"https:\/\/schema.org","@graph":[{"@type":"WebSite","@id":"https:\/\/lumart.fr\/fr\/#website","url":"https:\/\/lumart.fr\/fr\/","name":"Lum'art","description":"","potentialAction":[{"@type":"SearchAction","target":{"@type":"EntryPoint","urlTemplate":"https:\/\/lumart.fr\/fr\/?s={search_term_string}"},"query-input":"required name=search_term_string"}],"inLanguage":"fr-FR"},{"@type":"ImageObject","@id":"https:\/\/lumart.fr\/fr\/les-collections\/interieur\/rampes-a-tableau\/celine-rampe-a-tableau-71-cm-3144-4\/#primaryimage","inLanguage":"fr-FR","url":"\/wp-content\/uploads\/2017\/12\/3144-4-Rampe-tableau-Celine-71cm-CDF-Lumart-BD-2.jpg","contentUrl":"\/wp-content\/uploads\/2017\/12\/3144-4-Rampe-tableau-Celine-71cm-CDF-Lumart-BD-2.jpg","width":2551,"height":1701,"caption":"Rampe \u00e0 tableau C\u00e9line 71 cm - Finition canon de fusil"},{"@type":"WebPage","@id":"https:\/\/lumart.fr\/fr\/les-collections\/interieur\/rampes-a-tableau\/celine-rampe-a-tableau-71-cm-3144-4\/#webpage","url":"https:\/\/lumart.fr\/fr\/les-collections\/interieur\/rampes-a-tableau\/celine-rampe-a-tableau-71-cm-3144-4\/","name":"C\u00e9line Rampe \u00e0 tableau 71 cm (3144\/4) - Lum&#039;art","isPartOf":{"@id":"https:\/\/lumart.fr\/fr\/#website"},"primaryImageOfPage":{"@id":"https:\/\/lumart.fr\/fr\/les-collections\/interieur\/rampes-a-tableau\/celine-rampe-a-tableau-71-cm-3144-4\/#primaryimage"},"datePublished":"2017-12-18T14:32:42+00:00","dateModified":"2023-06-20T11:16:21+00:00","breadcrumb":{"@id":"https:\/\/lumart.fr\/fr\/les-collections\/interieur\/rampes-a-tableau\/celine-rampe-a-tableau-71-cm-3144-4\/#breadcrumb"},"inLanguage":"fr-FR","potentialAction":[{"@type":"ReadAction","target":["https:\/\/lumart.fr\/fr\/les-collections\/interieur\/rampes-a-tableau\/celine-rampe-a-tableau-71-cm-3144-4\/"]}]},{"@type":"BreadcrumbList","@id":"https:\/\/lumart.fr\/fr\/les-collections\/interieur\/rampes-a-tableau\/celine-rampe-a-tableau-71-cm-3144-4\/#breadcrumb","itemListElement":[{"@type":"ListItem","position":1,"name":"Home","item":"https:\/\/lumart.fr\/fr\/"},{"@type":"ListItem","position":2,"name":"Les Collections","item":"https:\/\/lumart.fr\/fr\/les-collections\/"},{"@type":"ListItem","position":3,"name":"C\u00e9line - Rampe \u00e0 tableau 71 cm"}]}]}},"_links":{"self":[{"href":"https:\/\/lumart.fr\/fr\/wp-json\/wp\/v2\/product\/5933"}],"collection":[{"href":"https:\/\/lumart.fr\/fr\/wp-json\/wp\/v2\/product"}],"about":[{"href":"https:\/\/lumart.fr\/fr\/wp-json\/wp\/v2\/types\/product"}],"wp:featuredmedia":[{"embeddable":true,"href":"https:\/\/lumart.fr\/fr\/wp-json\/wp\/v2\/media\/3260"}],"wp:attachment":[{"href":"https:\/\/lumart.fr\/fr\/wp-json\/wp\/v2\/media?parent=5933"}],"wp:term":[{"taxonomy":"product_cat","embeddable":true,"href":"https:\/\/lumart.fr\/fr\/wp-json\/wp\/v2\/product_cat?post=5933"},{"taxonomy":"product_tag","embeddable":true,"href":"https:\/\/lumart.fr\/fr\/wp-json\/wp\/v2\/product_tag?post=5933"}],"curies":[{"name":"wp","href":"https:\/\/api.w.org\/{rel}","templated":true}]}}