{"id":5932,"date":"2017-12-18T14:32:41","date_gmt":"2017-12-18T14:32:41","guid":{"rendered":"https:\/\/lumart.fr\/les-collections\/non%20class\u00e9\/castel-lampadaire-278\/"},"modified":"2023-06-20T13:23:24","modified_gmt":"2023-06-20T11:23:24","slug":"castel-lampadaire-278","status":"publish","type":"product","link":"https:\/\/lumart.fr\/fr\/les-collections\/exterieur\/appliques-exterieur\/castel-lampadaire-278\/","title":{"rendered":"Castel - Applique"},"content":{"rendered":"<p>Ext\u00e9rieure ou int\u00e9rieure, l&rsquo;applique Castel s&rsquo;inspire des flambeaux du Moyen-Age mais trouvera tout \u00e0 fait sa place de part et d&rsquo;autre d&rsquo;une entr\u00e9e pour encadrer et magnifier un passage. Elle peut \u00eatre \u00e9galement jou\u00e9e en r\u00e9p\u00e9tition le long d&rsquo;une fa\u00e7ade pour un subtil \u00e9clairage tout en faisceaux de lumi\u00e8re.<\/p>\n","protected":false},"excerpt":{"rendered":"<p>Ext\u00e9rieure ou int\u00e9rieure, l&rsquo;applique Castel s&rsquo;inspire des flambeaux du Moyen-Age mais trouvera tout \u00e0 fait sa place de part et d&rsquo;autre d&rsquo;une entr\u00e9e pour encadrer et magnifier un passage. Elle peut \u00eatre \u00e9galement jou\u00e9e en r\u00e9p\u00e9tition le long d&rsquo;une fa\u00e7ade pour un subtil \u00e9clairage tout en faisceaux de lumi\u00e8re.<\/p>\n","protected":false},"featured_media":2450,"template":"","meta":[],"product_cat":[231],"product_tag":[],"acf":[],"yoast_head":"<!-- This site is optimized with the Yoast SEO plugin v17.8 - https:\/\/yoast.com\/wordpress\/plugins\/seo\/ -->\n<meta name=\"robots\" content=\"index, follow, max-snippet:-1, max-image-preview:large, max-video-preview:-1\" \/>\n<link rel=\"canonical\" href=\"https:\/\/lumart.fr\/fr\/les-collections\/exterieur\/appliques-exterieur\/castel-lampadaire-278\/\" \/>\n<meta property=\"og:locale\" content=\"fr_FR\" \/>\n<meta property=\"og:type\" content=\"article\" \/>\n<meta property=\"og:title\" content=\"Castel Applique (278) - Lum&#039;art\" \/>\n<meta property=\"og:description\" content=\"Ext\u00e9rieure ou int\u00e9rieure, l&rsquo;applique Castel s&rsquo;inspire des flambeaux du Moyen-Age mais trouvera tout \u00e0 fait sa place de part et d&rsquo;autre d&rsquo;une entr\u00e9e pour encadrer et magnifier un passage. Elle peut \u00eatre \u00e9galement jou\u00e9e en r\u00e9p\u00e9tition le long d&rsquo;une fa\u00e7ade pour un subtil \u00e9clairage tout en faisceaux de lumi\u00e8re.\" \/>\n<meta property=\"og:url\" content=\"https:\/\/lumart.fr\/fr\/les-collections\/exterieur\/appliques-exterieur\/castel-lampadaire-278\/\" \/>\n<meta property=\"og:site_name\" content=\"Lum&#039;art\" \/>\n<meta property=\"article:publisher\" content=\"https:\/\/www.facebook.com\/LumArt-1543826629180391\/\" \/>\n<meta property=\"article:modified_time\" content=\"2023-06-20T11:23:24+00:00\" \/>\n<meta property=\"og:image\" content=\"https:\/\/lumart.fr\/wp-content\/uploads\/2017\/12\/278-Lampadaire-Castel-LPA-CPA-Lumart-BD-3.jpg\" \/>\n\t<meta property=\"og:image:width\" content=\"2551\" \/>\n\t<meta property=\"og:image:height\" content=\"1701\" \/>\n<meta name=\"twitter:card\" content=\"summary\" \/>\n<script type=\"application\/ld+json\" class=\"yoast-schema-graph\">{\"@context\":\"https:\/\/schema.org\",\"@graph\":[{\"@type\":\"WebSite\",\"@id\":\"https:\/\/lumart.fr\/fr\/#website\",\"url\":\"https:\/\/lumart.fr\/fr\/\",\"name\":\"Lum'art\",\"description\":\"\",\"potentialAction\":[{\"@type\":\"SearchAction\",\"target\":{\"@type\":\"EntryPoint\",\"urlTemplate\":\"https:\/\/lumart.fr\/fr\/?s={search_term_string}\"},\"query-input\":\"required name=search_term_string\"}],\"inLanguage\":\"fr-FR\"},{\"@type\":\"ImageObject\",\"@id\":\"https:\/\/lumart.fr\/fr\/les-collections\/exterieur\/appliques-exterieur\/castel-lampadaire-278\/#primaryimage\",\"inLanguage\":\"fr-FR\",\"url\":\"\/wp-content\/uploads\/2017\/12\/278-Lampadaire-Castel-LPA-CPA-Lumart-BD-3.jpg\",\"contentUrl\":\"\/wp-content\/uploads\/2017\/12\/278-Lampadaire-Castel-LPA-CPA-Lumart-BD-3.jpg\",\"width\":2551,\"height\":1701,\"caption\":\"Lampadaire Castel - Finition laiton patin\\u00e9 acide et cuivre patin\\u00e9 acide\"},{\"@type\":\"WebPage\",\"@id\":\"https:\/\/lumart.fr\/fr\/les-collections\/exterieur\/appliques-exterieur\/castel-lampadaire-278\/#webpage\",\"url\":\"https:\/\/lumart.fr\/fr\/les-collections\/exterieur\/appliques-exterieur\/castel-lampadaire-278\/\",\"name\":\"Castel Applique (278) - Lum&#039;art\",\"isPartOf\":{\"@id\":\"https:\/\/lumart.fr\/fr\/#website\"},\"primaryImageOfPage\":{\"@id\":\"https:\/\/lumart.fr\/fr\/les-collections\/exterieur\/appliques-exterieur\/castel-lampadaire-278\/#primaryimage\"},\"datePublished\":\"2017-12-18T14:32:41+00:00\",\"dateModified\":\"2023-06-20T11:23:24+00:00\",\"breadcrumb\":{\"@id\":\"https:\/\/lumart.fr\/fr\/les-collections\/exterieur\/appliques-exterieur\/castel-lampadaire-278\/#breadcrumb\"},\"inLanguage\":\"fr-FR\",\"potentialAction\":[{\"@type\":\"ReadAction\",\"target\":[\"https:\/\/lumart.fr\/fr\/les-collections\/exterieur\/appliques-exterieur\/castel-lampadaire-278\/\"]}]},{\"@type\":\"BreadcrumbList\",\"@id\":\"https:\/\/lumart.fr\/fr\/les-collections\/exterieur\/appliques-exterieur\/castel-lampadaire-278\/#breadcrumb\",\"itemListElement\":[{\"@type\":\"ListItem\",\"position\":1,\"name\":\"Home\",\"item\":\"https:\/\/lumart.fr\/fr\/\"},{\"@type\":\"ListItem\",\"position\":2,\"name\":\"Les Collections\",\"item\":\"https:\/\/lumart.fr\/fr\/les-collections\/\"},{\"@type\":\"ListItem\",\"position\":3,\"name\":\"Castel - Applique\"}]}]}<\/script>\n<!-- \/ Yoast SEO plugin. -->","yoast_head_json":{"robots":{"index":"index","follow":"follow","max-snippet":"max-snippet:-1","max-image-preview":"max-image-preview:large","max-video-preview":"max-video-preview:-1"},"canonical":"https:\/\/lumart.fr\/fr\/les-collections\/exterieur\/appliques-exterieur\/castel-lampadaire-278\/","og_locale":"fr_FR","og_type":"article","og_title":"Castel Applique (278) - Lum&#039;art","og_description":"Ext\u00e9rieure ou int\u00e9rieure, l&rsquo;applique Castel s&rsquo;inspire des flambeaux du Moyen-Age mais trouvera tout \u00e0 fait sa place de part et d&rsquo;autre d&rsquo;une entr\u00e9e pour encadrer et magnifier un passage. Elle peut \u00eatre \u00e9galement jou\u00e9e en r\u00e9p\u00e9tition le long d&rsquo;une fa\u00e7ade pour un subtil \u00e9clairage tout en faisceaux de lumi\u00e8re.","og_url":"https:\/\/lumart.fr\/fr\/les-collections\/exterieur\/appliques-exterieur\/castel-lampadaire-278\/","og_site_name":"Lum&#039;art","article_publisher":"https:\/\/www.facebook.com\/LumArt-1543826629180391\/","article_modified_time":"2023-06-20T11:23:24+00:00","og_image":[{"width":2551,"height":1701,"url":"https:\/\/lumart.fr\/wp-content\/uploads\/2017\/12\/278-Lampadaire-Castel-LPA-CPA-Lumart-BD-3.jpg","type":"image\/jpeg"}],"twitter_card":"summary","schema":{"@context":"https:\/\/schema.org","@graph":[{"@type":"WebSite","@id":"https:\/\/lumart.fr\/fr\/#website","url":"https:\/\/lumart.fr\/fr\/","name":"Lum'art","description":"","potentialAction":[{"@type":"SearchAction","target":{"@type":"EntryPoint","urlTemplate":"https:\/\/lumart.fr\/fr\/?s={search_term_string}"},"query-input":"required name=search_term_string"}],"inLanguage":"fr-FR"},{"@type":"ImageObject","@id":"https:\/\/lumart.fr\/fr\/les-collections\/exterieur\/appliques-exterieur\/castel-lampadaire-278\/#primaryimage","inLanguage":"fr-FR","url":"\/wp-content\/uploads\/2017\/12\/278-Lampadaire-Castel-LPA-CPA-Lumart-BD-3.jpg","contentUrl":"\/wp-content\/uploads\/2017\/12\/278-Lampadaire-Castel-LPA-CPA-Lumart-BD-3.jpg","width":2551,"height":1701,"caption":"Lampadaire Castel - Finition laiton patin\u00e9 acide et cuivre patin\u00e9 acide"},{"@type":"WebPage","@id":"https:\/\/lumart.fr\/fr\/les-collections\/exterieur\/appliques-exterieur\/castel-lampadaire-278\/#webpage","url":"https:\/\/lumart.fr\/fr\/les-collections\/exterieur\/appliques-exterieur\/castel-lampadaire-278\/","name":"Castel Applique (278) - Lum&#039;art","isPartOf":{"@id":"https:\/\/lumart.fr\/fr\/#website"},"primaryImageOfPage":{"@id":"https:\/\/lumart.fr\/fr\/les-collections\/exterieur\/appliques-exterieur\/castel-lampadaire-278\/#primaryimage"},"datePublished":"2017-12-18T14:32:41+00:00","dateModified":"2023-06-20T11:23:24+00:00","breadcrumb":{"@id":"https:\/\/lumart.fr\/fr\/les-collections\/exterieur\/appliques-exterieur\/castel-lampadaire-278\/#breadcrumb"},"inLanguage":"fr-FR","potentialAction":[{"@type":"ReadAction","target":["https:\/\/lumart.fr\/fr\/les-collections\/exterieur\/appliques-exterieur\/castel-lampadaire-278\/"]}]},{"@type":"BreadcrumbList","@id":"https:\/\/lumart.fr\/fr\/les-collections\/exterieur\/appliques-exterieur\/castel-lampadaire-278\/#breadcrumb","itemListElement":[{"@type":"ListItem","position":1,"name":"Home","item":"https:\/\/lumart.fr\/fr\/"},{"@type":"ListItem","position":2,"name":"Les Collections","item":"https:\/\/lumart.fr\/fr\/les-collections\/"},{"@type":"ListItem","position":3,"name":"Castel - Applique"}]}]}},"_links":{"self":[{"href":"https:\/\/lumart.fr\/fr\/wp-json\/wp\/v2\/product\/5932"}],"collection":[{"href":"https:\/\/lumart.fr\/fr\/wp-json\/wp\/v2\/product"}],"about":[{"href":"https:\/\/lumart.fr\/fr\/wp-json\/wp\/v2\/types\/product"}],"wp:featuredmedia":[{"embeddable":true,"href":"https:\/\/lumart.fr\/fr\/wp-json\/wp\/v2\/media\/2450"}],"wp:attachment":[{"href":"https:\/\/lumart.fr\/fr\/wp-json\/wp\/v2\/media?parent=5932"}],"wp:term":[{"taxonomy":"product_cat","embeddable":true,"href":"https:\/\/lumart.fr\/fr\/wp-json\/wp\/v2\/product_cat?post=5932"},{"taxonomy":"product_tag","embeddable":true,"href":"https:\/\/lumart.fr\/fr\/wp-json\/wp\/v2\/product_tag?post=5932"}],"curies":[{"name":"wp","href":"https:\/\/api.w.org\/{rel}","templated":true}]}}