{"id":5927,"date":"2017-12-18T14:32:39","date_gmt":"2017-12-18T14:32:39","guid":{"rendered":"https:\/\/lumart.fr\/les-collections\/non%20class\u00e9\/carnaby-suspension-431\/"},"modified":"2023-06-20T13:27:51","modified_gmt":"2023-06-20T11:27:51","slug":"carnaby-suspension-60cm-431","status":"publish","type":"product","link":"https:\/\/lumart.fr\/fr\/les-collections\/interieur\/suspensions\/carnaby-suspension-60cm-431\/","title":{"rendered":"Carnaby - Suspension 60 cm"},"content":{"rendered":"<p>Puret\u00e9 des lignes. Comme en l\u00e9vitation, la collection Carnaby tourne autour du cercle, v\u00e9ritable miroir sur lequel vient se refl\u00e9ter une de ces belles ampoule \u00e0 filament type Edison (version LED ou pas).<\/p>\n","protected":false},"excerpt":{"rendered":"<p>Puret\u00e9 des lignes. Comme en l\u00e9vitation, la collection Carnaby tourne autour du cercle, v\u00e9ritable miroir sur lequel vient se refl\u00e9ter une de ces belles ampoule \u00e0 filament type Edison (version LED ou pas). <a href=\"https:\/\/lumart.fr\/fr\/les-collections\/interieur\/suspensions\/carnaby-suspension-60cm-431\/\" class=\"more\">[ &hellip; ]<\/a><\/p>\n","protected":false},"featured_media":10886,"template":"","meta":[],"product_cat":[234],"product_tag":[],"acf":[],"yoast_head":"<!-- This site is optimized with the Yoast SEO plugin v17.8 - https:\/\/yoast.com\/wordpress\/plugins\/seo\/ -->\n<meta name=\"robots\" content=\"index, follow, max-snippet:-1, max-image-preview:large, max-video-preview:-1\" \/>\n<link rel=\"canonical\" href=\"https:\/\/lumart.fr\/fr\/les-collections\/interieur\/suspensions\/carnaby-suspension-60cm-431\/\" \/>\n<meta property=\"og:locale\" content=\"fr_FR\" \/>\n<meta property=\"og:type\" content=\"article\" \/>\n<meta property=\"og:title\" content=\"Carnaby Suspension 60 cm (431) - Lum&#039;art\" \/>\n<meta property=\"og:description\" content=\"Puret\u00e9 des lignes. Comme en l\u00e9vitation, la collection Carnaby tourne autour du cercle, v\u00e9ritable miroir sur lequel vient se refl\u00e9ter une de ces belles ampoule \u00e0 filament type Edison (version LED ou pas). [ &hellip; ]\" \/>\n<meta property=\"og:url\" content=\"https:\/\/lumart.fr\/fr\/les-collections\/interieur\/suspensions\/carnaby-suspension-60cm-431\/\" \/>\n<meta property=\"og:site_name\" content=\"Lum&#039;art\" \/>\n<meta property=\"article:publisher\" content=\"https:\/\/www.facebook.com\/LumArt-1543826629180391\/\" \/>\n<meta property=\"article:modified_time\" content=\"2023-06-20T11:27:51+00:00\" \/>\n<meta property=\"og:image\" content=\"https:\/\/lumart.fr\/wp-content\/uploads\/2017\/12\/431-Suspension-Carnaby-GM-LPA-Lumart-BD1.jpg\" \/>\n\t<meta property=\"og:image:width\" content=\"1984\" \/>\n\t<meta property=\"og:image:height\" content=\"1323\" \/>\n<meta name=\"twitter:card\" content=\"summary\" \/>\n<script type=\"application\/ld+json\" class=\"yoast-schema-graph\">{\"@context\":\"https:\/\/schema.org\",\"@graph\":[{\"@type\":\"WebSite\",\"@id\":\"https:\/\/lumart.fr\/fr\/#website\",\"url\":\"https:\/\/lumart.fr\/fr\/\",\"name\":\"Lum'art\",\"description\":\"\",\"potentialAction\":[{\"@type\":\"SearchAction\",\"target\":{\"@type\":\"EntryPoint\",\"urlTemplate\":\"https:\/\/lumart.fr\/fr\/?s={search_term_string}\"},\"query-input\":\"required name=search_term_string\"}],\"inLanguage\":\"fr-FR\"},{\"@type\":\"ImageObject\",\"@id\":\"https:\/\/lumart.fr\/fr\/les-collections\/interieur\/suspensions\/carnaby-suspension-60cm-431\/#primaryimage\",\"inLanguage\":\"fr-FR\",\"url\":\"\/wp-content\/uploads\/2017\/12\/431-Suspension-Carnaby-GM-LPA-Lumart-BD1.jpg\",\"contentUrl\":\"\/wp-content\/uploads\/2017\/12\/431-Suspension-Carnaby-GM-LPA-Lumart-BD1.jpg\",\"width\":1984,\"height\":1323,\"caption\":\"Suspension Carnaby GM - Finition laiton patin\\u00e9 acide\"},{\"@type\":\"WebPage\",\"@id\":\"https:\/\/lumart.fr\/fr\/les-collections\/interieur\/suspensions\/carnaby-suspension-60cm-431\/#webpage\",\"url\":\"https:\/\/lumart.fr\/fr\/les-collections\/interieur\/suspensions\/carnaby-suspension-60cm-431\/\",\"name\":\"Carnaby Suspension 60 cm (431) - Lum&#039;art\",\"isPartOf\":{\"@id\":\"https:\/\/lumart.fr\/fr\/#website\"},\"primaryImageOfPage\":{\"@id\":\"https:\/\/lumart.fr\/fr\/les-collections\/interieur\/suspensions\/carnaby-suspension-60cm-431\/#primaryimage\"},\"datePublished\":\"2017-12-18T14:32:39+00:00\",\"dateModified\":\"2023-06-20T11:27:51+00:00\",\"breadcrumb\":{\"@id\":\"https:\/\/lumart.fr\/fr\/les-collections\/interieur\/suspensions\/carnaby-suspension-60cm-431\/#breadcrumb\"},\"inLanguage\":\"fr-FR\",\"potentialAction\":[{\"@type\":\"ReadAction\",\"target\":[\"https:\/\/lumart.fr\/fr\/les-collections\/interieur\/suspensions\/carnaby-suspension-60cm-431\/\"]}]},{\"@type\":\"BreadcrumbList\",\"@id\":\"https:\/\/lumart.fr\/fr\/les-collections\/interieur\/suspensions\/carnaby-suspension-60cm-431\/#breadcrumb\",\"itemListElement\":[{\"@type\":\"ListItem\",\"position\":1,\"name\":\"Home\",\"item\":\"https:\/\/lumart.fr\/fr\/\"},{\"@type\":\"ListItem\",\"position\":2,\"name\":\"Les Collections\",\"item\":\"https:\/\/lumart.fr\/fr\/les-collections\/\"},{\"@type\":\"ListItem\",\"position\":3,\"name\":\"Carnaby - Suspension 60 cm\"}]}]}<\/script>\n<!-- \/ Yoast SEO plugin. -->","yoast_head_json":{"robots":{"index":"index","follow":"follow","max-snippet":"max-snippet:-1","max-image-preview":"max-image-preview:large","max-video-preview":"max-video-preview:-1"},"canonical":"https:\/\/lumart.fr\/fr\/les-collections\/interieur\/suspensions\/carnaby-suspension-60cm-431\/","og_locale":"fr_FR","og_type":"article","og_title":"Carnaby Suspension 60 cm (431) - Lum&#039;art","og_description":"Puret\u00e9 des lignes. Comme en l\u00e9vitation, la collection Carnaby tourne autour du cercle, v\u00e9ritable miroir sur lequel vient se refl\u00e9ter une de ces belles ampoule \u00e0 filament type Edison (version LED ou pas). [ &hellip; ]","og_url":"https:\/\/lumart.fr\/fr\/les-collections\/interieur\/suspensions\/carnaby-suspension-60cm-431\/","og_site_name":"Lum&#039;art","article_publisher":"https:\/\/www.facebook.com\/LumArt-1543826629180391\/","article_modified_time":"2023-06-20T11:27:51+00:00","og_image":[{"width":1984,"height":1323,"url":"https:\/\/lumart.fr\/wp-content\/uploads\/2017\/12\/431-Suspension-Carnaby-GM-LPA-Lumart-BD1.jpg","type":"image\/jpeg"}],"twitter_card":"summary","schema":{"@context":"https:\/\/schema.org","@graph":[{"@type":"WebSite","@id":"https:\/\/lumart.fr\/fr\/#website","url":"https:\/\/lumart.fr\/fr\/","name":"Lum'art","description":"","potentialAction":[{"@type":"SearchAction","target":{"@type":"EntryPoint","urlTemplate":"https:\/\/lumart.fr\/fr\/?s={search_term_string}"},"query-input":"required name=search_term_string"}],"inLanguage":"fr-FR"},{"@type":"ImageObject","@id":"https:\/\/lumart.fr\/fr\/les-collections\/interieur\/suspensions\/carnaby-suspension-60cm-431\/#primaryimage","inLanguage":"fr-FR","url":"\/wp-content\/uploads\/2017\/12\/431-Suspension-Carnaby-GM-LPA-Lumart-BD1.jpg","contentUrl":"\/wp-content\/uploads\/2017\/12\/431-Suspension-Carnaby-GM-LPA-Lumart-BD1.jpg","width":1984,"height":1323,"caption":"Suspension Carnaby GM - Finition laiton patin\u00e9 acide"},{"@type":"WebPage","@id":"https:\/\/lumart.fr\/fr\/les-collections\/interieur\/suspensions\/carnaby-suspension-60cm-431\/#webpage","url":"https:\/\/lumart.fr\/fr\/les-collections\/interieur\/suspensions\/carnaby-suspension-60cm-431\/","name":"Carnaby Suspension 60 cm (431) - Lum&#039;art","isPartOf":{"@id":"https:\/\/lumart.fr\/fr\/#website"},"primaryImageOfPage":{"@id":"https:\/\/lumart.fr\/fr\/les-collections\/interieur\/suspensions\/carnaby-suspension-60cm-431\/#primaryimage"},"datePublished":"2017-12-18T14:32:39+00:00","dateModified":"2023-06-20T11:27:51+00:00","breadcrumb":{"@id":"https:\/\/lumart.fr\/fr\/les-collections\/interieur\/suspensions\/carnaby-suspension-60cm-431\/#breadcrumb"},"inLanguage":"fr-FR","potentialAction":[{"@type":"ReadAction","target":["https:\/\/lumart.fr\/fr\/les-collections\/interieur\/suspensions\/carnaby-suspension-60cm-431\/"]}]},{"@type":"BreadcrumbList","@id":"https:\/\/lumart.fr\/fr\/les-collections\/interieur\/suspensions\/carnaby-suspension-60cm-431\/#breadcrumb","itemListElement":[{"@type":"ListItem","position":1,"name":"Home","item":"https:\/\/lumart.fr\/fr\/"},{"@type":"ListItem","position":2,"name":"Les Collections","item":"https:\/\/lumart.fr\/fr\/les-collections\/"},{"@type":"ListItem","position":3,"name":"Carnaby - Suspension 60 cm"}]}]}},"_links":{"self":[{"href":"https:\/\/lumart.fr\/fr\/wp-json\/wp\/v2\/product\/5927"}],"collection":[{"href":"https:\/\/lumart.fr\/fr\/wp-json\/wp\/v2\/product"}],"about":[{"href":"https:\/\/lumart.fr\/fr\/wp-json\/wp\/v2\/types\/product"}],"wp:featuredmedia":[{"embeddable":true,"href":"https:\/\/lumart.fr\/fr\/wp-json\/wp\/v2\/media\/10886"}],"wp:attachment":[{"href":"https:\/\/lumart.fr\/fr\/wp-json\/wp\/v2\/media?parent=5927"}],"wp:term":[{"taxonomy":"product_cat","embeddable":true,"href":"https:\/\/lumart.fr\/fr\/wp-json\/wp\/v2\/product_cat?post=5927"},{"taxonomy":"product_tag","embeddable":true,"href":"https:\/\/lumart.fr\/fr\/wp-json\/wp\/v2\/product_tag?post=5927"}],"curies":[{"name":"wp","href":"https:\/\/api.w.org\/{rel}","templated":true}]}}