{"id":5923,"date":"2017-12-18T14:32:36","date_gmt":"2017-12-18T14:32:36","guid":{"rendered":"https:\/\/lumart.fr\/les-collections\/non%20class\u00e9\/calypso-lampadaire-7127\/"},"modified":"2023-06-20T14:33:22","modified_gmt":"2023-06-20T12:33:22","slug":"calypso-lampadaire-7127","status":"publish","type":"product","link":"https:\/\/lumart.fr\/fr\/les-collections\/interieur\/lampadaires\/calypso-lampadaire-7127\/","title":{"rendered":"Calypso - Lampadaire"},"content":{"rendered":"<p>La collection Calypso est tout en courbe et en rondeur, clin d&rsquo;\u0153il \u00e0 l&rsquo;imaginaire des ann\u00e9es 60 ! Lampe et lampadaire sont orientables avec une t\u00eate pivotante favorisant une lecture optimale, parfait de part et d&rsquo;autre d&rsquo;un canap\u00e9 pour la liseuse.<\/p>\n","protected":false},"excerpt":{"rendered":"<p>La collection Calypso est tout en courbe et en rondeur, clin d&rsquo;\u0153il \u00e0 l&rsquo;imaginaire des ann\u00e9es 60 ! Lampe et lampadaire sont orientables avec une t\u00eate pivotante favorisant une lecture optimale, parfait de part et d&rsquo;autre d&rsquo;un canap\u00e9 pour la liseuse.<\/p>\n","protected":false},"featured_media":4751,"template":"","meta":[],"product_cat":[237],"product_tag":[],"acf":[],"yoast_head":"<!-- This site is optimized with the Yoast SEO plugin v17.8 - https:\/\/yoast.com\/wordpress\/plugins\/seo\/ -->\n<meta name=\"robots\" content=\"index, follow, max-snippet:-1, max-image-preview:large, max-video-preview:-1\" \/>\n<link rel=\"canonical\" href=\"https:\/\/lumart.fr\/fr\/les-collections\/interieur\/lampadaires\/calypso-lampadaire-7127\/\" \/>\n<meta property=\"og:locale\" content=\"fr_FR\" \/>\n<meta property=\"og:type\" content=\"article\" \/>\n<meta property=\"og:title\" content=\"Calypso Lampadaire (7127) - Lum&#039;art\" \/>\n<meta property=\"og:description\" content=\"La collection Calypso est tout en courbe et en rondeur, clin d&rsquo;\u0153il \u00e0 l&rsquo;imaginaire des ann\u00e9es 60 ! Lampe et lampadaire sont orientables avec une t\u00eate pivotante favorisant une lecture optimale, parfait de part et d&rsquo;autre d&rsquo;un canap\u00e9 pour la liseuse.\" \/>\n<meta property=\"og:url\" content=\"https:\/\/lumart.fr\/fr\/les-collections\/interieur\/lampadaires\/calypso-lampadaire-7127\/\" \/>\n<meta property=\"og:site_name\" content=\"Lum&#039;art\" \/>\n<meta property=\"article:publisher\" content=\"https:\/\/www.facebook.com\/LumArt-1543826629180391\/\" \/>\n<meta property=\"article:modified_time\" content=\"2023-06-20T12:33:22+00:00\" \/>\n<meta property=\"og:image\" content=\"https:\/\/lumart.fr\/wp-content\/uploads\/2017\/12\/7127-Lampadaire-Calypso-CDF-Lumart-BD-8.jpg\" \/>\n\t<meta property=\"og:image:width\" content=\"2551\" \/>\n\t<meta property=\"og:image:height\" content=\"1701\" \/>\n<meta name=\"twitter:card\" content=\"summary\" \/>\n<script type=\"application\/ld+json\" class=\"yoast-schema-graph\">{\"@context\":\"https:\/\/schema.org\",\"@graph\":[{\"@type\":\"WebSite\",\"@id\":\"https:\/\/lumart.fr\/fr\/#website\",\"url\":\"https:\/\/lumart.fr\/fr\/\",\"name\":\"Lum'art\",\"description\":\"\",\"potentialAction\":[{\"@type\":\"SearchAction\",\"target\":{\"@type\":\"EntryPoint\",\"urlTemplate\":\"https:\/\/lumart.fr\/fr\/?s={search_term_string}\"},\"query-input\":\"required name=search_term_string\"}],\"inLanguage\":\"fr-FR\"},{\"@type\":\"ImageObject\",\"@id\":\"https:\/\/lumart.fr\/fr\/les-collections\/interieur\/lampadaires\/calypso-lampadaire-7127\/#primaryimage\",\"inLanguage\":\"fr-FR\",\"url\":\"\/wp-content\/uploads\/2017\/12\/7127-Lampadaire-Calypso-CDF-Lumart-BD-8.jpg\",\"contentUrl\":\"\/wp-content\/uploads\/2017\/12\/7127-Lampadaire-Calypso-CDF-Lumart-BD-8.jpg\",\"width\":2551,\"height\":1701,\"caption\":\"Lampadaire Calypso - Finition canon de fusil\"},{\"@type\":\"WebPage\",\"@id\":\"https:\/\/lumart.fr\/fr\/les-collections\/interieur\/lampadaires\/calypso-lampadaire-7127\/#webpage\",\"url\":\"https:\/\/lumart.fr\/fr\/les-collections\/interieur\/lampadaires\/calypso-lampadaire-7127\/\",\"name\":\"Calypso Lampadaire (7127) - Lum&#039;art\",\"isPartOf\":{\"@id\":\"https:\/\/lumart.fr\/fr\/#website\"},\"primaryImageOfPage\":{\"@id\":\"https:\/\/lumart.fr\/fr\/les-collections\/interieur\/lampadaires\/calypso-lampadaire-7127\/#primaryimage\"},\"datePublished\":\"2017-12-18T14:32:36+00:00\",\"dateModified\":\"2023-06-20T12:33:22+00:00\",\"breadcrumb\":{\"@id\":\"https:\/\/lumart.fr\/fr\/les-collections\/interieur\/lampadaires\/calypso-lampadaire-7127\/#breadcrumb\"},\"inLanguage\":\"fr-FR\",\"potentialAction\":[{\"@type\":\"ReadAction\",\"target\":[\"https:\/\/lumart.fr\/fr\/les-collections\/interieur\/lampadaires\/calypso-lampadaire-7127\/\"]}]},{\"@type\":\"BreadcrumbList\",\"@id\":\"https:\/\/lumart.fr\/fr\/les-collections\/interieur\/lampadaires\/calypso-lampadaire-7127\/#breadcrumb\",\"itemListElement\":[{\"@type\":\"ListItem\",\"position\":1,\"name\":\"Home\",\"item\":\"https:\/\/lumart.fr\/fr\/\"},{\"@type\":\"ListItem\",\"position\":2,\"name\":\"Les Collections\",\"item\":\"https:\/\/lumart.fr\/fr\/les-collections\/\"},{\"@type\":\"ListItem\",\"position\":3,\"name\":\"Calypso - Lampadaire\"}]}]}<\/script>\n<!-- \/ Yoast SEO plugin. -->","yoast_head_json":{"robots":{"index":"index","follow":"follow","max-snippet":"max-snippet:-1","max-image-preview":"max-image-preview:large","max-video-preview":"max-video-preview:-1"},"canonical":"https:\/\/lumart.fr\/fr\/les-collections\/interieur\/lampadaires\/calypso-lampadaire-7127\/","og_locale":"fr_FR","og_type":"article","og_title":"Calypso Lampadaire (7127) - Lum&#039;art","og_description":"La collection Calypso est tout en courbe et en rondeur, clin d&rsquo;\u0153il \u00e0 l&rsquo;imaginaire des ann\u00e9es 60 ! Lampe et lampadaire sont orientables avec une t\u00eate pivotante favorisant une lecture optimale, parfait de part et d&rsquo;autre d&rsquo;un canap\u00e9 pour la liseuse.","og_url":"https:\/\/lumart.fr\/fr\/les-collections\/interieur\/lampadaires\/calypso-lampadaire-7127\/","og_site_name":"Lum&#039;art","article_publisher":"https:\/\/www.facebook.com\/LumArt-1543826629180391\/","article_modified_time":"2023-06-20T12:33:22+00:00","og_image":[{"width":2551,"height":1701,"url":"https:\/\/lumart.fr\/wp-content\/uploads\/2017\/12\/7127-Lampadaire-Calypso-CDF-Lumart-BD-8.jpg","type":"image\/jpeg"}],"twitter_card":"summary","schema":{"@context":"https:\/\/schema.org","@graph":[{"@type":"WebSite","@id":"https:\/\/lumart.fr\/fr\/#website","url":"https:\/\/lumart.fr\/fr\/","name":"Lum'art","description":"","potentialAction":[{"@type":"SearchAction","target":{"@type":"EntryPoint","urlTemplate":"https:\/\/lumart.fr\/fr\/?s={search_term_string}"},"query-input":"required name=search_term_string"}],"inLanguage":"fr-FR"},{"@type":"ImageObject","@id":"https:\/\/lumart.fr\/fr\/les-collections\/interieur\/lampadaires\/calypso-lampadaire-7127\/#primaryimage","inLanguage":"fr-FR","url":"\/wp-content\/uploads\/2017\/12\/7127-Lampadaire-Calypso-CDF-Lumart-BD-8.jpg","contentUrl":"\/wp-content\/uploads\/2017\/12\/7127-Lampadaire-Calypso-CDF-Lumart-BD-8.jpg","width":2551,"height":1701,"caption":"Lampadaire Calypso - Finition canon de fusil"},{"@type":"WebPage","@id":"https:\/\/lumart.fr\/fr\/les-collections\/interieur\/lampadaires\/calypso-lampadaire-7127\/#webpage","url":"https:\/\/lumart.fr\/fr\/les-collections\/interieur\/lampadaires\/calypso-lampadaire-7127\/","name":"Calypso Lampadaire (7127) - Lum&#039;art","isPartOf":{"@id":"https:\/\/lumart.fr\/fr\/#website"},"primaryImageOfPage":{"@id":"https:\/\/lumart.fr\/fr\/les-collections\/interieur\/lampadaires\/calypso-lampadaire-7127\/#primaryimage"},"datePublished":"2017-12-18T14:32:36+00:00","dateModified":"2023-06-20T12:33:22+00:00","breadcrumb":{"@id":"https:\/\/lumart.fr\/fr\/les-collections\/interieur\/lampadaires\/calypso-lampadaire-7127\/#breadcrumb"},"inLanguage":"fr-FR","potentialAction":[{"@type":"ReadAction","target":["https:\/\/lumart.fr\/fr\/les-collections\/interieur\/lampadaires\/calypso-lampadaire-7127\/"]}]},{"@type":"BreadcrumbList","@id":"https:\/\/lumart.fr\/fr\/les-collections\/interieur\/lampadaires\/calypso-lampadaire-7127\/#breadcrumb","itemListElement":[{"@type":"ListItem","position":1,"name":"Home","item":"https:\/\/lumart.fr\/fr\/"},{"@type":"ListItem","position":2,"name":"Les Collections","item":"https:\/\/lumart.fr\/fr\/les-collections\/"},{"@type":"ListItem","position":3,"name":"Calypso - Lampadaire"}]}]}},"_links":{"self":[{"href":"https:\/\/lumart.fr\/fr\/wp-json\/wp\/v2\/product\/5923"}],"collection":[{"href":"https:\/\/lumart.fr\/fr\/wp-json\/wp\/v2\/product"}],"about":[{"href":"https:\/\/lumart.fr\/fr\/wp-json\/wp\/v2\/types\/product"}],"wp:featuredmedia":[{"embeddable":true,"href":"https:\/\/lumart.fr\/fr\/wp-json\/wp\/v2\/media\/4751"}],"wp:attachment":[{"href":"https:\/\/lumart.fr\/fr\/wp-json\/wp\/v2\/media?parent=5923"}],"wp:term":[{"taxonomy":"product_cat","embeddable":true,"href":"https:\/\/lumart.fr\/fr\/wp-json\/wp\/v2\/product_cat?post=5923"},{"taxonomy":"product_tag","embeddable":true,"href":"https:\/\/lumart.fr\/fr\/wp-json\/wp\/v2\/product_tag?post=5923"}],"curies":[{"name":"wp","href":"https:\/\/api.w.org\/{rel}","templated":true}]}}