{"id":5921,"date":"2017-12-18T14:32:35","date_gmt":"2017-12-18T14:32:35","guid":{"rendered":"https:\/\/lumart.fr\/les-collections\/non%20class\u00e9\/brotteaux-applique-mm-2161\/"},"modified":"2023-06-20T14:37:32","modified_gmt":"2023-06-20T12:37:32","slug":"brotteaux-applique-mm-2161","status":"publish","type":"product","link":"https:\/\/lumart.fr\/fr\/les-collections\/exterieur\/appliques-exterieur\/brotteaux-applique-mm-2161\/","title":{"rendered":"Brotteaux - Applique MM"},"content":{"rendered":"<p>Brotteaux ou la \u00ab\u00a0box\u00a0\u00bb contemporaine d\u00e9clin\u00e9e dans un grand nombre de formats pour animer les grands murs mais \u00e9galement le plus petits espaces. Le r\u00e9flecteur dans le fond de la lanterne permet une r\u00e9flexion de la lumi\u00e8re.<\/p>\n","protected":false},"excerpt":{"rendered":"<p>Brotteaux ou la \u00ab\u00a0box\u00a0\u00bb contemporaine d\u00e9clin\u00e9e dans un grand nombre de formats pour animer les grands murs mais \u00e9galement le plus petits espaces. Le r\u00e9flecteur dans le fond de la lanterne permet une r\u00e9flexion de la lumi\u00e8re.<\/p>\n","protected":false},"featured_media":3122,"template":"","meta":[],"product_cat":[231],"product_tag":[],"acf":[],"yoast_head":"<!-- This site is optimized with the Yoast SEO plugin v17.8 - https:\/\/yoast.com\/wordpress\/plugins\/seo\/ -->\n<meta name=\"robots\" content=\"index, follow, max-snippet:-1, max-image-preview:large, max-video-preview:-1\" \/>\n<link rel=\"canonical\" href=\"https:\/\/lumart.fr\/fr\/les-collections\/exterieur\/appliques-exterieur\/brotteaux-applique-mm-2161\/\" \/>\n<meta property=\"og:locale\" content=\"fr_FR\" \/>\n<meta property=\"og:type\" content=\"article\" \/>\n<meta property=\"og:title\" content=\"Brotteaux Applique MM (2161) - Lum&#039;art\" \/>\n<meta property=\"og:description\" content=\"Brotteaux ou la \u00ab\u00a0box\u00a0\u00bb contemporaine d\u00e9clin\u00e9e dans un grand nombre de formats pour animer les grands murs mais \u00e9galement le plus petits espaces. Le r\u00e9flecteur dans le fond de la lanterne permet une r\u00e9flexion de la lumi\u00e8re.\" \/>\n<meta property=\"og:url\" content=\"https:\/\/lumart.fr\/fr\/les-collections\/exterieur\/appliques-exterieur\/brotteaux-applique-mm-2161\/\" \/>\n<meta property=\"og:site_name\" content=\"Lum&#039;art\" \/>\n<meta property=\"article:publisher\" content=\"https:\/\/www.facebook.com\/LumArt-1543826629180391\/\" \/>\n<meta property=\"article:modified_time\" content=\"2023-06-20T12:37:32+00:00\" \/>\n<meta property=\"og:image\" content=\"https:\/\/lumart.fr\/wp-content\/uploads\/2017\/12\/2161-Applique-Brotteaux-MM-VZ-Lumart-BD-1.jpg\" \/>\n\t<meta property=\"og:image:width\" content=\"2551\" \/>\n\t<meta property=\"og:image:height\" content=\"1701\" \/>\n<meta name=\"twitter:card\" content=\"summary\" \/>\n<script type=\"application\/ld+json\" class=\"yoast-schema-graph\">{\"@context\":\"https:\/\/schema.org\",\"@graph\":[{\"@type\":\"WebSite\",\"@id\":\"https:\/\/lumart.fr\/fr\/#website\",\"url\":\"https:\/\/lumart.fr\/fr\/\",\"name\":\"Lum'art\",\"description\":\"\",\"potentialAction\":[{\"@type\":\"SearchAction\",\"target\":{\"@type\":\"EntryPoint\",\"urlTemplate\":\"https:\/\/lumart.fr\/fr\/?s={search_term_string}\"},\"query-input\":\"required name=search_term_string\"}],\"inLanguage\":\"fr-FR\"},{\"@type\":\"ImageObject\",\"@id\":\"https:\/\/lumart.fr\/fr\/les-collections\/exterieur\/appliques-exterieur\/brotteaux-applique-mm-2161\/#primaryimage\",\"inLanguage\":\"fr-FR\",\"url\":\"\/wp-content\/uploads\/2017\/12\/2161-Applique-Brotteaux-MM-VZ-Lumart-BD-1.jpg\",\"contentUrl\":\"\/wp-content\/uploads\/2017\/12\/2161-Applique-Brotteaux-MM-VZ-Lumart-BD-1.jpg\",\"width\":2551,\"height\":1701,\"caption\":\"Applique Brotteaux MM - Finition vieux zinc\"},{\"@type\":\"WebPage\",\"@id\":\"https:\/\/lumart.fr\/fr\/les-collections\/exterieur\/appliques-exterieur\/brotteaux-applique-mm-2161\/#webpage\",\"url\":\"https:\/\/lumart.fr\/fr\/les-collections\/exterieur\/appliques-exterieur\/brotteaux-applique-mm-2161\/\",\"name\":\"Brotteaux Applique MM (2161) - Lum&#039;art\",\"isPartOf\":{\"@id\":\"https:\/\/lumart.fr\/fr\/#website\"},\"primaryImageOfPage\":{\"@id\":\"https:\/\/lumart.fr\/fr\/les-collections\/exterieur\/appliques-exterieur\/brotteaux-applique-mm-2161\/#primaryimage\"},\"datePublished\":\"2017-12-18T14:32:35+00:00\",\"dateModified\":\"2023-06-20T12:37:32+00:00\",\"breadcrumb\":{\"@id\":\"https:\/\/lumart.fr\/fr\/les-collections\/exterieur\/appliques-exterieur\/brotteaux-applique-mm-2161\/#breadcrumb\"},\"inLanguage\":\"fr-FR\",\"potentialAction\":[{\"@type\":\"ReadAction\",\"target\":[\"https:\/\/lumart.fr\/fr\/les-collections\/exterieur\/appliques-exterieur\/brotteaux-applique-mm-2161\/\"]}]},{\"@type\":\"BreadcrumbList\",\"@id\":\"https:\/\/lumart.fr\/fr\/les-collections\/exterieur\/appliques-exterieur\/brotteaux-applique-mm-2161\/#breadcrumb\",\"itemListElement\":[{\"@type\":\"ListItem\",\"position\":1,\"name\":\"Home\",\"item\":\"https:\/\/lumart.fr\/fr\/\"},{\"@type\":\"ListItem\",\"position\":2,\"name\":\"Les Collections\",\"item\":\"https:\/\/lumart.fr\/fr\/les-collections\/\"},{\"@type\":\"ListItem\",\"position\":3,\"name\":\"Brotteaux - Applique MM\"}]}]}<\/script>\n<!-- \/ Yoast SEO plugin. -->","yoast_head_json":{"robots":{"index":"index","follow":"follow","max-snippet":"max-snippet:-1","max-image-preview":"max-image-preview:large","max-video-preview":"max-video-preview:-1"},"canonical":"https:\/\/lumart.fr\/fr\/les-collections\/exterieur\/appliques-exterieur\/brotteaux-applique-mm-2161\/","og_locale":"fr_FR","og_type":"article","og_title":"Brotteaux Applique MM (2161) - Lum&#039;art","og_description":"Brotteaux ou la \u00ab\u00a0box\u00a0\u00bb contemporaine d\u00e9clin\u00e9e dans un grand nombre de formats pour animer les grands murs mais \u00e9galement le plus petits espaces. Le r\u00e9flecteur dans le fond de la lanterne permet une r\u00e9flexion de la lumi\u00e8re.","og_url":"https:\/\/lumart.fr\/fr\/les-collections\/exterieur\/appliques-exterieur\/brotteaux-applique-mm-2161\/","og_site_name":"Lum&#039;art","article_publisher":"https:\/\/www.facebook.com\/LumArt-1543826629180391\/","article_modified_time":"2023-06-20T12:37:32+00:00","og_image":[{"width":2551,"height":1701,"url":"https:\/\/lumart.fr\/wp-content\/uploads\/2017\/12\/2161-Applique-Brotteaux-MM-VZ-Lumart-BD-1.jpg","type":"image\/jpeg"}],"twitter_card":"summary","schema":{"@context":"https:\/\/schema.org","@graph":[{"@type":"WebSite","@id":"https:\/\/lumart.fr\/fr\/#website","url":"https:\/\/lumart.fr\/fr\/","name":"Lum'art","description":"","potentialAction":[{"@type":"SearchAction","target":{"@type":"EntryPoint","urlTemplate":"https:\/\/lumart.fr\/fr\/?s={search_term_string}"},"query-input":"required name=search_term_string"}],"inLanguage":"fr-FR"},{"@type":"ImageObject","@id":"https:\/\/lumart.fr\/fr\/les-collections\/exterieur\/appliques-exterieur\/brotteaux-applique-mm-2161\/#primaryimage","inLanguage":"fr-FR","url":"\/wp-content\/uploads\/2017\/12\/2161-Applique-Brotteaux-MM-VZ-Lumart-BD-1.jpg","contentUrl":"\/wp-content\/uploads\/2017\/12\/2161-Applique-Brotteaux-MM-VZ-Lumart-BD-1.jpg","width":2551,"height":1701,"caption":"Applique Brotteaux MM - Finition vieux zinc"},{"@type":"WebPage","@id":"https:\/\/lumart.fr\/fr\/les-collections\/exterieur\/appliques-exterieur\/brotteaux-applique-mm-2161\/#webpage","url":"https:\/\/lumart.fr\/fr\/les-collections\/exterieur\/appliques-exterieur\/brotteaux-applique-mm-2161\/","name":"Brotteaux Applique MM (2161) - Lum&#039;art","isPartOf":{"@id":"https:\/\/lumart.fr\/fr\/#website"},"primaryImageOfPage":{"@id":"https:\/\/lumart.fr\/fr\/les-collections\/exterieur\/appliques-exterieur\/brotteaux-applique-mm-2161\/#primaryimage"},"datePublished":"2017-12-18T14:32:35+00:00","dateModified":"2023-06-20T12:37:32+00:00","breadcrumb":{"@id":"https:\/\/lumart.fr\/fr\/les-collections\/exterieur\/appliques-exterieur\/brotteaux-applique-mm-2161\/#breadcrumb"},"inLanguage":"fr-FR","potentialAction":[{"@type":"ReadAction","target":["https:\/\/lumart.fr\/fr\/les-collections\/exterieur\/appliques-exterieur\/brotteaux-applique-mm-2161\/"]}]},{"@type":"BreadcrumbList","@id":"https:\/\/lumart.fr\/fr\/les-collections\/exterieur\/appliques-exterieur\/brotteaux-applique-mm-2161\/#breadcrumb","itemListElement":[{"@type":"ListItem","position":1,"name":"Home","item":"https:\/\/lumart.fr\/fr\/"},{"@type":"ListItem","position":2,"name":"Les Collections","item":"https:\/\/lumart.fr\/fr\/les-collections\/"},{"@type":"ListItem","position":3,"name":"Brotteaux - Applique MM"}]}]}},"_links":{"self":[{"href":"https:\/\/lumart.fr\/fr\/wp-json\/wp\/v2\/product\/5921"}],"collection":[{"href":"https:\/\/lumart.fr\/fr\/wp-json\/wp\/v2\/product"}],"about":[{"href":"https:\/\/lumart.fr\/fr\/wp-json\/wp\/v2\/types\/product"}],"wp:featuredmedia":[{"embeddable":true,"href":"https:\/\/lumart.fr\/fr\/wp-json\/wp\/v2\/media\/3122"}],"wp:attachment":[{"href":"https:\/\/lumart.fr\/fr\/wp-json\/wp\/v2\/media?parent=5921"}],"wp:term":[{"taxonomy":"product_cat","embeddable":true,"href":"https:\/\/lumart.fr\/fr\/wp-json\/wp\/v2\/product_cat?post=5921"},{"taxonomy":"product_tag","embeddable":true,"href":"https:\/\/lumart.fr\/fr\/wp-json\/wp\/v2\/product_tag?post=5921"}],"curies":[{"name":"wp","href":"https:\/\/api.w.org\/{rel}","templated":true}]}}