{"id":5917,"date":"2017-12-18T14:32:33","date_gmt":"2017-12-18T14:32:33","guid":{"rendered":"https:\/\/lumart.fr\/les-collections\/non%20class\u00e9\/bridge-lampadaire-7196\/"},"modified":"2023-06-20T14:46:47","modified_gmt":"2023-06-20T12:46:47","slug":"bridge-lampadaire-7196","status":"publish","type":"product","link":"https:\/\/lumart.fr\/fr\/les-collections\/interieur\/lampadaires\/bridge-lampadaire-7196\/","title":{"rendered":"Bridge - Lampadaire"},"content":{"rendered":"<p>Le lampadaire Bridge est le complice parfait du canap\u00e9 ou du fauteuil au salon et joue ainsi parfaitement son r\u00f4le de liseuse. A la fois r\u00e9glable en hauteur et orientable lat\u00e9ralement, il combine fluidit\u00e9 des lignes et force de la mati\u00e8re avec son abat-jour en laiton ou en zinc.<\/p>\n","protected":false},"excerpt":{"rendered":"<p>Le lampadaire Bridge est le complice parfait du canap\u00e9 ou du fauteuil au salon et joue ainsi parfaitement son r\u00f4le de liseuse. A la fois r\u00e9glable en hauteur et orientable lat\u00e9ralement, il combine fluidit\u00e9 des lignes et force de la mati\u00e8re avec son abat-jour en laiton ou en zinc.<\/p>\n","protected":false},"featured_media":5045,"template":"","meta":[],"product_cat":[237],"product_tag":[],"acf":[],"yoast_head":"<!-- This site is optimized with the Yoast SEO plugin v17.8 - https:\/\/yoast.com\/wordpress\/plugins\/seo\/ -->\n<meta name=\"robots\" content=\"index, follow, max-snippet:-1, max-image-preview:large, max-video-preview:-1\" \/>\n<link rel=\"canonical\" href=\"https:\/\/lumart.fr\/fr\/les-collections\/interieur\/lampadaires\/bridge-lampadaire-7196\/\" \/>\n<meta property=\"og:locale\" content=\"fr_FR\" \/>\n<meta property=\"og:type\" content=\"article\" \/>\n<meta property=\"og:title\" content=\"Bridge Lampadaire (7196) - Lum&#039;art\" \/>\n<meta property=\"og:description\" content=\"Le lampadaire Bridge est le complice parfait du canap\u00e9 ou du fauteuil au salon et joue ainsi parfaitement son r\u00f4le de liseuse. A la fois r\u00e9glable en hauteur et orientable lat\u00e9ralement, il combine fluidit\u00e9 des lignes et force de la mati\u00e8re avec son abat-jour en laiton ou en zinc.\" \/>\n<meta property=\"og:url\" content=\"https:\/\/lumart.fr\/fr\/les-collections\/interieur\/lampadaires\/bridge-lampadaire-7196\/\" \/>\n<meta property=\"og:site_name\" content=\"Lum&#039;art\" \/>\n<meta property=\"article:publisher\" content=\"https:\/\/www.facebook.com\/LumArt-1543826629180391\/\" \/>\n<meta property=\"article:modified_time\" content=\"2023-06-20T12:46:47+00:00\" \/>\n<meta property=\"og:image\" content=\"https:\/\/lumart.fr\/wp-content\/uploads\/2017\/12\/7196-Lampadaire-Bridge-LPA-Lumart-BD.jpg\" \/>\n\t<meta property=\"og:image:width\" content=\"2551\" \/>\n\t<meta property=\"og:image:height\" content=\"1701\" \/>\n<meta name=\"twitter:card\" content=\"summary\" \/>\n<script type=\"application\/ld+json\" class=\"yoast-schema-graph\">{\"@context\":\"https:\/\/schema.org\",\"@graph\":[{\"@type\":\"WebSite\",\"@id\":\"https:\/\/lumart.fr\/fr\/#website\",\"url\":\"https:\/\/lumart.fr\/fr\/\",\"name\":\"Lum'art\",\"description\":\"\",\"potentialAction\":[{\"@type\":\"SearchAction\",\"target\":{\"@type\":\"EntryPoint\",\"urlTemplate\":\"https:\/\/lumart.fr\/fr\/?s={search_term_string}\"},\"query-input\":\"required name=search_term_string\"}],\"inLanguage\":\"fr-FR\"},{\"@type\":\"ImageObject\",\"@id\":\"https:\/\/lumart.fr\/fr\/les-collections\/interieur\/lampadaires\/bridge-lampadaire-7196\/#primaryimage\",\"inLanguage\":\"fr-FR\",\"url\":\"\/wp-content\/uploads\/2017\/12\/7196-Lampadaire-Bridge-LPA-Lumart-BD.jpg\",\"contentUrl\":\"\/wp-content\/uploads\/2017\/12\/7196-Lampadaire-Bridge-LPA-Lumart-BD.jpg\",\"width\":2551,\"height\":1701,\"caption\":\"Lampadaire Bridge - Finition laiton patin\\u00e9 acide\"},{\"@type\":\"WebPage\",\"@id\":\"https:\/\/lumart.fr\/fr\/les-collections\/interieur\/lampadaires\/bridge-lampadaire-7196\/#webpage\",\"url\":\"https:\/\/lumart.fr\/fr\/les-collections\/interieur\/lampadaires\/bridge-lampadaire-7196\/\",\"name\":\"Bridge Lampadaire (7196) - Lum&#039;art\",\"isPartOf\":{\"@id\":\"https:\/\/lumart.fr\/fr\/#website\"},\"primaryImageOfPage\":{\"@id\":\"https:\/\/lumart.fr\/fr\/les-collections\/interieur\/lampadaires\/bridge-lampadaire-7196\/#primaryimage\"},\"datePublished\":\"2017-12-18T14:32:33+00:00\",\"dateModified\":\"2023-06-20T12:46:47+00:00\",\"breadcrumb\":{\"@id\":\"https:\/\/lumart.fr\/fr\/les-collections\/interieur\/lampadaires\/bridge-lampadaire-7196\/#breadcrumb\"},\"inLanguage\":\"fr-FR\",\"potentialAction\":[{\"@type\":\"ReadAction\",\"target\":[\"https:\/\/lumart.fr\/fr\/les-collections\/interieur\/lampadaires\/bridge-lampadaire-7196\/\"]}]},{\"@type\":\"BreadcrumbList\",\"@id\":\"https:\/\/lumart.fr\/fr\/les-collections\/interieur\/lampadaires\/bridge-lampadaire-7196\/#breadcrumb\",\"itemListElement\":[{\"@type\":\"ListItem\",\"position\":1,\"name\":\"Home\",\"item\":\"https:\/\/lumart.fr\/fr\/\"},{\"@type\":\"ListItem\",\"position\":2,\"name\":\"Les Collections\",\"item\":\"https:\/\/lumart.fr\/fr\/les-collections\/\"},{\"@type\":\"ListItem\",\"position\":3,\"name\":\"Bridge - Lampadaire\"}]}]}<\/script>\n<!-- \/ Yoast SEO plugin. -->","yoast_head_json":{"robots":{"index":"index","follow":"follow","max-snippet":"max-snippet:-1","max-image-preview":"max-image-preview:large","max-video-preview":"max-video-preview:-1"},"canonical":"https:\/\/lumart.fr\/fr\/les-collections\/interieur\/lampadaires\/bridge-lampadaire-7196\/","og_locale":"fr_FR","og_type":"article","og_title":"Bridge Lampadaire (7196) - Lum&#039;art","og_description":"Le lampadaire Bridge est le complice parfait du canap\u00e9 ou du fauteuil au salon et joue ainsi parfaitement son r\u00f4le de liseuse. A la fois r\u00e9glable en hauteur et orientable lat\u00e9ralement, il combine fluidit\u00e9 des lignes et force de la mati\u00e8re avec son abat-jour en laiton ou en zinc.","og_url":"https:\/\/lumart.fr\/fr\/les-collections\/interieur\/lampadaires\/bridge-lampadaire-7196\/","og_site_name":"Lum&#039;art","article_publisher":"https:\/\/www.facebook.com\/LumArt-1543826629180391\/","article_modified_time":"2023-06-20T12:46:47+00:00","og_image":[{"width":2551,"height":1701,"url":"https:\/\/lumart.fr\/wp-content\/uploads\/2017\/12\/7196-Lampadaire-Bridge-LPA-Lumart-BD.jpg","type":"image\/jpeg"}],"twitter_card":"summary","schema":{"@context":"https:\/\/schema.org","@graph":[{"@type":"WebSite","@id":"https:\/\/lumart.fr\/fr\/#website","url":"https:\/\/lumart.fr\/fr\/","name":"Lum'art","description":"","potentialAction":[{"@type":"SearchAction","target":{"@type":"EntryPoint","urlTemplate":"https:\/\/lumart.fr\/fr\/?s={search_term_string}"},"query-input":"required name=search_term_string"}],"inLanguage":"fr-FR"},{"@type":"ImageObject","@id":"https:\/\/lumart.fr\/fr\/les-collections\/interieur\/lampadaires\/bridge-lampadaire-7196\/#primaryimage","inLanguage":"fr-FR","url":"\/wp-content\/uploads\/2017\/12\/7196-Lampadaire-Bridge-LPA-Lumart-BD.jpg","contentUrl":"\/wp-content\/uploads\/2017\/12\/7196-Lampadaire-Bridge-LPA-Lumart-BD.jpg","width":2551,"height":1701,"caption":"Lampadaire Bridge - Finition laiton patin\u00e9 acide"},{"@type":"WebPage","@id":"https:\/\/lumart.fr\/fr\/les-collections\/interieur\/lampadaires\/bridge-lampadaire-7196\/#webpage","url":"https:\/\/lumart.fr\/fr\/les-collections\/interieur\/lampadaires\/bridge-lampadaire-7196\/","name":"Bridge Lampadaire (7196) - Lum&#039;art","isPartOf":{"@id":"https:\/\/lumart.fr\/fr\/#website"},"primaryImageOfPage":{"@id":"https:\/\/lumart.fr\/fr\/les-collections\/interieur\/lampadaires\/bridge-lampadaire-7196\/#primaryimage"},"datePublished":"2017-12-18T14:32:33+00:00","dateModified":"2023-06-20T12:46:47+00:00","breadcrumb":{"@id":"https:\/\/lumart.fr\/fr\/les-collections\/interieur\/lampadaires\/bridge-lampadaire-7196\/#breadcrumb"},"inLanguage":"fr-FR","potentialAction":[{"@type":"ReadAction","target":["https:\/\/lumart.fr\/fr\/les-collections\/interieur\/lampadaires\/bridge-lampadaire-7196\/"]}]},{"@type":"BreadcrumbList","@id":"https:\/\/lumart.fr\/fr\/les-collections\/interieur\/lampadaires\/bridge-lampadaire-7196\/#breadcrumb","itemListElement":[{"@type":"ListItem","position":1,"name":"Home","item":"https:\/\/lumart.fr\/fr\/"},{"@type":"ListItem","position":2,"name":"Les Collections","item":"https:\/\/lumart.fr\/fr\/les-collections\/"},{"@type":"ListItem","position":3,"name":"Bridge - Lampadaire"}]}]}},"_links":{"self":[{"href":"https:\/\/lumart.fr\/fr\/wp-json\/wp\/v2\/product\/5917"}],"collection":[{"href":"https:\/\/lumart.fr\/fr\/wp-json\/wp\/v2\/product"}],"about":[{"href":"https:\/\/lumart.fr\/fr\/wp-json\/wp\/v2\/types\/product"}],"wp:featuredmedia":[{"embeddable":true,"href":"https:\/\/lumart.fr\/fr\/wp-json\/wp\/v2\/media\/5045"}],"wp:attachment":[{"href":"https:\/\/lumart.fr\/fr\/wp-json\/wp\/v2\/media?parent=5917"}],"wp:term":[{"taxonomy":"product_cat","embeddable":true,"href":"https:\/\/lumart.fr\/fr\/wp-json\/wp\/v2\/product_cat?post=5917"},{"taxonomy":"product_tag","embeddable":true,"href":"https:\/\/lumart.fr\/fr\/wp-json\/wp\/v2\/product_tag?post=5917"}],"curies":[{"name":"wp","href":"https:\/\/api.w.org\/{rel}","templated":true}]}}