{"id":5903,"date":"2017-12-18T14:32:23","date_gmt":"2017-12-18T14:32:23","guid":{"rendered":"https:\/\/lumart.fr\/les-collections\/non%20class\u00e9\/bodega-suspension-35-cm-478\/"},"modified":"2017-12-18T15:45:17","modified_gmt":"2017-12-18T15:45:17","slug":"bodega-suspension-35-cm-478","status":"publish","type":"product","link":"https:\/\/lumart.fr\/fr\/les-collections\/exterieur\/suspensions-exterieur\/bodega-suspension-35-cm-478\/","title":{"rendered":"Bodega - Suspension 35 cm"},"content":{"rendered":"<p>Orangerie, pergola, cuisine industrielle, loft, la suspension Bodega peut jouer toutes ces partitions pour un \u00e9clairage vertical, \u00e0 placer donc indiff\u00e9remment \u00e0 l&rsquo;int\u00e9rieur ou \u00e0 l&rsquo;ext\u00e9rieur et de pr\u00e9f\u00e9rence en s\u00e9rie pour un effet r\u00e9p\u00e9tition.<\/p>\n","protected":false},"excerpt":{"rendered":"<p>Orangerie, pergola, cuisine industrielle, loft, la suspension Bodega peut jouer toutes ces partitions pour un \u00e9clairage vertical, \u00e0 placer donc indiff\u00e9remment \u00e0 l&rsquo;int\u00e9rieur ou \u00e0 l&rsquo;ext\u00e9rieur et de pr\u00e9f\u00e9rence en s\u00e9rie pour un effet r\u00e9p\u00e9tition.<\/p>\n","protected":false},"featured_media":2688,"template":"","meta":[],"product_cat":[236],"product_tag":[],"acf":[],"yoast_head":"<!-- This site is optimized with the Yoast SEO plugin v17.8 - https:\/\/yoast.com\/wordpress\/plugins\/seo\/ -->\n<meta name=\"robots\" content=\"index, follow, max-snippet:-1, max-image-preview:large, max-video-preview:-1\" \/>\n<link rel=\"canonical\" href=\"https:\/\/lumart.fr\/fr\/les-collections\/exterieur\/suspensions-exterieur\/bodega-suspension-35-cm-478\/\" \/>\n<meta property=\"og:locale\" content=\"fr_FR\" \/>\n<meta property=\"og:type\" content=\"article\" \/>\n<meta property=\"og:title\" content=\"Bodega Suspension 35 cm (478) - Lum&#039;art\" \/>\n<meta property=\"og:description\" content=\"Orangerie, pergola, cuisine industrielle, loft, la suspension Bodega peut jouer toutes ces partitions pour un \u00e9clairage vertical, \u00e0 placer donc indiff\u00e9remment \u00e0 l&rsquo;int\u00e9rieur ou \u00e0 l&rsquo;ext\u00e9rieur et de pr\u00e9f\u00e9rence en s\u00e9rie pour un effet r\u00e9p\u00e9tition.\" \/>\n<meta property=\"og:url\" content=\"https:\/\/lumart.fr\/fr\/les-collections\/exterieur\/suspensions-exterieur\/bodega-suspension-35-cm-478\/\" \/>\n<meta property=\"og:site_name\" content=\"Lum&#039;art\" \/>\n<meta property=\"article:publisher\" content=\"https:\/\/www.facebook.com\/LumArt-1543826629180391\/\" \/>\n<meta property=\"article:modified_time\" content=\"2017-12-18T15:45:17+00:00\" \/>\n<meta property=\"og:image\" content=\"https:\/\/lumart.fr\/wp-content\/uploads\/2017\/12\/478-Suspension-Bodega-35cm-VDG-Lumart-BD-1.jpg\" \/>\n\t<meta property=\"og:image:width\" content=\"2551\" \/>\n\t<meta property=\"og:image:height\" content=\"1701\" \/>\n<meta name=\"twitter:card\" content=\"summary\" \/>\n<script type=\"application\/ld+json\" class=\"yoast-schema-graph\">{\"@context\":\"https:\/\/schema.org\",\"@graph\":[{\"@type\":\"WebSite\",\"@id\":\"https:\/\/lumart.fr\/fr\/#website\",\"url\":\"https:\/\/lumart.fr\/fr\/\",\"name\":\"Lum'art\",\"description\":\"\",\"potentialAction\":[{\"@type\":\"SearchAction\",\"target\":{\"@type\":\"EntryPoint\",\"urlTemplate\":\"https:\/\/lumart.fr\/fr\/?s={search_term_string}\"},\"query-input\":\"required name=search_term_string\"}],\"inLanguage\":\"fr-FR\"},{\"@type\":\"ImageObject\",\"@id\":\"https:\/\/lumart.fr\/fr\/les-collections\/exterieur\/suspensions-exterieur\/bodega-suspension-35-cm-478\/#primaryimage\",\"inLanguage\":\"fr-FR\",\"url\":\"\/wp-content\/uploads\/2017\/12\/478-Suspension-Bodega-35cm-VDG-Lumart-BD-1.jpg\",\"contentUrl\":\"\/wp-content\/uploads\/2017\/12\/478-Suspension-Bodega-35cm-VDG-Lumart-BD-1.jpg\",\"width\":2551,\"height\":1701,\"caption\":\"Suspension Bodega 35 cm - Finition vert de gris\"},{\"@type\":\"WebPage\",\"@id\":\"https:\/\/lumart.fr\/fr\/les-collections\/exterieur\/suspensions-exterieur\/bodega-suspension-35-cm-478\/#webpage\",\"url\":\"https:\/\/lumart.fr\/fr\/les-collections\/exterieur\/suspensions-exterieur\/bodega-suspension-35-cm-478\/\",\"name\":\"Bodega Suspension 35 cm (478) - Lum&#039;art\",\"isPartOf\":{\"@id\":\"https:\/\/lumart.fr\/fr\/#website\"},\"primaryImageOfPage\":{\"@id\":\"https:\/\/lumart.fr\/fr\/les-collections\/exterieur\/suspensions-exterieur\/bodega-suspension-35-cm-478\/#primaryimage\"},\"datePublished\":\"2017-12-18T14:32:23+00:00\",\"dateModified\":\"2017-12-18T15:45:17+00:00\",\"breadcrumb\":{\"@id\":\"https:\/\/lumart.fr\/fr\/les-collections\/exterieur\/suspensions-exterieur\/bodega-suspension-35-cm-478\/#breadcrumb\"},\"inLanguage\":\"fr-FR\",\"potentialAction\":[{\"@type\":\"ReadAction\",\"target\":[\"https:\/\/lumart.fr\/fr\/les-collections\/exterieur\/suspensions-exterieur\/bodega-suspension-35-cm-478\/\"]}]},{\"@type\":\"BreadcrumbList\",\"@id\":\"https:\/\/lumart.fr\/fr\/les-collections\/exterieur\/suspensions-exterieur\/bodega-suspension-35-cm-478\/#breadcrumb\",\"itemListElement\":[{\"@type\":\"ListItem\",\"position\":1,\"name\":\"Home\",\"item\":\"https:\/\/lumart.fr\/fr\/\"},{\"@type\":\"ListItem\",\"position\":2,\"name\":\"Les Collections\",\"item\":\"https:\/\/lumart.fr\/fr\/les-collections\/\"},{\"@type\":\"ListItem\",\"position\":3,\"name\":\"Bodega - Suspension 35 cm\"}]}]}<\/script>\n<!-- \/ Yoast SEO plugin. -->","yoast_head_json":{"robots":{"index":"index","follow":"follow","max-snippet":"max-snippet:-1","max-image-preview":"max-image-preview:large","max-video-preview":"max-video-preview:-1"},"canonical":"https:\/\/lumart.fr\/fr\/les-collections\/exterieur\/suspensions-exterieur\/bodega-suspension-35-cm-478\/","og_locale":"fr_FR","og_type":"article","og_title":"Bodega Suspension 35 cm (478) - Lum&#039;art","og_description":"Orangerie, pergola, cuisine industrielle, loft, la suspension Bodega peut jouer toutes ces partitions pour un \u00e9clairage vertical, \u00e0 placer donc indiff\u00e9remment \u00e0 l&rsquo;int\u00e9rieur ou \u00e0 l&rsquo;ext\u00e9rieur et de pr\u00e9f\u00e9rence en s\u00e9rie pour un effet r\u00e9p\u00e9tition.","og_url":"https:\/\/lumart.fr\/fr\/les-collections\/exterieur\/suspensions-exterieur\/bodega-suspension-35-cm-478\/","og_site_name":"Lum&#039;art","article_publisher":"https:\/\/www.facebook.com\/LumArt-1543826629180391\/","article_modified_time":"2017-12-18T15:45:17+00:00","og_image":[{"width":2551,"height":1701,"url":"https:\/\/lumart.fr\/wp-content\/uploads\/2017\/12\/478-Suspension-Bodega-35cm-VDG-Lumart-BD-1.jpg","type":"image\/jpeg"}],"twitter_card":"summary","schema":{"@context":"https:\/\/schema.org","@graph":[{"@type":"WebSite","@id":"https:\/\/lumart.fr\/fr\/#website","url":"https:\/\/lumart.fr\/fr\/","name":"Lum'art","description":"","potentialAction":[{"@type":"SearchAction","target":{"@type":"EntryPoint","urlTemplate":"https:\/\/lumart.fr\/fr\/?s={search_term_string}"},"query-input":"required name=search_term_string"}],"inLanguage":"fr-FR"},{"@type":"ImageObject","@id":"https:\/\/lumart.fr\/fr\/les-collections\/exterieur\/suspensions-exterieur\/bodega-suspension-35-cm-478\/#primaryimage","inLanguage":"fr-FR","url":"\/wp-content\/uploads\/2017\/12\/478-Suspension-Bodega-35cm-VDG-Lumart-BD-1.jpg","contentUrl":"\/wp-content\/uploads\/2017\/12\/478-Suspension-Bodega-35cm-VDG-Lumart-BD-1.jpg","width":2551,"height":1701,"caption":"Suspension Bodega 35 cm - Finition vert de gris"},{"@type":"WebPage","@id":"https:\/\/lumart.fr\/fr\/les-collections\/exterieur\/suspensions-exterieur\/bodega-suspension-35-cm-478\/#webpage","url":"https:\/\/lumart.fr\/fr\/les-collections\/exterieur\/suspensions-exterieur\/bodega-suspension-35-cm-478\/","name":"Bodega Suspension 35 cm (478) - Lum&#039;art","isPartOf":{"@id":"https:\/\/lumart.fr\/fr\/#website"},"primaryImageOfPage":{"@id":"https:\/\/lumart.fr\/fr\/les-collections\/exterieur\/suspensions-exterieur\/bodega-suspension-35-cm-478\/#primaryimage"},"datePublished":"2017-12-18T14:32:23+00:00","dateModified":"2017-12-18T15:45:17+00:00","breadcrumb":{"@id":"https:\/\/lumart.fr\/fr\/les-collections\/exterieur\/suspensions-exterieur\/bodega-suspension-35-cm-478\/#breadcrumb"},"inLanguage":"fr-FR","potentialAction":[{"@type":"ReadAction","target":["https:\/\/lumart.fr\/fr\/les-collections\/exterieur\/suspensions-exterieur\/bodega-suspension-35-cm-478\/"]}]},{"@type":"BreadcrumbList","@id":"https:\/\/lumart.fr\/fr\/les-collections\/exterieur\/suspensions-exterieur\/bodega-suspension-35-cm-478\/#breadcrumb","itemListElement":[{"@type":"ListItem","position":1,"name":"Home","item":"https:\/\/lumart.fr\/fr\/"},{"@type":"ListItem","position":2,"name":"Les Collections","item":"https:\/\/lumart.fr\/fr\/les-collections\/"},{"@type":"ListItem","position":3,"name":"Bodega - Suspension 35 cm"}]}]}},"_links":{"self":[{"href":"https:\/\/lumart.fr\/fr\/wp-json\/wp\/v2\/product\/5903"}],"collection":[{"href":"https:\/\/lumart.fr\/fr\/wp-json\/wp\/v2\/product"}],"about":[{"href":"https:\/\/lumart.fr\/fr\/wp-json\/wp\/v2\/types\/product"}],"wp:featuredmedia":[{"embeddable":true,"href":"https:\/\/lumart.fr\/fr\/wp-json\/wp\/v2\/media\/2688"}],"wp:attachment":[{"href":"https:\/\/lumart.fr\/fr\/wp-json\/wp\/v2\/media?parent=5903"}],"wp:term":[{"taxonomy":"product_cat","embeddable":true,"href":"https:\/\/lumart.fr\/fr\/wp-json\/wp\/v2\/product_cat?post=5903"},{"taxonomy":"product_tag","embeddable":true,"href":"https:\/\/lumart.fr\/fr\/wp-json\/wp\/v2\/product_tag?post=5903"}],"curies":[{"name":"wp","href":"https:\/\/api.w.org\/{rel}","templated":true}]}}