{"id":5899,"date":"2017-12-18T14:32:21","date_gmt":"2017-12-18T14:32:21","guid":{"rendered":"https:\/\/lumart.fr\/les-collections\/non%20class\u00e9\/billard-manille-suspension-464-2\/"},"modified":"2020-07-09T12:47:49","modified_gmt":"2020-07-09T10:47:49","slug":"billard-manille-suspension-464-2","status":"publish","type":"product","link":"https:\/\/lumart.fr\/fr\/les-collections\/interieur\/suspensions\/billard-manille-suspension-464-2\/","title":{"rendered":"Billard Manille - Suspension"},"content":{"rendered":"<p>Inspir\u00e9 des suspensions de billard, notre Billard Manille va naturellement trouver sa place au dessus d&rsquo;un billard mais aussi au dessus d&rsquo;un table dans une salle \u00e0 manger, une cuisine ou m\u00eame au dessus d&rsquo;un bar. La lumi\u00e8re est subtilement orient\u00e9e vers le bas pour un \u00e9clairage directionnel et tamis\u00e9. Le billard Manille est aussi l&rsquo;un des plus petits de notre collection et conviendra ainsi aux espaces plus restreints.<\/p>\n","protected":false},"excerpt":{"rendered":"<p>Inspir\u00e9 des suspensions de billard, notre Billard Manille va naturellement trouver sa place au dessus d&rsquo;un billard mais aussi au dessus d&rsquo;un table dans une salle \u00e0 manger, une cuisine ou m\u00eame au dessus d&rsquo;un bar. La lumi\u00e8re est subtilement orient\u00e9e vers le bas pour un \u00e9clairage directionnel et tamis\u00e9. Le billard Manille est aussi l&rsquo;un des plus petits de <a href=\"https:\/\/lumart.fr\/fr\/les-collections\/interieur\/suspensions\/billard-manille-suspension-464-2\/\" class=\"more\">[ &hellip; ]<\/a><\/p>\n","protected":false},"featured_media":11064,"template":"","meta":[],"product_cat":[234],"product_tag":[],"acf":[],"yoast_head":"<!-- This site is optimized with the Yoast SEO plugin v17.8 - https:\/\/yoast.com\/wordpress\/plugins\/seo\/ -->\n<meta name=\"robots\" content=\"index, follow, max-snippet:-1, max-image-preview:large, max-video-preview:-1\" \/>\n<link rel=\"canonical\" href=\"https:\/\/lumart.fr\/fr\/les-collections\/interieur\/suspensions\/billard-manille-suspension-464-2\/\" \/>\n<meta property=\"og:locale\" content=\"fr_FR\" \/>\n<meta property=\"og:type\" content=\"article\" \/>\n<meta property=\"og:title\" content=\"Billard Manille Suspension (464\/2) - Lum&#039;art\" \/>\n<meta property=\"og:description\" content=\"Inspir\u00e9 des suspensions de billard, notre Billard Manille va naturellement trouver sa place au dessus d&rsquo;un billard mais aussi au dessus d&rsquo;un table dans une salle \u00e0 manger, une cuisine ou m\u00eame au dessus d&rsquo;un bar. La lumi\u00e8re est subtilement orient\u00e9e vers le bas pour un \u00e9clairage directionnel et tamis\u00e9. Le billard Manille est aussi l&rsquo;un des plus petits de [ &hellip; ]\" \/>\n<meta property=\"og:url\" content=\"https:\/\/lumart.fr\/fr\/les-collections\/interieur\/suspensions\/billard-manille-suspension-464-2\/\" \/>\n<meta property=\"og:site_name\" content=\"Lum&#039;art\" \/>\n<meta property=\"article:publisher\" content=\"https:\/\/www.facebook.com\/LumArt-1543826629180391\/\" \/>\n<meta property=\"article:modified_time\" content=\"2020-07-09T10:47:49+00:00\" \/>\n<meta property=\"og:image\" content=\"https:\/\/lumart.fr\/wp-content\/uploads\/2017\/12\/464-2-Suspension-Billard-Manille-VL-Lumart-BD2.jpg\" \/>\n\t<meta property=\"og:image:width\" content=\"1984\" \/>\n\t<meta property=\"og:image:height\" content=\"1323\" \/>\n<meta name=\"twitter:card\" content=\"summary\" \/>\n<script type=\"application\/ld+json\" class=\"yoast-schema-graph\">{\"@context\":\"https:\/\/schema.org\",\"@graph\":[{\"@type\":\"WebSite\",\"@id\":\"https:\/\/lumart.fr\/fr\/#website\",\"url\":\"https:\/\/lumart.fr\/fr\/\",\"name\":\"Lum'art\",\"description\":\"\",\"potentialAction\":[{\"@type\":\"SearchAction\",\"target\":{\"@type\":\"EntryPoint\",\"urlTemplate\":\"https:\/\/lumart.fr\/fr\/?s={search_term_string}\"},\"query-input\":\"required name=search_term_string\"}],\"inLanguage\":\"fr-FR\"},{\"@type\":\"ImageObject\",\"@id\":\"https:\/\/lumart.fr\/fr\/les-collections\/interieur\/suspensions\/billard-manille-suspension-464-2\/#primaryimage\",\"inLanguage\":\"fr-FR\",\"url\":\"\/wp-content\/uploads\/2017\/12\/464-2-Suspension-Billard-Manille-VL-Lumart-BD2.jpg\",\"contentUrl\":\"\/wp-content\/uploads\/2017\/12\/464-2-Suspension-Billard-Manille-VL-Lumart-BD2.jpg\",\"width\":1984,\"height\":1323,\"caption\":\"Suspension Billard Manille - Finition vieux laiton\"},{\"@type\":\"WebPage\",\"@id\":\"https:\/\/lumart.fr\/fr\/les-collections\/interieur\/suspensions\/billard-manille-suspension-464-2\/#webpage\",\"url\":\"https:\/\/lumart.fr\/fr\/les-collections\/interieur\/suspensions\/billard-manille-suspension-464-2\/\",\"name\":\"Billard Manille Suspension (464\/2) - Lum&#039;art\",\"isPartOf\":{\"@id\":\"https:\/\/lumart.fr\/fr\/#website\"},\"primaryImageOfPage\":{\"@id\":\"https:\/\/lumart.fr\/fr\/les-collections\/interieur\/suspensions\/billard-manille-suspension-464-2\/#primaryimage\"},\"datePublished\":\"2017-12-18T14:32:21+00:00\",\"dateModified\":\"2020-07-09T10:47:49+00:00\",\"breadcrumb\":{\"@id\":\"https:\/\/lumart.fr\/fr\/les-collections\/interieur\/suspensions\/billard-manille-suspension-464-2\/#breadcrumb\"},\"inLanguage\":\"fr-FR\",\"potentialAction\":[{\"@type\":\"ReadAction\",\"target\":[\"https:\/\/lumart.fr\/fr\/les-collections\/interieur\/suspensions\/billard-manille-suspension-464-2\/\"]}]},{\"@type\":\"BreadcrumbList\",\"@id\":\"https:\/\/lumart.fr\/fr\/les-collections\/interieur\/suspensions\/billard-manille-suspension-464-2\/#breadcrumb\",\"itemListElement\":[{\"@type\":\"ListItem\",\"position\":1,\"name\":\"Home\",\"item\":\"https:\/\/lumart.fr\/fr\/\"},{\"@type\":\"ListItem\",\"position\":2,\"name\":\"Les Collections\",\"item\":\"https:\/\/lumart.fr\/fr\/les-collections\/\"},{\"@type\":\"ListItem\",\"position\":3,\"name\":\"Billard Manille - Suspension\"}]}]}<\/script>\n<!-- \/ Yoast SEO plugin. -->","yoast_head_json":{"robots":{"index":"index","follow":"follow","max-snippet":"max-snippet:-1","max-image-preview":"max-image-preview:large","max-video-preview":"max-video-preview:-1"},"canonical":"https:\/\/lumart.fr\/fr\/les-collections\/interieur\/suspensions\/billard-manille-suspension-464-2\/","og_locale":"fr_FR","og_type":"article","og_title":"Billard Manille Suspension (464\/2) - Lum&#039;art","og_description":"Inspir\u00e9 des suspensions de billard, notre Billard Manille va naturellement trouver sa place au dessus d&rsquo;un billard mais aussi au dessus d&rsquo;un table dans une salle \u00e0 manger, une cuisine ou m\u00eame au dessus d&rsquo;un bar. La lumi\u00e8re est subtilement orient\u00e9e vers le bas pour un \u00e9clairage directionnel et tamis\u00e9. Le billard Manille est aussi l&rsquo;un des plus petits de [ &hellip; ]","og_url":"https:\/\/lumart.fr\/fr\/les-collections\/interieur\/suspensions\/billard-manille-suspension-464-2\/","og_site_name":"Lum&#039;art","article_publisher":"https:\/\/www.facebook.com\/LumArt-1543826629180391\/","article_modified_time":"2020-07-09T10:47:49+00:00","og_image":[{"width":1984,"height":1323,"url":"https:\/\/lumart.fr\/wp-content\/uploads\/2017\/12\/464-2-Suspension-Billard-Manille-VL-Lumart-BD2.jpg","type":"image\/jpeg"}],"twitter_card":"summary","schema":{"@context":"https:\/\/schema.org","@graph":[{"@type":"WebSite","@id":"https:\/\/lumart.fr\/fr\/#website","url":"https:\/\/lumart.fr\/fr\/","name":"Lum'art","description":"","potentialAction":[{"@type":"SearchAction","target":{"@type":"EntryPoint","urlTemplate":"https:\/\/lumart.fr\/fr\/?s={search_term_string}"},"query-input":"required name=search_term_string"}],"inLanguage":"fr-FR"},{"@type":"ImageObject","@id":"https:\/\/lumart.fr\/fr\/les-collections\/interieur\/suspensions\/billard-manille-suspension-464-2\/#primaryimage","inLanguage":"fr-FR","url":"\/wp-content\/uploads\/2017\/12\/464-2-Suspension-Billard-Manille-VL-Lumart-BD2.jpg","contentUrl":"\/wp-content\/uploads\/2017\/12\/464-2-Suspension-Billard-Manille-VL-Lumart-BD2.jpg","width":1984,"height":1323,"caption":"Suspension Billard Manille - Finition vieux laiton"},{"@type":"WebPage","@id":"https:\/\/lumart.fr\/fr\/les-collections\/interieur\/suspensions\/billard-manille-suspension-464-2\/#webpage","url":"https:\/\/lumart.fr\/fr\/les-collections\/interieur\/suspensions\/billard-manille-suspension-464-2\/","name":"Billard Manille Suspension (464\/2) - Lum&#039;art","isPartOf":{"@id":"https:\/\/lumart.fr\/fr\/#website"},"primaryImageOfPage":{"@id":"https:\/\/lumart.fr\/fr\/les-collections\/interieur\/suspensions\/billard-manille-suspension-464-2\/#primaryimage"},"datePublished":"2017-12-18T14:32:21+00:00","dateModified":"2020-07-09T10:47:49+00:00","breadcrumb":{"@id":"https:\/\/lumart.fr\/fr\/les-collections\/interieur\/suspensions\/billard-manille-suspension-464-2\/#breadcrumb"},"inLanguage":"fr-FR","potentialAction":[{"@type":"ReadAction","target":["https:\/\/lumart.fr\/fr\/les-collections\/interieur\/suspensions\/billard-manille-suspension-464-2\/"]}]},{"@type":"BreadcrumbList","@id":"https:\/\/lumart.fr\/fr\/les-collections\/interieur\/suspensions\/billard-manille-suspension-464-2\/#breadcrumb","itemListElement":[{"@type":"ListItem","position":1,"name":"Home","item":"https:\/\/lumart.fr\/fr\/"},{"@type":"ListItem","position":2,"name":"Les Collections","item":"https:\/\/lumart.fr\/fr\/les-collections\/"},{"@type":"ListItem","position":3,"name":"Billard Manille - Suspension"}]}]}},"_links":{"self":[{"href":"https:\/\/lumart.fr\/fr\/wp-json\/wp\/v2\/product\/5899"}],"collection":[{"href":"https:\/\/lumart.fr\/fr\/wp-json\/wp\/v2\/product"}],"about":[{"href":"https:\/\/lumart.fr\/fr\/wp-json\/wp\/v2\/types\/product"}],"wp:featuredmedia":[{"embeddable":true,"href":"https:\/\/lumart.fr\/fr\/wp-json\/wp\/v2\/media\/11064"}],"wp:attachment":[{"href":"https:\/\/lumart.fr\/fr\/wp-json\/wp\/v2\/media?parent=5899"}],"wp:term":[{"taxonomy":"product_cat","embeddable":true,"href":"https:\/\/lumart.fr\/fr\/wp-json\/wp\/v2\/product_cat?post=5899"},{"taxonomy":"product_tag","embeddable":true,"href":"https:\/\/lumart.fr\/fr\/wp-json\/wp\/v2\/product_tag?post=5899"}],"curies":[{"name":"wp","href":"https:\/\/api.w.org\/{rel}","templated":true}]}}