{"id":5894,"date":"2017-12-18T14:32:18","date_gmt":"2017-12-18T14:32:18","guid":{"rendered":"https:\/\/lumart.fr\/les-collections\/non%20class\u00e9\/bilboquet-applique-mm-3402-2\/"},"modified":"2023-06-19T15:35:50","modified_gmt":"2023-06-19T13:35:50","slug":"bilboquet-applique-mm-3402-2","status":"publish","type":"product","link":"https:\/\/lumart.fr\/fr\/les-collections\/interieur\/appliques\/bilboquet-applique-mm-3402-2\/","title":{"rendered":"Bilboquet - Applique MM"},"content":{"rendered":"<p>Librement inspir\u00e9e des lustres hollandais, la ligne Bilboquet associe la sobri\u00e9t\u00e9 des lignes et la force de la mati\u00e8re avec ses abat-jours en laiton ou en zinc massif. La lumi\u00e8re est majoritairement diffus\u00e9e vers\u00a0 le bas pour une atmosph\u00e8re chaleureuse et feutr\u00e9e. Jouer avec les patines permet de l\u2019associer \u00e0 un univers classique et \u00e9l\u00e9gant ou r\u00e9solument contemporain.<\/p>\n","protected":false},"excerpt":{"rendered":"<p>Librement inspir\u00e9e des lustres hollandais, la ligne Bilboquet associe la sobri\u00e9t\u00e9 des lignes et la force de la mati\u00e8re avec ses abat-jours en laiton ou en zinc massif. La lumi\u00e8re est majoritairement diffus\u00e9e vers\u00a0 le bas pour une atmosph\u00e8re chaleureuse et feutr\u00e9e. Jouer avec les patines permet de l\u2019associer \u00e0 un univers classique et \u00e9l\u00e9gant ou r\u00e9solument contemporain.<\/p>\n","protected":false},"featured_media":3752,"template":"","meta":[],"product_cat":[229],"product_tag":[],"acf":[],"yoast_head":"<!-- This site is optimized with the Yoast SEO plugin v17.8 - https:\/\/yoast.com\/wordpress\/plugins\/seo\/ -->\n<meta name=\"robots\" content=\"index, follow, max-snippet:-1, max-image-preview:large, max-video-preview:-1\" \/>\n<link rel=\"canonical\" href=\"https:\/\/lumart.fr\/fr\/les-collections\/interieur\/appliques\/bilboquet-applique-mm-3402-2\/\" \/>\n<meta property=\"og:locale\" content=\"fr_FR\" \/>\n<meta property=\"og:type\" content=\"article\" \/>\n<meta property=\"og:title\" content=\"Bilboquet Applique MM (3402\/2) - Lum&#039;art\" \/>\n<meta property=\"og:description\" content=\"Librement inspir\u00e9e des lustres hollandais, la ligne Bilboquet associe la sobri\u00e9t\u00e9 des lignes et la force de la mati\u00e8re avec ses abat-jours en laiton ou en zinc massif. La lumi\u00e8re est majoritairement diffus\u00e9e vers\u00a0 le bas pour une atmosph\u00e8re chaleureuse et feutr\u00e9e. Jouer avec les patines permet de l\u2019associer \u00e0 un univers classique et \u00e9l\u00e9gant ou r\u00e9solument contemporain.\" \/>\n<meta property=\"og:url\" content=\"https:\/\/lumart.fr\/fr\/les-collections\/interieur\/appliques\/bilboquet-applique-mm-3402-2\/\" \/>\n<meta property=\"og:site_name\" content=\"Lum&#039;art\" \/>\n<meta property=\"article:publisher\" content=\"https:\/\/www.facebook.com\/LumArt-1543826629180391\/\" \/>\n<meta property=\"article:modified_time\" content=\"2023-06-19T13:35:50+00:00\" \/>\n<meta property=\"og:image\" content=\"https:\/\/lumart.fr\/wp-content\/uploads\/2017\/12\/3402-2-Applique-Bilboquet-MM-VL-Lumart-BD-1.jpg\" \/>\n\t<meta property=\"og:image:width\" content=\"2551\" \/>\n\t<meta property=\"og:image:height\" content=\"1701\" \/>\n<meta name=\"twitter:card\" content=\"summary\" \/>\n<script type=\"application\/ld+json\" class=\"yoast-schema-graph\">{\"@context\":\"https:\/\/schema.org\",\"@graph\":[{\"@type\":\"WebSite\",\"@id\":\"https:\/\/lumart.fr\/fr\/#website\",\"url\":\"https:\/\/lumart.fr\/fr\/\",\"name\":\"Lum'art\",\"description\":\"\",\"potentialAction\":[{\"@type\":\"SearchAction\",\"target\":{\"@type\":\"EntryPoint\",\"urlTemplate\":\"https:\/\/lumart.fr\/fr\/?s={search_term_string}\"},\"query-input\":\"required name=search_term_string\"}],\"inLanguage\":\"fr-FR\"},{\"@type\":\"ImageObject\",\"@id\":\"https:\/\/lumart.fr\/fr\/les-collections\/interieur\/appliques\/bilboquet-applique-mm-3402-2\/#primaryimage\",\"inLanguage\":\"fr-FR\",\"url\":\"\/wp-content\/uploads\/2017\/12\/3402-2-Applique-Bilboquet-MM-VL-Lumart-BD-1.jpg\",\"contentUrl\":\"\/wp-content\/uploads\/2017\/12\/3402-2-Applique-Bilboquet-MM-VL-Lumart-BD-1.jpg\",\"width\":2551,\"height\":1701,\"caption\":\"Applique Bilboquet MM - Finition vieux laiton\"},{\"@type\":\"WebPage\",\"@id\":\"https:\/\/lumart.fr\/fr\/les-collections\/interieur\/appliques\/bilboquet-applique-mm-3402-2\/#webpage\",\"url\":\"https:\/\/lumart.fr\/fr\/les-collections\/interieur\/appliques\/bilboquet-applique-mm-3402-2\/\",\"name\":\"Bilboquet Applique MM (3402\/2) - Lum&#039;art\",\"isPartOf\":{\"@id\":\"https:\/\/lumart.fr\/fr\/#website\"},\"primaryImageOfPage\":{\"@id\":\"https:\/\/lumart.fr\/fr\/les-collections\/interieur\/appliques\/bilboquet-applique-mm-3402-2\/#primaryimage\"},\"datePublished\":\"2017-12-18T14:32:18+00:00\",\"dateModified\":\"2023-06-19T13:35:50+00:00\",\"breadcrumb\":{\"@id\":\"https:\/\/lumart.fr\/fr\/les-collections\/interieur\/appliques\/bilboquet-applique-mm-3402-2\/#breadcrumb\"},\"inLanguage\":\"fr-FR\",\"potentialAction\":[{\"@type\":\"ReadAction\",\"target\":[\"https:\/\/lumart.fr\/fr\/les-collections\/interieur\/appliques\/bilboquet-applique-mm-3402-2\/\"]}]},{\"@type\":\"BreadcrumbList\",\"@id\":\"https:\/\/lumart.fr\/fr\/les-collections\/interieur\/appliques\/bilboquet-applique-mm-3402-2\/#breadcrumb\",\"itemListElement\":[{\"@type\":\"ListItem\",\"position\":1,\"name\":\"Home\",\"item\":\"https:\/\/lumart.fr\/fr\/\"},{\"@type\":\"ListItem\",\"position\":2,\"name\":\"Les Collections\",\"item\":\"https:\/\/lumart.fr\/fr\/les-collections\/\"},{\"@type\":\"ListItem\",\"position\":3,\"name\":\"Bilboquet - Applique MM\"}]}]}<\/script>\n<!-- \/ Yoast SEO plugin. -->","yoast_head_json":{"robots":{"index":"index","follow":"follow","max-snippet":"max-snippet:-1","max-image-preview":"max-image-preview:large","max-video-preview":"max-video-preview:-1"},"canonical":"https:\/\/lumart.fr\/fr\/les-collections\/interieur\/appliques\/bilboquet-applique-mm-3402-2\/","og_locale":"fr_FR","og_type":"article","og_title":"Bilboquet Applique MM (3402\/2) - Lum&#039;art","og_description":"Librement inspir\u00e9e des lustres hollandais, la ligne Bilboquet associe la sobri\u00e9t\u00e9 des lignes et la force de la mati\u00e8re avec ses abat-jours en laiton ou en zinc massif. La lumi\u00e8re est majoritairement diffus\u00e9e vers\u00a0 le bas pour une atmosph\u00e8re chaleureuse et feutr\u00e9e. Jouer avec les patines permet de l\u2019associer \u00e0 un univers classique et \u00e9l\u00e9gant ou r\u00e9solument contemporain.","og_url":"https:\/\/lumart.fr\/fr\/les-collections\/interieur\/appliques\/bilboquet-applique-mm-3402-2\/","og_site_name":"Lum&#039;art","article_publisher":"https:\/\/www.facebook.com\/LumArt-1543826629180391\/","article_modified_time":"2023-06-19T13:35:50+00:00","og_image":[{"width":2551,"height":1701,"url":"https:\/\/lumart.fr\/wp-content\/uploads\/2017\/12\/3402-2-Applique-Bilboquet-MM-VL-Lumart-BD-1.jpg","type":"image\/jpeg"}],"twitter_card":"summary","schema":{"@context":"https:\/\/schema.org","@graph":[{"@type":"WebSite","@id":"https:\/\/lumart.fr\/fr\/#website","url":"https:\/\/lumart.fr\/fr\/","name":"Lum'art","description":"","potentialAction":[{"@type":"SearchAction","target":{"@type":"EntryPoint","urlTemplate":"https:\/\/lumart.fr\/fr\/?s={search_term_string}"},"query-input":"required name=search_term_string"}],"inLanguage":"fr-FR"},{"@type":"ImageObject","@id":"https:\/\/lumart.fr\/fr\/les-collections\/interieur\/appliques\/bilboquet-applique-mm-3402-2\/#primaryimage","inLanguage":"fr-FR","url":"\/wp-content\/uploads\/2017\/12\/3402-2-Applique-Bilboquet-MM-VL-Lumart-BD-1.jpg","contentUrl":"\/wp-content\/uploads\/2017\/12\/3402-2-Applique-Bilboquet-MM-VL-Lumart-BD-1.jpg","width":2551,"height":1701,"caption":"Applique Bilboquet MM - Finition vieux laiton"},{"@type":"WebPage","@id":"https:\/\/lumart.fr\/fr\/les-collections\/interieur\/appliques\/bilboquet-applique-mm-3402-2\/#webpage","url":"https:\/\/lumart.fr\/fr\/les-collections\/interieur\/appliques\/bilboquet-applique-mm-3402-2\/","name":"Bilboquet Applique MM (3402\/2) - Lum&#039;art","isPartOf":{"@id":"https:\/\/lumart.fr\/fr\/#website"},"primaryImageOfPage":{"@id":"https:\/\/lumart.fr\/fr\/les-collections\/interieur\/appliques\/bilboquet-applique-mm-3402-2\/#primaryimage"},"datePublished":"2017-12-18T14:32:18+00:00","dateModified":"2023-06-19T13:35:50+00:00","breadcrumb":{"@id":"https:\/\/lumart.fr\/fr\/les-collections\/interieur\/appliques\/bilboquet-applique-mm-3402-2\/#breadcrumb"},"inLanguage":"fr-FR","potentialAction":[{"@type":"ReadAction","target":["https:\/\/lumart.fr\/fr\/les-collections\/interieur\/appliques\/bilboquet-applique-mm-3402-2\/"]}]},{"@type":"BreadcrumbList","@id":"https:\/\/lumart.fr\/fr\/les-collections\/interieur\/appliques\/bilboquet-applique-mm-3402-2\/#breadcrumb","itemListElement":[{"@type":"ListItem","position":1,"name":"Home","item":"https:\/\/lumart.fr\/fr\/"},{"@type":"ListItem","position":2,"name":"Les Collections","item":"https:\/\/lumart.fr\/fr\/les-collections\/"},{"@type":"ListItem","position":3,"name":"Bilboquet - Applique MM"}]}]}},"_links":{"self":[{"href":"https:\/\/lumart.fr\/fr\/wp-json\/wp\/v2\/product\/5894"}],"collection":[{"href":"https:\/\/lumart.fr\/fr\/wp-json\/wp\/v2\/product"}],"about":[{"href":"https:\/\/lumart.fr\/fr\/wp-json\/wp\/v2\/types\/product"}],"wp:featuredmedia":[{"embeddable":true,"href":"https:\/\/lumart.fr\/fr\/wp-json\/wp\/v2\/media\/3752"}],"wp:attachment":[{"href":"https:\/\/lumart.fr\/fr\/wp-json\/wp\/v2\/media?parent=5894"}],"wp:term":[{"taxonomy":"product_cat","embeddable":true,"href":"https:\/\/lumart.fr\/fr\/wp-json\/wp\/v2\/product_cat?post=5894"},{"taxonomy":"product_tag","embeddable":true,"href":"https:\/\/lumart.fr\/fr\/wp-json\/wp\/v2\/product_tag?post=5894"}],"curies":[{"name":"wp","href":"https:\/\/api.w.org\/{rel}","templated":true}]}}