{"id":5884,"date":"2017-12-18T14:32:11","date_gmt":"2017-12-18T14:32:11","guid":{"rendered":"https:\/\/lumart.fr\/les-collections\/non%20class\u00e9\/belvedere-lanterne-gm-271\/"},"modified":"2023-06-19T15:51:20","modified_gmt":"2023-06-19T13:51:20","slug":"belvedere-applique-gm-271","status":"publish","type":"product","link":"https:\/\/lumart.fr\/fr\/les-collections\/exterieur\/appliques-exterieur\/belvedere-applique-gm-271\/","title":{"rendered":"Belvedere - Applique GM"},"content":{"rendered":"<p>Un petit air marin plane au dessus de la collection Belv\u00e9d\u00e8re ! En applique ou suspension, int\u00e9rieure comme ext\u00e9rieure, Belv\u00e9d\u00e8re signe avec sa verrerie si caract\u00e9ristique, subtilement affin\u00e9e en son extr\u00e9mit\u00e9, un design unique qui fait toute sa force.<\/p>\n","protected":false},"excerpt":{"rendered":"<p>Un petit air marin plane au dessus de la collection Belv\u00e9d\u00e8re ! En applique ou suspension, int\u00e9rieure comme ext\u00e9rieure, Belv\u00e9d\u00e8re signe avec sa verrerie si caract\u00e9ristique, subtilement affin\u00e9e en son extr\u00e9mit\u00e9, un design unique qui fait toute sa force.<\/p>\n","protected":false},"featured_media":2382,"template":"","meta":[],"product_cat":[231],"product_tag":[],"acf":[],"yoast_head":"<!-- This site is optimized with the Yoast SEO plugin v17.8 - https:\/\/yoast.com\/wordpress\/plugins\/seo\/ -->\n<meta name=\"robots\" content=\"index, follow, max-snippet:-1, max-image-preview:large, max-video-preview:-1\" \/>\n<link rel=\"canonical\" href=\"https:\/\/lumart.fr\/fr\/les-collections\/exterieur\/appliques-exterieur\/belvedere-applique-gm-271\/\" \/>\n<meta property=\"og:locale\" content=\"fr_FR\" \/>\n<meta property=\"og:type\" content=\"article\" \/>\n<meta property=\"og:title\" content=\"Belv\u00e9d\u00e8re Applique GM (271) - Lum&#039;art\" \/>\n<meta property=\"og:description\" content=\"Un petit air marin plane au dessus de la collection Belv\u00e9d\u00e8re ! En applique ou suspension, int\u00e9rieure comme ext\u00e9rieure, Belv\u00e9d\u00e8re signe avec sa verrerie si caract\u00e9ristique, subtilement affin\u00e9e en son extr\u00e9mit\u00e9, un design unique qui fait toute sa force.\" \/>\n<meta property=\"og:url\" content=\"https:\/\/lumart.fr\/fr\/les-collections\/exterieur\/appliques-exterieur\/belvedere-applique-gm-271\/\" \/>\n<meta property=\"og:site_name\" content=\"Lum&#039;art\" \/>\n<meta property=\"article:publisher\" content=\"https:\/\/www.facebook.com\/LumArt-1543826629180391\/\" \/>\n<meta property=\"article:modified_time\" content=\"2023-06-19T13:51:20+00:00\" \/>\n<meta property=\"og:image\" content=\"https:\/\/lumart.fr\/wp-content\/uploads\/2017\/12\/271-Lanterne-Belvedere-GM-VL-Lumart-BD-2.jpg\" \/>\n\t<meta property=\"og:image:width\" content=\"2551\" \/>\n\t<meta property=\"og:image:height\" content=\"1701\" \/>\n<meta name=\"twitter:card\" content=\"summary\" \/>\n<script type=\"application\/ld+json\" class=\"yoast-schema-graph\">{\"@context\":\"https:\/\/schema.org\",\"@graph\":[{\"@type\":\"WebSite\",\"@id\":\"https:\/\/lumart.fr\/fr\/#website\",\"url\":\"https:\/\/lumart.fr\/fr\/\",\"name\":\"Lum'art\",\"description\":\"\",\"potentialAction\":[{\"@type\":\"SearchAction\",\"target\":{\"@type\":\"EntryPoint\",\"urlTemplate\":\"https:\/\/lumart.fr\/fr\/?s={search_term_string}\"},\"query-input\":\"required name=search_term_string\"}],\"inLanguage\":\"fr-FR\"},{\"@type\":\"ImageObject\",\"@id\":\"https:\/\/lumart.fr\/fr\/les-collections\/exterieur\/appliques-exterieur\/belvedere-applique-gm-271\/#primaryimage\",\"inLanguage\":\"fr-FR\",\"url\":\"\/wp-content\/uploads\/2017\/12\/271-Lanterne-Belvedere-GM-VL-Lumart-BD-2.jpg\",\"contentUrl\":\"\/wp-content\/uploads\/2017\/12\/271-Lanterne-Belvedere-GM-VL-Lumart-BD-2.jpg\",\"width\":2551,\"height\":1701,\"caption\":\"Applique Belv\\u00e9d\\u00e8re GM - Finition vieux laiton\"},{\"@type\":\"WebPage\",\"@id\":\"https:\/\/lumart.fr\/fr\/les-collections\/exterieur\/appliques-exterieur\/belvedere-applique-gm-271\/#webpage\",\"url\":\"https:\/\/lumart.fr\/fr\/les-collections\/exterieur\/appliques-exterieur\/belvedere-applique-gm-271\/\",\"name\":\"Belv\\u00e9d\\u00e8re Applique GM (271) - Lum&#039;art\",\"isPartOf\":{\"@id\":\"https:\/\/lumart.fr\/fr\/#website\"},\"primaryImageOfPage\":{\"@id\":\"https:\/\/lumart.fr\/fr\/les-collections\/exterieur\/appliques-exterieur\/belvedere-applique-gm-271\/#primaryimage\"},\"datePublished\":\"2017-12-18T14:32:11+00:00\",\"dateModified\":\"2023-06-19T13:51:20+00:00\",\"breadcrumb\":{\"@id\":\"https:\/\/lumart.fr\/fr\/les-collections\/exterieur\/appliques-exterieur\/belvedere-applique-gm-271\/#breadcrumb\"},\"inLanguage\":\"fr-FR\",\"potentialAction\":[{\"@type\":\"ReadAction\",\"target\":[\"https:\/\/lumart.fr\/fr\/les-collections\/exterieur\/appliques-exterieur\/belvedere-applique-gm-271\/\"]}]},{\"@type\":\"BreadcrumbList\",\"@id\":\"https:\/\/lumart.fr\/fr\/les-collections\/exterieur\/appliques-exterieur\/belvedere-applique-gm-271\/#breadcrumb\",\"itemListElement\":[{\"@type\":\"ListItem\",\"position\":1,\"name\":\"Home\",\"item\":\"https:\/\/lumart.fr\/fr\/\"},{\"@type\":\"ListItem\",\"position\":2,\"name\":\"Les Collections\",\"item\":\"https:\/\/lumart.fr\/fr\/les-collections\/\"},{\"@type\":\"ListItem\",\"position\":3,\"name\":\"Belvedere - Applique GM\"}]}]}<\/script>\n<!-- \/ Yoast SEO plugin. -->","yoast_head_json":{"robots":{"index":"index","follow":"follow","max-snippet":"max-snippet:-1","max-image-preview":"max-image-preview:large","max-video-preview":"max-video-preview:-1"},"canonical":"https:\/\/lumart.fr\/fr\/les-collections\/exterieur\/appliques-exterieur\/belvedere-applique-gm-271\/","og_locale":"fr_FR","og_type":"article","og_title":"Belv\u00e9d\u00e8re Applique GM (271) - Lum&#039;art","og_description":"Un petit air marin plane au dessus de la collection Belv\u00e9d\u00e8re ! En applique ou suspension, int\u00e9rieure comme ext\u00e9rieure, Belv\u00e9d\u00e8re signe avec sa verrerie si caract\u00e9ristique, subtilement affin\u00e9e en son extr\u00e9mit\u00e9, un design unique qui fait toute sa force.","og_url":"https:\/\/lumart.fr\/fr\/les-collections\/exterieur\/appliques-exterieur\/belvedere-applique-gm-271\/","og_site_name":"Lum&#039;art","article_publisher":"https:\/\/www.facebook.com\/LumArt-1543826629180391\/","article_modified_time":"2023-06-19T13:51:20+00:00","og_image":[{"width":2551,"height":1701,"url":"https:\/\/lumart.fr\/wp-content\/uploads\/2017\/12\/271-Lanterne-Belvedere-GM-VL-Lumart-BD-2.jpg","type":"image\/jpeg"}],"twitter_card":"summary","schema":{"@context":"https:\/\/schema.org","@graph":[{"@type":"WebSite","@id":"https:\/\/lumart.fr\/fr\/#website","url":"https:\/\/lumart.fr\/fr\/","name":"Lum'art","description":"","potentialAction":[{"@type":"SearchAction","target":{"@type":"EntryPoint","urlTemplate":"https:\/\/lumart.fr\/fr\/?s={search_term_string}"},"query-input":"required name=search_term_string"}],"inLanguage":"fr-FR"},{"@type":"ImageObject","@id":"https:\/\/lumart.fr\/fr\/les-collections\/exterieur\/appliques-exterieur\/belvedere-applique-gm-271\/#primaryimage","inLanguage":"fr-FR","url":"\/wp-content\/uploads\/2017\/12\/271-Lanterne-Belvedere-GM-VL-Lumart-BD-2.jpg","contentUrl":"\/wp-content\/uploads\/2017\/12\/271-Lanterne-Belvedere-GM-VL-Lumart-BD-2.jpg","width":2551,"height":1701,"caption":"Applique Belv\u00e9d\u00e8re GM - Finition vieux laiton"},{"@type":"WebPage","@id":"https:\/\/lumart.fr\/fr\/les-collections\/exterieur\/appliques-exterieur\/belvedere-applique-gm-271\/#webpage","url":"https:\/\/lumart.fr\/fr\/les-collections\/exterieur\/appliques-exterieur\/belvedere-applique-gm-271\/","name":"Belv\u00e9d\u00e8re Applique GM (271) - Lum&#039;art","isPartOf":{"@id":"https:\/\/lumart.fr\/fr\/#website"},"primaryImageOfPage":{"@id":"https:\/\/lumart.fr\/fr\/les-collections\/exterieur\/appliques-exterieur\/belvedere-applique-gm-271\/#primaryimage"},"datePublished":"2017-12-18T14:32:11+00:00","dateModified":"2023-06-19T13:51:20+00:00","breadcrumb":{"@id":"https:\/\/lumart.fr\/fr\/les-collections\/exterieur\/appliques-exterieur\/belvedere-applique-gm-271\/#breadcrumb"},"inLanguage":"fr-FR","potentialAction":[{"@type":"ReadAction","target":["https:\/\/lumart.fr\/fr\/les-collections\/exterieur\/appliques-exterieur\/belvedere-applique-gm-271\/"]}]},{"@type":"BreadcrumbList","@id":"https:\/\/lumart.fr\/fr\/les-collections\/exterieur\/appliques-exterieur\/belvedere-applique-gm-271\/#breadcrumb","itemListElement":[{"@type":"ListItem","position":1,"name":"Home","item":"https:\/\/lumart.fr\/fr\/"},{"@type":"ListItem","position":2,"name":"Les Collections","item":"https:\/\/lumart.fr\/fr\/les-collections\/"},{"@type":"ListItem","position":3,"name":"Belvedere - Applique GM"}]}]}},"_links":{"self":[{"href":"https:\/\/lumart.fr\/fr\/wp-json\/wp\/v2\/product\/5884"}],"collection":[{"href":"https:\/\/lumart.fr\/fr\/wp-json\/wp\/v2\/product"}],"about":[{"href":"https:\/\/lumart.fr\/fr\/wp-json\/wp\/v2\/types\/product"}],"wp:featuredmedia":[{"embeddable":true,"href":"https:\/\/lumart.fr\/fr\/wp-json\/wp\/v2\/media\/2382"}],"wp:attachment":[{"href":"https:\/\/lumart.fr\/fr\/wp-json\/wp\/v2\/media?parent=5884"}],"wp:term":[{"taxonomy":"product_cat","embeddable":true,"href":"https:\/\/lumart.fr\/fr\/wp-json\/wp\/v2\/product_cat?post=5884"},{"taxonomy":"product_tag","embeddable":true,"href":"https:\/\/lumart.fr\/fr\/wp-json\/wp\/v2\/product_tag?post=5884"}],"curies":[{"name":"wp","href":"https:\/\/api.w.org\/{rel}","templated":true}]}}