{"id":5860,"date":"2017-12-18T14:31:54","date_gmt":"2017-12-18T14:31:54","guid":{"rendered":"https:\/\/lumart.fr\/les-collections\/non%20class\u00e9\/alma-applique-pm-272\/"},"modified":"2023-06-19T14:37:53","modified_gmt":"2023-06-19T12:37:53","slug":"alma-applique-pm-272","status":"publish","type":"product","link":"https:\/\/lumart.fr\/fr\/les-collections\/exterieur\/appliques-exterieur\/alma-applique-pm-272\/","title":{"rendered":"Alma - Applique PM"},"content":{"rendered":"<p>Grand classique, cette applique d&rsquo;inspiration XIX\u00e8me, allie simplicit\u00e9 de la ligne avec son toit subtilement cintr\u00e9 et raffinement du d\u00e9tail avec ses 2 boules en laiton. On l&rsquo;associera avec les lanternes Passy que l&rsquo;on pourra jouer sous potence ou sous crosse.<\/p>\n","protected":false},"excerpt":{"rendered":"<p>Grand classique, cette applique d&rsquo;inspiration XIX\u00e8me, allie simplicit\u00e9 de la ligne avec son toit subtilement cintr\u00e9 et raffinement du d\u00e9tail avec ses 2 boules en laiton. On l&rsquo;associera avec les lanternes Passy que l&rsquo;on pourra jouer sous potence ou sous crosse.<\/p>\n","protected":false},"featured_media":11092,"template":"","meta":[],"product_cat":[231],"product_tag":[],"acf":[],"yoast_head":"<!-- This site is optimized with the Yoast SEO plugin v17.8 - https:\/\/yoast.com\/wordpress\/plugins\/seo\/ -->\n<meta name=\"robots\" content=\"index, follow, max-snippet:-1, max-image-preview:large, max-video-preview:-1\" \/>\n<link rel=\"canonical\" href=\"https:\/\/lumart.fr\/fr\/les-collections\/exterieur\/appliques-exterieur\/alma-applique-pm-272\/\" \/>\n<meta property=\"og:locale\" content=\"fr_FR\" \/>\n<meta property=\"og:type\" content=\"article\" \/>\n<meta property=\"og:title\" content=\"Alma Applique PM (272) - Lum&#039;art\" \/>\n<meta property=\"og:description\" content=\"Grand classique, cette applique d&rsquo;inspiration XIX\u00e8me, allie simplicit\u00e9 de la ligne avec son toit subtilement cintr\u00e9 et raffinement du d\u00e9tail avec ses 2 boules en laiton. On l&rsquo;associera avec les lanternes Passy que l&rsquo;on pourra jouer sous potence ou sous crosse.\" \/>\n<meta property=\"og:url\" content=\"https:\/\/lumart.fr\/fr\/les-collections\/exterieur\/appliques-exterieur\/alma-applique-pm-272\/\" \/>\n<meta property=\"og:site_name\" content=\"Lum&#039;art\" \/>\n<meta property=\"article:publisher\" content=\"https:\/\/www.facebook.com\/LumArt-1543826629180391\/\" \/>\n<meta property=\"article:modified_time\" content=\"2023-06-19T12:37:53+00:00\" \/>\n<meta property=\"og:image\" content=\"https:\/\/lumart.fr\/wp-content\/uploads\/2020\/07\/272-Applique-Alma-PM-VL-Lumart-BD2.jpg\" \/>\n\t<meta property=\"og:image:width\" content=\"1984\" \/>\n\t<meta property=\"og:image:height\" content=\"1323\" \/>\n<meta name=\"twitter:card\" content=\"summary\" \/>\n<script type=\"application\/ld+json\" class=\"yoast-schema-graph\">{\"@context\":\"https:\/\/schema.org\",\"@graph\":[{\"@type\":\"WebSite\",\"@id\":\"https:\/\/lumart.fr\/fr\/#website\",\"url\":\"https:\/\/lumart.fr\/fr\/\",\"name\":\"Lum'art\",\"description\":\"\",\"potentialAction\":[{\"@type\":\"SearchAction\",\"target\":{\"@type\":\"EntryPoint\",\"urlTemplate\":\"https:\/\/lumart.fr\/fr\/?s={search_term_string}\"},\"query-input\":\"required name=search_term_string\"}],\"inLanguage\":\"fr-FR\"},{\"@type\":\"ImageObject\",\"@id\":\"https:\/\/lumart.fr\/fr\/les-collections\/exterieur\/appliques-exterieur\/alma-applique-pm-272\/#primaryimage\",\"inLanguage\":\"fr-FR\",\"url\":\"\/wp-content\/uploads\/2020\/07\/272-Applique-Alma-PM-VL-Lumart-BD2.jpg\",\"contentUrl\":\"\/wp-content\/uploads\/2020\/07\/272-Applique-Alma-PM-VL-Lumart-BD2.jpg\",\"width\":1984,\"height\":1323,\"caption\":\"Applique Alma PM - Finition vieux laiton\"},{\"@type\":\"WebPage\",\"@id\":\"https:\/\/lumart.fr\/fr\/les-collections\/exterieur\/appliques-exterieur\/alma-applique-pm-272\/#webpage\",\"url\":\"https:\/\/lumart.fr\/fr\/les-collections\/exterieur\/appliques-exterieur\/alma-applique-pm-272\/\",\"name\":\"Alma Applique PM (272) - Lum&#039;art\",\"isPartOf\":{\"@id\":\"https:\/\/lumart.fr\/fr\/#website\"},\"primaryImageOfPage\":{\"@id\":\"https:\/\/lumart.fr\/fr\/les-collections\/exterieur\/appliques-exterieur\/alma-applique-pm-272\/#primaryimage\"},\"datePublished\":\"2017-12-18T14:31:54+00:00\",\"dateModified\":\"2023-06-19T12:37:53+00:00\",\"breadcrumb\":{\"@id\":\"https:\/\/lumart.fr\/fr\/les-collections\/exterieur\/appliques-exterieur\/alma-applique-pm-272\/#breadcrumb\"},\"inLanguage\":\"fr-FR\",\"potentialAction\":[{\"@type\":\"ReadAction\",\"target\":[\"https:\/\/lumart.fr\/fr\/les-collections\/exterieur\/appliques-exterieur\/alma-applique-pm-272\/\"]}]},{\"@type\":\"BreadcrumbList\",\"@id\":\"https:\/\/lumart.fr\/fr\/les-collections\/exterieur\/appliques-exterieur\/alma-applique-pm-272\/#breadcrumb\",\"itemListElement\":[{\"@type\":\"ListItem\",\"position\":1,\"name\":\"Home\",\"item\":\"https:\/\/lumart.fr\/fr\/\"},{\"@type\":\"ListItem\",\"position\":2,\"name\":\"Les Collections\",\"item\":\"https:\/\/lumart.fr\/fr\/les-collections\/\"},{\"@type\":\"ListItem\",\"position\":3,\"name\":\"Alma - Applique PM\"}]}]}<\/script>\n<!-- \/ Yoast SEO plugin. -->","yoast_head_json":{"robots":{"index":"index","follow":"follow","max-snippet":"max-snippet:-1","max-image-preview":"max-image-preview:large","max-video-preview":"max-video-preview:-1"},"canonical":"https:\/\/lumart.fr\/fr\/les-collections\/exterieur\/appliques-exterieur\/alma-applique-pm-272\/","og_locale":"fr_FR","og_type":"article","og_title":"Alma Applique PM (272) - Lum&#039;art","og_description":"Grand classique, cette applique d&rsquo;inspiration XIX\u00e8me, allie simplicit\u00e9 de la ligne avec son toit subtilement cintr\u00e9 et raffinement du d\u00e9tail avec ses 2 boules en laiton. On l&rsquo;associera avec les lanternes Passy que l&rsquo;on pourra jouer sous potence ou sous crosse.","og_url":"https:\/\/lumart.fr\/fr\/les-collections\/exterieur\/appliques-exterieur\/alma-applique-pm-272\/","og_site_name":"Lum&#039;art","article_publisher":"https:\/\/www.facebook.com\/LumArt-1543826629180391\/","article_modified_time":"2023-06-19T12:37:53+00:00","og_image":[{"width":1984,"height":1323,"url":"https:\/\/lumart.fr\/wp-content\/uploads\/2020\/07\/272-Applique-Alma-PM-VL-Lumart-BD2.jpg","type":"image\/jpeg"}],"twitter_card":"summary","schema":{"@context":"https:\/\/schema.org","@graph":[{"@type":"WebSite","@id":"https:\/\/lumart.fr\/fr\/#website","url":"https:\/\/lumart.fr\/fr\/","name":"Lum'art","description":"","potentialAction":[{"@type":"SearchAction","target":{"@type":"EntryPoint","urlTemplate":"https:\/\/lumart.fr\/fr\/?s={search_term_string}"},"query-input":"required name=search_term_string"}],"inLanguage":"fr-FR"},{"@type":"ImageObject","@id":"https:\/\/lumart.fr\/fr\/les-collections\/exterieur\/appliques-exterieur\/alma-applique-pm-272\/#primaryimage","inLanguage":"fr-FR","url":"\/wp-content\/uploads\/2020\/07\/272-Applique-Alma-PM-VL-Lumart-BD2.jpg","contentUrl":"\/wp-content\/uploads\/2020\/07\/272-Applique-Alma-PM-VL-Lumart-BD2.jpg","width":1984,"height":1323,"caption":"Applique Alma PM - Finition vieux laiton"},{"@type":"WebPage","@id":"https:\/\/lumart.fr\/fr\/les-collections\/exterieur\/appliques-exterieur\/alma-applique-pm-272\/#webpage","url":"https:\/\/lumart.fr\/fr\/les-collections\/exterieur\/appliques-exterieur\/alma-applique-pm-272\/","name":"Alma Applique PM (272) - Lum&#039;art","isPartOf":{"@id":"https:\/\/lumart.fr\/fr\/#website"},"primaryImageOfPage":{"@id":"https:\/\/lumart.fr\/fr\/les-collections\/exterieur\/appliques-exterieur\/alma-applique-pm-272\/#primaryimage"},"datePublished":"2017-12-18T14:31:54+00:00","dateModified":"2023-06-19T12:37:53+00:00","breadcrumb":{"@id":"https:\/\/lumart.fr\/fr\/les-collections\/exterieur\/appliques-exterieur\/alma-applique-pm-272\/#breadcrumb"},"inLanguage":"fr-FR","potentialAction":[{"@type":"ReadAction","target":["https:\/\/lumart.fr\/fr\/les-collections\/exterieur\/appliques-exterieur\/alma-applique-pm-272\/"]}]},{"@type":"BreadcrumbList","@id":"https:\/\/lumart.fr\/fr\/les-collections\/exterieur\/appliques-exterieur\/alma-applique-pm-272\/#breadcrumb","itemListElement":[{"@type":"ListItem","position":1,"name":"Home","item":"https:\/\/lumart.fr\/fr\/"},{"@type":"ListItem","position":2,"name":"Les Collections","item":"https:\/\/lumart.fr\/fr\/les-collections\/"},{"@type":"ListItem","position":3,"name":"Alma - Applique PM"}]}]}},"_links":{"self":[{"href":"https:\/\/lumart.fr\/fr\/wp-json\/wp\/v2\/product\/5860"}],"collection":[{"href":"https:\/\/lumart.fr\/fr\/wp-json\/wp\/v2\/product"}],"about":[{"href":"https:\/\/lumart.fr\/fr\/wp-json\/wp\/v2\/types\/product"}],"wp:featuredmedia":[{"embeddable":true,"href":"https:\/\/lumart.fr\/fr\/wp-json\/wp\/v2\/media\/11092"}],"wp:attachment":[{"href":"https:\/\/lumart.fr\/fr\/wp-json\/wp\/v2\/media?parent=5860"}],"wp:term":[{"taxonomy":"product_cat","embeddable":true,"href":"https:\/\/lumart.fr\/fr\/wp-json\/wp\/v2\/product_cat?post=5860"},{"taxonomy":"product_tag","embeddable":true,"href":"https:\/\/lumart.fr\/fr\/wp-json\/wp\/v2\/product_tag?post=5860"}],"curies":[{"name":"wp","href":"https:\/\/api.w.org\/{rel}","templated":true}]}}