{"id":5855,"date":"2017-12-18T14:31:51","date_gmt":"2017-12-18T14:31:51","guid":{"rendered":"https:\/\/lumart.fr\/les-collections\/non%20class\u00e9\/1805-applique-3304\/"},"modified":"2023-06-19T14:40:30","modified_gmt":"2023-06-19T12:40:30","slug":"1805-applique-3304","status":"publish","type":"product","link":"https:\/\/lumart.fr\/fr\/les-collections\/interieur\/appliques\/1805-applique-3304\/","title":{"rendered":"1805 - Applique"},"content":{"rendered":"<p>L&rsquo;applique 1805 se joue de la lumi\u00e8re, elle r\u00e9 interpr\u00e8te le jeu des chandelles qui, au XVIII\u00e8me si\u00e8cle, se refl\u00e9taient dans le miroir devant lequel elles \u00e9taient plac\u00e9es. Une applique qui trouvera sa place aussi bien dans un univers contemporain que dans un int\u00e9rieur classique.<\/p>\n","protected":false},"excerpt":{"rendered":"<p>L&rsquo;applique 1805 se joue de la lumi\u00e8re, elle r\u00e9 interpr\u00e8te le jeu des chandelles qui, au XVIII\u00e8me si\u00e8cle, se refl\u00e9taient dans le miroir devant lequel elles \u00e9taient plac\u00e9es. Une applique qui trouvera sa place aussi bien dans un univers contemporain que dans un int\u00e9rieur classique.<\/p>\n","protected":false},"featured_media":11110,"template":"","meta":[],"product_cat":[229],"product_tag":[],"acf":[],"yoast_head":"<!-- This site is optimized with the Yoast SEO plugin v17.8 - https:\/\/yoast.com\/wordpress\/plugins\/seo\/ -->\n<meta name=\"robots\" content=\"index, follow, max-snippet:-1, max-image-preview:large, max-video-preview:-1\" \/>\n<link rel=\"canonical\" href=\"https:\/\/lumart.fr\/fr\/les-collections\/interieur\/appliques\/1805-applique-3304\/\" \/>\n<meta property=\"og:locale\" content=\"fr_FR\" \/>\n<meta property=\"og:type\" content=\"article\" \/>\n<meta property=\"og:title\" content=\"1805 Applique (3304) - Lum&#039;art\" \/>\n<meta property=\"og:description\" content=\"L&rsquo;applique 1805 se joue de la lumi\u00e8re, elle r\u00e9 interpr\u00e8te le jeu des chandelles qui, au XVIII\u00e8me si\u00e8cle, se refl\u00e9taient dans le miroir devant lequel elles \u00e9taient plac\u00e9es. Une applique qui trouvera sa place aussi bien dans un univers contemporain que dans un int\u00e9rieur classique.\" \/>\n<meta property=\"og:url\" content=\"https:\/\/lumart.fr\/fr\/les-collections\/interieur\/appliques\/1805-applique-3304\/\" \/>\n<meta property=\"og:site_name\" content=\"Lum&#039;art\" \/>\n<meta property=\"article:publisher\" content=\"https:\/\/www.facebook.com\/LumArt-1543826629180391\/\" \/>\n<meta property=\"article:modified_time\" content=\"2023-06-19T12:40:30+00:00\" \/>\n<meta property=\"og:image\" content=\"https:\/\/lumart.fr\/wp-content\/uploads\/2017\/12\/3304-Applique-1805-LP-CDF-Lumart-BD2.jpg\" \/>\n\t<meta property=\"og:image:width\" content=\"1984\" \/>\n\t<meta property=\"og:image:height\" content=\"1323\" \/>\n<meta name=\"twitter:card\" content=\"summary\" \/>\n<script type=\"application\/ld+json\" class=\"yoast-schema-graph\">{\"@context\":\"https:\/\/schema.org\",\"@graph\":[{\"@type\":\"WebSite\",\"@id\":\"https:\/\/lumart.fr\/fr\/#website\",\"url\":\"https:\/\/lumart.fr\/fr\/\",\"name\":\"Lum'art\",\"description\":\"\",\"potentialAction\":[{\"@type\":\"SearchAction\",\"target\":{\"@type\":\"EntryPoint\",\"urlTemplate\":\"https:\/\/lumart.fr\/fr\/?s={search_term_string}\"},\"query-input\":\"required name=search_term_string\"}],\"inLanguage\":\"fr-FR\"},{\"@type\":\"ImageObject\",\"@id\":\"https:\/\/lumart.fr\/fr\/les-collections\/interieur\/appliques\/1805-applique-3304\/#primaryimage\",\"inLanguage\":\"fr-FR\",\"url\":\"\/wp-content\/uploads\/2017\/12\/3304-Applique-1805-LP-CDF-Lumart-BD2.jpg\",\"contentUrl\":\"\/wp-content\/uploads\/2017\/12\/3304-Applique-1805-LP-CDF-Lumart-BD2.jpg\",\"width\":1984,\"height\":1323,\"caption\":\"Applique 1805 - Finition laiton poli et canon de fusil\"},{\"@type\":\"WebPage\",\"@id\":\"https:\/\/lumart.fr\/fr\/les-collections\/interieur\/appliques\/1805-applique-3304\/#webpage\",\"url\":\"https:\/\/lumart.fr\/fr\/les-collections\/interieur\/appliques\/1805-applique-3304\/\",\"name\":\"1805 Applique (3304) - Lum&#039;art\",\"isPartOf\":{\"@id\":\"https:\/\/lumart.fr\/fr\/#website\"},\"primaryImageOfPage\":{\"@id\":\"https:\/\/lumart.fr\/fr\/les-collections\/interieur\/appliques\/1805-applique-3304\/#primaryimage\"},\"datePublished\":\"2017-12-18T14:31:51+00:00\",\"dateModified\":\"2023-06-19T12:40:30+00:00\",\"breadcrumb\":{\"@id\":\"https:\/\/lumart.fr\/fr\/les-collections\/interieur\/appliques\/1805-applique-3304\/#breadcrumb\"},\"inLanguage\":\"fr-FR\",\"potentialAction\":[{\"@type\":\"ReadAction\",\"target\":[\"https:\/\/lumart.fr\/fr\/les-collections\/interieur\/appliques\/1805-applique-3304\/\"]}]},{\"@type\":\"BreadcrumbList\",\"@id\":\"https:\/\/lumart.fr\/fr\/les-collections\/interieur\/appliques\/1805-applique-3304\/#breadcrumb\",\"itemListElement\":[{\"@type\":\"ListItem\",\"position\":1,\"name\":\"Home\",\"item\":\"https:\/\/lumart.fr\/fr\/\"},{\"@type\":\"ListItem\",\"position\":2,\"name\":\"Les Collections\",\"item\":\"https:\/\/lumart.fr\/fr\/les-collections\/\"},{\"@type\":\"ListItem\",\"position\":3,\"name\":\"1805 - Applique\"}]}]}<\/script>\n<!-- \/ Yoast SEO plugin. -->","yoast_head_json":{"robots":{"index":"index","follow":"follow","max-snippet":"max-snippet:-1","max-image-preview":"max-image-preview:large","max-video-preview":"max-video-preview:-1"},"canonical":"https:\/\/lumart.fr\/fr\/les-collections\/interieur\/appliques\/1805-applique-3304\/","og_locale":"fr_FR","og_type":"article","og_title":"1805 Applique (3304) - Lum&#039;art","og_description":"L&rsquo;applique 1805 se joue de la lumi\u00e8re, elle r\u00e9 interpr\u00e8te le jeu des chandelles qui, au XVIII\u00e8me si\u00e8cle, se refl\u00e9taient dans le miroir devant lequel elles \u00e9taient plac\u00e9es. Une applique qui trouvera sa place aussi bien dans un univers contemporain que dans un int\u00e9rieur classique.","og_url":"https:\/\/lumart.fr\/fr\/les-collections\/interieur\/appliques\/1805-applique-3304\/","og_site_name":"Lum&#039;art","article_publisher":"https:\/\/www.facebook.com\/LumArt-1543826629180391\/","article_modified_time":"2023-06-19T12:40:30+00:00","og_image":[{"width":1984,"height":1323,"url":"https:\/\/lumart.fr\/wp-content\/uploads\/2017\/12\/3304-Applique-1805-LP-CDF-Lumart-BD2.jpg","type":"image\/jpeg"}],"twitter_card":"summary","schema":{"@context":"https:\/\/schema.org","@graph":[{"@type":"WebSite","@id":"https:\/\/lumart.fr\/fr\/#website","url":"https:\/\/lumart.fr\/fr\/","name":"Lum'art","description":"","potentialAction":[{"@type":"SearchAction","target":{"@type":"EntryPoint","urlTemplate":"https:\/\/lumart.fr\/fr\/?s={search_term_string}"},"query-input":"required name=search_term_string"}],"inLanguage":"fr-FR"},{"@type":"ImageObject","@id":"https:\/\/lumart.fr\/fr\/les-collections\/interieur\/appliques\/1805-applique-3304\/#primaryimage","inLanguage":"fr-FR","url":"\/wp-content\/uploads\/2017\/12\/3304-Applique-1805-LP-CDF-Lumart-BD2.jpg","contentUrl":"\/wp-content\/uploads\/2017\/12\/3304-Applique-1805-LP-CDF-Lumart-BD2.jpg","width":1984,"height":1323,"caption":"Applique 1805 - Finition laiton poli et canon de fusil"},{"@type":"WebPage","@id":"https:\/\/lumart.fr\/fr\/les-collections\/interieur\/appliques\/1805-applique-3304\/#webpage","url":"https:\/\/lumart.fr\/fr\/les-collections\/interieur\/appliques\/1805-applique-3304\/","name":"1805 Applique (3304) - Lum&#039;art","isPartOf":{"@id":"https:\/\/lumart.fr\/fr\/#website"},"primaryImageOfPage":{"@id":"https:\/\/lumart.fr\/fr\/les-collections\/interieur\/appliques\/1805-applique-3304\/#primaryimage"},"datePublished":"2017-12-18T14:31:51+00:00","dateModified":"2023-06-19T12:40:30+00:00","breadcrumb":{"@id":"https:\/\/lumart.fr\/fr\/les-collections\/interieur\/appliques\/1805-applique-3304\/#breadcrumb"},"inLanguage":"fr-FR","potentialAction":[{"@type":"ReadAction","target":["https:\/\/lumart.fr\/fr\/les-collections\/interieur\/appliques\/1805-applique-3304\/"]}]},{"@type":"BreadcrumbList","@id":"https:\/\/lumart.fr\/fr\/les-collections\/interieur\/appliques\/1805-applique-3304\/#breadcrumb","itemListElement":[{"@type":"ListItem","position":1,"name":"Home","item":"https:\/\/lumart.fr\/fr\/"},{"@type":"ListItem","position":2,"name":"Les Collections","item":"https:\/\/lumart.fr\/fr\/les-collections\/"},{"@type":"ListItem","position":3,"name":"1805 - Applique"}]}]}},"_links":{"self":[{"href":"https:\/\/lumart.fr\/fr\/wp-json\/wp\/v2\/product\/5855"}],"collection":[{"href":"https:\/\/lumart.fr\/fr\/wp-json\/wp\/v2\/product"}],"about":[{"href":"https:\/\/lumart.fr\/fr\/wp-json\/wp\/v2\/types\/product"}],"wp:featuredmedia":[{"embeddable":true,"href":"https:\/\/lumart.fr\/fr\/wp-json\/wp\/v2\/media\/11110"}],"wp:attachment":[{"href":"https:\/\/lumart.fr\/fr\/wp-json\/wp\/v2\/media?parent=5855"}],"wp:term":[{"taxonomy":"product_cat","embeddable":true,"href":"https:\/\/lumart.fr\/fr\/wp-json\/wp\/v2\/product_cat?post=5855"},{"taxonomy":"product_tag","embeddable":true,"href":"https:\/\/lumart.fr\/fr\/wp-json\/wp\/v2\/product_tag?post=5855"}],"curies":[{"name":"wp","href":"https:\/\/api.w.org\/{rel}","templated":true}]}}