{"id":13373,"date":"2025-03-06T10:55:20","date_gmt":"2025-03-06T09:55:20","guid":{"rendered":"https:\/\/lumart.fr\/?post_type=product&#038;p=13373"},"modified":"2025-03-06T10:55:21","modified_gmt":"2025-03-06T09:55:21","slug":"belle-ile-lustre-5196-21","status":"publish","type":"product","link":"https:\/\/lumart.fr\/fr\/les-collections\/interieur\/lustres\/belle-ile-lustre-5196-21\/","title":{"rendered":"Belle Ile - Lustre"},"content":{"rendered":"<p>La collection Belle-Ile se d\u00e9cline en lustre et applique. Assur\u00e9ment l&rsquo;un des plus grands de notre catalogue, le lustre Belle-Ile joue la subtilit\u00e9 des lignes avec ses d\u00e9sormais 21 lumi\u00e8res sur 3 \u00e9tages (12+6+3) qui sont comme suspendues. Sobre et \u00e9l\u00e9gant, il est possible de le jouer dans tous les types d&rsquo;int\u00e9rieurs si l&rsquo;espace est l\u00e0 et le laisse respirer ! A associer avec l&rsquo;applique 2 lumi\u00e8res et ses deux bras pivotants qui viendra se loger dans les plus petits espaces.<\/p>\n","protected":false},"excerpt":{"rendered":"<p>La collection Belle-Ile se d\u00e9cline en lustre et applique. Assur\u00e9ment l&rsquo;un des plus grands de notre catalogue, le lustre Belle-Ile joue la subtilit\u00e9 des lignes avec ses d\u00e9sormais 21 lumi\u00e8res sur 3 \u00e9tages (12+6+3) qui sont comme suspendues. Sobre et \u00e9l\u00e9gant, il est possible de le jouer dans tous les types d&rsquo;int\u00e9rieurs si l&rsquo;espace est l\u00e0 et le laisse respirer <a href=\"https:\/\/lumart.fr\/fr\/les-collections\/interieur\/lustres\/belle-ile-lustre-5196-21\/\" class=\"more\">[ &hellip; ]<\/a><\/p>\n","protected":false},"featured_media":13378,"template":"","meta":[],"product_cat":[232],"product_tag":[],"acf":[],"yoast_head":"<!-- This site is optimized with the Yoast SEO plugin v17.8 - https:\/\/yoast.com\/wordpress\/plugins\/seo\/ -->\n<meta name=\"description\" content=\"Ce lustre Belle Ile en laiton est sur 3 \u00e9tages : 12 lumi\u00e8res 6 lumi\u00e8res et 3 lumi\u00e8res. Son design \u00e9pur\u00e9, et sa belle hauteur habilleront \u00e9l\u00e9gamment vos grandes hauteurs sous plafond\" \/>\n<meta name=\"robots\" content=\"index, follow, max-snippet:-1, max-image-preview:large, max-video-preview:-1\" \/>\n<link rel=\"canonical\" href=\"https:\/\/lumart.fr\/fr\/les-collections\/interieur\/lustres\/belle-ile-lustre-5196-21\/\" \/>\n<meta property=\"og:locale\" content=\"fr_FR\" \/>\n<meta property=\"og:type\" content=\"article\" \/>\n<meta property=\"og:title\" content=\"Belle Ile Lustre (5196\/21) - Lum&#039;art\" \/>\n<meta property=\"og:description\" content=\"Ce lustre Belle Ile en laiton est sur 3 \u00e9tages : 12 lumi\u00e8res 6 lumi\u00e8res et 3 lumi\u00e8res. Son design \u00e9pur\u00e9, et sa belle hauteur habilleront \u00e9l\u00e9gamment vos grandes hauteurs sous plafond\" \/>\n<meta property=\"og:url\" content=\"https:\/\/lumart.fr\/fr\/les-collections\/interieur\/lustres\/belle-ile-lustre-5196-21\/\" \/>\n<meta property=\"og:site_name\" content=\"Lum&#039;art\" \/>\n<meta property=\"article:publisher\" content=\"https:\/\/www.facebook.com\/LumArt-1543826629180391\/\" \/>\n<meta property=\"article:modified_time\" content=\"2025-03-06T09:55:21+00:00\" \/>\n<meta property=\"og:image\" content=\"https:\/\/lumart.fr\/wp-content\/uploads\/2025\/03\/Belle-Ile-21-lumieres-917x1024.jpg\" \/>\n\t<meta property=\"og:image:width\" content=\"917\" \/>\n\t<meta property=\"og:image:height\" content=\"1024\" \/>\n<meta name=\"twitter:card\" content=\"summary\" \/>\n<script type=\"application\/ld+json\" class=\"yoast-schema-graph\">{\"@context\":\"https:\/\/schema.org\",\"@graph\":[{\"@type\":\"WebSite\",\"@id\":\"https:\/\/lumart.fr\/fr\/#website\",\"url\":\"https:\/\/lumart.fr\/fr\/\",\"name\":\"Lum'art\",\"description\":\"\",\"potentialAction\":[{\"@type\":\"SearchAction\",\"target\":{\"@type\":\"EntryPoint\",\"urlTemplate\":\"https:\/\/lumart.fr\/fr\/?s={search_term_string}\"},\"query-input\":\"required name=search_term_string\"}],\"inLanguage\":\"fr-FR\"},{\"@type\":\"ImageObject\",\"@id\":\"https:\/\/lumart.fr\/fr\/les-collections\/interieur\/lustres\/belle-ile-lustre-5196-21\/#primaryimage\",\"inLanguage\":\"fr-FR\",\"url\":\"\/wp-content\/uploads\/2025\/03\/Belle-Ile-21-lumieres-scaled.jpg\",\"contentUrl\":\"\/wp-content\/uploads\/2025\/03\/Belle-Ile-21-lumieres-scaled.jpg\",\"width\":2292,\"height\":2560,\"caption\":\"Lustre Lum'Art Belle Ile 21 lumi\\u00e8res (12+6+3) en Canon de Fusil\"},{\"@type\":\"WebPage\",\"@id\":\"https:\/\/lumart.fr\/fr\/les-collections\/interieur\/lustres\/belle-ile-lustre-5196-21\/#webpage\",\"url\":\"https:\/\/lumart.fr\/fr\/les-collections\/interieur\/lustres\/belle-ile-lustre-5196-21\/\",\"name\":\"Belle Ile Lustre (5196\/21) - Lum&#039;art\",\"isPartOf\":{\"@id\":\"https:\/\/lumart.fr\/fr\/#website\"},\"primaryImageOfPage\":{\"@id\":\"https:\/\/lumart.fr\/fr\/les-collections\/interieur\/lustres\/belle-ile-lustre-5196-21\/#primaryimage\"},\"datePublished\":\"2025-03-06T09:55:20+00:00\",\"dateModified\":\"2025-03-06T09:55:21+00:00\",\"description\":\"Ce lustre Belle Ile en laiton est sur 3 \\u00e9tages : 12 lumi\\u00e8res 6 lumi\\u00e8res et 3 lumi\\u00e8res. Son design \\u00e9pur\\u00e9, et sa belle hauteur habilleront \\u00e9l\\u00e9gamment vos grandes hauteurs sous plafond\",\"breadcrumb\":{\"@id\":\"https:\/\/lumart.fr\/fr\/les-collections\/interieur\/lustres\/belle-ile-lustre-5196-21\/#breadcrumb\"},\"inLanguage\":\"fr-FR\",\"potentialAction\":[{\"@type\":\"ReadAction\",\"target\":[\"https:\/\/lumart.fr\/fr\/les-collections\/interieur\/lustres\/belle-ile-lustre-5196-21\/\"]}]},{\"@type\":\"BreadcrumbList\",\"@id\":\"https:\/\/lumart.fr\/fr\/les-collections\/interieur\/lustres\/belle-ile-lustre-5196-21\/#breadcrumb\",\"itemListElement\":[{\"@type\":\"ListItem\",\"position\":1,\"name\":\"Home\",\"item\":\"https:\/\/lumart.fr\/fr\/\"},{\"@type\":\"ListItem\",\"position\":2,\"name\":\"Les Collections\",\"item\":\"https:\/\/lumart.fr\/fr\/les-collections\/\"},{\"@type\":\"ListItem\",\"position\":3,\"name\":\"Belle Ile Lustre (5196\/21)\"}]}]}<\/script>\n<!-- \/ Yoast SEO plugin. -->","yoast_head_json":{"description":"Ce lustre Belle Ile en laiton est sur 3 \u00e9tages : 12 lumi\u00e8res 6 lumi\u00e8res et 3 lumi\u00e8res. Son design \u00e9pur\u00e9, et sa belle hauteur habilleront \u00e9l\u00e9gamment vos grandes hauteurs sous plafond","robots":{"index":"index","follow":"follow","max-snippet":"max-snippet:-1","max-image-preview":"max-image-preview:large","max-video-preview":"max-video-preview:-1"},"canonical":"https:\/\/lumart.fr\/fr\/les-collections\/interieur\/lustres\/belle-ile-lustre-5196-21\/","og_locale":"fr_FR","og_type":"article","og_title":"Belle Ile Lustre (5196\/21) - Lum&#039;art","og_description":"Ce lustre Belle Ile en laiton est sur 3 \u00e9tages : 12 lumi\u00e8res 6 lumi\u00e8res et 3 lumi\u00e8res. Son design \u00e9pur\u00e9, et sa belle hauteur habilleront \u00e9l\u00e9gamment vos grandes hauteurs sous plafond","og_url":"https:\/\/lumart.fr\/fr\/les-collections\/interieur\/lustres\/belle-ile-lustre-5196-21\/","og_site_name":"Lum&#039;art","article_publisher":"https:\/\/www.facebook.com\/LumArt-1543826629180391\/","article_modified_time":"2025-03-06T09:55:21+00:00","og_image":[{"width":917,"height":1024,"url":"https:\/\/lumart.fr\/wp-content\/uploads\/2025\/03\/Belle-Ile-21-lumieres-917x1024.jpg","type":"image\/jpeg"}],"twitter_card":"summary","schema":{"@context":"https:\/\/schema.org","@graph":[{"@type":"WebSite","@id":"https:\/\/lumart.fr\/fr\/#website","url":"https:\/\/lumart.fr\/fr\/","name":"Lum'art","description":"","potentialAction":[{"@type":"SearchAction","target":{"@type":"EntryPoint","urlTemplate":"https:\/\/lumart.fr\/fr\/?s={search_term_string}"},"query-input":"required name=search_term_string"}],"inLanguage":"fr-FR"},{"@type":"ImageObject","@id":"https:\/\/lumart.fr\/fr\/les-collections\/interieur\/lustres\/belle-ile-lustre-5196-21\/#primaryimage","inLanguage":"fr-FR","url":"\/wp-content\/uploads\/2025\/03\/Belle-Ile-21-lumieres-scaled.jpg","contentUrl":"\/wp-content\/uploads\/2025\/03\/Belle-Ile-21-lumieres-scaled.jpg","width":2292,"height":2560,"caption":"Lustre Lum'Art Belle Ile 21 lumi\u00e8res (12+6+3) en Canon de Fusil"},{"@type":"WebPage","@id":"https:\/\/lumart.fr\/fr\/les-collections\/interieur\/lustres\/belle-ile-lustre-5196-21\/#webpage","url":"https:\/\/lumart.fr\/fr\/les-collections\/interieur\/lustres\/belle-ile-lustre-5196-21\/","name":"Belle Ile Lustre (5196\/21) - Lum&#039;art","isPartOf":{"@id":"https:\/\/lumart.fr\/fr\/#website"},"primaryImageOfPage":{"@id":"https:\/\/lumart.fr\/fr\/les-collections\/interieur\/lustres\/belle-ile-lustre-5196-21\/#primaryimage"},"datePublished":"2025-03-06T09:55:20+00:00","dateModified":"2025-03-06T09:55:21+00:00","description":"Ce lustre Belle Ile en laiton est sur 3 \u00e9tages : 12 lumi\u00e8res 6 lumi\u00e8res et 3 lumi\u00e8res. Son design \u00e9pur\u00e9, et sa belle hauteur habilleront \u00e9l\u00e9gamment vos grandes hauteurs sous plafond","breadcrumb":{"@id":"https:\/\/lumart.fr\/fr\/les-collections\/interieur\/lustres\/belle-ile-lustre-5196-21\/#breadcrumb"},"inLanguage":"fr-FR","potentialAction":[{"@type":"ReadAction","target":["https:\/\/lumart.fr\/fr\/les-collections\/interieur\/lustres\/belle-ile-lustre-5196-21\/"]}]},{"@type":"BreadcrumbList","@id":"https:\/\/lumart.fr\/fr\/les-collections\/interieur\/lustres\/belle-ile-lustre-5196-21\/#breadcrumb","itemListElement":[{"@type":"ListItem","position":1,"name":"Home","item":"https:\/\/lumart.fr\/fr\/"},{"@type":"ListItem","position":2,"name":"Les Collections","item":"https:\/\/lumart.fr\/fr\/les-collections\/"},{"@type":"ListItem","position":3,"name":"Belle Ile Lustre (5196\/21)"}]}]}},"_links":{"self":[{"href":"https:\/\/lumart.fr\/fr\/wp-json\/wp\/v2\/product\/13373"}],"collection":[{"href":"https:\/\/lumart.fr\/fr\/wp-json\/wp\/v2\/product"}],"about":[{"href":"https:\/\/lumart.fr\/fr\/wp-json\/wp\/v2\/types\/product"}],"wp:featuredmedia":[{"embeddable":true,"href":"https:\/\/lumart.fr\/fr\/wp-json\/wp\/v2\/media\/13378"}],"wp:attachment":[{"href":"https:\/\/lumart.fr\/fr\/wp-json\/wp\/v2\/media?parent=13373"}],"wp:term":[{"taxonomy":"product_cat","embeddable":true,"href":"https:\/\/lumart.fr\/fr\/wp-json\/wp\/v2\/product_cat?post=13373"},{"taxonomy":"product_tag","embeddable":true,"href":"https:\/\/lumart.fr\/fr\/wp-json\/wp\/v2\/product_tag?post=13373"}],"curies":[{"name":"wp","href":"https:\/\/api.w.org\/{rel}","templated":true}]}}