{"id":13189,"date":"2023-07-12T12:11:19","date_gmt":"2023-07-12T10:11:19","guid":{"rendered":"https:\/\/lumart.fr\/?post_type=product&#038;p=13189"},"modified":"2024-02-29T11:10:36","modified_gmt":"2024-02-29T10:10:36","slug":"combloux-spot-gm-7771-3","status":"publish","type":"product","link":"https:\/\/lumart.fr\/fr\/les-collections\/interieur\/spots\/combloux-spot-gm-7771-3\/","title":{"rendered":"Combloux - Spot GM"},"content":{"rendered":"<p>Le plus petit spot de nos collections. Totalement orientable, on le joue en solo ou en duo pour un \u00e9clairage discret, \u00e0 nicher dans une charpente par exemple.<\/p>\n","protected":false},"excerpt":{"rendered":"<p>Le plus petit spot de nos collections. Totalement orientable, on le joue en solo ou en duo pour un \u00e9clairage discret, \u00e0 nicher dans une charpente par exemple. <a href=\"https:\/\/lumart.fr\/fr\/les-collections\/interieur\/spots\/combloux-spot-gm-7771-3\/\" class=\"more\">[ &hellip; ]<\/a><\/p>\n","protected":false},"featured_media":0,"template":"","meta":[],"product_cat":[240],"product_tag":[],"acf":[],"yoast_head":"<!-- This site is optimized with the Yoast SEO plugin v17.8 - https:\/\/yoast.com\/wordpress\/plugins\/seo\/ -->\n<meta name=\"description\" content=\"Le spot Combloux 3 GM, r\u00e9f\u00e9rence 7771\/3, de Lum&#039;Art est fabriqu\u00e9 \u00e0 la main dans nos ateliers du Perche de fa\u00e7on artisanale, en laiton massif ou en laiton et zinc massif. Le plus petit spot de nos collections. Totalement orientable, on le joue en solo ou en duo pour un \u00e9clairage discret, \u00e0 nicher dans une charpente par exemple.\" \/>\n<meta name=\"robots\" content=\"index, follow, max-snippet:-1, max-image-preview:large, max-video-preview:-1\" \/>\n<link rel=\"canonical\" href=\"https:\/\/lumart.fr\/fr\/les-collections\/interieur\/spots\/combloux-spot-gm-7771-3\/\" \/>\n<meta property=\"og:locale\" content=\"fr_FR\" \/>\n<meta property=\"og:type\" content=\"article\" \/>\n<meta property=\"og:title\" content=\"Combloux Spot GM (7771\/3) - Lum&#039;art\" \/>\n<meta property=\"og:description\" content=\"Le spot Combloux 3 GM, r\u00e9f\u00e9rence 7771\/3, de Lum&#039;Art est fabriqu\u00e9 \u00e0 la main dans nos ateliers du Perche de fa\u00e7on artisanale, en laiton massif ou en laiton et zinc massif. Le plus petit spot de nos collections. Totalement orientable, on le joue en solo ou en duo pour un \u00e9clairage discret, \u00e0 nicher dans une charpente par exemple.\" \/>\n<meta property=\"og:url\" content=\"https:\/\/lumart.fr\/fr\/les-collections\/interieur\/spots\/combloux-spot-gm-7771-3\/\" \/>\n<meta property=\"og:site_name\" content=\"Lum&#039;art\" \/>\n<meta property=\"article:publisher\" content=\"https:\/\/www.facebook.com\/LumArt-1543826629180391\/\" \/>\n<meta property=\"article:modified_time\" content=\"2024-02-29T10:10:36+00:00\" \/>\n<meta name=\"twitter:card\" content=\"summary\" \/>\n<script type=\"application\/ld+json\" class=\"yoast-schema-graph\">{\"@context\":\"https:\/\/schema.org\",\"@graph\":[{\"@type\":\"WebSite\",\"@id\":\"https:\/\/lumart.fr\/fr\/#website\",\"url\":\"https:\/\/lumart.fr\/fr\/\",\"name\":\"Lum'art\",\"description\":\"\",\"potentialAction\":[{\"@type\":\"SearchAction\",\"target\":{\"@type\":\"EntryPoint\",\"urlTemplate\":\"https:\/\/lumart.fr\/fr\/?s={search_term_string}\"},\"query-input\":\"required name=search_term_string\"}],\"inLanguage\":\"fr-FR\"},{\"@type\":\"WebPage\",\"@id\":\"https:\/\/lumart.fr\/fr\/les-collections\/interieur\/spots\/combloux-spot-gm-7771-3\/#webpage\",\"url\":\"https:\/\/lumart.fr\/fr\/les-collections\/interieur\/spots\/combloux-spot-gm-7771-3\/\",\"name\":\"Combloux Spot GM (7771\/3) - Lum&#039;art\",\"isPartOf\":{\"@id\":\"https:\/\/lumart.fr\/fr\/#website\"},\"datePublished\":\"2023-07-12T10:11:19+00:00\",\"dateModified\":\"2024-02-29T10:10:36+00:00\",\"description\":\"Le spot Combloux 3 GM, r\\u00e9f\\u00e9rence 7771\/3, de Lum'Art est fabriqu\\u00e9 \\u00e0 la main dans nos ateliers du Perche de fa\\u00e7on artisanale, en laiton massif ou en laiton et zinc massif. Le plus petit spot de nos collections. Totalement orientable, on le joue en solo ou en duo pour un \\u00e9clairage discret, \\u00e0 nicher dans une charpente par exemple.\",\"breadcrumb\":{\"@id\":\"https:\/\/lumart.fr\/fr\/les-collections\/interieur\/spots\/combloux-spot-gm-7771-3\/#breadcrumb\"},\"inLanguage\":\"fr-FR\",\"potentialAction\":[{\"@type\":\"ReadAction\",\"target\":[\"https:\/\/lumart.fr\/fr\/les-collections\/interieur\/spots\/combloux-spot-gm-7771-3\/\"]}]},{\"@type\":\"BreadcrumbList\",\"@id\":\"https:\/\/lumart.fr\/fr\/les-collections\/interieur\/spots\/combloux-spot-gm-7771-3\/#breadcrumb\",\"itemListElement\":[{\"@type\":\"ListItem\",\"position\":1,\"name\":\"Home\",\"item\":\"https:\/\/lumart.fr\/fr\/\"},{\"@type\":\"ListItem\",\"position\":2,\"name\":\"Les Collections\",\"item\":\"https:\/\/lumart.fr\/fr\/les-collections\/\"},{\"@type\":\"ListItem\",\"position\":3,\"name\":\"Combloux Spot GM (7771\/3)\"}]}]}<\/script>\n<!-- \/ Yoast SEO plugin. -->","yoast_head_json":{"description":"Le spot Combloux 3 GM, r\u00e9f\u00e9rence 7771\/3, de Lum'Art est fabriqu\u00e9 \u00e0 la main dans nos ateliers du Perche de fa\u00e7on artisanale, en laiton massif ou en laiton et zinc massif. Le plus petit spot de nos collections. Totalement orientable, on le joue en solo ou en duo pour un \u00e9clairage discret, \u00e0 nicher dans une charpente par exemple.","robots":{"index":"index","follow":"follow","max-snippet":"max-snippet:-1","max-image-preview":"max-image-preview:large","max-video-preview":"max-video-preview:-1"},"canonical":"https:\/\/lumart.fr\/fr\/les-collections\/interieur\/spots\/combloux-spot-gm-7771-3\/","og_locale":"fr_FR","og_type":"article","og_title":"Combloux Spot GM (7771\/3) - Lum&#039;art","og_description":"Le spot Combloux 3 GM, r\u00e9f\u00e9rence 7771\/3, de Lum'Art est fabriqu\u00e9 \u00e0 la main dans nos ateliers du Perche de fa\u00e7on artisanale, en laiton massif ou en laiton et zinc massif. Le plus petit spot de nos collections. Totalement orientable, on le joue en solo ou en duo pour un \u00e9clairage discret, \u00e0 nicher dans une charpente par exemple.","og_url":"https:\/\/lumart.fr\/fr\/les-collections\/interieur\/spots\/combloux-spot-gm-7771-3\/","og_site_name":"Lum&#039;art","article_publisher":"https:\/\/www.facebook.com\/LumArt-1543826629180391\/","article_modified_time":"2024-02-29T10:10:36+00:00","twitter_card":"summary","schema":{"@context":"https:\/\/schema.org","@graph":[{"@type":"WebSite","@id":"https:\/\/lumart.fr\/fr\/#website","url":"https:\/\/lumart.fr\/fr\/","name":"Lum'art","description":"","potentialAction":[{"@type":"SearchAction","target":{"@type":"EntryPoint","urlTemplate":"https:\/\/lumart.fr\/fr\/?s={search_term_string}"},"query-input":"required name=search_term_string"}],"inLanguage":"fr-FR"},{"@type":"WebPage","@id":"https:\/\/lumart.fr\/fr\/les-collections\/interieur\/spots\/combloux-spot-gm-7771-3\/#webpage","url":"https:\/\/lumart.fr\/fr\/les-collections\/interieur\/spots\/combloux-spot-gm-7771-3\/","name":"Combloux Spot GM (7771\/3) - Lum&#039;art","isPartOf":{"@id":"https:\/\/lumart.fr\/fr\/#website"},"datePublished":"2023-07-12T10:11:19+00:00","dateModified":"2024-02-29T10:10:36+00:00","description":"Le spot Combloux 3 GM, r\u00e9f\u00e9rence 7771\/3, de Lum'Art est fabriqu\u00e9 \u00e0 la main dans nos ateliers du Perche de fa\u00e7on artisanale, en laiton massif ou en laiton et zinc massif. Le plus petit spot de nos collections. Totalement orientable, on le joue en solo ou en duo pour un \u00e9clairage discret, \u00e0 nicher dans une charpente par exemple.","breadcrumb":{"@id":"https:\/\/lumart.fr\/fr\/les-collections\/interieur\/spots\/combloux-spot-gm-7771-3\/#breadcrumb"},"inLanguage":"fr-FR","potentialAction":[{"@type":"ReadAction","target":["https:\/\/lumart.fr\/fr\/les-collections\/interieur\/spots\/combloux-spot-gm-7771-3\/"]}]},{"@type":"BreadcrumbList","@id":"https:\/\/lumart.fr\/fr\/les-collections\/interieur\/spots\/combloux-spot-gm-7771-3\/#breadcrumb","itemListElement":[{"@type":"ListItem","position":1,"name":"Home","item":"https:\/\/lumart.fr\/fr\/"},{"@type":"ListItem","position":2,"name":"Les Collections","item":"https:\/\/lumart.fr\/fr\/les-collections\/"},{"@type":"ListItem","position":3,"name":"Combloux Spot GM (7771\/3)"}]}]}},"_links":{"self":[{"href":"https:\/\/lumart.fr\/fr\/wp-json\/wp\/v2\/product\/13189"}],"collection":[{"href":"https:\/\/lumart.fr\/fr\/wp-json\/wp\/v2\/product"}],"about":[{"href":"https:\/\/lumart.fr\/fr\/wp-json\/wp\/v2\/types\/product"}],"wp:attachment":[{"href":"https:\/\/lumart.fr\/fr\/wp-json\/wp\/v2\/media?parent=13189"}],"wp:term":[{"taxonomy":"product_cat","embeddable":true,"href":"https:\/\/lumart.fr\/fr\/wp-json\/wp\/v2\/product_cat?post=13189"},{"taxonomy":"product_tag","embeddable":true,"href":"https:\/\/lumart.fr\/fr\/wp-json\/wp\/v2\/product_tag?post=13189"}],"curies":[{"name":"wp","href":"https:\/\/api.w.org\/{rel}","templated":true}]}}