{"id":12463,"date":"2023-04-21T15:28:10","date_gmt":"2023-04-21T13:28:10","guid":{"rendered":"https:\/\/lumart.fr\/?post_type=product&#038;p=12463"},"modified":"2023-04-21T15:28:30","modified_gmt":"2023-04-21T13:28:30","slug":"rivoli-lanterne-geante-1158-6","status":"publish","type":"product","link":"https:\/\/lumart.fr\/fr\/les-collections\/interieur\/lanternes-interieur\/rivoli-lanterne-geante-1158-6\/","title":{"rendered":"Rivoli - Lanterne G\u00e9ant"},"content":{"rendered":"<p>D\u2019inspiration XIX\u00e8me mais d\u2019une grande sobri\u00e9t\u00e9, la collection Rivoli convient id\u00e9alement aux entr\u00e9es de demeure, halls, galeries et couloirs. De forme hexagonale, seules les 6 boules en laiton qui retiennent la cage de la lanterne, viennent ponctuer la fluidit\u00e9 des lignes de ce grand classique.<\/p>\n<p>Cette lanterne est livr\u00e9e avec cha\u00eene et pavillon.<\/p>\n","protected":false},"excerpt":{"rendered":"<p>D\u2019inspiration XIX\u00e8me mais d\u2019une grande sobri\u00e9t\u00e9, la collection Rivoli convient id\u00e9alement aux entr\u00e9es de demeure, halls, galeries et couloirs. De forme hexagonale, seules les 6 boules en laiton qui retiennent la cage de la lanterne, viennent ponctuer la fluidit\u00e9 des lignes de ce grand classique.<\/p>\n<p>Cette lanterne est livr\u00e9e avec cha\u00eene et pavillon. <a href=\"https:\/\/lumart.fr\/fr\/les-collections\/interieur\/lanternes-interieur\/rivoli-lanterne-geante-1158-6\/\" class=\"more\">[ &hellip; ]<\/a><\/p>\n","protected":false},"featured_media":0,"template":"","meta":[],"product_cat":[241],"product_tag":[],"acf":[],"yoast_head":"<!-- This site is optimized with the Yoast SEO plugin v17.8 - https:\/\/yoast.com\/wordpress\/plugins\/seo\/ -->\n<meta name=\"robots\" content=\"index, follow, max-snippet:-1, max-image-preview:large, max-video-preview:-1\" \/>\n<link rel=\"canonical\" href=\"https:\/\/lumart.fr\/fr\/les-collections\/interieur\/lanternes-interieur\/rivoli-lanterne-geante-1158-6\/\" \/>\n<meta property=\"og:locale\" content=\"fr_FR\" \/>\n<meta property=\"og:type\" content=\"article\" \/>\n<meta property=\"og:title\" content=\"Rivoli lanterne g\u00e9ante (1158\/6) - Lum&#039;art\" \/>\n<meta property=\"og:description\" content=\"D\u2019inspiration XIX\u00e8me mais d\u2019une grande sobri\u00e9t\u00e9, la collection Rivoli convient id\u00e9alement aux entr\u00e9es de demeure, halls, galeries et couloirs. De forme hexagonale, seules les 6 boules en laiton qui retiennent la cage de la lanterne, viennent ponctuer la fluidit\u00e9 des lignes de ce grand classique.  Cette lanterne est livr\u00e9e avec cha\u00eene et pavillon. [ &hellip; ]\" \/>\n<meta property=\"og:url\" content=\"https:\/\/lumart.fr\/fr\/les-collections\/interieur\/lanternes-interieur\/rivoli-lanterne-geante-1158-6\/\" \/>\n<meta property=\"og:site_name\" content=\"Lum&#039;art\" \/>\n<meta property=\"article:publisher\" content=\"https:\/\/www.facebook.com\/LumArt-1543826629180391\/\" \/>\n<meta property=\"article:modified_time\" content=\"2023-04-21T13:28:30+00:00\" \/>\n<meta name=\"twitter:card\" content=\"summary\" \/>\n<script type=\"application\/ld+json\" class=\"yoast-schema-graph\">{\"@context\":\"https:\/\/schema.org\",\"@graph\":[{\"@type\":\"WebSite\",\"@id\":\"https:\/\/lumart.fr\/fr\/#website\",\"url\":\"https:\/\/lumart.fr\/fr\/\",\"name\":\"Lum'art\",\"description\":\"\",\"potentialAction\":[{\"@type\":\"SearchAction\",\"target\":{\"@type\":\"EntryPoint\",\"urlTemplate\":\"https:\/\/lumart.fr\/fr\/?s={search_term_string}\"},\"query-input\":\"required name=search_term_string\"}],\"inLanguage\":\"fr-FR\"},{\"@type\":\"WebPage\",\"@id\":\"https:\/\/lumart.fr\/fr\/les-collections\/interieur\/lanternes-interieur\/rivoli-lanterne-geante-1158-6\/#webpage\",\"url\":\"https:\/\/lumart.fr\/fr\/les-collections\/interieur\/lanternes-interieur\/rivoli-lanterne-geante-1158-6\/\",\"name\":\"Rivoli lanterne g\\u00e9ante (1158\/6) - Lum&#039;art\",\"isPartOf\":{\"@id\":\"https:\/\/lumart.fr\/fr\/#website\"},\"datePublished\":\"2023-04-21T13:28:10+00:00\",\"dateModified\":\"2023-04-21T13:28:30+00:00\",\"breadcrumb\":{\"@id\":\"https:\/\/lumart.fr\/fr\/les-collections\/interieur\/lanternes-interieur\/rivoli-lanterne-geante-1158-6\/#breadcrumb\"},\"inLanguage\":\"fr-FR\",\"potentialAction\":[{\"@type\":\"ReadAction\",\"target\":[\"https:\/\/lumart.fr\/fr\/les-collections\/interieur\/lanternes-interieur\/rivoli-lanterne-geante-1158-6\/\"]}]},{\"@type\":\"BreadcrumbList\",\"@id\":\"https:\/\/lumart.fr\/fr\/les-collections\/interieur\/lanternes-interieur\/rivoli-lanterne-geante-1158-6\/#breadcrumb\",\"itemListElement\":[{\"@type\":\"ListItem\",\"position\":1,\"name\":\"Home\",\"item\":\"https:\/\/lumart.fr\/fr\/\"},{\"@type\":\"ListItem\",\"position\":2,\"name\":\"Les Collections\",\"item\":\"https:\/\/lumart.fr\/fr\/les-collections\/\"},{\"@type\":\"ListItem\",\"position\":3,\"name\":\"Rivoli - Lanterne G\\u00e9ant\"}]}]}<\/script>\n<!-- \/ Yoast SEO plugin. -->","yoast_head_json":{"robots":{"index":"index","follow":"follow","max-snippet":"max-snippet:-1","max-image-preview":"max-image-preview:large","max-video-preview":"max-video-preview:-1"},"canonical":"https:\/\/lumart.fr\/fr\/les-collections\/interieur\/lanternes-interieur\/rivoli-lanterne-geante-1158-6\/","og_locale":"fr_FR","og_type":"article","og_title":"Rivoli lanterne g\u00e9ante (1158\/6) - Lum&#039;art","og_description":"D\u2019inspiration XIX\u00e8me mais d\u2019une grande sobri\u00e9t\u00e9, la collection Rivoli convient id\u00e9alement aux entr\u00e9es de demeure, halls, galeries et couloirs. De forme hexagonale, seules les 6 boules en laiton qui retiennent la cage de la lanterne, viennent ponctuer la fluidit\u00e9 des lignes de ce grand classique.  Cette lanterne est livr\u00e9e avec cha\u00eene et pavillon. [ &hellip; ]","og_url":"https:\/\/lumart.fr\/fr\/les-collections\/interieur\/lanternes-interieur\/rivoli-lanterne-geante-1158-6\/","og_site_name":"Lum&#039;art","article_publisher":"https:\/\/www.facebook.com\/LumArt-1543826629180391\/","article_modified_time":"2023-04-21T13:28:30+00:00","twitter_card":"summary","schema":{"@context":"https:\/\/schema.org","@graph":[{"@type":"WebSite","@id":"https:\/\/lumart.fr\/fr\/#website","url":"https:\/\/lumart.fr\/fr\/","name":"Lum'art","description":"","potentialAction":[{"@type":"SearchAction","target":{"@type":"EntryPoint","urlTemplate":"https:\/\/lumart.fr\/fr\/?s={search_term_string}"},"query-input":"required name=search_term_string"}],"inLanguage":"fr-FR"},{"@type":"WebPage","@id":"https:\/\/lumart.fr\/fr\/les-collections\/interieur\/lanternes-interieur\/rivoli-lanterne-geante-1158-6\/#webpage","url":"https:\/\/lumart.fr\/fr\/les-collections\/interieur\/lanternes-interieur\/rivoli-lanterne-geante-1158-6\/","name":"Rivoli lanterne g\u00e9ante (1158\/6) - Lum&#039;art","isPartOf":{"@id":"https:\/\/lumart.fr\/fr\/#website"},"datePublished":"2023-04-21T13:28:10+00:00","dateModified":"2023-04-21T13:28:30+00:00","breadcrumb":{"@id":"https:\/\/lumart.fr\/fr\/les-collections\/interieur\/lanternes-interieur\/rivoli-lanterne-geante-1158-6\/#breadcrumb"},"inLanguage":"fr-FR","potentialAction":[{"@type":"ReadAction","target":["https:\/\/lumart.fr\/fr\/les-collections\/interieur\/lanternes-interieur\/rivoli-lanterne-geante-1158-6\/"]}]},{"@type":"BreadcrumbList","@id":"https:\/\/lumart.fr\/fr\/les-collections\/interieur\/lanternes-interieur\/rivoli-lanterne-geante-1158-6\/#breadcrumb","itemListElement":[{"@type":"ListItem","position":1,"name":"Home","item":"https:\/\/lumart.fr\/fr\/"},{"@type":"ListItem","position":2,"name":"Les Collections","item":"https:\/\/lumart.fr\/fr\/les-collections\/"},{"@type":"ListItem","position":3,"name":"Rivoli - Lanterne G\u00e9ant"}]}]}},"_links":{"self":[{"href":"https:\/\/lumart.fr\/fr\/wp-json\/wp\/v2\/product\/12463"}],"collection":[{"href":"https:\/\/lumart.fr\/fr\/wp-json\/wp\/v2\/product"}],"about":[{"href":"https:\/\/lumart.fr\/fr\/wp-json\/wp\/v2\/types\/product"}],"wp:attachment":[{"href":"https:\/\/lumart.fr\/fr\/wp-json\/wp\/v2\/media?parent=12463"}],"wp:term":[{"taxonomy":"product_cat","embeddable":true,"href":"https:\/\/lumart.fr\/fr\/wp-json\/wp\/v2\/product_cat?post=12463"},{"taxonomy":"product_tag","embeddable":true,"href":"https:\/\/lumart.fr\/fr\/wp-json\/wp\/v2\/product_tag?post=12463"}],"curies":[{"name":"wp","href":"https:\/\/api.w.org\/{rel}","templated":true}]}}