{"id":12224,"date":"2023-03-27T15:03:46","date_gmt":"2023-03-27T13:03:46","guid":{"rendered":"https:\/\/lumart.fr\/?post_type=product&#038;p=12224"},"modified":"2023-06-14T17:44:34","modified_gmt":"2023-06-14T15:44:34","slug":"antana-lampadaire-7244","status":"publish","type":"product","link":"https:\/\/lumart.fr\/fr\/les-collections\/interieur\/lampadaires\/antana-lampadaire-7244\/","title":{"rendered":"Antana - Lampadaire"},"content":{"rendered":"<p>La rectitude des lignes de la collection Antana conf\u00e8re un esprit r\u00e9solument contemporain \u00e0 l\u2019ensemble des mod\u00e8les. Ce lampadaire se mariera parfaitement avec la lampe et le lustre de la m\u00eame collection.<\/p>\n","protected":false},"excerpt":{"rendered":"<p>La rectitude des lignes de la collection Antana conf\u00e8re un esprit r\u00e9solument contemporain \u00e0 l\u2019ensemble des mod\u00e8les. Ce lampadaire se mariera parfaitement avec la lampe et le lustre de la m\u00eame collection. <a href=\"https:\/\/lumart.fr\/fr\/les-collections\/interieur\/lampadaires\/antana-lampadaire-7244\/\" class=\"more\">[ &hellip; ]<\/a><\/p>\n","protected":false},"featured_media":12225,"template":"","meta":[],"product_cat":[237],"product_tag":[],"acf":[],"yoast_head":"<!-- This site is optimized with the Yoast SEO plugin v17.8 - https:\/\/yoast.com\/wordpress\/plugins\/seo\/ -->\n<meta name=\"description\" content=\"Lampadaire Lum&#039;Art Antana #7244 en laiton massif fait main artisanalement fabrication fran\u00e7aise made in france lignes carr\u00e9es design contemporain\" \/>\n<meta name=\"robots\" content=\"index, follow, max-snippet:-1, max-image-preview:large, max-video-preview:-1\" \/>\n<link rel=\"canonical\" href=\"https:\/\/lumart.fr\/fr\/les-collections\/interieur\/lampadaires\/antana-lampadaire-7244\/\" \/>\n<meta property=\"og:locale\" content=\"fr_FR\" \/>\n<meta property=\"og:type\" content=\"article\" \/>\n<meta property=\"og:title\" content=\"Antana Lampadaire (7244) - Lum&#039;art\" \/>\n<meta property=\"og:description\" content=\"Lampadaire Lum&#039;Art Antana #7244 en laiton massif fait main artisanalement fabrication fran\u00e7aise made in france lignes carr\u00e9es design contemporain\" \/>\n<meta property=\"og:url\" content=\"https:\/\/lumart.fr\/fr\/les-collections\/interieur\/lampadaires\/antana-lampadaire-7244\/\" \/>\n<meta property=\"og:site_name\" content=\"Lum&#039;art\" \/>\n<meta property=\"article:publisher\" content=\"https:\/\/www.facebook.com\/LumArt-1543826629180391\/\" \/>\n<meta property=\"article:modified_time\" content=\"2023-06-14T15:44:34+00:00\" \/>\n<meta property=\"og:image\" content=\"https:\/\/lumart.fr\/wp-content\/uploads\/2023\/03\/7244-Lampadaire-antana.jpg\" \/>\n\t<meta property=\"og:image:width\" content=\"1984\" \/>\n\t<meta property=\"og:image:height\" content=\"1323\" \/>\n<meta name=\"twitter:card\" content=\"summary\" \/>\n<script type=\"application\/ld+json\" class=\"yoast-schema-graph\">{\"@context\":\"https:\/\/schema.org\",\"@graph\":[{\"@type\":\"WebSite\",\"@id\":\"https:\/\/lumart.fr\/fr\/#website\",\"url\":\"https:\/\/lumart.fr\/fr\/\",\"name\":\"Lum'art\",\"description\":\"\",\"potentialAction\":[{\"@type\":\"SearchAction\",\"target\":{\"@type\":\"EntryPoint\",\"urlTemplate\":\"https:\/\/lumart.fr\/fr\/?s={search_term_string}\"},\"query-input\":\"required name=search_term_string\"}],\"inLanguage\":\"fr-FR\"},{\"@type\":\"ImageObject\",\"@id\":\"https:\/\/lumart.fr\/fr\/les-collections\/interieur\/lampadaires\/antana-lampadaire-7244\/#primaryimage\",\"inLanguage\":\"fr-FR\",\"url\":\"\/wp-content\/uploads\/2023\/03\/7244-Lampadaire-antana.jpg\",\"contentUrl\":\"\/wp-content\/uploads\/2023\/03\/7244-Lampadaire-antana.jpg\",\"width\":1984,\"height\":1323,\"caption\":\"Lampadaire Antana (7244) - Finition Laiton Bross\\u00e9\"},{\"@type\":\"WebPage\",\"@id\":\"https:\/\/lumart.fr\/fr\/les-collections\/interieur\/lampadaires\/antana-lampadaire-7244\/#webpage\",\"url\":\"https:\/\/lumart.fr\/fr\/les-collections\/interieur\/lampadaires\/antana-lampadaire-7244\/\",\"name\":\"Antana Lampadaire (7244) - Lum&#039;art\",\"isPartOf\":{\"@id\":\"https:\/\/lumart.fr\/fr\/#website\"},\"primaryImageOfPage\":{\"@id\":\"https:\/\/lumart.fr\/fr\/les-collections\/interieur\/lampadaires\/antana-lampadaire-7244\/#primaryimage\"},\"datePublished\":\"2023-03-27T13:03:46+00:00\",\"dateModified\":\"2023-06-14T15:44:34+00:00\",\"description\":\"Lampadaire Lum'Art Antana #7244 en laiton massif fait main artisanalement fabrication fran\\u00e7aise made in france lignes carr\\u00e9es design contemporain\",\"breadcrumb\":{\"@id\":\"https:\/\/lumart.fr\/fr\/les-collections\/interieur\/lampadaires\/antana-lampadaire-7244\/#breadcrumb\"},\"inLanguage\":\"fr-FR\",\"potentialAction\":[{\"@type\":\"ReadAction\",\"target\":[\"https:\/\/lumart.fr\/fr\/les-collections\/interieur\/lampadaires\/antana-lampadaire-7244\/\"]}]},{\"@type\":\"BreadcrumbList\",\"@id\":\"https:\/\/lumart.fr\/fr\/les-collections\/interieur\/lampadaires\/antana-lampadaire-7244\/#breadcrumb\",\"itemListElement\":[{\"@type\":\"ListItem\",\"position\":1,\"name\":\"Home\",\"item\":\"https:\/\/lumart.fr\/fr\/\"},{\"@type\":\"ListItem\",\"position\":2,\"name\":\"Les Collections\",\"item\":\"https:\/\/lumart.fr\/fr\/les-collections\/\"},{\"@type\":\"ListItem\",\"position\":3,\"name\":\"Antana - Lampadaire\"}]}]}<\/script>\n<!-- \/ Yoast SEO plugin. -->","yoast_head_json":{"description":"Lampadaire Lum'Art Antana #7244 en laiton massif fait main artisanalement fabrication fran\u00e7aise made in france lignes carr\u00e9es design contemporain","robots":{"index":"index","follow":"follow","max-snippet":"max-snippet:-1","max-image-preview":"max-image-preview:large","max-video-preview":"max-video-preview:-1"},"canonical":"https:\/\/lumart.fr\/fr\/les-collections\/interieur\/lampadaires\/antana-lampadaire-7244\/","og_locale":"fr_FR","og_type":"article","og_title":"Antana Lampadaire (7244) - Lum&#039;art","og_description":"Lampadaire Lum'Art Antana #7244 en laiton massif fait main artisanalement fabrication fran\u00e7aise made in france lignes carr\u00e9es design contemporain","og_url":"https:\/\/lumart.fr\/fr\/les-collections\/interieur\/lampadaires\/antana-lampadaire-7244\/","og_site_name":"Lum&#039;art","article_publisher":"https:\/\/www.facebook.com\/LumArt-1543826629180391\/","article_modified_time":"2023-06-14T15:44:34+00:00","og_image":[{"width":1984,"height":1323,"url":"https:\/\/lumart.fr\/wp-content\/uploads\/2023\/03\/7244-Lampadaire-antana.jpg","type":"image\/jpeg"}],"twitter_card":"summary","schema":{"@context":"https:\/\/schema.org","@graph":[{"@type":"WebSite","@id":"https:\/\/lumart.fr\/fr\/#website","url":"https:\/\/lumart.fr\/fr\/","name":"Lum'art","description":"","potentialAction":[{"@type":"SearchAction","target":{"@type":"EntryPoint","urlTemplate":"https:\/\/lumart.fr\/fr\/?s={search_term_string}"},"query-input":"required name=search_term_string"}],"inLanguage":"fr-FR"},{"@type":"ImageObject","@id":"https:\/\/lumart.fr\/fr\/les-collections\/interieur\/lampadaires\/antana-lampadaire-7244\/#primaryimage","inLanguage":"fr-FR","url":"\/wp-content\/uploads\/2023\/03\/7244-Lampadaire-antana.jpg","contentUrl":"\/wp-content\/uploads\/2023\/03\/7244-Lampadaire-antana.jpg","width":1984,"height":1323,"caption":"Lampadaire Antana (7244) - Finition Laiton Bross\u00e9"},{"@type":"WebPage","@id":"https:\/\/lumart.fr\/fr\/les-collections\/interieur\/lampadaires\/antana-lampadaire-7244\/#webpage","url":"https:\/\/lumart.fr\/fr\/les-collections\/interieur\/lampadaires\/antana-lampadaire-7244\/","name":"Antana Lampadaire (7244) - Lum&#039;art","isPartOf":{"@id":"https:\/\/lumart.fr\/fr\/#website"},"primaryImageOfPage":{"@id":"https:\/\/lumart.fr\/fr\/les-collections\/interieur\/lampadaires\/antana-lampadaire-7244\/#primaryimage"},"datePublished":"2023-03-27T13:03:46+00:00","dateModified":"2023-06-14T15:44:34+00:00","description":"Lampadaire Lum'Art Antana #7244 en laiton massif fait main artisanalement fabrication fran\u00e7aise made in france lignes carr\u00e9es design contemporain","breadcrumb":{"@id":"https:\/\/lumart.fr\/fr\/les-collections\/interieur\/lampadaires\/antana-lampadaire-7244\/#breadcrumb"},"inLanguage":"fr-FR","potentialAction":[{"@type":"ReadAction","target":["https:\/\/lumart.fr\/fr\/les-collections\/interieur\/lampadaires\/antana-lampadaire-7244\/"]}]},{"@type":"BreadcrumbList","@id":"https:\/\/lumart.fr\/fr\/les-collections\/interieur\/lampadaires\/antana-lampadaire-7244\/#breadcrumb","itemListElement":[{"@type":"ListItem","position":1,"name":"Home","item":"https:\/\/lumart.fr\/fr\/"},{"@type":"ListItem","position":2,"name":"Les Collections","item":"https:\/\/lumart.fr\/fr\/les-collections\/"},{"@type":"ListItem","position":3,"name":"Antana - Lampadaire"}]}]}},"_links":{"self":[{"href":"https:\/\/lumart.fr\/fr\/wp-json\/wp\/v2\/product\/12224"}],"collection":[{"href":"https:\/\/lumart.fr\/fr\/wp-json\/wp\/v2\/product"}],"about":[{"href":"https:\/\/lumart.fr\/fr\/wp-json\/wp\/v2\/types\/product"}],"wp:featuredmedia":[{"embeddable":true,"href":"https:\/\/lumart.fr\/fr\/wp-json\/wp\/v2\/media\/12225"}],"wp:attachment":[{"href":"https:\/\/lumart.fr\/fr\/wp-json\/wp\/v2\/media?parent=12224"}],"wp:term":[{"taxonomy":"product_cat","embeddable":true,"href":"https:\/\/lumart.fr\/fr\/wp-json\/wp\/v2\/product_cat?post=12224"},{"taxonomy":"product_tag","embeddable":true,"href":"https:\/\/lumart.fr\/fr\/wp-json\/wp\/v2\/product_tag?post=12224"}],"curies":[{"name":"wp","href":"https:\/\/api.w.org\/{rel}","templated":true}]}}