{"id":12212,"date":"2023-03-27T14:44:02","date_gmt":"2023-03-27T12:44:02","guid":{"rendered":"https:\/\/lumart.fr\/?post_type=product&#038;p=12212"},"modified":"2023-06-14T17:41:32","modified_gmt":"2023-06-14T15:41:32","slug":"antana-lampe-7145","status":"publish","type":"product","link":"https:\/\/lumart.fr\/fr\/les-collections\/interieur\/lampes\/antana-lampe-7145\/","title":{"rendered":"Antana - Lampe"},"content":{"rendered":"<p>La rectitude des lignes de la collection Antana conf\u00e8re un esprit r\u00e9solument contemporain \u00e0 l\u2019ensemble des mod\u00e8les. Cette lampe se mariera parfaitement avec le lampadaire et le lustre de la m\u00eame collection.<\/p>\n","protected":false},"excerpt":{"rendered":"<p>La rectitude des lignes de la collection Antana conf\u00e8re un esprit r\u00e9solument contemporain \u00e0 l\u2019ensemble des mod\u00e8les. Cette lampe se mariera parfaitement avec le lampadaire et le lustre de la m\u00eame collection. <a href=\"https:\/\/lumart.fr\/fr\/les-collections\/interieur\/lampes\/antana-lampe-7145\/\" class=\"more\">[ &hellip; ]<\/a><\/p>\n","protected":false},"featured_media":12213,"template":"","meta":[],"product_cat":[238],"product_tag":[],"acf":[],"yoast_head":"<!-- This site is optimized with the Yoast SEO plugin v17.8 - https:\/\/yoast.com\/wordpress\/plugins\/seo\/ -->\n<meta name=\"description\" content=\"Lampe \u00e0 poser Lum&#039;Art Antana #7145 en laiton massif avec un design contemporain et des lignes carr\u00e9es\" \/>\n<meta name=\"robots\" content=\"index, follow, max-snippet:-1, max-image-preview:large, max-video-preview:-1\" \/>\n<link rel=\"canonical\" href=\"https:\/\/lumart.fr\/fr\/les-collections\/interieur\/lampes\/antana-lampe-7145\/\" \/>\n<meta property=\"og:locale\" content=\"fr_FR\" \/>\n<meta property=\"og:type\" content=\"article\" \/>\n<meta property=\"og:title\" content=\"Antana Lampe (7145) - Lum&#039;art\" \/>\n<meta property=\"og:description\" content=\"Lampe \u00e0 poser Lum&#039;Art Antana #7145 en laiton massif avec un design contemporain et des lignes carr\u00e9es\" \/>\n<meta property=\"og:url\" content=\"https:\/\/lumart.fr\/fr\/les-collections\/interieur\/lampes\/antana-lampe-7145\/\" \/>\n<meta property=\"og:site_name\" content=\"Lum&#039;art\" \/>\n<meta property=\"article:publisher\" content=\"https:\/\/www.facebook.com\/LumArt-1543826629180391\/\" \/>\n<meta property=\"article:modified_time\" content=\"2023-06-14T15:41:32+00:00\" \/>\n<meta property=\"og:image\" content=\"https:\/\/lumart.fr\/wp-content\/uploads\/2023\/03\/7145-Lampe-antana.jpg\" \/>\n\t<meta property=\"og:image:width\" content=\"1984\" \/>\n\t<meta property=\"og:image:height\" content=\"1323\" \/>\n<meta name=\"twitter:card\" content=\"summary\" \/>\n<script type=\"application\/ld+json\" class=\"yoast-schema-graph\">{\"@context\":\"https:\/\/schema.org\",\"@graph\":[{\"@type\":\"WebSite\",\"@id\":\"https:\/\/lumart.fr\/fr\/#website\",\"url\":\"https:\/\/lumart.fr\/fr\/\",\"name\":\"Lum'art\",\"description\":\"\",\"potentialAction\":[{\"@type\":\"SearchAction\",\"target\":{\"@type\":\"EntryPoint\",\"urlTemplate\":\"https:\/\/lumart.fr\/fr\/?s={search_term_string}\"},\"query-input\":\"required name=search_term_string\"}],\"inLanguage\":\"fr-FR\"},{\"@type\":\"ImageObject\",\"@id\":\"https:\/\/lumart.fr\/fr\/les-collections\/interieur\/lampes\/antana-lampe-7145\/#primaryimage\",\"inLanguage\":\"fr-FR\",\"url\":\"\/wp-content\/uploads\/2023\/03\/7145-Lampe-antana.jpg\",\"contentUrl\":\"\/wp-content\/uploads\/2023\/03\/7145-Lampe-antana.jpg\",\"width\":1984,\"height\":1323,\"caption\":\"Lampe Antana (7145) - Finition Laiton Bross\\u00e9\"},{\"@type\":\"WebPage\",\"@id\":\"https:\/\/lumart.fr\/fr\/les-collections\/interieur\/lampes\/antana-lampe-7145\/#webpage\",\"url\":\"https:\/\/lumart.fr\/fr\/les-collections\/interieur\/lampes\/antana-lampe-7145\/\",\"name\":\"Antana Lampe (7145) - Lum&#039;art\",\"isPartOf\":{\"@id\":\"https:\/\/lumart.fr\/fr\/#website\"},\"primaryImageOfPage\":{\"@id\":\"https:\/\/lumart.fr\/fr\/les-collections\/interieur\/lampes\/antana-lampe-7145\/#primaryimage\"},\"datePublished\":\"2023-03-27T12:44:02+00:00\",\"dateModified\":\"2023-06-14T15:41:32+00:00\",\"description\":\"Lampe \\u00e0 poser Lum'Art Antana #7145 en laiton massif avec un design contemporain et des lignes carr\\u00e9es\",\"breadcrumb\":{\"@id\":\"https:\/\/lumart.fr\/fr\/les-collections\/interieur\/lampes\/antana-lampe-7145\/#breadcrumb\"},\"inLanguage\":\"fr-FR\",\"potentialAction\":[{\"@type\":\"ReadAction\",\"target\":[\"https:\/\/lumart.fr\/fr\/les-collections\/interieur\/lampes\/antana-lampe-7145\/\"]}]},{\"@type\":\"BreadcrumbList\",\"@id\":\"https:\/\/lumart.fr\/fr\/les-collections\/interieur\/lampes\/antana-lampe-7145\/#breadcrumb\",\"itemListElement\":[{\"@type\":\"ListItem\",\"position\":1,\"name\":\"Home\",\"item\":\"https:\/\/lumart.fr\/fr\/\"},{\"@type\":\"ListItem\",\"position\":2,\"name\":\"Les Collections\",\"item\":\"https:\/\/lumart.fr\/fr\/les-collections\/\"},{\"@type\":\"ListItem\",\"position\":3,\"name\":\"Antana - Lampe\"}]}]}<\/script>\n<!-- \/ Yoast SEO plugin. -->","yoast_head_json":{"description":"Lampe \u00e0 poser Lum'Art Antana #7145 en laiton massif avec un design contemporain et des lignes carr\u00e9es","robots":{"index":"index","follow":"follow","max-snippet":"max-snippet:-1","max-image-preview":"max-image-preview:large","max-video-preview":"max-video-preview:-1"},"canonical":"https:\/\/lumart.fr\/fr\/les-collections\/interieur\/lampes\/antana-lampe-7145\/","og_locale":"fr_FR","og_type":"article","og_title":"Antana Lampe (7145) - Lum&#039;art","og_description":"Lampe \u00e0 poser Lum'Art Antana #7145 en laiton massif avec un design contemporain et des lignes carr\u00e9es","og_url":"https:\/\/lumart.fr\/fr\/les-collections\/interieur\/lampes\/antana-lampe-7145\/","og_site_name":"Lum&#039;art","article_publisher":"https:\/\/www.facebook.com\/LumArt-1543826629180391\/","article_modified_time":"2023-06-14T15:41:32+00:00","og_image":[{"width":1984,"height":1323,"url":"https:\/\/lumart.fr\/wp-content\/uploads\/2023\/03\/7145-Lampe-antana.jpg","type":"image\/jpeg"}],"twitter_card":"summary","schema":{"@context":"https:\/\/schema.org","@graph":[{"@type":"WebSite","@id":"https:\/\/lumart.fr\/fr\/#website","url":"https:\/\/lumart.fr\/fr\/","name":"Lum'art","description":"","potentialAction":[{"@type":"SearchAction","target":{"@type":"EntryPoint","urlTemplate":"https:\/\/lumart.fr\/fr\/?s={search_term_string}"},"query-input":"required name=search_term_string"}],"inLanguage":"fr-FR"},{"@type":"ImageObject","@id":"https:\/\/lumart.fr\/fr\/les-collections\/interieur\/lampes\/antana-lampe-7145\/#primaryimage","inLanguage":"fr-FR","url":"\/wp-content\/uploads\/2023\/03\/7145-Lampe-antana.jpg","contentUrl":"\/wp-content\/uploads\/2023\/03\/7145-Lampe-antana.jpg","width":1984,"height":1323,"caption":"Lampe Antana (7145) - Finition Laiton Bross\u00e9"},{"@type":"WebPage","@id":"https:\/\/lumart.fr\/fr\/les-collections\/interieur\/lampes\/antana-lampe-7145\/#webpage","url":"https:\/\/lumart.fr\/fr\/les-collections\/interieur\/lampes\/antana-lampe-7145\/","name":"Antana Lampe (7145) - Lum&#039;art","isPartOf":{"@id":"https:\/\/lumart.fr\/fr\/#website"},"primaryImageOfPage":{"@id":"https:\/\/lumart.fr\/fr\/les-collections\/interieur\/lampes\/antana-lampe-7145\/#primaryimage"},"datePublished":"2023-03-27T12:44:02+00:00","dateModified":"2023-06-14T15:41:32+00:00","description":"Lampe \u00e0 poser Lum'Art Antana #7145 en laiton massif avec un design contemporain et des lignes carr\u00e9es","breadcrumb":{"@id":"https:\/\/lumart.fr\/fr\/les-collections\/interieur\/lampes\/antana-lampe-7145\/#breadcrumb"},"inLanguage":"fr-FR","potentialAction":[{"@type":"ReadAction","target":["https:\/\/lumart.fr\/fr\/les-collections\/interieur\/lampes\/antana-lampe-7145\/"]}]},{"@type":"BreadcrumbList","@id":"https:\/\/lumart.fr\/fr\/les-collections\/interieur\/lampes\/antana-lampe-7145\/#breadcrumb","itemListElement":[{"@type":"ListItem","position":1,"name":"Home","item":"https:\/\/lumart.fr\/fr\/"},{"@type":"ListItem","position":2,"name":"Les Collections","item":"https:\/\/lumart.fr\/fr\/les-collections\/"},{"@type":"ListItem","position":3,"name":"Antana - Lampe"}]}]}},"_links":{"self":[{"href":"https:\/\/lumart.fr\/fr\/wp-json\/wp\/v2\/product\/12212"}],"collection":[{"href":"https:\/\/lumart.fr\/fr\/wp-json\/wp\/v2\/product"}],"about":[{"href":"https:\/\/lumart.fr\/fr\/wp-json\/wp\/v2\/types\/product"}],"wp:featuredmedia":[{"embeddable":true,"href":"https:\/\/lumart.fr\/fr\/wp-json\/wp\/v2\/media\/12213"}],"wp:attachment":[{"href":"https:\/\/lumart.fr\/fr\/wp-json\/wp\/v2\/media?parent=12212"}],"wp:term":[{"taxonomy":"product_cat","embeddable":true,"href":"https:\/\/lumart.fr\/fr\/wp-json\/wp\/v2\/product_cat?post=12212"},{"taxonomy":"product_tag","embeddable":true,"href":"https:\/\/lumart.fr\/fr\/wp-json\/wp\/v2\/product_tag?post=12212"}],"curies":[{"name":"wp","href":"https:\/\/api.w.org\/{rel}","templated":true}]}}