{"id":12188,"date":"2023-03-27T13:12:16","date_gmt":"2023-03-27T11:12:16","guid":{"rendered":"https:\/\/lumart.fr\/?post_type=product&#038;p=12188"},"modified":"2023-06-13T18:12:53","modified_gmt":"2023-06-13T16:12:53","slug":"leman-carre-lampadaire-7257","status":"publish","type":"product","link":"https:\/\/lumart.fr\/fr\/les-collections\/interieur\/lampadaires\/leman-carre-lampadaire-7257\/","title":{"rendered":"L\u00e9man Carr\u00e9 - Lampadaire"},"content":{"rendered":"<p>Graphique, le lampadaire L\u00e9man Carr\u00e9 est tout en l\u00e9g\u00e8ret\u00e9 jusque dans son abat-jour en laiton micro perfor\u00e9 qui distille une lumi\u00e8re douce et subtile. Il peut \u00eatre associ\u00e9 \u00e0 la lampe de table L\u00e9man Carr\u00e9, voire l&rsquo;applique, la suspension ou le spot de sol de la m\u00eame gamme. <\/p>\n","protected":false},"excerpt":{"rendered":"<p>Graphique, le lampadaire L\u00e9man Carr\u00e9 est tout en l\u00e9g\u00e8ret\u00e9 jusque dans son abat-jour en laiton micro perfor\u00e9 qui distille une lumi\u00e8re douce et subtile. Il peut \u00eatre associ\u00e9 \u00e0 la lampe de table L\u00e9man Carr\u00e9, voire l&rsquo;applique, la suspension ou le spot de sol de la m\u00eame gamme.  <a href=\"https:\/\/lumart.fr\/fr\/les-collections\/interieur\/lampadaires\/leman-carre-lampadaire-7257\/\" class=\"more\">[ &hellip; ]<\/a><\/p>\n","protected":false},"featured_media":12189,"template":"","meta":[],"product_cat":[237],"product_tag":[],"acf":[],"yoast_head":"<!-- This site is optimized with the Yoast SEO plugin v17.8 - https:\/\/yoast.com\/wordpress\/plugins\/seo\/ -->\n<meta name=\"description\" content=\"Graphique, le lampadaire Lum&#039;Art L\u00e9man Carr\u00e9 est tout en l\u00e9g\u00e8ret\u00e9 jusque dans son abat-jour en laiton micro perfor\u00e9. Forme g\u00e9om\u00e9trique design contemporain\" \/>\n<meta name=\"robots\" content=\"index, follow, max-snippet:-1, max-image-preview:large, max-video-preview:-1\" \/>\n<link rel=\"canonical\" href=\"https:\/\/lumart.fr\/fr\/les-collections\/interieur\/lampadaires\/leman-carre-lampadaire-7257\/\" \/>\n<meta property=\"og:locale\" content=\"fr_FR\" \/>\n<meta property=\"og:type\" content=\"article\" \/>\n<meta property=\"og:title\" content=\"L\u00e9man Carr\u00e9 Lampadaire (7257) - Lum&#039;art\" \/>\n<meta property=\"og:description\" content=\"Graphique, le lampadaire Lum&#039;Art L\u00e9man Carr\u00e9 est tout en l\u00e9g\u00e8ret\u00e9 jusque dans son abat-jour en laiton micro perfor\u00e9. Forme g\u00e9om\u00e9trique design contemporain\" \/>\n<meta property=\"og:url\" content=\"https:\/\/lumart.fr\/fr\/les-collections\/interieur\/lampadaires\/leman-carre-lampadaire-7257\/\" \/>\n<meta property=\"og:site_name\" content=\"Lum&#039;art\" \/>\n<meta property=\"article:publisher\" content=\"https:\/\/www.facebook.com\/LumArt-1543826629180391\/\" \/>\n<meta property=\"article:modified_time\" content=\"2023-06-13T16:12:53+00:00\" \/>\n<meta property=\"og:image\" content=\"https:\/\/lumart.fr\/wp-content\/uploads\/2023\/03\/7257-Lampadaire-leman-carre-2.jpg\" \/>\n\t<meta property=\"og:image:width\" content=\"1984\" \/>\n\t<meta property=\"og:image:height\" content=\"1323\" \/>\n<meta name=\"twitter:card\" content=\"summary\" \/>\n<script type=\"application\/ld+json\" class=\"yoast-schema-graph\">{\"@context\":\"https:\/\/schema.org\",\"@graph\":[{\"@type\":\"WebSite\",\"@id\":\"https:\/\/lumart.fr\/fr\/#website\",\"url\":\"https:\/\/lumart.fr\/fr\/\",\"name\":\"Lum'art\",\"description\":\"\",\"potentialAction\":[{\"@type\":\"SearchAction\",\"target\":{\"@type\":\"EntryPoint\",\"urlTemplate\":\"https:\/\/lumart.fr\/fr\/?s={search_term_string}\"},\"query-input\":\"required name=search_term_string\"}],\"inLanguage\":\"fr-FR\"},{\"@type\":\"ImageObject\",\"@id\":\"https:\/\/lumart.fr\/fr\/les-collections\/interieur\/lampadaires\/leman-carre-lampadaire-7257\/#primaryimage\",\"inLanguage\":\"fr-FR\",\"url\":\"\/wp-content\/uploads\/2023\/03\/7257-Lampadaire-leman-carre-2.jpg\",\"contentUrl\":\"\/wp-content\/uploads\/2023\/03\/7257-Lampadaire-leman-carre-2.jpg\",\"width\":1984,\"height\":1323,\"caption\":\"Lampadaire Leman Carr\\u00e9 - Finition Laiton Bross\\u00e9\"},{\"@type\":\"WebPage\",\"@id\":\"https:\/\/lumart.fr\/fr\/les-collections\/interieur\/lampadaires\/leman-carre-lampadaire-7257\/#webpage\",\"url\":\"https:\/\/lumart.fr\/fr\/les-collections\/interieur\/lampadaires\/leman-carre-lampadaire-7257\/\",\"name\":\"L\\u00e9man Carr\\u00e9 Lampadaire (7257) - Lum&#039;art\",\"isPartOf\":{\"@id\":\"https:\/\/lumart.fr\/fr\/#website\"},\"primaryImageOfPage\":{\"@id\":\"https:\/\/lumart.fr\/fr\/les-collections\/interieur\/lampadaires\/leman-carre-lampadaire-7257\/#primaryimage\"},\"datePublished\":\"2023-03-27T11:12:16+00:00\",\"dateModified\":\"2023-06-13T16:12:53+00:00\",\"description\":\"Graphique, le lampadaire Lum'Art L\\u00e9man Carr\\u00e9 est tout en l\\u00e9g\\u00e8ret\\u00e9 jusque dans son abat-jour en laiton micro perfor\\u00e9. Forme g\\u00e9om\\u00e9trique design contemporain\",\"breadcrumb\":{\"@id\":\"https:\/\/lumart.fr\/fr\/les-collections\/interieur\/lampadaires\/leman-carre-lampadaire-7257\/#breadcrumb\"},\"inLanguage\":\"fr-FR\",\"potentialAction\":[{\"@type\":\"ReadAction\",\"target\":[\"https:\/\/lumart.fr\/fr\/les-collections\/interieur\/lampadaires\/leman-carre-lampadaire-7257\/\"]}]},{\"@type\":\"BreadcrumbList\",\"@id\":\"https:\/\/lumart.fr\/fr\/les-collections\/interieur\/lampadaires\/leman-carre-lampadaire-7257\/#breadcrumb\",\"itemListElement\":[{\"@type\":\"ListItem\",\"position\":1,\"name\":\"Home\",\"item\":\"https:\/\/lumart.fr\/fr\/\"},{\"@type\":\"ListItem\",\"position\":2,\"name\":\"Les Collections\",\"item\":\"https:\/\/lumart.fr\/fr\/les-collections\/\"},{\"@type\":\"ListItem\",\"position\":3,\"name\":\"L\\u00e9man Carr\\u00e9 - Lampadaire\"}]}]}<\/script>\n<!-- \/ Yoast SEO plugin. -->","yoast_head_json":{"description":"Graphique, le lampadaire Lum'Art L\u00e9man Carr\u00e9 est tout en l\u00e9g\u00e8ret\u00e9 jusque dans son abat-jour en laiton micro perfor\u00e9. Forme g\u00e9om\u00e9trique design contemporain","robots":{"index":"index","follow":"follow","max-snippet":"max-snippet:-1","max-image-preview":"max-image-preview:large","max-video-preview":"max-video-preview:-1"},"canonical":"https:\/\/lumart.fr\/fr\/les-collections\/interieur\/lampadaires\/leman-carre-lampadaire-7257\/","og_locale":"fr_FR","og_type":"article","og_title":"L\u00e9man Carr\u00e9 Lampadaire (7257) - Lum&#039;art","og_description":"Graphique, le lampadaire Lum'Art L\u00e9man Carr\u00e9 est tout en l\u00e9g\u00e8ret\u00e9 jusque dans son abat-jour en laiton micro perfor\u00e9. Forme g\u00e9om\u00e9trique design contemporain","og_url":"https:\/\/lumart.fr\/fr\/les-collections\/interieur\/lampadaires\/leman-carre-lampadaire-7257\/","og_site_name":"Lum&#039;art","article_publisher":"https:\/\/www.facebook.com\/LumArt-1543826629180391\/","article_modified_time":"2023-06-13T16:12:53+00:00","og_image":[{"width":1984,"height":1323,"url":"https:\/\/lumart.fr\/wp-content\/uploads\/2023\/03\/7257-Lampadaire-leman-carre-2.jpg","type":"image\/jpeg"}],"twitter_card":"summary","schema":{"@context":"https:\/\/schema.org","@graph":[{"@type":"WebSite","@id":"https:\/\/lumart.fr\/fr\/#website","url":"https:\/\/lumart.fr\/fr\/","name":"Lum'art","description":"","potentialAction":[{"@type":"SearchAction","target":{"@type":"EntryPoint","urlTemplate":"https:\/\/lumart.fr\/fr\/?s={search_term_string}"},"query-input":"required name=search_term_string"}],"inLanguage":"fr-FR"},{"@type":"ImageObject","@id":"https:\/\/lumart.fr\/fr\/les-collections\/interieur\/lampadaires\/leman-carre-lampadaire-7257\/#primaryimage","inLanguage":"fr-FR","url":"\/wp-content\/uploads\/2023\/03\/7257-Lampadaire-leman-carre-2.jpg","contentUrl":"\/wp-content\/uploads\/2023\/03\/7257-Lampadaire-leman-carre-2.jpg","width":1984,"height":1323,"caption":"Lampadaire Leman Carr\u00e9 - Finition Laiton Bross\u00e9"},{"@type":"WebPage","@id":"https:\/\/lumart.fr\/fr\/les-collections\/interieur\/lampadaires\/leman-carre-lampadaire-7257\/#webpage","url":"https:\/\/lumart.fr\/fr\/les-collections\/interieur\/lampadaires\/leman-carre-lampadaire-7257\/","name":"L\u00e9man Carr\u00e9 Lampadaire (7257) - Lum&#039;art","isPartOf":{"@id":"https:\/\/lumart.fr\/fr\/#website"},"primaryImageOfPage":{"@id":"https:\/\/lumart.fr\/fr\/les-collections\/interieur\/lampadaires\/leman-carre-lampadaire-7257\/#primaryimage"},"datePublished":"2023-03-27T11:12:16+00:00","dateModified":"2023-06-13T16:12:53+00:00","description":"Graphique, le lampadaire Lum'Art L\u00e9man Carr\u00e9 est tout en l\u00e9g\u00e8ret\u00e9 jusque dans son abat-jour en laiton micro perfor\u00e9. Forme g\u00e9om\u00e9trique design contemporain","breadcrumb":{"@id":"https:\/\/lumart.fr\/fr\/les-collections\/interieur\/lampadaires\/leman-carre-lampadaire-7257\/#breadcrumb"},"inLanguage":"fr-FR","potentialAction":[{"@type":"ReadAction","target":["https:\/\/lumart.fr\/fr\/les-collections\/interieur\/lampadaires\/leman-carre-lampadaire-7257\/"]}]},{"@type":"BreadcrumbList","@id":"https:\/\/lumart.fr\/fr\/les-collections\/interieur\/lampadaires\/leman-carre-lampadaire-7257\/#breadcrumb","itemListElement":[{"@type":"ListItem","position":1,"name":"Home","item":"https:\/\/lumart.fr\/fr\/"},{"@type":"ListItem","position":2,"name":"Les Collections","item":"https:\/\/lumart.fr\/fr\/les-collections\/"},{"@type":"ListItem","position":3,"name":"L\u00e9man Carr\u00e9 - Lampadaire"}]}]}},"_links":{"self":[{"href":"https:\/\/lumart.fr\/fr\/wp-json\/wp\/v2\/product\/12188"}],"collection":[{"href":"https:\/\/lumart.fr\/fr\/wp-json\/wp\/v2\/product"}],"about":[{"href":"https:\/\/lumart.fr\/fr\/wp-json\/wp\/v2\/types\/product"}],"wp:featuredmedia":[{"embeddable":true,"href":"https:\/\/lumart.fr\/fr\/wp-json\/wp\/v2\/media\/12189"}],"wp:attachment":[{"href":"https:\/\/lumart.fr\/fr\/wp-json\/wp\/v2\/media?parent=12188"}],"wp:term":[{"taxonomy":"product_cat","embeddable":true,"href":"https:\/\/lumart.fr\/fr\/wp-json\/wp\/v2\/product_cat?post=12188"},{"taxonomy":"product_tag","embeddable":true,"href":"https:\/\/lumart.fr\/fr\/wp-json\/wp\/v2\/product_tag?post=12188"}],"curies":[{"name":"wp","href":"https:\/\/api.w.org\/{rel}","templated":true}]}}