{"id":12178,"date":"2023-03-27T12:33:40","date_gmt":"2023-03-27T10:33:40","guid":{"rendered":"https:\/\/lumart.fr\/?post_type=product&#038;p=12178"},"modified":"2023-06-13T18:05:46","modified_gmt":"2023-06-13T16:05:46","slug":"le-velay-lampadaire-7223","status":"publish","type":"product","link":"https:\/\/lumart.fr\/fr\/les-collections\/interieur\/lampadaires\/le-velay-lampadaire-7223\/","title":{"rendered":"Le Velay - Lampadaire"},"content":{"rendered":"<p>Le lampadaire Le Velay a un design d\u2019une grande sobri\u00e9t\u00e9 avec son pied caract\u00e9ristique et son vide-poche int\u00e9gr\u00e9. Son abat-jour peut \u00eatre en laiton ou en zinc. Le mod\u00e8le se d\u00e9cline \u00e9galement en lampe \u00e0 poser. <\/p>\n","protected":false},"excerpt":{"rendered":"<p>Le lampadaire Le Velay a un design d\u2019une grande sobri\u00e9t\u00e9 avec son pied caract\u00e9ristique et son vide-poche int\u00e9gr\u00e9. Son abat-jour peut \u00eatre en laiton ou en zinc. Le mod\u00e8le se d\u00e9cline \u00e9galement en lampe \u00e0 poser. <a href=\"https:\/\/lumart.fr\/fr\/les-collections\/interieur\/lampadaires\/le-velay-lampadaire-7223\/\" class=\"more\">[ &hellip; ]<\/a><\/p>\n","protected":false},"featured_media":12179,"template":"","meta":[],"product_cat":[237],"product_tag":[],"acf":[],"yoast_head":"<!-- This site is optimized with the Yoast SEO plugin v17.8 - https:\/\/yoast.com\/wordpress\/plugins\/seo\/ -->\n<meta name=\"description\" content=\"Lampadaire Lum&#039;Art Le Velay design sobre en laiton massif avec son vide-poche int\u00e9gr\u00e9. Abat-jour en laiton massif ou zinc massif\" \/>\n<meta name=\"robots\" content=\"index, follow, max-snippet:-1, max-image-preview:large, max-video-preview:-1\" \/>\n<link rel=\"canonical\" href=\"https:\/\/lumart.fr\/fr\/les-collections\/interieur\/lampadaires\/le-velay-lampadaire-7223\/\" \/>\n<meta property=\"og:locale\" content=\"fr_FR\" \/>\n<meta property=\"og:type\" content=\"article\" \/>\n<meta property=\"og:title\" content=\"Le Velay Lampadaire (7223) - Lum&#039;art\" \/>\n<meta property=\"og:description\" content=\"Lampadaire Lum&#039;Art Le Velay design sobre en laiton massif avec son vide-poche int\u00e9gr\u00e9. Abat-jour en laiton massif ou zinc massif\" \/>\n<meta property=\"og:url\" content=\"https:\/\/lumart.fr\/fr\/les-collections\/interieur\/lampadaires\/le-velay-lampadaire-7223\/\" \/>\n<meta property=\"og:site_name\" content=\"Lum&#039;art\" \/>\n<meta property=\"article:publisher\" content=\"https:\/\/www.facebook.com\/LumArt-1543826629180391\/\" \/>\n<meta property=\"article:modified_time\" content=\"2023-06-13T16:05:46+00:00\" \/>\n<meta property=\"og:image\" content=\"https:\/\/lumart.fr\/wp-content\/uploads\/2023\/03\/7223-Lamapdaire-le-velay-2.jpg\" \/>\n\t<meta property=\"og:image:width\" content=\"1984\" \/>\n\t<meta property=\"og:image:height\" content=\"1323\" \/>\n<meta name=\"twitter:card\" content=\"summary\" \/>\n<script type=\"application\/ld+json\" class=\"yoast-schema-graph\">{\"@context\":\"https:\/\/schema.org\",\"@graph\":[{\"@type\":\"WebSite\",\"@id\":\"https:\/\/lumart.fr\/fr\/#website\",\"url\":\"https:\/\/lumart.fr\/fr\/\",\"name\":\"Lum'art\",\"description\":\"\",\"potentialAction\":[{\"@type\":\"SearchAction\",\"target\":{\"@type\":\"EntryPoint\",\"urlTemplate\":\"https:\/\/lumart.fr\/fr\/?s={search_term_string}\"},\"query-input\":\"required name=search_term_string\"}],\"inLanguage\":\"fr-FR\"},{\"@type\":\"ImageObject\",\"@id\":\"https:\/\/lumart.fr\/fr\/les-collections\/interieur\/lampadaires\/le-velay-lampadaire-7223\/#primaryimage\",\"inLanguage\":\"fr-FR\",\"url\":\"\/wp-content\/uploads\/2023\/03\/7223-Lamapdaire-le-velay-2.jpg\",\"contentUrl\":\"\/wp-content\/uploads\/2023\/03\/7223-Lamapdaire-le-velay-2.jpg\",\"width\":1984,\"height\":1323,\"caption\":\"Lampadaire Le Velay - Finition Laiton Bross\\u00e9\"},{\"@type\":\"WebPage\",\"@id\":\"https:\/\/lumart.fr\/fr\/les-collections\/interieur\/lampadaires\/le-velay-lampadaire-7223\/#webpage\",\"url\":\"https:\/\/lumart.fr\/fr\/les-collections\/interieur\/lampadaires\/le-velay-lampadaire-7223\/\",\"name\":\"Le Velay Lampadaire (7223) - Lum&#039;art\",\"isPartOf\":{\"@id\":\"https:\/\/lumart.fr\/fr\/#website\"},\"primaryImageOfPage\":{\"@id\":\"https:\/\/lumart.fr\/fr\/les-collections\/interieur\/lampadaires\/le-velay-lampadaire-7223\/#primaryimage\"},\"datePublished\":\"2023-03-27T10:33:40+00:00\",\"dateModified\":\"2023-06-13T16:05:46+00:00\",\"description\":\"Lampadaire Lum'Art Le Velay design sobre en laiton massif avec son vide-poche int\\u00e9gr\\u00e9. Abat-jour en laiton massif ou zinc massif\",\"breadcrumb\":{\"@id\":\"https:\/\/lumart.fr\/fr\/les-collections\/interieur\/lampadaires\/le-velay-lampadaire-7223\/#breadcrumb\"},\"inLanguage\":\"fr-FR\",\"potentialAction\":[{\"@type\":\"ReadAction\",\"target\":[\"https:\/\/lumart.fr\/fr\/les-collections\/interieur\/lampadaires\/le-velay-lampadaire-7223\/\"]}]},{\"@type\":\"BreadcrumbList\",\"@id\":\"https:\/\/lumart.fr\/fr\/les-collections\/interieur\/lampadaires\/le-velay-lampadaire-7223\/#breadcrumb\",\"itemListElement\":[{\"@type\":\"ListItem\",\"position\":1,\"name\":\"Home\",\"item\":\"https:\/\/lumart.fr\/fr\/\"},{\"@type\":\"ListItem\",\"position\":2,\"name\":\"Les Collections\",\"item\":\"https:\/\/lumart.fr\/fr\/les-collections\/\"},{\"@type\":\"ListItem\",\"position\":3,\"name\":\"Le Velay - Lampadaire\"}]}]}<\/script>\n<!-- \/ Yoast SEO plugin. -->","yoast_head_json":{"description":"Lampadaire Lum'Art Le Velay design sobre en laiton massif avec son vide-poche int\u00e9gr\u00e9. Abat-jour en laiton massif ou zinc massif","robots":{"index":"index","follow":"follow","max-snippet":"max-snippet:-1","max-image-preview":"max-image-preview:large","max-video-preview":"max-video-preview:-1"},"canonical":"https:\/\/lumart.fr\/fr\/les-collections\/interieur\/lampadaires\/le-velay-lampadaire-7223\/","og_locale":"fr_FR","og_type":"article","og_title":"Le Velay Lampadaire (7223) - Lum&#039;art","og_description":"Lampadaire Lum'Art Le Velay design sobre en laiton massif avec son vide-poche int\u00e9gr\u00e9. Abat-jour en laiton massif ou zinc massif","og_url":"https:\/\/lumart.fr\/fr\/les-collections\/interieur\/lampadaires\/le-velay-lampadaire-7223\/","og_site_name":"Lum&#039;art","article_publisher":"https:\/\/www.facebook.com\/LumArt-1543826629180391\/","article_modified_time":"2023-06-13T16:05:46+00:00","og_image":[{"width":1984,"height":1323,"url":"https:\/\/lumart.fr\/wp-content\/uploads\/2023\/03\/7223-Lamapdaire-le-velay-2.jpg","type":"image\/jpeg"}],"twitter_card":"summary","schema":{"@context":"https:\/\/schema.org","@graph":[{"@type":"WebSite","@id":"https:\/\/lumart.fr\/fr\/#website","url":"https:\/\/lumart.fr\/fr\/","name":"Lum'art","description":"","potentialAction":[{"@type":"SearchAction","target":{"@type":"EntryPoint","urlTemplate":"https:\/\/lumart.fr\/fr\/?s={search_term_string}"},"query-input":"required name=search_term_string"}],"inLanguage":"fr-FR"},{"@type":"ImageObject","@id":"https:\/\/lumart.fr\/fr\/les-collections\/interieur\/lampadaires\/le-velay-lampadaire-7223\/#primaryimage","inLanguage":"fr-FR","url":"\/wp-content\/uploads\/2023\/03\/7223-Lamapdaire-le-velay-2.jpg","contentUrl":"\/wp-content\/uploads\/2023\/03\/7223-Lamapdaire-le-velay-2.jpg","width":1984,"height":1323,"caption":"Lampadaire Le Velay - Finition Laiton Bross\u00e9"},{"@type":"WebPage","@id":"https:\/\/lumart.fr\/fr\/les-collections\/interieur\/lampadaires\/le-velay-lampadaire-7223\/#webpage","url":"https:\/\/lumart.fr\/fr\/les-collections\/interieur\/lampadaires\/le-velay-lampadaire-7223\/","name":"Le Velay Lampadaire (7223) - Lum&#039;art","isPartOf":{"@id":"https:\/\/lumart.fr\/fr\/#website"},"primaryImageOfPage":{"@id":"https:\/\/lumart.fr\/fr\/les-collections\/interieur\/lampadaires\/le-velay-lampadaire-7223\/#primaryimage"},"datePublished":"2023-03-27T10:33:40+00:00","dateModified":"2023-06-13T16:05:46+00:00","description":"Lampadaire Lum'Art Le Velay design sobre en laiton massif avec son vide-poche int\u00e9gr\u00e9. Abat-jour en laiton massif ou zinc massif","breadcrumb":{"@id":"https:\/\/lumart.fr\/fr\/les-collections\/interieur\/lampadaires\/le-velay-lampadaire-7223\/#breadcrumb"},"inLanguage":"fr-FR","potentialAction":[{"@type":"ReadAction","target":["https:\/\/lumart.fr\/fr\/les-collections\/interieur\/lampadaires\/le-velay-lampadaire-7223\/"]}]},{"@type":"BreadcrumbList","@id":"https:\/\/lumart.fr\/fr\/les-collections\/interieur\/lampadaires\/le-velay-lampadaire-7223\/#breadcrumb","itemListElement":[{"@type":"ListItem","position":1,"name":"Home","item":"https:\/\/lumart.fr\/fr\/"},{"@type":"ListItem","position":2,"name":"Les Collections","item":"https:\/\/lumart.fr\/fr\/les-collections\/"},{"@type":"ListItem","position":3,"name":"Le Velay - Lampadaire"}]}]}},"_links":{"self":[{"href":"https:\/\/lumart.fr\/fr\/wp-json\/wp\/v2\/product\/12178"}],"collection":[{"href":"https:\/\/lumart.fr\/fr\/wp-json\/wp\/v2\/product"}],"about":[{"href":"https:\/\/lumart.fr\/fr\/wp-json\/wp\/v2\/types\/product"}],"wp:featuredmedia":[{"embeddable":true,"href":"https:\/\/lumart.fr\/fr\/wp-json\/wp\/v2\/media\/12179"}],"wp:attachment":[{"href":"https:\/\/lumart.fr\/fr\/wp-json\/wp\/v2\/media?parent=12178"}],"wp:term":[{"taxonomy":"product_cat","embeddable":true,"href":"https:\/\/lumart.fr\/fr\/wp-json\/wp\/v2\/product_cat?post=12178"},{"taxonomy":"product_tag","embeddable":true,"href":"https:\/\/lumart.fr\/fr\/wp-json\/wp\/v2\/product_tag?post=12178"}],"curies":[{"name":"wp","href":"https:\/\/api.w.org\/{rel}","templated":true}]}}