{"id":12176,"date":"2023-03-27T12:02:13","date_gmt":"2023-03-27T10:02:13","guid":{"rendered":"https:\/\/lumart.fr\/?post_type=product&#038;p=12176"},"modified":"2023-06-23T11:36:15","modified_gmt":"2023-06-23T09:36:15","slug":"jeanne-applique-3495","status":"publish","type":"product","link":"https:\/\/lumart.fr\/fr\/les-collections\/interieur\/appliques\/jeanne-applique-3495\/","title":{"rendered":"Jeanne - Applique"},"content":{"rendered":"<p>Un esprit \u00ab\u00a0art nouveau\u00a0\u00bb revisit\u00e9 pour cette applique murale d&rsquo;une grande sobri\u00e9t\u00e9. La lumi\u00e8re se niche derri\u00e8re 5 palmes stylis\u00e9es pour un subtile jeu d&rsquo;ombres. Le design Jeanne se d\u00e9cline \u00e9galement en lustre.<\/p>\n","protected":false},"excerpt":{"rendered":"<p>Un esprit \u00ab\u00a0art nouveau\u00a0\u00bb revisit\u00e9 pour cette applique murale d&rsquo;une grande sobri\u00e9t\u00e9. La lumi\u00e8re se niche derri\u00e8re 5 palmes stylis\u00e9es pour un subtile jeu d&rsquo;ombres. Le design Jeanne se d\u00e9cline \u00e9galement en lustre. <a href=\"https:\/\/lumart.fr\/fr\/les-collections\/interieur\/appliques\/jeanne-applique-3495\/\" class=\"more\">[ &hellip; ]<\/a><\/p>\n","protected":false},"featured_media":12754,"template":"","meta":[],"product_cat":[229],"product_tag":[],"acf":[],"yoast_head":"<!-- This site is optimized with the Yoast SEO plugin v17.8 - https:\/\/yoast.com\/wordpress\/plugins\/seo\/ -->\n<meta name=\"description\" content=\"Applique murale Lum&#039;Art Jeanne 3495 laiton massif ou laiton et zinc massif avec 5 palmes d&#039;inspiration art nouveau\" \/>\n<meta name=\"robots\" content=\"index, follow, max-snippet:-1, max-image-preview:large, max-video-preview:-1\" \/>\n<link rel=\"canonical\" href=\"https:\/\/lumart.fr\/fr\/les-collections\/interieur\/appliques\/jeanne-applique-3495\/\" \/>\n<meta property=\"og:locale\" content=\"fr_FR\" \/>\n<meta property=\"og:type\" content=\"article\" \/>\n<meta property=\"og:title\" content=\"Jeanne Applique (3495) - Lum&#039;art\" \/>\n<meta property=\"og:description\" content=\"Applique murale Lum&#039;Art Jeanne 3495 laiton massif ou laiton et zinc massif avec 5 palmes d&#039;inspiration art nouveau\" \/>\n<meta property=\"og:url\" content=\"https:\/\/lumart.fr\/fr\/les-collections\/interieur\/appliques\/jeanne-applique-3495\/\" \/>\n<meta property=\"og:site_name\" content=\"Lum&#039;art\" \/>\n<meta property=\"article:publisher\" content=\"https:\/\/www.facebook.com\/LumArt-1543826629180391\/\" \/>\n<meta property=\"article:modified_time\" content=\"2023-06-23T09:36:15+00:00\" \/>\n<meta name=\"twitter:card\" content=\"summary\" \/>\n<meta name=\"twitter:title\" content=\"90\" \/>\n<meta name=\"twitter:description\" content=\"false\" \/>\n<meta name=\"twitter:image\" content=\"https:\/\/lumart.fr\/wp-content\/uploads\/2023\/03\/BR-lumart-packshot-oct2022-95.jpg\" \/>\n<script type=\"application\/ld+json\" class=\"yoast-schema-graph\">{\"@context\":\"https:\/\/schema.org\",\"@graph\":[{\"@type\":\"WebSite\",\"@id\":\"https:\/\/lumart.fr\/fr\/#website\",\"url\":\"https:\/\/lumart.fr\/fr\/\",\"name\":\"Lum'art\",\"description\":\"\",\"potentialAction\":[{\"@type\":\"SearchAction\",\"target\":{\"@type\":\"EntryPoint\",\"urlTemplate\":\"https:\/\/lumart.fr\/fr\/?s={search_term_string}\"},\"query-input\":\"required name=search_term_string\"}],\"inLanguage\":\"fr-FR\"},{\"@type\":\"ImageObject\",\"@id\":\"https:\/\/lumart.fr\/fr\/les-collections\/interieur\/appliques\/jeanne-applique-3495\/#primaryimage\",\"inLanguage\":\"fr-FR\",\"url\":\"\",\"contentUrl\":\"\"},{\"@type\":\"WebPage\",\"@id\":\"https:\/\/lumart.fr\/fr\/les-collections\/interieur\/appliques\/jeanne-applique-3495\/#webpage\",\"url\":\"https:\/\/lumart.fr\/fr\/les-collections\/interieur\/appliques\/jeanne-applique-3495\/\",\"name\":\"Jeanne Applique (3495) - Lum&#039;art\",\"isPartOf\":{\"@id\":\"https:\/\/lumart.fr\/fr\/#website\"},\"primaryImageOfPage\":{\"@id\":\"https:\/\/lumart.fr\/fr\/les-collections\/interieur\/appliques\/jeanne-applique-3495\/#primaryimage\"},\"datePublished\":\"2023-03-27T10:02:13+00:00\",\"dateModified\":\"2023-06-23T09:36:15+00:00\",\"description\":\"Applique murale Lum'Art Jeanne 3495 laiton massif ou laiton et zinc massif avec 5 palmes d'inspiration art nouveau\",\"breadcrumb\":{\"@id\":\"https:\/\/lumart.fr\/fr\/les-collections\/interieur\/appliques\/jeanne-applique-3495\/#breadcrumb\"},\"inLanguage\":\"fr-FR\",\"potentialAction\":[{\"@type\":\"ReadAction\",\"target\":[\"https:\/\/lumart.fr\/fr\/les-collections\/interieur\/appliques\/jeanne-applique-3495\/\"]}]},{\"@type\":\"BreadcrumbList\",\"@id\":\"https:\/\/lumart.fr\/fr\/les-collections\/interieur\/appliques\/jeanne-applique-3495\/#breadcrumb\",\"itemListElement\":[{\"@type\":\"ListItem\",\"position\":1,\"name\":\"Home\",\"item\":\"https:\/\/lumart.fr\/fr\/\"},{\"@type\":\"ListItem\",\"position\":2,\"name\":\"Les Collections\",\"item\":\"https:\/\/lumart.fr\/fr\/les-collections\/\"},{\"@type\":\"ListItem\",\"position\":3,\"name\":\"Jeanne - Applique\"}]}]}<\/script>\n<!-- \/ Yoast SEO plugin. -->","yoast_head_json":{"description":"Applique murale Lum'Art Jeanne 3495 laiton massif ou laiton et zinc massif avec 5 palmes d'inspiration art nouveau","robots":{"index":"index","follow":"follow","max-snippet":"max-snippet:-1","max-image-preview":"max-image-preview:large","max-video-preview":"max-video-preview:-1"},"canonical":"https:\/\/lumart.fr\/fr\/les-collections\/interieur\/appliques\/jeanne-applique-3495\/","og_locale":"fr_FR","og_type":"article","og_title":"Jeanne Applique (3495) - Lum&#039;art","og_description":"Applique murale Lum'Art Jeanne 3495 laiton massif ou laiton et zinc massif avec 5 palmes d'inspiration art nouveau","og_url":"https:\/\/lumart.fr\/fr\/les-collections\/interieur\/appliques\/jeanne-applique-3495\/","og_site_name":"Lum&#039;art","article_publisher":"https:\/\/www.facebook.com\/LumArt-1543826629180391\/","article_modified_time":"2023-06-23T09:36:15+00:00","twitter_card":"summary","twitter_title":"90","twitter_description":"false","twitter_image":"https:\/\/lumart.fr\/wp-content\/uploads\/2023\/03\/BR-lumart-packshot-oct2022-95.jpg","schema":{"@context":"https:\/\/schema.org","@graph":[{"@type":"WebSite","@id":"https:\/\/lumart.fr\/fr\/#website","url":"https:\/\/lumart.fr\/fr\/","name":"Lum'art","description":"","potentialAction":[{"@type":"SearchAction","target":{"@type":"EntryPoint","urlTemplate":"https:\/\/lumart.fr\/fr\/?s={search_term_string}"},"query-input":"required name=search_term_string"}],"inLanguage":"fr-FR"},{"@type":"ImageObject","@id":"https:\/\/lumart.fr\/fr\/les-collections\/interieur\/appliques\/jeanne-applique-3495\/#primaryimage","inLanguage":"fr-FR","url":"","contentUrl":""},{"@type":"WebPage","@id":"https:\/\/lumart.fr\/fr\/les-collections\/interieur\/appliques\/jeanne-applique-3495\/#webpage","url":"https:\/\/lumart.fr\/fr\/les-collections\/interieur\/appliques\/jeanne-applique-3495\/","name":"Jeanne Applique (3495) - Lum&#039;art","isPartOf":{"@id":"https:\/\/lumart.fr\/fr\/#website"},"primaryImageOfPage":{"@id":"https:\/\/lumart.fr\/fr\/les-collections\/interieur\/appliques\/jeanne-applique-3495\/#primaryimage"},"datePublished":"2023-03-27T10:02:13+00:00","dateModified":"2023-06-23T09:36:15+00:00","description":"Applique murale Lum'Art Jeanne 3495 laiton massif ou laiton et zinc massif avec 5 palmes d'inspiration art nouveau","breadcrumb":{"@id":"https:\/\/lumart.fr\/fr\/les-collections\/interieur\/appliques\/jeanne-applique-3495\/#breadcrumb"},"inLanguage":"fr-FR","potentialAction":[{"@type":"ReadAction","target":["https:\/\/lumart.fr\/fr\/les-collections\/interieur\/appliques\/jeanne-applique-3495\/"]}]},{"@type":"BreadcrumbList","@id":"https:\/\/lumart.fr\/fr\/les-collections\/interieur\/appliques\/jeanne-applique-3495\/#breadcrumb","itemListElement":[{"@type":"ListItem","position":1,"name":"Home","item":"https:\/\/lumart.fr\/fr\/"},{"@type":"ListItem","position":2,"name":"Les Collections","item":"https:\/\/lumart.fr\/fr\/les-collections\/"},{"@type":"ListItem","position":3,"name":"Jeanne - Applique"}]}]}},"_links":{"self":[{"href":"https:\/\/lumart.fr\/fr\/wp-json\/wp\/v2\/product\/12176"}],"collection":[{"href":"https:\/\/lumart.fr\/fr\/wp-json\/wp\/v2\/product"}],"about":[{"href":"https:\/\/lumart.fr\/fr\/wp-json\/wp\/v2\/types\/product"}],"wp:featuredmedia":[{"embeddable":true,"href":"https:\/\/lumart.fr\/fr\/wp-json\/wp\/v2\/media\/12754"}],"wp:attachment":[{"href":"https:\/\/lumart.fr\/fr\/wp-json\/wp\/v2\/media?parent=12176"}],"wp:term":[{"taxonomy":"product_cat","embeddable":true,"href":"https:\/\/lumart.fr\/fr\/wp-json\/wp\/v2\/product_cat?post=12176"},{"taxonomy":"product_tag","embeddable":true,"href":"https:\/\/lumart.fr\/fr\/wp-json\/wp\/v2\/product_tag?post=12176"}],"curies":[{"name":"wp","href":"https:\/\/api.w.org\/{rel}","templated":true}]}}