{"id":12109,"date":"2023-03-22T10:48:54","date_gmt":"2023-03-22T09:48:54","guid":{"rendered":"https:\/\/lumart.fr\/?post_type=product&#038;p=12109"},"modified":"2023-06-13T17:14:42","modified_gmt":"2023-06-13T15:14:42","slug":"lanterne-bougie-perrache-tgm-138-2-b","status":"publish","type":"product","link":"https:\/\/lumart.fr\/fr\/les-collections\/exterieur\/lanternes_bougie\/lanterne-bougie-perrache-tgm-138-2-b\/","title":{"rendered":"Perrache - Lanterne bougie TGM"},"content":{"rendered":"<p>Discr\u00e8te frise en bordure de toit mais verticalit\u00e9 des lignes pour la collection Perrache qui peut lui donner un petit c\u00f4t\u00e9 British ! La seule lanterne du catalogue \u00e0 ne pas avoir de base carr\u00e9e mais rectangulaire, ce qui permet de la d\u00e9cliner en lustre d\u2019int\u00e9rieur avec une ou deux lumi\u00e8res dans la partie basse telle 2 bougies d\u00e9licatement pos\u00e9e.<\/p>\n","protected":false},"excerpt":{"rendered":"<p>Discr\u00e8te frise en bordure de toit mais verticalit\u00e9 des lignes pour la collection Perrache qui peut lui donner un petit c\u00f4t\u00e9 British ! La seule lanterne du catalogue \u00e0 ne pas avoir de base carr\u00e9e mais rectangulaire, ce qui permet de la d\u00e9cliner en lustre d\u2019int\u00e9rieur avec une ou deux lumi\u00e8res dans la partie basse telle 2 bougies d\u00e9licatement pos\u00e9e. <a href=\"https:\/\/lumart.fr\/fr\/les-collections\/exterieur\/lanternes_bougie\/lanterne-bougie-perrache-tgm-138-2-b\/\" class=\"more\">[ &hellip; ]<\/a><\/p>\n","protected":false},"featured_media":12110,"template":"","meta":[],"product_cat":[2053],"product_tag":[],"acf":[],"yoast_head":"<!-- This site is optimized with the Yoast SEO plugin v17.8 - https:\/\/yoast.com\/wordpress\/plugins\/seo\/ -->\n<meta name=\"description\" content=\"Lanterne bougie Lum&#039;Art Perrache TGM 138\/2\/B laiton massif ou zinc massif avec frise et look british \u00e0 poser ou \u00e9lectrifier\" \/>\n<meta name=\"robots\" content=\"index, follow, max-snippet:-1, max-image-preview:large, max-video-preview:-1\" \/>\n<link rel=\"canonical\" href=\"https:\/\/lumart.fr\/fr\/les-collections\/exterieur\/lanternes_bougie\/lanterne-bougie-perrache-tgm-138-2-b\/\" \/>\n<meta property=\"og:locale\" content=\"fr_FR\" \/>\n<meta property=\"og:type\" content=\"article\" \/>\n<meta property=\"og:title\" content=\"Lanterne bougie Perrache, TGM (138\/2\/B) - Lum&#039;art\" \/>\n<meta property=\"og:description\" content=\"Lanterne bougie Lum&#039;Art Perrache TGM 138\/2\/B laiton massif ou zinc massif avec frise et look british \u00e0 poser ou \u00e9lectrifier\" \/>\n<meta property=\"og:url\" content=\"https:\/\/lumart.fr\/fr\/les-collections\/exterieur\/lanternes_bougie\/lanterne-bougie-perrache-tgm-138-2-b\/\" \/>\n<meta property=\"og:site_name\" content=\"Lum&#039;art\" \/>\n<meta property=\"article:publisher\" content=\"https:\/\/www.facebook.com\/LumArt-1543826629180391\/\" \/>\n<meta property=\"article:modified_time\" content=\"2023-06-13T15:14:42+00:00\" \/>\n<meta property=\"og:image\" content=\"https:\/\/lumart.fr\/wp-content\/uploads\/2023\/03\/138-2-B-Lanterne-perrache-tgm-2.jpg\" \/>\n\t<meta property=\"og:image:width\" content=\"1984\" \/>\n\t<meta property=\"og:image:height\" content=\"1323\" \/>\n<meta name=\"twitter:card\" content=\"summary\" \/>\n<script type=\"application\/ld+json\" class=\"yoast-schema-graph\">{\"@context\":\"https:\/\/schema.org\",\"@graph\":[{\"@type\":\"WebSite\",\"@id\":\"https:\/\/lumart.fr\/fr\/#website\",\"url\":\"https:\/\/lumart.fr\/fr\/\",\"name\":\"Lum'art\",\"description\":\"\",\"potentialAction\":[{\"@type\":\"SearchAction\",\"target\":{\"@type\":\"EntryPoint\",\"urlTemplate\":\"https:\/\/lumart.fr\/fr\/?s={search_term_string}\"},\"query-input\":\"required name=search_term_string\"}],\"inLanguage\":\"fr-FR\"},{\"@type\":\"ImageObject\",\"@id\":\"https:\/\/lumart.fr\/fr\/les-collections\/exterieur\/lanternes_bougie\/lanterne-bougie-perrache-tgm-138-2-b\/#primaryimage\",\"inLanguage\":\"fr-FR\",\"url\":\"\/wp-content\/uploads\/2023\/03\/138-2-B-Lanterne-perrache-tgm-2.jpg\",\"contentUrl\":\"\/wp-content\/uploads\/2023\/03\/138-2-B-Lanterne-perrache-tgm-2.jpg\",\"width\":1984,\"height\":1323,\"caption\":\"Lanterne bougie Perrache TGM - Finition vieux zinc\"},{\"@type\":\"WebPage\",\"@id\":\"https:\/\/lumart.fr\/fr\/les-collections\/exterieur\/lanternes_bougie\/lanterne-bougie-perrache-tgm-138-2-b\/#webpage\",\"url\":\"https:\/\/lumart.fr\/fr\/les-collections\/exterieur\/lanternes_bougie\/lanterne-bougie-perrache-tgm-138-2-b\/\",\"name\":\"Lanterne bougie Perrache, TGM (138\/2\/B) - Lum&#039;art\",\"isPartOf\":{\"@id\":\"https:\/\/lumart.fr\/fr\/#website\"},\"primaryImageOfPage\":{\"@id\":\"https:\/\/lumart.fr\/fr\/les-collections\/exterieur\/lanternes_bougie\/lanterne-bougie-perrache-tgm-138-2-b\/#primaryimage\"},\"datePublished\":\"2023-03-22T09:48:54+00:00\",\"dateModified\":\"2023-06-13T15:14:42+00:00\",\"description\":\"Lanterne bougie Lum'Art Perrache TGM 138\/2\/B laiton massif ou zinc massif avec frise et look british \\u00e0 poser ou \\u00e9lectrifier\",\"breadcrumb\":{\"@id\":\"https:\/\/lumart.fr\/fr\/les-collections\/exterieur\/lanternes_bougie\/lanterne-bougie-perrache-tgm-138-2-b\/#breadcrumb\"},\"inLanguage\":\"fr-FR\",\"potentialAction\":[{\"@type\":\"ReadAction\",\"target\":[\"https:\/\/lumart.fr\/fr\/les-collections\/exterieur\/lanternes_bougie\/lanterne-bougie-perrache-tgm-138-2-b\/\"]}]},{\"@type\":\"BreadcrumbList\",\"@id\":\"https:\/\/lumart.fr\/fr\/les-collections\/exterieur\/lanternes_bougie\/lanterne-bougie-perrache-tgm-138-2-b\/#breadcrumb\",\"itemListElement\":[{\"@type\":\"ListItem\",\"position\":1,\"name\":\"Home\",\"item\":\"https:\/\/lumart.fr\/fr\/\"},{\"@type\":\"ListItem\",\"position\":2,\"name\":\"Les Collections\",\"item\":\"https:\/\/lumart.fr\/fr\/les-collections\/\"},{\"@type\":\"ListItem\",\"position\":3,\"name\":\"Perrache - Lanterne bougie TGM\"}]}]}<\/script>\n<!-- \/ Yoast SEO plugin. -->","yoast_head_json":{"description":"Lanterne bougie Lum'Art Perrache TGM 138\/2\/B laiton massif ou zinc massif avec frise et look british \u00e0 poser ou \u00e9lectrifier","robots":{"index":"index","follow":"follow","max-snippet":"max-snippet:-1","max-image-preview":"max-image-preview:large","max-video-preview":"max-video-preview:-1"},"canonical":"https:\/\/lumart.fr\/fr\/les-collections\/exterieur\/lanternes_bougie\/lanterne-bougie-perrache-tgm-138-2-b\/","og_locale":"fr_FR","og_type":"article","og_title":"Lanterne bougie Perrache, TGM (138\/2\/B) - Lum&#039;art","og_description":"Lanterne bougie Lum'Art Perrache TGM 138\/2\/B laiton massif ou zinc massif avec frise et look british \u00e0 poser ou \u00e9lectrifier","og_url":"https:\/\/lumart.fr\/fr\/les-collections\/exterieur\/lanternes_bougie\/lanterne-bougie-perrache-tgm-138-2-b\/","og_site_name":"Lum&#039;art","article_publisher":"https:\/\/www.facebook.com\/LumArt-1543826629180391\/","article_modified_time":"2023-06-13T15:14:42+00:00","og_image":[{"width":1984,"height":1323,"url":"https:\/\/lumart.fr\/wp-content\/uploads\/2023\/03\/138-2-B-Lanterne-perrache-tgm-2.jpg","type":"image\/jpeg"}],"twitter_card":"summary","schema":{"@context":"https:\/\/schema.org","@graph":[{"@type":"WebSite","@id":"https:\/\/lumart.fr\/fr\/#website","url":"https:\/\/lumart.fr\/fr\/","name":"Lum'art","description":"","potentialAction":[{"@type":"SearchAction","target":{"@type":"EntryPoint","urlTemplate":"https:\/\/lumart.fr\/fr\/?s={search_term_string}"},"query-input":"required name=search_term_string"}],"inLanguage":"fr-FR"},{"@type":"ImageObject","@id":"https:\/\/lumart.fr\/fr\/les-collections\/exterieur\/lanternes_bougie\/lanterne-bougie-perrache-tgm-138-2-b\/#primaryimage","inLanguage":"fr-FR","url":"\/wp-content\/uploads\/2023\/03\/138-2-B-Lanterne-perrache-tgm-2.jpg","contentUrl":"\/wp-content\/uploads\/2023\/03\/138-2-B-Lanterne-perrache-tgm-2.jpg","width":1984,"height":1323,"caption":"Lanterne bougie Perrache TGM - Finition vieux zinc"},{"@type":"WebPage","@id":"https:\/\/lumart.fr\/fr\/les-collections\/exterieur\/lanternes_bougie\/lanterne-bougie-perrache-tgm-138-2-b\/#webpage","url":"https:\/\/lumart.fr\/fr\/les-collections\/exterieur\/lanternes_bougie\/lanterne-bougie-perrache-tgm-138-2-b\/","name":"Lanterne bougie Perrache, TGM (138\/2\/B) - Lum&#039;art","isPartOf":{"@id":"https:\/\/lumart.fr\/fr\/#website"},"primaryImageOfPage":{"@id":"https:\/\/lumart.fr\/fr\/les-collections\/exterieur\/lanternes_bougie\/lanterne-bougie-perrache-tgm-138-2-b\/#primaryimage"},"datePublished":"2023-03-22T09:48:54+00:00","dateModified":"2023-06-13T15:14:42+00:00","description":"Lanterne bougie Lum'Art Perrache TGM 138\/2\/B laiton massif ou zinc massif avec frise et look british \u00e0 poser ou \u00e9lectrifier","breadcrumb":{"@id":"https:\/\/lumart.fr\/fr\/les-collections\/exterieur\/lanternes_bougie\/lanterne-bougie-perrache-tgm-138-2-b\/#breadcrumb"},"inLanguage":"fr-FR","potentialAction":[{"@type":"ReadAction","target":["https:\/\/lumart.fr\/fr\/les-collections\/exterieur\/lanternes_bougie\/lanterne-bougie-perrache-tgm-138-2-b\/"]}]},{"@type":"BreadcrumbList","@id":"https:\/\/lumart.fr\/fr\/les-collections\/exterieur\/lanternes_bougie\/lanterne-bougie-perrache-tgm-138-2-b\/#breadcrumb","itemListElement":[{"@type":"ListItem","position":1,"name":"Home","item":"https:\/\/lumart.fr\/fr\/"},{"@type":"ListItem","position":2,"name":"Les Collections","item":"https:\/\/lumart.fr\/fr\/les-collections\/"},{"@type":"ListItem","position":3,"name":"Perrache - Lanterne bougie TGM"}]}]}},"_links":{"self":[{"href":"https:\/\/lumart.fr\/fr\/wp-json\/wp\/v2\/product\/12109"}],"collection":[{"href":"https:\/\/lumart.fr\/fr\/wp-json\/wp\/v2\/product"}],"about":[{"href":"https:\/\/lumart.fr\/fr\/wp-json\/wp\/v2\/types\/product"}],"wp:featuredmedia":[{"embeddable":true,"href":"https:\/\/lumart.fr\/fr\/wp-json\/wp\/v2\/media\/12110"}],"wp:attachment":[{"href":"https:\/\/lumart.fr\/fr\/wp-json\/wp\/v2\/media?parent=12109"}],"wp:term":[{"taxonomy":"product_cat","embeddable":true,"href":"https:\/\/lumart.fr\/fr\/wp-json\/wp\/v2\/product_cat?post=12109"},{"taxonomy":"product_tag","embeddable":true,"href":"https:\/\/lumart.fr\/fr\/wp-json\/wp\/v2\/product_tag?post=12109"}],"curies":[{"name":"wp","href":"https:\/\/api.w.org\/{rel}","templated":true}]}}