{"id":12025,"date":"2022-09-06T15:42:34","date_gmt":"2022-09-06T13:42:34","guid":{"rendered":"https:\/\/lumart.fr\/?post_type=product&#038;p=12025"},"modified":"2023-07-13T16:14:16","modified_gmt":"2023-07-13T14:14:16","slug":"viarme-applique-3473-2","status":"publish","type":"product","link":"https:\/\/lumart.fr\/fr\/les-collections\/interieur\/appliques\/viarme-applique-3473-2\/","title":{"rendered":"Viarme - Applique"},"content":{"rendered":"<p>V\u00e9ritable colonne de lumi\u00e8re, l\u2019applique Viarme est en t\u00f4le de laiton micro perfor\u00e9e. Doubl\u00e9e en son centre, elle ne laisse diffuser qu\u2019un semis de lumi\u00e8re. Toute en longueur et en finesse, elle laissera un encombrement minimum dans les espaces plus \u00e9troits, couloirs, cages d&rsquo;escalier ou autres.<\/p>\n","protected":false},"excerpt":{"rendered":"<p>V\u00e9ritable colonne de lumi\u00e8re, l\u2019applique Viarme est en t\u00f4le de laiton micro perfor\u00e9e. Doubl\u00e9e en son centre, elle ne laisse diffuser qu\u2019un semis de lumi\u00e8re. Toute en longueur et en finesse, elle laissera un encombrement minimum dans les espaces plus \u00e9troits, couloirs, cages d&rsquo;escalier ou autres. <a href=\"https:\/\/lumart.fr\/fr\/les-collections\/interieur\/appliques\/viarme-applique-3473-2\/\" class=\"more\">[ &hellip; ]<\/a><\/p>\n","protected":false},"featured_media":11634,"template":"","meta":[],"product_cat":[229],"product_tag":[],"acf":[],"yoast_head":"<!-- This site is optimized with the Yoast SEO plugin v17.8 - https:\/\/yoast.com\/wordpress\/plugins\/seo\/ -->\n<meta name=\"robots\" content=\"index, follow, max-snippet:-1, max-image-preview:large, max-video-preview:-1\" \/>\n<link rel=\"canonical\" href=\"https:\/\/lumart.fr\/fr\/les-collections\/interieur\/appliques\/viarme-applique-3473-2\/\" \/>\n<meta property=\"og:locale\" content=\"fr_FR\" \/>\n<meta property=\"og:type\" content=\"article\" \/>\n<meta property=\"og:title\" content=\"Viarme Applique (3473\/2) - Lum&#039;art\" \/>\n<meta property=\"og:description\" content=\"V\u00e9ritable colonne de lumi\u00e8re, l\u2019applique Viarme est en t\u00f4le de laiton micro perfor\u00e9e. Doubl\u00e9e en son centre, elle ne laisse diffuser qu\u2019un semis de lumi\u00e8re. Toute en longueur et en finesse, elle laissera un encombrement minimum dans les espaces plus \u00e9troits, couloirs, cages d&#039;escalier ou autres. [ &hellip; ]\" \/>\n<meta property=\"og:url\" content=\"https:\/\/lumart.fr\/fr\/les-collections\/interieur\/appliques\/viarme-applique-3473-2\/\" \/>\n<meta property=\"og:site_name\" content=\"Lum&#039;art\" \/>\n<meta property=\"article:publisher\" content=\"https:\/\/www.facebook.com\/LumArt-1543826629180391\/\" \/>\n<meta property=\"article:modified_time\" content=\"2023-07-13T14:14:16+00:00\" \/>\n<meta property=\"og:image\" content=\"https:\/\/lumart.fr\/wp-content\/uploads\/2021\/10\/3471-2-Applique-Yoko-GM-LB-Lumart-BD-8.jpg\" \/>\n\t<meta property=\"og:image:width\" content=\"1984\" \/>\n\t<meta property=\"og:image:height\" content=\"1323\" \/>\n<meta name=\"twitter:card\" content=\"summary\" \/>\n<script type=\"application\/ld+json\" class=\"yoast-schema-graph\">{\"@context\":\"https:\/\/schema.org\",\"@graph\":[{\"@type\":\"WebSite\",\"@id\":\"https:\/\/lumart.fr\/fr\/#website\",\"url\":\"https:\/\/lumart.fr\/fr\/\",\"name\":\"Lum'art\",\"description\":\"\",\"potentialAction\":[{\"@type\":\"SearchAction\",\"target\":{\"@type\":\"EntryPoint\",\"urlTemplate\":\"https:\/\/lumart.fr\/fr\/?s={search_term_string}\"},\"query-input\":\"required name=search_term_string\"}],\"inLanguage\":\"fr-FR\"},{\"@type\":\"ImageObject\",\"@id\":\"https:\/\/lumart.fr\/fr\/les-collections\/interieur\/appliques\/viarme-applique-3473-2\/#primaryimage\",\"inLanguage\":\"fr-FR\",\"url\":\"\/wp-content\/uploads\/2021\/10\/3471-2-Applique-Yoko-GM-LB-Lumart-BD-8.jpg\",\"contentUrl\":\"\/wp-content\/uploads\/2021\/10\/3471-2-Applique-Yoko-GM-LB-Lumart-BD-8.jpg\",\"width\":1984,\"height\":1323,\"caption\":\"Applique Viarme - Finition laiton bross\\u00e9\"},{\"@type\":\"WebPage\",\"@id\":\"https:\/\/lumart.fr\/fr\/les-collections\/interieur\/appliques\/viarme-applique-3473-2\/#webpage\",\"url\":\"https:\/\/lumart.fr\/fr\/les-collections\/interieur\/appliques\/viarme-applique-3473-2\/\",\"name\":\"Viarme Applique (3473\/2) - Lum&#039;art\",\"isPartOf\":{\"@id\":\"https:\/\/lumart.fr\/fr\/#website\"},\"primaryImageOfPage\":{\"@id\":\"https:\/\/lumart.fr\/fr\/les-collections\/interieur\/appliques\/viarme-applique-3473-2\/#primaryimage\"},\"datePublished\":\"2022-09-06T13:42:34+00:00\",\"dateModified\":\"2023-07-13T14:14:16+00:00\",\"breadcrumb\":{\"@id\":\"https:\/\/lumart.fr\/fr\/les-collections\/interieur\/appliques\/viarme-applique-3473-2\/#breadcrumb\"},\"inLanguage\":\"fr-FR\",\"potentialAction\":[{\"@type\":\"ReadAction\",\"target\":[\"https:\/\/lumart.fr\/fr\/les-collections\/interieur\/appliques\/viarme-applique-3473-2\/\"]}]},{\"@type\":\"BreadcrumbList\",\"@id\":\"https:\/\/lumart.fr\/fr\/les-collections\/interieur\/appliques\/viarme-applique-3473-2\/#breadcrumb\",\"itemListElement\":[{\"@type\":\"ListItem\",\"position\":1,\"name\":\"Home\",\"item\":\"https:\/\/lumart.fr\/fr\/\"},{\"@type\":\"ListItem\",\"position\":2,\"name\":\"Les Collections\",\"item\":\"https:\/\/lumart.fr\/fr\/les-collections\/\"},{\"@type\":\"ListItem\",\"position\":3,\"name\":\"Viarme - Applique\"}]}]}<\/script>\n<!-- \/ Yoast SEO plugin. -->","yoast_head_json":{"robots":{"index":"index","follow":"follow","max-snippet":"max-snippet:-1","max-image-preview":"max-image-preview:large","max-video-preview":"max-video-preview:-1"},"canonical":"https:\/\/lumart.fr\/fr\/les-collections\/interieur\/appliques\/viarme-applique-3473-2\/","og_locale":"fr_FR","og_type":"article","og_title":"Viarme Applique (3473\/2) - Lum&#039;art","og_description":"V\u00e9ritable colonne de lumi\u00e8re, l\u2019applique Viarme est en t\u00f4le de laiton micro perfor\u00e9e. Doubl\u00e9e en son centre, elle ne laisse diffuser qu\u2019un semis de lumi\u00e8re. Toute en longueur et en finesse, elle laissera un encombrement minimum dans les espaces plus \u00e9troits, couloirs, cages d'escalier ou autres. [ &hellip; ]","og_url":"https:\/\/lumart.fr\/fr\/les-collections\/interieur\/appliques\/viarme-applique-3473-2\/","og_site_name":"Lum&#039;art","article_publisher":"https:\/\/www.facebook.com\/LumArt-1543826629180391\/","article_modified_time":"2023-07-13T14:14:16+00:00","og_image":[{"width":1984,"height":1323,"url":"https:\/\/lumart.fr\/wp-content\/uploads\/2021\/10\/3471-2-Applique-Yoko-GM-LB-Lumart-BD-8.jpg","type":"image\/jpeg"}],"twitter_card":"summary","schema":{"@context":"https:\/\/schema.org","@graph":[{"@type":"WebSite","@id":"https:\/\/lumart.fr\/fr\/#website","url":"https:\/\/lumart.fr\/fr\/","name":"Lum'art","description":"","potentialAction":[{"@type":"SearchAction","target":{"@type":"EntryPoint","urlTemplate":"https:\/\/lumart.fr\/fr\/?s={search_term_string}"},"query-input":"required name=search_term_string"}],"inLanguage":"fr-FR"},{"@type":"ImageObject","@id":"https:\/\/lumart.fr\/fr\/les-collections\/interieur\/appliques\/viarme-applique-3473-2\/#primaryimage","inLanguage":"fr-FR","url":"\/wp-content\/uploads\/2021\/10\/3471-2-Applique-Yoko-GM-LB-Lumart-BD-8.jpg","contentUrl":"\/wp-content\/uploads\/2021\/10\/3471-2-Applique-Yoko-GM-LB-Lumart-BD-8.jpg","width":1984,"height":1323,"caption":"Applique Viarme - Finition laiton bross\u00e9"},{"@type":"WebPage","@id":"https:\/\/lumart.fr\/fr\/les-collections\/interieur\/appliques\/viarme-applique-3473-2\/#webpage","url":"https:\/\/lumart.fr\/fr\/les-collections\/interieur\/appliques\/viarme-applique-3473-2\/","name":"Viarme Applique (3473\/2) - Lum&#039;art","isPartOf":{"@id":"https:\/\/lumart.fr\/fr\/#website"},"primaryImageOfPage":{"@id":"https:\/\/lumart.fr\/fr\/les-collections\/interieur\/appliques\/viarme-applique-3473-2\/#primaryimage"},"datePublished":"2022-09-06T13:42:34+00:00","dateModified":"2023-07-13T14:14:16+00:00","breadcrumb":{"@id":"https:\/\/lumart.fr\/fr\/les-collections\/interieur\/appliques\/viarme-applique-3473-2\/#breadcrumb"},"inLanguage":"fr-FR","potentialAction":[{"@type":"ReadAction","target":["https:\/\/lumart.fr\/fr\/les-collections\/interieur\/appliques\/viarme-applique-3473-2\/"]}]},{"@type":"BreadcrumbList","@id":"https:\/\/lumart.fr\/fr\/les-collections\/interieur\/appliques\/viarme-applique-3473-2\/#breadcrumb","itemListElement":[{"@type":"ListItem","position":1,"name":"Home","item":"https:\/\/lumart.fr\/fr\/"},{"@type":"ListItem","position":2,"name":"Les Collections","item":"https:\/\/lumart.fr\/fr\/les-collections\/"},{"@type":"ListItem","position":3,"name":"Viarme - Applique"}]}]}},"_links":{"self":[{"href":"https:\/\/lumart.fr\/fr\/wp-json\/wp\/v2\/product\/12025"}],"collection":[{"href":"https:\/\/lumart.fr\/fr\/wp-json\/wp\/v2\/product"}],"about":[{"href":"https:\/\/lumart.fr\/fr\/wp-json\/wp\/v2\/types\/product"}],"wp:featuredmedia":[{"embeddable":true,"href":"https:\/\/lumart.fr\/fr\/wp-json\/wp\/v2\/media\/11634"}],"wp:attachment":[{"href":"https:\/\/lumart.fr\/fr\/wp-json\/wp\/v2\/media?parent=12025"}],"wp:term":[{"taxonomy":"product_cat","embeddable":true,"href":"https:\/\/lumart.fr\/fr\/wp-json\/wp\/v2\/product_cat?post=12025"},{"taxonomy":"product_tag","embeddable":true,"href":"https:\/\/lumart.fr\/fr\/wp-json\/wp\/v2\/product_tag?post=12025"}],"curies":[{"name":"wp","href":"https:\/\/api.w.org\/{rel}","templated":true}]}}