{"id":11894,"date":"2021-12-10T16:10:29","date_gmt":"2021-12-10T14:10:29","guid":{"rendered":"https:\/\/lumart.fr\/?post_type=product&#038;p=11894"},"modified":"2023-07-13T16:18:18","modified_gmt":"2023-07-13T14:18:18","slug":"7752-spot-chabrol","status":"publish","type":"product","link":"https:\/\/lumart.fr\/fr\/les-collections\/interieur\/spots\/7752-spot-chabrol\/","title":{"rendered":"Chabrol - Spot"},"content":{"rendered":"<p>Le spot Chabrol se place au plafond pour un \u00e9clairage diffus, projetant de jolies ombres. Epur\u00e9 dans son design, le spot Chabrol apporte une touche graphique quand il est jou\u00e9 en s\u00e9rie.<\/p>\n","protected":false},"excerpt":{"rendered":"<p>Le spot Chabrol se place au plafond pour un \u00e9clairage diffus, projetant de jolies ombres. Epur\u00e9 dans son design, le spot Chabrol apporte une touche graphique quand il est jou\u00e9 en s\u00e9rie. <a href=\"https:\/\/lumart.fr\/fr\/les-collections\/interieur\/spots\/7752-spot-chabrol\/\" class=\"more\">[ &hellip; ]<\/a><\/p>\n","protected":false},"featured_media":11890,"template":"","meta":[],"product_cat":[240],"product_tag":[],"acf":[],"yoast_head":"<!-- This site is optimized with the Yoast SEO plugin v17.8 - https:\/\/yoast.com\/wordpress\/plugins\/seo\/ -->\n<meta name=\"robots\" content=\"index, follow, max-snippet:-1, max-image-preview:large, max-video-preview:-1\" \/>\n<link rel=\"canonical\" href=\"https:\/\/lumart.fr\/fr\/les-collections\/interieur\/spots\/7752-spot-chabrol\/\" \/>\n<meta property=\"og:locale\" content=\"fr_FR\" \/>\n<meta property=\"og:type\" content=\"article\" \/>\n<meta property=\"og:title\" content=\"(7752) Spot Chabrol - Lum&#039;art\" \/>\n<meta property=\"og:description\" content=\"Le spot Chabrol se place au plafond pour un \u00e9clairage diffus, projetant de jolies ombres. Epur\u00e9 dans son design, le spot Chabrol apporte une touche graphique quand il est jou\u00e9 en s\u00e9rie. [ &hellip; ]\" \/>\n<meta property=\"og:url\" content=\"https:\/\/lumart.fr\/fr\/les-collections\/interieur\/spots\/7752-spot-chabrol\/\" \/>\n<meta property=\"og:site_name\" content=\"Lum&#039;art\" \/>\n<meta property=\"article:publisher\" content=\"https:\/\/www.facebook.com\/LumArt-1543826629180391\/\" \/>\n<meta property=\"article:modified_time\" content=\"2023-07-13T14:18:18+00:00\" \/>\n<meta property=\"og:image\" content=\"https:\/\/lumart.fr\/wp-content\/uploads\/2021\/12\/BD-spotNewOct2018-1.jpg\" \/>\n\t<meta property=\"og:image:width\" content=\"2551\" \/>\n\t<meta property=\"og:image:height\" content=\"1701\" \/>\n<meta name=\"twitter:card\" content=\"summary\" \/>\n<script type=\"application\/ld+json\" class=\"yoast-schema-graph\">{\"@context\":\"https:\/\/schema.org\",\"@graph\":[{\"@type\":\"WebSite\",\"@id\":\"https:\/\/lumart.fr\/fr\/#website\",\"url\":\"https:\/\/lumart.fr\/fr\/\",\"name\":\"Lum'art\",\"description\":\"\",\"potentialAction\":[{\"@type\":\"SearchAction\",\"target\":{\"@type\":\"EntryPoint\",\"urlTemplate\":\"https:\/\/lumart.fr\/fr\/?s={search_term_string}\"},\"query-input\":\"required name=search_term_string\"}],\"inLanguage\":\"fr-FR\"},{\"@type\":\"ImageObject\",\"@id\":\"https:\/\/lumart.fr\/fr\/les-collections\/interieur\/spots\/7752-spot-chabrol\/#primaryimage\",\"inLanguage\":\"fr-FR\",\"url\":\"\/wp-content\/uploads\/2021\/12\/BD-spotNewOct2018-1.jpg\",\"contentUrl\":\"\/wp-content\/uploads\/2021\/12\/BD-spotNewOct2018-1.jpg\",\"width\":2551,\"height\":1701,\"caption\":\"Spot Chabrol - Finition laiton bross\\u00e9\"},{\"@type\":\"WebPage\",\"@id\":\"https:\/\/lumart.fr\/fr\/les-collections\/interieur\/spots\/7752-spot-chabrol\/#webpage\",\"url\":\"https:\/\/lumart.fr\/fr\/les-collections\/interieur\/spots\/7752-spot-chabrol\/\",\"name\":\"(7752) Spot Chabrol - Lum&#039;art\",\"isPartOf\":{\"@id\":\"https:\/\/lumart.fr\/fr\/#website\"},\"primaryImageOfPage\":{\"@id\":\"https:\/\/lumart.fr\/fr\/les-collections\/interieur\/spots\/7752-spot-chabrol\/#primaryimage\"},\"datePublished\":\"2021-12-10T14:10:29+00:00\",\"dateModified\":\"2023-07-13T14:18:18+00:00\",\"breadcrumb\":{\"@id\":\"https:\/\/lumart.fr\/fr\/les-collections\/interieur\/spots\/7752-spot-chabrol\/#breadcrumb\"},\"inLanguage\":\"fr-FR\",\"potentialAction\":[{\"@type\":\"ReadAction\",\"target\":[\"https:\/\/lumart.fr\/fr\/les-collections\/interieur\/spots\/7752-spot-chabrol\/\"]}]},{\"@type\":\"BreadcrumbList\",\"@id\":\"https:\/\/lumart.fr\/fr\/les-collections\/interieur\/spots\/7752-spot-chabrol\/#breadcrumb\",\"itemListElement\":[{\"@type\":\"ListItem\",\"position\":1,\"name\":\"Home\",\"item\":\"https:\/\/lumart.fr\/fr\/\"},{\"@type\":\"ListItem\",\"position\":2,\"name\":\"Les Collections\",\"item\":\"https:\/\/lumart.fr\/fr\/les-collections\/\"},{\"@type\":\"ListItem\",\"position\":3,\"name\":\"Chabrol - Spot\"}]}]}<\/script>\n<!-- \/ Yoast SEO plugin. -->","yoast_head_json":{"robots":{"index":"index","follow":"follow","max-snippet":"max-snippet:-1","max-image-preview":"max-image-preview:large","max-video-preview":"max-video-preview:-1"},"canonical":"https:\/\/lumart.fr\/fr\/les-collections\/interieur\/spots\/7752-spot-chabrol\/","og_locale":"fr_FR","og_type":"article","og_title":"(7752) Spot Chabrol - Lum&#039;art","og_description":"Le spot Chabrol se place au plafond pour un \u00e9clairage diffus, projetant de jolies ombres. Epur\u00e9 dans son design, le spot Chabrol apporte une touche graphique quand il est jou\u00e9 en s\u00e9rie. [ &hellip; ]","og_url":"https:\/\/lumart.fr\/fr\/les-collections\/interieur\/spots\/7752-spot-chabrol\/","og_site_name":"Lum&#039;art","article_publisher":"https:\/\/www.facebook.com\/LumArt-1543826629180391\/","article_modified_time":"2023-07-13T14:18:18+00:00","og_image":[{"width":2551,"height":1701,"url":"https:\/\/lumart.fr\/wp-content\/uploads\/2021\/12\/BD-spotNewOct2018-1.jpg","type":"image\/jpeg"}],"twitter_card":"summary","schema":{"@context":"https:\/\/schema.org","@graph":[{"@type":"WebSite","@id":"https:\/\/lumart.fr\/fr\/#website","url":"https:\/\/lumart.fr\/fr\/","name":"Lum'art","description":"","potentialAction":[{"@type":"SearchAction","target":{"@type":"EntryPoint","urlTemplate":"https:\/\/lumart.fr\/fr\/?s={search_term_string}"},"query-input":"required name=search_term_string"}],"inLanguage":"fr-FR"},{"@type":"ImageObject","@id":"https:\/\/lumart.fr\/fr\/les-collections\/interieur\/spots\/7752-spot-chabrol\/#primaryimage","inLanguage":"fr-FR","url":"\/wp-content\/uploads\/2021\/12\/BD-spotNewOct2018-1.jpg","contentUrl":"\/wp-content\/uploads\/2021\/12\/BD-spotNewOct2018-1.jpg","width":2551,"height":1701,"caption":"Spot Chabrol - Finition laiton bross\u00e9"},{"@type":"WebPage","@id":"https:\/\/lumart.fr\/fr\/les-collections\/interieur\/spots\/7752-spot-chabrol\/#webpage","url":"https:\/\/lumart.fr\/fr\/les-collections\/interieur\/spots\/7752-spot-chabrol\/","name":"(7752) Spot Chabrol - Lum&#039;art","isPartOf":{"@id":"https:\/\/lumart.fr\/fr\/#website"},"primaryImageOfPage":{"@id":"https:\/\/lumart.fr\/fr\/les-collections\/interieur\/spots\/7752-spot-chabrol\/#primaryimage"},"datePublished":"2021-12-10T14:10:29+00:00","dateModified":"2023-07-13T14:18:18+00:00","breadcrumb":{"@id":"https:\/\/lumart.fr\/fr\/les-collections\/interieur\/spots\/7752-spot-chabrol\/#breadcrumb"},"inLanguage":"fr-FR","potentialAction":[{"@type":"ReadAction","target":["https:\/\/lumart.fr\/fr\/les-collections\/interieur\/spots\/7752-spot-chabrol\/"]}]},{"@type":"BreadcrumbList","@id":"https:\/\/lumart.fr\/fr\/les-collections\/interieur\/spots\/7752-spot-chabrol\/#breadcrumb","itemListElement":[{"@type":"ListItem","position":1,"name":"Home","item":"https:\/\/lumart.fr\/fr\/"},{"@type":"ListItem","position":2,"name":"Les Collections","item":"https:\/\/lumart.fr\/fr\/les-collections\/"},{"@type":"ListItem","position":3,"name":"Chabrol - Spot"}]}]}},"_links":{"self":[{"href":"https:\/\/lumart.fr\/fr\/wp-json\/wp\/v2\/product\/11894"}],"collection":[{"href":"https:\/\/lumart.fr\/fr\/wp-json\/wp\/v2\/product"}],"about":[{"href":"https:\/\/lumart.fr\/fr\/wp-json\/wp\/v2\/types\/product"}],"wp:featuredmedia":[{"embeddable":true,"href":"https:\/\/lumart.fr\/fr\/wp-json\/wp\/v2\/media\/11890"}],"wp:attachment":[{"href":"https:\/\/lumart.fr\/fr\/wp-json\/wp\/v2\/media?parent=11894"}],"wp:term":[{"taxonomy":"product_cat","embeddable":true,"href":"https:\/\/lumart.fr\/fr\/wp-json\/wp\/v2\/product_cat?post=11894"},{"taxonomy":"product_tag","embeddable":true,"href":"https:\/\/lumart.fr\/fr\/wp-json\/wp\/v2\/product_tag?post=11894"}],"curies":[{"name":"wp","href":"https:\/\/api.w.org\/{rel}","templated":true}]}}