{"id":11784,"date":"2021-10-23T16:06:00","date_gmt":"2021-10-23T14:06:00","guid":{"rendered":"https:\/\/lumart.fr\/?post_type=product&#038;p=11784"},"modified":"2023-07-19T16:28:00","modified_gmt":"2023-07-19T14:28:00","slug":"potence-izapan-mm-82801","status":"publish","type":"product","link":"https:\/\/lumart.fr\/fr\/les-collections\/exterieur\/accroches\/potence-izapan-mm-82801\/","title":{"rendered":" MM"},"content":{"rendered":"<p>En fer forg\u00e9 ou en laiton, la potence est le compl\u00e9ment n\u00e9cessaire \u00e0 votre lanterne pour l\u2019accrocher au mur. Le choix de la dimension de cette potence (distance du mur \u00e0 l\u2019axe de la lanterne) va d\u00e9pendre de la taille de la lanterne. Plus la lanterne est grande, plus elle devra \u00eatre d\u00e9port\u00e9e du mur. A partir des tailles TGM et suivantes, on pr\u00e9f\u00e8rera les potences en fer forg\u00e9 plus r\u00e9sistantes. Les potences sont \u00e9galement disponibles en potence d\u2019angle. L\u2019\u00e9quipe Lum\u2019art est \u00e0 votre disposition pour vous aider dans votre choix.<\/p>\n","protected":false},"excerpt":{"rendered":"<p>En fer forg\u00e9 ou en laiton, la potence est le compl\u00e9ment n\u00e9cessaire \u00e0 votre lanterne pour l\u2019accrocher au mur. Le choix de la dimension de cette potence (distance du mur \u00e0 l\u2019axe de la lanterne) va d\u00e9pendre de la taille de la lanterne. Plus la lanterne est grande, plus elle devra \u00eatre d\u00e9port\u00e9e du mur. A partir des tailles TGM et suivantes, on pr\u00e9f\u00e8rera les potences en fer forg\u00e9 plus r\u00e9sistantes. Les potences sont \u00e9galement disponibles en potence d\u2019angle. L\u2019\u00e9quipe Lum\u2019art est \u00e0 votre disposition pour vous aider dans votre choix. <a href=\"https:\/\/lumart.fr\/fr\/les-collections\/exterieur\/accroches\/potence-izapan-mm-82801\/\" class=\"more\">[ &hellip; ]<\/a><\/p>\n","protected":false},"featured_media":11987,"template":"","meta":[],"product_cat":[244],"product_tag":[],"acf":[],"yoast_head":"<!-- This site is optimized with the Yoast SEO plugin v17.8 - https:\/\/yoast.com\/wordpress\/plugins\/seo\/ -->\n<meta name=\"robots\" content=\"index, follow, max-snippet:-1, max-image-preview:large, max-video-preview:-1\" \/>\n<link rel=\"canonical\" href=\"https:\/\/lumart.fr\/fr\/les-collections\/exterieur\/accroches\/potence-izapan-mm-82801\/\" \/>\n<meta property=\"og:locale\" content=\"fr_FR\" \/>\n<meta property=\"og:type\" content=\"article\" \/>\n<meta property=\"og:title\" content=\"Potence Izapan MM (82801) - Lum&#039;art\" \/>\n<meta property=\"og:description\" content=\"En fer forg\u00e9 ou en laiton, la potence est le compl\u00e9ment n\u00e9cessaire \u00e0 votre lanterne pour l\u2019accrocher au mur. Le choix de la dimension de cette potence (distance du mur \u00e0 l\u2019axe de la lanterne) va d\u00e9pendre de la taille de la lanterne. Plus la lanterne est grande, plus elle devra \u00eatre d\u00e9port\u00e9e du mur. A partir des tailles TGM et suivantes, on pr\u00e9f\u00e8rera les potences en fer forg\u00e9 plus r\u00e9sistantes. Les potences sont \u00e9galement disponibles en potence d\u2019angle. L\u2019\u00e9quipe Lum\u2019art est \u00e0 votre disposition pour vous aider dans votre choix. [ &hellip; ]\" \/>\n<meta property=\"og:url\" content=\"https:\/\/lumart.fr\/fr\/les-collections\/exterieur\/accroches\/potence-izapan-mm-82801\/\" \/>\n<meta property=\"og:site_name\" content=\"Lum&#039;art\" \/>\n<meta property=\"article:publisher\" content=\"https:\/\/www.facebook.com\/LumArt-1543826629180391\/\" \/>\n<meta property=\"article:modified_time\" content=\"2023-07-19T14:28:00+00:00\" \/>\n<meta property=\"og:image\" content=\"https:\/\/lumart.fr\/wp-content\/uploads\/2022\/01\/82801-Potence-Izapan-MM-Lumart-BD.jpg\" \/>\n\t<meta property=\"og:image:width\" content=\"1984\" \/>\n\t<meta property=\"og:image:height\" content=\"1323\" \/>\n<meta name=\"twitter:card\" content=\"summary\" \/>\n<meta name=\"twitter:label1\" content=\"Dur\u00e9e de lecture estim\u00e9e\" \/>\n\t<meta name=\"twitter:data1\" content=\"1 minute\" \/>\n<script type=\"application\/ld+json\" class=\"yoast-schema-graph\">{\"@context\":\"https:\/\/schema.org\",\"@graph\":[{\"@type\":\"WebSite\",\"@id\":\"https:\/\/lumart.fr\/fr\/#website\",\"url\":\"https:\/\/lumart.fr\/fr\/\",\"name\":\"Lum'art\",\"description\":\"\",\"potentialAction\":[{\"@type\":\"SearchAction\",\"target\":{\"@type\":\"EntryPoint\",\"urlTemplate\":\"https:\/\/lumart.fr\/fr\/?s={search_term_string}\"},\"query-input\":\"required name=search_term_string\"}],\"inLanguage\":\"fr-FR\"},{\"@type\":\"ImageObject\",\"@id\":\"https:\/\/lumart.fr\/fr\/les-collections\/exterieur\/accroches\/potence-izapan-mm-82801\/#primaryimage\",\"inLanguage\":\"fr-FR\",\"url\":\"\/wp-content\/uploads\/2022\/01\/82801-Potence-Izapan-MM-Lumart-BD.jpg\",\"contentUrl\":\"\/wp-content\/uploads\/2022\/01\/82801-Potence-Izapan-MM-Lumart-BD.jpg\",\"width\":1984,\"height\":1323,\"caption\":\"Potence Izapan MM - Finition vieux laiton\"},{\"@type\":\"WebPage\",\"@id\":\"https:\/\/lumart.fr\/fr\/les-collections\/exterieur\/accroches\/potence-izapan-mm-82801\/#webpage\",\"url\":\"https:\/\/lumart.fr\/fr\/les-collections\/exterieur\/accroches\/potence-izapan-mm-82801\/\",\"name\":\"Potence Izapan MM (82801) - Lum&#039;art\",\"isPartOf\":{\"@id\":\"https:\/\/lumart.fr\/fr\/#website\"},\"primaryImageOfPage\":{\"@id\":\"https:\/\/lumart.fr\/fr\/les-collections\/exterieur\/accroches\/potence-izapan-mm-82801\/#primaryimage\"},\"datePublished\":\"2021-10-23T14:06:00+00:00\",\"dateModified\":\"2023-07-19T14:28:00+00:00\",\"breadcrumb\":{\"@id\":\"https:\/\/lumart.fr\/fr\/les-collections\/exterieur\/accroches\/potence-izapan-mm-82801\/#breadcrumb\"},\"inLanguage\":\"fr-FR\",\"potentialAction\":[{\"@type\":\"ReadAction\",\"target\":[\"https:\/\/lumart.fr\/fr\/les-collections\/exterieur\/accroches\/potence-izapan-mm-82801\/\"]}]},{\"@type\":\"BreadcrumbList\",\"@id\":\"https:\/\/lumart.fr\/fr\/les-collections\/exterieur\/accroches\/potence-izapan-mm-82801\/#breadcrumb\",\"itemListElement\":[{\"@type\":\"ListItem\",\"position\":1,\"name\":\"Home\",\"item\":\"https:\/\/lumart.fr\/fr\/\"},{\"@type\":\"ListItem\",\"position\":2,\"name\":\"Les Collections\",\"item\":\"https:\/\/lumart.fr\/fr\/les-collections\/\"},{\"@type\":\"ListItem\",\"position\":3,\"name\":\"MM\"}]}]}<\/script>\n<!-- \/ Yoast SEO plugin. -->","yoast_head_json":{"robots":{"index":"index","follow":"follow","max-snippet":"max-snippet:-1","max-image-preview":"max-image-preview:large","max-video-preview":"max-video-preview:-1"},"canonical":"https:\/\/lumart.fr\/fr\/les-collections\/exterieur\/accroches\/potence-izapan-mm-82801\/","og_locale":"fr_FR","og_type":"article","og_title":"Potence Izapan MM (82801) - Lum&#039;art","og_description":"En fer forg\u00e9 ou en laiton, la potence est le compl\u00e9ment n\u00e9cessaire \u00e0 votre lanterne pour l\u2019accrocher au mur. Le choix de la dimension de cette potence (distance du mur \u00e0 l\u2019axe de la lanterne) va d\u00e9pendre de la taille de la lanterne. Plus la lanterne est grande, plus elle devra \u00eatre d\u00e9port\u00e9e du mur. A partir des tailles TGM et suivantes, on pr\u00e9f\u00e8rera les potences en fer forg\u00e9 plus r\u00e9sistantes. Les potences sont \u00e9galement disponibles en potence d\u2019angle. L\u2019\u00e9quipe Lum\u2019art est \u00e0 votre disposition pour vous aider dans votre choix. [ &hellip; ]","og_url":"https:\/\/lumart.fr\/fr\/les-collections\/exterieur\/accroches\/potence-izapan-mm-82801\/","og_site_name":"Lum&#039;art","article_publisher":"https:\/\/www.facebook.com\/LumArt-1543826629180391\/","article_modified_time":"2023-07-19T14:28:00+00:00","og_image":[{"width":1984,"height":1323,"url":"https:\/\/lumart.fr\/wp-content\/uploads\/2022\/01\/82801-Potence-Izapan-MM-Lumart-BD.jpg","type":"image\/jpeg"}],"twitter_card":"summary","twitter_misc":{"Dur\u00e9e de lecture estim\u00e9e":"1 minute"},"schema":{"@context":"https:\/\/schema.org","@graph":[{"@type":"WebSite","@id":"https:\/\/lumart.fr\/fr\/#website","url":"https:\/\/lumart.fr\/fr\/","name":"Lum'art","description":"","potentialAction":[{"@type":"SearchAction","target":{"@type":"EntryPoint","urlTemplate":"https:\/\/lumart.fr\/fr\/?s={search_term_string}"},"query-input":"required name=search_term_string"}],"inLanguage":"fr-FR"},{"@type":"ImageObject","@id":"https:\/\/lumart.fr\/fr\/les-collections\/exterieur\/accroches\/potence-izapan-mm-82801\/#primaryimage","inLanguage":"fr-FR","url":"\/wp-content\/uploads\/2022\/01\/82801-Potence-Izapan-MM-Lumart-BD.jpg","contentUrl":"\/wp-content\/uploads\/2022\/01\/82801-Potence-Izapan-MM-Lumart-BD.jpg","width":1984,"height":1323,"caption":"Potence Izapan MM - Finition vieux laiton"},{"@type":"WebPage","@id":"https:\/\/lumart.fr\/fr\/les-collections\/exterieur\/accroches\/potence-izapan-mm-82801\/#webpage","url":"https:\/\/lumart.fr\/fr\/les-collections\/exterieur\/accroches\/potence-izapan-mm-82801\/","name":"Potence Izapan MM (82801) - Lum&#039;art","isPartOf":{"@id":"https:\/\/lumart.fr\/fr\/#website"},"primaryImageOfPage":{"@id":"https:\/\/lumart.fr\/fr\/les-collections\/exterieur\/accroches\/potence-izapan-mm-82801\/#primaryimage"},"datePublished":"2021-10-23T14:06:00+00:00","dateModified":"2023-07-19T14:28:00+00:00","breadcrumb":{"@id":"https:\/\/lumart.fr\/fr\/les-collections\/exterieur\/accroches\/potence-izapan-mm-82801\/#breadcrumb"},"inLanguage":"fr-FR","potentialAction":[{"@type":"ReadAction","target":["https:\/\/lumart.fr\/fr\/les-collections\/exterieur\/accroches\/potence-izapan-mm-82801\/"]}]},{"@type":"BreadcrumbList","@id":"https:\/\/lumart.fr\/fr\/les-collections\/exterieur\/accroches\/potence-izapan-mm-82801\/#breadcrumb","itemListElement":[{"@type":"ListItem","position":1,"name":"Home","item":"https:\/\/lumart.fr\/fr\/"},{"@type":"ListItem","position":2,"name":"Les Collections","item":"https:\/\/lumart.fr\/fr\/les-collections\/"},{"@type":"ListItem","position":3,"name":"MM"}]}]}},"_links":{"self":[{"href":"https:\/\/lumart.fr\/fr\/wp-json\/wp\/v2\/product\/11784"}],"collection":[{"href":"https:\/\/lumart.fr\/fr\/wp-json\/wp\/v2\/product"}],"about":[{"href":"https:\/\/lumart.fr\/fr\/wp-json\/wp\/v2\/types\/product"}],"wp:featuredmedia":[{"embeddable":true,"href":"https:\/\/lumart.fr\/fr\/wp-json\/wp\/v2\/media\/11987"}],"wp:attachment":[{"href":"https:\/\/lumart.fr\/fr\/wp-json\/wp\/v2\/media?parent=11784"}],"wp:term":[{"taxonomy":"product_cat","embeddable":true,"href":"https:\/\/lumart.fr\/fr\/wp-json\/wp\/v2\/product_cat?post=11784"},{"taxonomy":"product_tag","embeddable":true,"href":"https:\/\/lumart.fr\/fr\/wp-json\/wp\/v2\/product_tag?post=11784"}],"curies":[{"name":"wp","href":"https:\/\/api.w.org\/{rel}","templated":true}]}}