{"id":11780,"date":"2021-10-23T15:32:13","date_gmt":"2021-10-23T13:32:13","guid":{"rendered":"https:\/\/lumart.fr\/?post_type=product&#038;p=11780"},"modified":"2023-07-19T16:31:18","modified_gmt":"2023-07-19T14:31:18","slug":"applique-izapan-tgm-2118","status":"publish","type":"product","link":"https:\/\/lumart.fr\/fr\/les-collections\/exterieur\/appliques-exterieur\/applique-izapan-tgm-2118\/","title":{"rendered":"Izapan - Applique TGM"},"content":{"rendered":"<p>Tr\u00e8s contemporaine dans sa ligne mais structurellement rattach\u00e9e \u00e0 l&rsquo;univers des lanternes classique, Izapan fait le pont entre modernit\u00e9 et tradition. Il est facile de l&rsquo;associer \u00e0 tout type de b\u00e2ti, y compris dans l&rsquo;univers Art D\u00e9co, si particulier.<\/p>\n","protected":false},"excerpt":{"rendered":"<p>Tr\u00e8s contemporaine dans sa ligne mais structurellement rattach\u00e9e \u00e0 l&rsquo;univers des lanternes classique, Izapan fait le pont entre modernit\u00e9 et tradition. Il est facile de l&rsquo;associer \u00e0 tout type de b\u00e2ti, y compris dans l&rsquo;univers Art D\u00e9co, si particulier. <a href=\"https:\/\/lumart.fr\/fr\/les-collections\/exterieur\/appliques-exterieur\/applique-izapan-tgm-2118\/\" class=\"more\">[ &hellip; ]<\/a><\/p>\n","protected":false},"featured_media":11590,"template":"","meta":[],"product_cat":[231],"product_tag":[],"acf":[],"yoast_head":"<!-- This site is optimized with the Yoast SEO plugin v17.8 - https:\/\/yoast.com\/wordpress\/plugins\/seo\/ -->\n<meta name=\"robots\" content=\"index, follow, max-snippet:-1, max-image-preview:large, max-video-preview:-1\" \/>\n<link rel=\"canonical\" href=\"https:\/\/lumart.fr\/fr\/les-collections\/exterieur\/appliques-exterieur\/applique-izapan-tgm-2118\/\" \/>\n<meta property=\"og:locale\" content=\"fr_FR\" \/>\n<meta property=\"og:type\" content=\"article\" \/>\n<meta property=\"og:title\" content=\"Applique Izapan TGM (2118) - Lum&#039;art\" \/>\n<meta property=\"og:description\" content=\"Tr\u00e8s contemporaine dans sa ligne mais structurellement rattach\u00e9e \u00e0 l&#039;univers des lanternes classique, Izapan fait le pont entre modernit\u00e9 et tradition. Il est facile de l&#039;associer \u00e0 tout type de b\u00e2ti, y compris dans l&#039;univers Art D\u00e9co, si particulier. [ &hellip; ]\" \/>\n<meta property=\"og:url\" content=\"https:\/\/lumart.fr\/fr\/les-collections\/exterieur\/appliques-exterieur\/applique-izapan-tgm-2118\/\" \/>\n<meta property=\"og:site_name\" content=\"Lum&#039;art\" \/>\n<meta property=\"article:publisher\" content=\"https:\/\/www.facebook.com\/LumArt-1543826629180391\/\" \/>\n<meta property=\"article:modified_time\" content=\"2023-07-19T14:31:18+00:00\" \/>\n<meta property=\"og:image\" content=\"https:\/\/lumart.fr\/wp-content\/uploads\/2021\/10\/2118-Applique-Izapan-TGM-VL-Lumart-BD-2.jpg\" \/>\n\t<meta property=\"og:image:width\" content=\"1984\" \/>\n\t<meta property=\"og:image:height\" content=\"1323\" \/>\n<meta name=\"twitter:card\" content=\"summary\" \/>\n<script type=\"application\/ld+json\" class=\"yoast-schema-graph\">{\"@context\":\"https:\/\/schema.org\",\"@graph\":[{\"@type\":\"WebSite\",\"@id\":\"https:\/\/lumart.fr\/fr\/#website\",\"url\":\"https:\/\/lumart.fr\/fr\/\",\"name\":\"Lum'art\",\"description\":\"\",\"potentialAction\":[{\"@type\":\"SearchAction\",\"target\":{\"@type\":\"EntryPoint\",\"urlTemplate\":\"https:\/\/lumart.fr\/fr\/?s={search_term_string}\"},\"query-input\":\"required name=search_term_string\"}],\"inLanguage\":\"fr-FR\"},{\"@type\":\"ImageObject\",\"@id\":\"https:\/\/lumart.fr\/fr\/les-collections\/exterieur\/appliques-exterieur\/applique-izapan-tgm-2118\/#primaryimage\",\"inLanguage\":\"fr-FR\",\"url\":\"\/wp-content\/uploads\/2021\/10\/2118-Applique-Izapan-TGM-VL-Lumart-BD-2.jpg\",\"contentUrl\":\"\/wp-content\/uploads\/2021\/10\/2118-Applique-Izapan-TGM-VL-Lumart-BD-2.jpg\",\"width\":1984,\"height\":1323,\"caption\":\"Applique Izapan TGM - Finition vieux laiton\"},{\"@type\":\"WebPage\",\"@id\":\"https:\/\/lumart.fr\/fr\/les-collections\/exterieur\/appliques-exterieur\/applique-izapan-tgm-2118\/#webpage\",\"url\":\"https:\/\/lumart.fr\/fr\/les-collections\/exterieur\/appliques-exterieur\/applique-izapan-tgm-2118\/\",\"name\":\"Applique Izapan TGM (2118) - Lum&#039;art\",\"isPartOf\":{\"@id\":\"https:\/\/lumart.fr\/fr\/#website\"},\"primaryImageOfPage\":{\"@id\":\"https:\/\/lumart.fr\/fr\/les-collections\/exterieur\/appliques-exterieur\/applique-izapan-tgm-2118\/#primaryimage\"},\"datePublished\":\"2021-10-23T13:32:13+00:00\",\"dateModified\":\"2023-07-19T14:31:18+00:00\",\"breadcrumb\":{\"@id\":\"https:\/\/lumart.fr\/fr\/les-collections\/exterieur\/appliques-exterieur\/applique-izapan-tgm-2118\/#breadcrumb\"},\"inLanguage\":\"fr-FR\",\"potentialAction\":[{\"@type\":\"ReadAction\",\"target\":[\"https:\/\/lumart.fr\/fr\/les-collections\/exterieur\/appliques-exterieur\/applique-izapan-tgm-2118\/\"]}]},{\"@type\":\"BreadcrumbList\",\"@id\":\"https:\/\/lumart.fr\/fr\/les-collections\/exterieur\/appliques-exterieur\/applique-izapan-tgm-2118\/#breadcrumb\",\"itemListElement\":[{\"@type\":\"ListItem\",\"position\":1,\"name\":\"Home\",\"item\":\"https:\/\/lumart.fr\/fr\/\"},{\"@type\":\"ListItem\",\"position\":2,\"name\":\"Les Collections\",\"item\":\"https:\/\/lumart.fr\/fr\/les-collections\/\"},{\"@type\":\"ListItem\",\"position\":3,\"name\":\"Izapan - Applique TGM\"}]}]}<\/script>\n<!-- \/ Yoast SEO plugin. -->","yoast_head_json":{"robots":{"index":"index","follow":"follow","max-snippet":"max-snippet:-1","max-image-preview":"max-image-preview:large","max-video-preview":"max-video-preview:-1"},"canonical":"https:\/\/lumart.fr\/fr\/les-collections\/exterieur\/appliques-exterieur\/applique-izapan-tgm-2118\/","og_locale":"fr_FR","og_type":"article","og_title":"Applique Izapan TGM (2118) - Lum&#039;art","og_description":"Tr\u00e8s contemporaine dans sa ligne mais structurellement rattach\u00e9e \u00e0 l'univers des lanternes classique, Izapan fait le pont entre modernit\u00e9 et tradition. Il est facile de l'associer \u00e0 tout type de b\u00e2ti, y compris dans l'univers Art D\u00e9co, si particulier. [ &hellip; ]","og_url":"https:\/\/lumart.fr\/fr\/les-collections\/exterieur\/appliques-exterieur\/applique-izapan-tgm-2118\/","og_site_name":"Lum&#039;art","article_publisher":"https:\/\/www.facebook.com\/LumArt-1543826629180391\/","article_modified_time":"2023-07-19T14:31:18+00:00","og_image":[{"width":1984,"height":1323,"url":"https:\/\/lumart.fr\/wp-content\/uploads\/2021\/10\/2118-Applique-Izapan-TGM-VL-Lumart-BD-2.jpg","type":"image\/jpeg"}],"twitter_card":"summary","schema":{"@context":"https:\/\/schema.org","@graph":[{"@type":"WebSite","@id":"https:\/\/lumart.fr\/fr\/#website","url":"https:\/\/lumart.fr\/fr\/","name":"Lum'art","description":"","potentialAction":[{"@type":"SearchAction","target":{"@type":"EntryPoint","urlTemplate":"https:\/\/lumart.fr\/fr\/?s={search_term_string}"},"query-input":"required name=search_term_string"}],"inLanguage":"fr-FR"},{"@type":"ImageObject","@id":"https:\/\/lumart.fr\/fr\/les-collections\/exterieur\/appliques-exterieur\/applique-izapan-tgm-2118\/#primaryimage","inLanguage":"fr-FR","url":"\/wp-content\/uploads\/2021\/10\/2118-Applique-Izapan-TGM-VL-Lumart-BD-2.jpg","contentUrl":"\/wp-content\/uploads\/2021\/10\/2118-Applique-Izapan-TGM-VL-Lumart-BD-2.jpg","width":1984,"height":1323,"caption":"Applique Izapan TGM - Finition vieux laiton"},{"@type":"WebPage","@id":"https:\/\/lumart.fr\/fr\/les-collections\/exterieur\/appliques-exterieur\/applique-izapan-tgm-2118\/#webpage","url":"https:\/\/lumart.fr\/fr\/les-collections\/exterieur\/appliques-exterieur\/applique-izapan-tgm-2118\/","name":"Applique Izapan TGM (2118) - Lum&#039;art","isPartOf":{"@id":"https:\/\/lumart.fr\/fr\/#website"},"primaryImageOfPage":{"@id":"https:\/\/lumart.fr\/fr\/les-collections\/exterieur\/appliques-exterieur\/applique-izapan-tgm-2118\/#primaryimage"},"datePublished":"2021-10-23T13:32:13+00:00","dateModified":"2023-07-19T14:31:18+00:00","breadcrumb":{"@id":"https:\/\/lumart.fr\/fr\/les-collections\/exterieur\/appliques-exterieur\/applique-izapan-tgm-2118\/#breadcrumb"},"inLanguage":"fr-FR","potentialAction":[{"@type":"ReadAction","target":["https:\/\/lumart.fr\/fr\/les-collections\/exterieur\/appliques-exterieur\/applique-izapan-tgm-2118\/"]}]},{"@type":"BreadcrumbList","@id":"https:\/\/lumart.fr\/fr\/les-collections\/exterieur\/appliques-exterieur\/applique-izapan-tgm-2118\/#breadcrumb","itemListElement":[{"@type":"ListItem","position":1,"name":"Home","item":"https:\/\/lumart.fr\/fr\/"},{"@type":"ListItem","position":2,"name":"Les Collections","item":"https:\/\/lumart.fr\/fr\/les-collections\/"},{"@type":"ListItem","position":3,"name":"Izapan - Applique TGM"}]}]}},"_links":{"self":[{"href":"https:\/\/lumart.fr\/fr\/wp-json\/wp\/v2\/product\/11780"}],"collection":[{"href":"https:\/\/lumart.fr\/fr\/wp-json\/wp\/v2\/product"}],"about":[{"href":"https:\/\/lumart.fr\/fr\/wp-json\/wp\/v2\/types\/product"}],"wp:featuredmedia":[{"embeddable":true,"href":"https:\/\/lumart.fr\/fr\/wp-json\/wp\/v2\/media\/11590"}],"wp:attachment":[{"href":"https:\/\/lumart.fr\/fr\/wp-json\/wp\/v2\/media?parent=11780"}],"wp:term":[{"taxonomy":"product_cat","embeddable":true,"href":"https:\/\/lumart.fr\/fr\/wp-json\/wp\/v2\/product_cat?post=11780"},{"taxonomy":"product_tag","embeddable":true,"href":"https:\/\/lumart.fr\/fr\/wp-json\/wp\/v2\/product_tag?post=11780"}],"curies":[{"name":"wp","href":"https:\/\/api.w.org\/{rel}","templated":true}]}}