{"id":11768,"date":"2021-10-22T17:21:49","date_gmt":"2021-10-22T15:21:49","guid":{"rendered":"https:\/\/lumart.fr\/?post_type=product&#038;p=11768"},"modified":"2023-06-15T16:25:05","modified_gmt":"2023-06-15T14:25:05","slug":"lanterne-bougie-izapan-gm-186-b","status":"publish","type":"product","link":"https:\/\/lumart.fr\/fr\/les-collections\/exterieur\/lanternes_bougie\/lanterne-bougie-izapan-gm-186-b\/","title":{"rendered":"Izapan - Lanterne bougie GM"},"content":{"rendered":"<p>Tr\u00e8s contemporaine dans sa ligne mais structurellement rattach\u00e9e \u00e0 l&rsquo;univers des lanternes classique, Izapan fait le pont entre modernit\u00e9 et tradition. Il est facile de l&rsquo;associer \u00e0 tout type de b\u00e2ti, y compris dans l&rsquo;univers Art D\u00e9co, si particulier.<\/p>\n","protected":false},"excerpt":{"rendered":"<p>Tr\u00e8s contemporaine dans sa ligne mais structurellement rattach\u00e9e \u00e0 l&rsquo;univers des lanternes classique, Izapan fait le pont entre modernit\u00e9 et tradition. Il est facile de l&rsquo;associer \u00e0 tout type de b\u00e2ti, y compris dans l&rsquo;univers Art D\u00e9co, si particulier. <a href=\"https:\/\/lumart.fr\/fr\/les-collections\/exterieur\/lanternes_bougie\/lanterne-bougie-izapan-gm-186-b\/\" class=\"more\">[ &hellip; ]<\/a><\/p>\n","protected":false},"featured_media":11714,"template":"","meta":[],"product_cat":[2053],"product_tag":[],"acf":[],"yoast_head":"<!-- This site is optimized with the Yoast SEO plugin v17.8 - https:\/\/yoast.com\/wordpress\/plugins\/seo\/ -->\n<meta name=\"robots\" content=\"index, follow, max-snippet:-1, max-image-preview:large, max-video-preview:-1\" \/>\n<link rel=\"canonical\" href=\"https:\/\/lumart.fr\/fr\/les-collections\/exterieur\/lanternes_bougie\/lanterne-bougie-izapan-gm-186-b\/\" \/>\n<meta property=\"og:locale\" content=\"fr_FR\" \/>\n<meta property=\"og:type\" content=\"article\" \/>\n<meta property=\"og:title\" content=\"Lanterne bougie Izapan GM (186\/B) - Lum&#039;art\" \/>\n<meta property=\"og:description\" content=\"Tr\u00e8s contemporaine dans sa ligne mais structurellement rattach\u00e9e \u00e0 l&#039;univers des lanternes classique, Izapan fait le pont entre modernit\u00e9 et tradition. Il est facile de l&#039;associer \u00e0 tout type de b\u00e2ti, y compris dans l&#039;univers Art D\u00e9co, si particulier. [ &hellip; ]\" \/>\n<meta property=\"og:url\" content=\"https:\/\/lumart.fr\/fr\/les-collections\/exterieur\/lanternes_bougie\/lanterne-bougie-izapan-gm-186-b\/\" \/>\n<meta property=\"og:site_name\" content=\"Lum&#039;art\" \/>\n<meta property=\"article:publisher\" content=\"https:\/\/www.facebook.com\/LumArt-1543826629180391\/\" \/>\n<meta property=\"article:modified_time\" content=\"2023-06-15T14:25:05+00:00\" \/>\n<meta property=\"og:image\" content=\"https:\/\/lumart.fr\/wp-content\/uploads\/2021\/10\/186-B-Lanterne-Izapan-GM-VL-Lumart-BD-5.jpg\" \/>\n\t<meta property=\"og:image:width\" content=\"1984\" \/>\n\t<meta property=\"og:image:height\" content=\"1323\" \/>\n<meta name=\"twitter:card\" content=\"summary\" \/>\n<script type=\"application\/ld+json\" class=\"yoast-schema-graph\">{\"@context\":\"https:\/\/schema.org\",\"@graph\":[{\"@type\":\"WebSite\",\"@id\":\"https:\/\/lumart.fr\/fr\/#website\",\"url\":\"https:\/\/lumart.fr\/fr\/\",\"name\":\"Lum'art\",\"description\":\"\",\"potentialAction\":[{\"@type\":\"SearchAction\",\"target\":{\"@type\":\"EntryPoint\",\"urlTemplate\":\"https:\/\/lumart.fr\/fr\/?s={search_term_string}\"},\"query-input\":\"required name=search_term_string\"}],\"inLanguage\":\"fr-FR\"},{\"@type\":\"ImageObject\",\"@id\":\"https:\/\/lumart.fr\/fr\/les-collections\/exterieur\/lanternes_bougie\/lanterne-bougie-izapan-gm-186-b\/#primaryimage\",\"inLanguage\":\"fr-FR\",\"url\":\"\/wp-content\/uploads\/2021\/10\/186-B-Lanterne-Izapan-GM-VL-Lumart-BD-5.jpg\",\"contentUrl\":\"\/wp-content\/uploads\/2021\/10\/186-B-Lanterne-Izapan-GM-VL-Lumart-BD-5.jpg\",\"width\":1984,\"height\":1323,\"caption\":\"Lanterne bougie Izapan GM - Finition vieux laiton\"},{\"@type\":\"WebPage\",\"@id\":\"https:\/\/lumart.fr\/fr\/les-collections\/exterieur\/lanternes_bougie\/lanterne-bougie-izapan-gm-186-b\/#webpage\",\"url\":\"https:\/\/lumart.fr\/fr\/les-collections\/exterieur\/lanternes_bougie\/lanterne-bougie-izapan-gm-186-b\/\",\"name\":\"Lanterne bougie Izapan GM (186\/B) - Lum&#039;art\",\"isPartOf\":{\"@id\":\"https:\/\/lumart.fr\/fr\/#website\"},\"primaryImageOfPage\":{\"@id\":\"https:\/\/lumart.fr\/fr\/les-collections\/exterieur\/lanternes_bougie\/lanterne-bougie-izapan-gm-186-b\/#primaryimage\"},\"datePublished\":\"2021-10-22T15:21:49+00:00\",\"dateModified\":\"2023-06-15T14:25:05+00:00\",\"breadcrumb\":{\"@id\":\"https:\/\/lumart.fr\/fr\/les-collections\/exterieur\/lanternes_bougie\/lanterne-bougie-izapan-gm-186-b\/#breadcrumb\"},\"inLanguage\":\"fr-FR\",\"potentialAction\":[{\"@type\":\"ReadAction\",\"target\":[\"https:\/\/lumart.fr\/fr\/les-collections\/exterieur\/lanternes_bougie\/lanterne-bougie-izapan-gm-186-b\/\"]}]},{\"@type\":\"BreadcrumbList\",\"@id\":\"https:\/\/lumart.fr\/fr\/les-collections\/exterieur\/lanternes_bougie\/lanterne-bougie-izapan-gm-186-b\/#breadcrumb\",\"itemListElement\":[{\"@type\":\"ListItem\",\"position\":1,\"name\":\"Home\",\"item\":\"https:\/\/lumart.fr\/fr\/\"},{\"@type\":\"ListItem\",\"position\":2,\"name\":\"Les Collections\",\"item\":\"https:\/\/lumart.fr\/fr\/les-collections\/\"},{\"@type\":\"ListItem\",\"position\":3,\"name\":\"Izapan - Lanterne bougie GM\"}]}]}<\/script>\n<!-- \/ Yoast SEO plugin. -->","yoast_head_json":{"robots":{"index":"index","follow":"follow","max-snippet":"max-snippet:-1","max-image-preview":"max-image-preview:large","max-video-preview":"max-video-preview:-1"},"canonical":"https:\/\/lumart.fr\/fr\/les-collections\/exterieur\/lanternes_bougie\/lanterne-bougie-izapan-gm-186-b\/","og_locale":"fr_FR","og_type":"article","og_title":"Lanterne bougie Izapan GM (186\/B) - Lum&#039;art","og_description":"Tr\u00e8s contemporaine dans sa ligne mais structurellement rattach\u00e9e \u00e0 l'univers des lanternes classique, Izapan fait le pont entre modernit\u00e9 et tradition. Il est facile de l'associer \u00e0 tout type de b\u00e2ti, y compris dans l'univers Art D\u00e9co, si particulier. [ &hellip; ]","og_url":"https:\/\/lumart.fr\/fr\/les-collections\/exterieur\/lanternes_bougie\/lanterne-bougie-izapan-gm-186-b\/","og_site_name":"Lum&#039;art","article_publisher":"https:\/\/www.facebook.com\/LumArt-1543826629180391\/","article_modified_time":"2023-06-15T14:25:05+00:00","og_image":[{"width":1984,"height":1323,"url":"https:\/\/lumart.fr\/wp-content\/uploads\/2021\/10\/186-B-Lanterne-Izapan-GM-VL-Lumart-BD-5.jpg","type":"image\/jpeg"}],"twitter_card":"summary","schema":{"@context":"https:\/\/schema.org","@graph":[{"@type":"WebSite","@id":"https:\/\/lumart.fr\/fr\/#website","url":"https:\/\/lumart.fr\/fr\/","name":"Lum'art","description":"","potentialAction":[{"@type":"SearchAction","target":{"@type":"EntryPoint","urlTemplate":"https:\/\/lumart.fr\/fr\/?s={search_term_string}"},"query-input":"required name=search_term_string"}],"inLanguage":"fr-FR"},{"@type":"ImageObject","@id":"https:\/\/lumart.fr\/fr\/les-collections\/exterieur\/lanternes_bougie\/lanterne-bougie-izapan-gm-186-b\/#primaryimage","inLanguage":"fr-FR","url":"\/wp-content\/uploads\/2021\/10\/186-B-Lanterne-Izapan-GM-VL-Lumart-BD-5.jpg","contentUrl":"\/wp-content\/uploads\/2021\/10\/186-B-Lanterne-Izapan-GM-VL-Lumart-BD-5.jpg","width":1984,"height":1323,"caption":"Lanterne bougie Izapan GM - Finition vieux laiton"},{"@type":"WebPage","@id":"https:\/\/lumart.fr\/fr\/les-collections\/exterieur\/lanternes_bougie\/lanterne-bougie-izapan-gm-186-b\/#webpage","url":"https:\/\/lumart.fr\/fr\/les-collections\/exterieur\/lanternes_bougie\/lanterne-bougie-izapan-gm-186-b\/","name":"Lanterne bougie Izapan GM (186\/B) - Lum&#039;art","isPartOf":{"@id":"https:\/\/lumart.fr\/fr\/#website"},"primaryImageOfPage":{"@id":"https:\/\/lumart.fr\/fr\/les-collections\/exterieur\/lanternes_bougie\/lanterne-bougie-izapan-gm-186-b\/#primaryimage"},"datePublished":"2021-10-22T15:21:49+00:00","dateModified":"2023-06-15T14:25:05+00:00","breadcrumb":{"@id":"https:\/\/lumart.fr\/fr\/les-collections\/exterieur\/lanternes_bougie\/lanterne-bougie-izapan-gm-186-b\/#breadcrumb"},"inLanguage":"fr-FR","potentialAction":[{"@type":"ReadAction","target":["https:\/\/lumart.fr\/fr\/les-collections\/exterieur\/lanternes_bougie\/lanterne-bougie-izapan-gm-186-b\/"]}]},{"@type":"BreadcrumbList","@id":"https:\/\/lumart.fr\/fr\/les-collections\/exterieur\/lanternes_bougie\/lanterne-bougie-izapan-gm-186-b\/#breadcrumb","itemListElement":[{"@type":"ListItem","position":1,"name":"Home","item":"https:\/\/lumart.fr\/fr\/"},{"@type":"ListItem","position":2,"name":"Les Collections","item":"https:\/\/lumart.fr\/fr\/les-collections\/"},{"@type":"ListItem","position":3,"name":"Izapan - Lanterne bougie GM"}]}]}},"_links":{"self":[{"href":"https:\/\/lumart.fr\/fr\/wp-json\/wp\/v2\/product\/11768"}],"collection":[{"href":"https:\/\/lumart.fr\/fr\/wp-json\/wp\/v2\/product"}],"about":[{"href":"https:\/\/lumart.fr\/fr\/wp-json\/wp\/v2\/types\/product"}],"wp:featuredmedia":[{"embeddable":true,"href":"https:\/\/lumart.fr\/fr\/wp-json\/wp\/v2\/media\/11714"}],"wp:attachment":[{"href":"https:\/\/lumart.fr\/fr\/wp-json\/wp\/v2\/media?parent=11768"}],"wp:term":[{"taxonomy":"product_cat","embeddable":true,"href":"https:\/\/lumart.fr\/fr\/wp-json\/wp\/v2\/product_cat?post=11768"},{"taxonomy":"product_tag","embeddable":true,"href":"https:\/\/lumart.fr\/fr\/wp-json\/wp\/v2\/product_tag?post=11768"}],"curies":[{"name":"wp","href":"https:\/\/api.w.org\/{rel}","templated":true}]}}