{"id":11763,"date":"2021-10-22T15:31:43","date_gmt":"2021-10-22T13:31:43","guid":{"rendered":"https:\/\/lumart.fr\/?post_type=product&#038;p=11763"},"modified":"2023-07-20T11:01:28","modified_gmt":"2023-07-20T09:01:28","slug":"izapan-lanterne-mm-185","status":"publish","type":"product","link":"https:\/\/lumart.fr\/fr\/les-collections\/exterieur\/lanternes\/izapan-lanterne-mm-185\/","title":{"rendered":"Izapan - Lanterne MM"},"content":{"rendered":"<p>Tr\u00e8s contemporaine dans sa ligne mais structurellement rattach\u00e9e \u00e0 l&rsquo;univers des lanternes classique, Izapan fait le pont entre modernit\u00e9 et tradition. Il est facile de l&rsquo;associer \u00e0 tout type de b\u00e2ti, y compris dans l&rsquo;univers Art D\u00e9co, si particulier. Si le mode d&rsquo;accroche choisi est la potence, associer cette lanterne \u00e0 la potence Izapan, sp\u00e9cialement con\u00e7ue pour s&rsquo;adapter au design de celle-ci.<\/p>\n","protected":false},"excerpt":{"rendered":"<p>Tr\u00e8s contemporaine dans sa ligne mais structurellement rattach\u00e9e \u00e0 l&rsquo;univers des lanternes classique, Izapan fait le pont entre modernit\u00e9 et tradition. Il est facile de l&rsquo;associer \u00e0 tout type de b\u00e2ti, y compris dans l&rsquo;univers Art D\u00e9co, si particulier. Si le mode d&rsquo;accroche choisi est la potence, associer cette lanterne \u00e0 la potence Izapan, sp\u00e9cialement con\u00e7ue pour s&rsquo;adapter au design de celle-ci. <a href=\"https:\/\/lumart.fr\/fr\/les-collections\/exterieur\/lanternes\/izapan-lanterne-mm-185\/\" class=\"more\">[ &hellip; ]<\/a><\/p>\n","protected":false},"featured_media":11544,"template":"","meta":[],"product_cat":[233],"product_tag":[],"acf":[],"yoast_head":"<!-- This site is optimized with the Yoast SEO plugin v17.8 - https:\/\/yoast.com\/wordpress\/plugins\/seo\/ -->\n<meta name=\"robots\" content=\"index, follow, max-snippet:-1, max-image-preview:large, max-video-preview:-1\" \/>\n<link rel=\"canonical\" href=\"https:\/\/lumart.fr\/fr\/les-collections\/exterieur\/lanternes\/izapan-lanterne-mm-185\/\" \/>\n<meta property=\"og:locale\" content=\"fr_FR\" \/>\n<meta property=\"og:type\" content=\"article\" \/>\n<meta property=\"og:title\" content=\"Izapan lanterne MM (185) - Lum&#039;art\" \/>\n<meta property=\"og:description\" content=\"Tr\u00e8s contemporaine dans sa ligne mais structurellement rattach\u00e9e \u00e0 l&#039;univers des lanternes classique, Izapan fait le pont entre modernit\u00e9 et tradition. Il est facile de l&#039;associer \u00e0 tout type de b\u00e2ti, y compris dans l&#039;univers Art D\u00e9co, si particulier. Si le mode d&#039;accroche choisi est la potence, associer cette lanterne \u00e0 la potence Izapan, sp\u00e9cialement con\u00e7ue pour s&#039;adapter au design de celle-ci. [ &hellip; ]\" \/>\n<meta property=\"og:url\" content=\"https:\/\/lumart.fr\/fr\/les-collections\/exterieur\/lanternes\/izapan-lanterne-mm-185\/\" \/>\n<meta property=\"og:site_name\" content=\"Lum&#039;art\" \/>\n<meta property=\"article:publisher\" content=\"https:\/\/www.facebook.com\/LumArt-1543826629180391\/\" \/>\n<meta property=\"article:modified_time\" content=\"2023-07-20T09:01:28+00:00\" \/>\n<meta property=\"og:image\" content=\"https:\/\/lumart.fr\/wp-content\/uploads\/2021\/10\/185-Lanterne-Izapan-MM-VL-Lumart-BD-2.jpg\" \/>\n\t<meta property=\"og:image:width\" content=\"1984\" \/>\n\t<meta property=\"og:image:height\" content=\"1323\" \/>\n<meta name=\"twitter:card\" content=\"summary\" \/>\n<script type=\"application\/ld+json\" class=\"yoast-schema-graph\">{\"@context\":\"https:\/\/schema.org\",\"@graph\":[{\"@type\":\"WebSite\",\"@id\":\"https:\/\/lumart.fr\/fr\/#website\",\"url\":\"https:\/\/lumart.fr\/fr\/\",\"name\":\"Lum'art\",\"description\":\"\",\"potentialAction\":[{\"@type\":\"SearchAction\",\"target\":{\"@type\":\"EntryPoint\",\"urlTemplate\":\"https:\/\/lumart.fr\/fr\/?s={search_term_string}\"},\"query-input\":\"required name=search_term_string\"}],\"inLanguage\":\"fr-FR\"},{\"@type\":\"ImageObject\",\"@id\":\"https:\/\/lumart.fr\/fr\/les-collections\/exterieur\/lanternes\/izapan-lanterne-mm-185\/#primaryimage\",\"inLanguage\":\"fr-FR\",\"url\":\"\/wp-content\/uploads\/2021\/10\/185-Lanterne-Izapan-MM-VL-Lumart-BD-2.jpg\",\"contentUrl\":\"\/wp-content\/uploads\/2021\/10\/185-Lanterne-Izapan-MM-VL-Lumart-BD-2.jpg\",\"width\":1984,\"height\":1323,\"caption\":\"Lanterne Izapan MM - Finition vieux laiton\"},{\"@type\":\"WebPage\",\"@id\":\"https:\/\/lumart.fr\/fr\/les-collections\/exterieur\/lanternes\/izapan-lanterne-mm-185\/#webpage\",\"url\":\"https:\/\/lumart.fr\/fr\/les-collections\/exterieur\/lanternes\/izapan-lanterne-mm-185\/\",\"name\":\"Izapan lanterne MM (185) - Lum&#039;art\",\"isPartOf\":{\"@id\":\"https:\/\/lumart.fr\/fr\/#website\"},\"primaryImageOfPage\":{\"@id\":\"https:\/\/lumart.fr\/fr\/les-collections\/exterieur\/lanternes\/izapan-lanterne-mm-185\/#primaryimage\"},\"datePublished\":\"2021-10-22T13:31:43+00:00\",\"dateModified\":\"2023-07-20T09:01:28+00:00\",\"breadcrumb\":{\"@id\":\"https:\/\/lumart.fr\/fr\/les-collections\/exterieur\/lanternes\/izapan-lanterne-mm-185\/#breadcrumb\"},\"inLanguage\":\"fr-FR\",\"potentialAction\":[{\"@type\":\"ReadAction\",\"target\":[\"https:\/\/lumart.fr\/fr\/les-collections\/exterieur\/lanternes\/izapan-lanterne-mm-185\/\"]}]},{\"@type\":\"BreadcrumbList\",\"@id\":\"https:\/\/lumart.fr\/fr\/les-collections\/exterieur\/lanternes\/izapan-lanterne-mm-185\/#breadcrumb\",\"itemListElement\":[{\"@type\":\"ListItem\",\"position\":1,\"name\":\"Home\",\"item\":\"https:\/\/lumart.fr\/fr\/\"},{\"@type\":\"ListItem\",\"position\":2,\"name\":\"Les Collections\",\"item\":\"https:\/\/lumart.fr\/fr\/les-collections\/\"},{\"@type\":\"ListItem\",\"position\":3,\"name\":\"Izapan - Lanterne MM\"}]}]}<\/script>\n<!-- \/ Yoast SEO plugin. -->","yoast_head_json":{"robots":{"index":"index","follow":"follow","max-snippet":"max-snippet:-1","max-image-preview":"max-image-preview:large","max-video-preview":"max-video-preview:-1"},"canonical":"https:\/\/lumart.fr\/fr\/les-collections\/exterieur\/lanternes\/izapan-lanterne-mm-185\/","og_locale":"fr_FR","og_type":"article","og_title":"Izapan lanterne MM (185) - Lum&#039;art","og_description":"Tr\u00e8s contemporaine dans sa ligne mais structurellement rattach\u00e9e \u00e0 l'univers des lanternes classique, Izapan fait le pont entre modernit\u00e9 et tradition. Il est facile de l'associer \u00e0 tout type de b\u00e2ti, y compris dans l'univers Art D\u00e9co, si particulier. Si le mode d'accroche choisi est la potence, associer cette lanterne \u00e0 la potence Izapan, sp\u00e9cialement con\u00e7ue pour s'adapter au design de celle-ci. [ &hellip; ]","og_url":"https:\/\/lumart.fr\/fr\/les-collections\/exterieur\/lanternes\/izapan-lanterne-mm-185\/","og_site_name":"Lum&#039;art","article_publisher":"https:\/\/www.facebook.com\/LumArt-1543826629180391\/","article_modified_time":"2023-07-20T09:01:28+00:00","og_image":[{"width":1984,"height":1323,"url":"https:\/\/lumart.fr\/wp-content\/uploads\/2021\/10\/185-Lanterne-Izapan-MM-VL-Lumart-BD-2.jpg","type":"image\/jpeg"}],"twitter_card":"summary","schema":{"@context":"https:\/\/schema.org","@graph":[{"@type":"WebSite","@id":"https:\/\/lumart.fr\/fr\/#website","url":"https:\/\/lumart.fr\/fr\/","name":"Lum'art","description":"","potentialAction":[{"@type":"SearchAction","target":{"@type":"EntryPoint","urlTemplate":"https:\/\/lumart.fr\/fr\/?s={search_term_string}"},"query-input":"required name=search_term_string"}],"inLanguage":"fr-FR"},{"@type":"ImageObject","@id":"https:\/\/lumart.fr\/fr\/les-collections\/exterieur\/lanternes\/izapan-lanterne-mm-185\/#primaryimage","inLanguage":"fr-FR","url":"\/wp-content\/uploads\/2021\/10\/185-Lanterne-Izapan-MM-VL-Lumart-BD-2.jpg","contentUrl":"\/wp-content\/uploads\/2021\/10\/185-Lanterne-Izapan-MM-VL-Lumart-BD-2.jpg","width":1984,"height":1323,"caption":"Lanterne Izapan MM - Finition vieux laiton"},{"@type":"WebPage","@id":"https:\/\/lumart.fr\/fr\/les-collections\/exterieur\/lanternes\/izapan-lanterne-mm-185\/#webpage","url":"https:\/\/lumart.fr\/fr\/les-collections\/exterieur\/lanternes\/izapan-lanterne-mm-185\/","name":"Izapan lanterne MM (185) - Lum&#039;art","isPartOf":{"@id":"https:\/\/lumart.fr\/fr\/#website"},"primaryImageOfPage":{"@id":"https:\/\/lumart.fr\/fr\/les-collections\/exterieur\/lanternes\/izapan-lanterne-mm-185\/#primaryimage"},"datePublished":"2021-10-22T13:31:43+00:00","dateModified":"2023-07-20T09:01:28+00:00","breadcrumb":{"@id":"https:\/\/lumart.fr\/fr\/les-collections\/exterieur\/lanternes\/izapan-lanterne-mm-185\/#breadcrumb"},"inLanguage":"fr-FR","potentialAction":[{"@type":"ReadAction","target":["https:\/\/lumart.fr\/fr\/les-collections\/exterieur\/lanternes\/izapan-lanterne-mm-185\/"]}]},{"@type":"BreadcrumbList","@id":"https:\/\/lumart.fr\/fr\/les-collections\/exterieur\/lanternes\/izapan-lanterne-mm-185\/#breadcrumb","itemListElement":[{"@type":"ListItem","position":1,"name":"Home","item":"https:\/\/lumart.fr\/fr\/"},{"@type":"ListItem","position":2,"name":"Les Collections","item":"https:\/\/lumart.fr\/fr\/les-collections\/"},{"@type":"ListItem","position":3,"name":"Izapan - Lanterne MM"}]}]}},"_links":{"self":[{"href":"https:\/\/lumart.fr\/fr\/wp-json\/wp\/v2\/product\/11763"}],"collection":[{"href":"https:\/\/lumart.fr\/fr\/wp-json\/wp\/v2\/product"}],"about":[{"href":"https:\/\/lumart.fr\/fr\/wp-json\/wp\/v2\/types\/product"}],"wp:featuredmedia":[{"embeddable":true,"href":"https:\/\/lumart.fr\/fr\/wp-json\/wp\/v2\/media\/11544"}],"wp:attachment":[{"href":"https:\/\/lumart.fr\/fr\/wp-json\/wp\/v2\/media?parent=11763"}],"wp:term":[{"taxonomy":"product_cat","embeddable":true,"href":"https:\/\/lumart.fr\/fr\/wp-json\/wp\/v2\/product_cat?post=11763"},{"taxonomy":"product_tag","embeddable":true,"href":"https:\/\/lumart.fr\/fr\/wp-json\/wp\/v2\/product_tag?post=11763"}],"curies":[{"name":"wp","href":"https:\/\/api.w.org\/{rel}","templated":true}]}}