{"id":11753,"date":"2021-10-14T22:25:09","date_gmt":"2021-10-14T20:25:09","guid":{"rendered":"https:\/\/lumart.fr\/?post_type=product&#038;p=11753"},"modified":"2023-07-20T11:05:32","modified_gmt":"2023-07-20T09:05:32","slug":"suspension-bellecour-ext-ttgm-184","status":"publish","type":"product","link":"https:\/\/lumart.fr\/fr\/les-collections\/exterieur\/suspensions-exterieur\/suspension-bellecour-ext-ttgm-184\/","title":{"rendered":"Bellecour - Suspension TTGM"},"content":{"rendered":"<p>Nouveau classique, la collection Bellecour signe un grand nombre de cr\u00e9ations architecturales contemporaines. Tout en transparence et en sobri\u00e9t\u00e9, elle s\u2019accommode \u00e9galement de b\u00e2ti plus traditionnel voire ancien auquel elle donne une touche design.<\/p>\n","protected":false},"excerpt":{"rendered":"<p>Nouveau classique, la collection Bellecour signe un grand nombre de cr\u00e9ations architecturales contemporaines. Tout en transparence et en sobri\u00e9t\u00e9, elle s\u2019accommode \u00e9galement de b\u00e2ti plus traditionnel voire ancien auquel elle donne une touche design. <a href=\"https:\/\/lumart.fr\/fr\/les-collections\/exterieur\/suspensions-exterieur\/suspension-bellecour-ext-ttgm-184\/\" class=\"more\">[ &hellip; ]<\/a><\/p>\n","protected":false},"featured_media":11540,"template":"","meta":[],"product_cat":[236],"product_tag":[],"acf":[],"yoast_head":"<!-- This site is optimized with the Yoast SEO plugin v17.8 - https:\/\/yoast.com\/wordpress\/plugins\/seo\/ -->\n<meta name=\"robots\" content=\"index, follow, max-snippet:-1, max-image-preview:large, max-video-preview:-1\" \/>\n<link rel=\"canonical\" href=\"https:\/\/lumart.fr\/fr\/les-collections\/exterieur\/suspensions-exterieur\/suspension-bellecour-ext-ttgm-184\/\" \/>\n<meta property=\"og:locale\" content=\"fr_FR\" \/>\n<meta property=\"og:type\" content=\"article\" \/>\n<meta property=\"og:title\" content=\"Suspension Bellecour ext TTGM (184) - Lum&#039;art\" \/>\n<meta property=\"og:description\" content=\"Nouveau classique, la collection Bellecour signe un grand nombre de cr\u00e9ations architecturales contemporaines. Tout en transparence et en sobri\u00e9t\u00e9, elle s\u2019accommode \u00e9galement de b\u00e2ti plus traditionnel voire ancien auquel elle donne une touche design. [ &hellip; ]\" \/>\n<meta property=\"og:url\" content=\"https:\/\/lumart.fr\/fr\/les-collections\/exterieur\/suspensions-exterieur\/suspension-bellecour-ext-ttgm-184\/\" \/>\n<meta property=\"og:site_name\" content=\"Lum&#039;art\" \/>\n<meta property=\"article:publisher\" content=\"https:\/\/www.facebook.com\/LumArt-1543826629180391\/\" \/>\n<meta property=\"article:modified_time\" content=\"2023-07-20T09:05:32+00:00\" \/>\n<meta property=\"og:image\" content=\"https:\/\/lumart.fr\/wp-content\/uploads\/2021\/10\/184-Suspension-ect-Bellecour-TTGM-VL-Lumart-BD-2.jpg\" \/>\n\t<meta property=\"og:image:width\" content=\"1984\" \/>\n\t<meta property=\"og:image:height\" content=\"1323\" \/>\n<meta name=\"twitter:card\" content=\"summary\" \/>\n<script type=\"application\/ld+json\" class=\"yoast-schema-graph\">{\"@context\":\"https:\/\/schema.org\",\"@graph\":[{\"@type\":\"WebSite\",\"@id\":\"https:\/\/lumart.fr\/fr\/#website\",\"url\":\"https:\/\/lumart.fr\/fr\/\",\"name\":\"Lum'art\",\"description\":\"\",\"potentialAction\":[{\"@type\":\"SearchAction\",\"target\":{\"@type\":\"EntryPoint\",\"urlTemplate\":\"https:\/\/lumart.fr\/fr\/?s={search_term_string}\"},\"query-input\":\"required name=search_term_string\"}],\"inLanguage\":\"fr-FR\"},{\"@type\":\"ImageObject\",\"@id\":\"https:\/\/lumart.fr\/fr\/les-collections\/exterieur\/suspensions-exterieur\/suspension-bellecour-ext-ttgm-184\/#primaryimage\",\"inLanguage\":\"fr-FR\",\"url\":\"\/wp-content\/uploads\/2021\/10\/184-Suspension-ect-Bellecour-TTGM-VL-Lumart-BD-2.jpg\",\"contentUrl\":\"\/wp-content\/uploads\/2021\/10\/184-Suspension-ect-Bellecour-TTGM-VL-Lumart-BD-2.jpg\",\"width\":1984,\"height\":1323,\"caption\":\"Suspension Bellecour TTGM - Finition vieux laiton\"},{\"@type\":\"WebPage\",\"@id\":\"https:\/\/lumart.fr\/fr\/les-collections\/exterieur\/suspensions-exterieur\/suspension-bellecour-ext-ttgm-184\/#webpage\",\"url\":\"https:\/\/lumart.fr\/fr\/les-collections\/exterieur\/suspensions-exterieur\/suspension-bellecour-ext-ttgm-184\/\",\"name\":\"Suspension Bellecour ext TTGM (184) - Lum&#039;art\",\"isPartOf\":{\"@id\":\"https:\/\/lumart.fr\/fr\/#website\"},\"primaryImageOfPage\":{\"@id\":\"https:\/\/lumart.fr\/fr\/les-collections\/exterieur\/suspensions-exterieur\/suspension-bellecour-ext-ttgm-184\/#primaryimage\"},\"datePublished\":\"2021-10-14T20:25:09+00:00\",\"dateModified\":\"2023-07-20T09:05:32+00:00\",\"breadcrumb\":{\"@id\":\"https:\/\/lumart.fr\/fr\/les-collections\/exterieur\/suspensions-exterieur\/suspension-bellecour-ext-ttgm-184\/#breadcrumb\"},\"inLanguage\":\"fr-FR\",\"potentialAction\":[{\"@type\":\"ReadAction\",\"target\":[\"https:\/\/lumart.fr\/fr\/les-collections\/exterieur\/suspensions-exterieur\/suspension-bellecour-ext-ttgm-184\/\"]}]},{\"@type\":\"BreadcrumbList\",\"@id\":\"https:\/\/lumart.fr\/fr\/les-collections\/exterieur\/suspensions-exterieur\/suspension-bellecour-ext-ttgm-184\/#breadcrumb\",\"itemListElement\":[{\"@type\":\"ListItem\",\"position\":1,\"name\":\"Home\",\"item\":\"https:\/\/lumart.fr\/fr\/\"},{\"@type\":\"ListItem\",\"position\":2,\"name\":\"Les Collections\",\"item\":\"https:\/\/lumart.fr\/fr\/les-collections\/\"},{\"@type\":\"ListItem\",\"position\":3,\"name\":\"Bellecour - Suspension TTGM\"}]}]}<\/script>\n<!-- \/ Yoast SEO plugin. -->","yoast_head_json":{"robots":{"index":"index","follow":"follow","max-snippet":"max-snippet:-1","max-image-preview":"max-image-preview:large","max-video-preview":"max-video-preview:-1"},"canonical":"https:\/\/lumart.fr\/fr\/les-collections\/exterieur\/suspensions-exterieur\/suspension-bellecour-ext-ttgm-184\/","og_locale":"fr_FR","og_type":"article","og_title":"Suspension Bellecour ext TTGM (184) - Lum&#039;art","og_description":"Nouveau classique, la collection Bellecour signe un grand nombre de cr\u00e9ations architecturales contemporaines. Tout en transparence et en sobri\u00e9t\u00e9, elle s\u2019accommode \u00e9galement de b\u00e2ti plus traditionnel voire ancien auquel elle donne une touche design. [ &hellip; ]","og_url":"https:\/\/lumart.fr\/fr\/les-collections\/exterieur\/suspensions-exterieur\/suspension-bellecour-ext-ttgm-184\/","og_site_name":"Lum&#039;art","article_publisher":"https:\/\/www.facebook.com\/LumArt-1543826629180391\/","article_modified_time":"2023-07-20T09:05:32+00:00","og_image":[{"width":1984,"height":1323,"url":"https:\/\/lumart.fr\/wp-content\/uploads\/2021\/10\/184-Suspension-ect-Bellecour-TTGM-VL-Lumart-BD-2.jpg","type":"image\/jpeg"}],"twitter_card":"summary","schema":{"@context":"https:\/\/schema.org","@graph":[{"@type":"WebSite","@id":"https:\/\/lumart.fr\/fr\/#website","url":"https:\/\/lumart.fr\/fr\/","name":"Lum'art","description":"","potentialAction":[{"@type":"SearchAction","target":{"@type":"EntryPoint","urlTemplate":"https:\/\/lumart.fr\/fr\/?s={search_term_string}"},"query-input":"required name=search_term_string"}],"inLanguage":"fr-FR"},{"@type":"ImageObject","@id":"https:\/\/lumart.fr\/fr\/les-collections\/exterieur\/suspensions-exterieur\/suspension-bellecour-ext-ttgm-184\/#primaryimage","inLanguage":"fr-FR","url":"\/wp-content\/uploads\/2021\/10\/184-Suspension-ect-Bellecour-TTGM-VL-Lumart-BD-2.jpg","contentUrl":"\/wp-content\/uploads\/2021\/10\/184-Suspension-ect-Bellecour-TTGM-VL-Lumart-BD-2.jpg","width":1984,"height":1323,"caption":"Suspension Bellecour TTGM - Finition vieux laiton"},{"@type":"WebPage","@id":"https:\/\/lumart.fr\/fr\/les-collections\/exterieur\/suspensions-exterieur\/suspension-bellecour-ext-ttgm-184\/#webpage","url":"https:\/\/lumart.fr\/fr\/les-collections\/exterieur\/suspensions-exterieur\/suspension-bellecour-ext-ttgm-184\/","name":"Suspension Bellecour ext TTGM (184) - Lum&#039;art","isPartOf":{"@id":"https:\/\/lumart.fr\/fr\/#website"},"primaryImageOfPage":{"@id":"https:\/\/lumart.fr\/fr\/les-collections\/exterieur\/suspensions-exterieur\/suspension-bellecour-ext-ttgm-184\/#primaryimage"},"datePublished":"2021-10-14T20:25:09+00:00","dateModified":"2023-07-20T09:05:32+00:00","breadcrumb":{"@id":"https:\/\/lumart.fr\/fr\/les-collections\/exterieur\/suspensions-exterieur\/suspension-bellecour-ext-ttgm-184\/#breadcrumb"},"inLanguage":"fr-FR","potentialAction":[{"@type":"ReadAction","target":["https:\/\/lumart.fr\/fr\/les-collections\/exterieur\/suspensions-exterieur\/suspension-bellecour-ext-ttgm-184\/"]}]},{"@type":"BreadcrumbList","@id":"https:\/\/lumart.fr\/fr\/les-collections\/exterieur\/suspensions-exterieur\/suspension-bellecour-ext-ttgm-184\/#breadcrumb","itemListElement":[{"@type":"ListItem","position":1,"name":"Home","item":"https:\/\/lumart.fr\/fr\/"},{"@type":"ListItem","position":2,"name":"Les Collections","item":"https:\/\/lumart.fr\/fr\/les-collections\/"},{"@type":"ListItem","position":3,"name":"Bellecour - Suspension TTGM"}]}]}},"_links":{"self":[{"href":"https:\/\/lumart.fr\/fr\/wp-json\/wp\/v2\/product\/11753"}],"collection":[{"href":"https:\/\/lumart.fr\/fr\/wp-json\/wp\/v2\/product"}],"about":[{"href":"https:\/\/lumart.fr\/fr\/wp-json\/wp\/v2\/types\/product"}],"wp:featuredmedia":[{"embeddable":true,"href":"https:\/\/lumart.fr\/fr\/wp-json\/wp\/v2\/media\/11540"}],"wp:attachment":[{"href":"https:\/\/lumart.fr\/fr\/wp-json\/wp\/v2\/media?parent=11753"}],"wp:term":[{"taxonomy":"product_cat","embeddable":true,"href":"https:\/\/lumart.fr\/fr\/wp-json\/wp\/v2\/product_cat?post=11753"},{"taxonomy":"product_tag","embeddable":true,"href":"https:\/\/lumart.fr\/fr\/wp-json\/wp\/v2\/product_tag?post=11753"}],"curies":[{"name":"wp","href":"https:\/\/api.w.org\/{rel}","templated":true}]}}