{"id":11746,"date":"2021-10-14T18:01:24","date_gmt":"2021-10-14T16:01:24","guid":{"rendered":"https:\/\/lumart.fr\/?post_type=product&#038;p=11746"},"modified":"2023-07-13T15:04:29","modified_gmt":"2023-07-13T13:04:29","slug":"goya-rampe-a-tableau-32cm-3432-2","status":"publish","type":"product","link":"https:\/\/lumart.fr\/fr\/les-collections\/interieur\/rampes-a-tableau\/goya-rampe-a-tableau-32cm-3432-2\/","title":{"rendered":"Goya - Rampe \u00e0 tableau 32 cm"},"content":{"rendered":"<p>R\u00e9glable en profondeur avec un r\u00e9flecteur orientable, l\u2019applique \u00e0 tableau Goya mettra parfaitement en valeur la toile qu\u2019elle va \u00e9clairer. A associer \u00e0 des cadres dont les moulures ont un certain volume pour jouer l\u2019\u00e9quilibre des mati\u00e8res.<\/p>\n","protected":false},"excerpt":{"rendered":"<p>R\u00e9glable en profondeur avec un r\u00e9flecteur orientable, l\u2019applique \u00e0 tableau Goya mettra parfaitement en valeur la toile qu\u2019elle va \u00e9clairer. A associer \u00e0 des cadres dont les moulures ont un certain volume pour jouer l\u2019\u00e9quilibre des mati\u00e8res. <a href=\"https:\/\/lumart.fr\/fr\/les-collections\/interieur\/rampes-a-tableau\/goya-rampe-a-tableau-32cm-3432-2\/\" class=\"more\">[ &hellip; ]<\/a><\/p>\n","protected":false},"featured_media":11524,"template":"","meta":[],"product_cat":[243],"product_tag":[],"acf":[],"yoast_head":"<!-- This site is optimized with the Yoast SEO plugin v17.8 - https:\/\/yoast.com\/wordpress\/plugins\/seo\/ -->\n<meta name=\"robots\" content=\"index, follow, max-snippet:-1, max-image-preview:large, max-video-preview:-1\" \/>\n<link rel=\"canonical\" href=\"https:\/\/lumart.fr\/fr\/les-collections\/interieur\/rampes-a-tableau\/goya-rampe-a-tableau-32cm-3432-2\/\" \/>\n<meta property=\"og:locale\" content=\"fr_FR\" \/>\n<meta property=\"og:type\" content=\"article\" \/>\n<meta property=\"og:title\" content=\"Goya Rampe \u00e0 tableau 32cm (3432\/2) - Lum&#039;art\" \/>\n<meta property=\"og:description\" content=\"R\u00e9glable en profondeur avec un r\u00e9flecteur orientable, l\u2019applique \u00e0 tableau Goya mettra parfaitement en valeur la toile qu\u2019elle va \u00e9clairer. A associer \u00e0 des cadres dont les moulures ont un certain volume pour jouer l\u2019\u00e9quilibre des mati\u00e8res. [ &hellip; ]\" \/>\n<meta property=\"og:url\" content=\"https:\/\/lumart.fr\/fr\/les-collections\/interieur\/rampes-a-tableau\/goya-rampe-a-tableau-32cm-3432-2\/\" \/>\n<meta property=\"og:site_name\" content=\"Lum&#039;art\" \/>\n<meta property=\"article:publisher\" content=\"https:\/\/www.facebook.com\/LumArt-1543826629180391\/\" \/>\n<meta property=\"article:modified_time\" content=\"2023-07-13T13:04:29+00:00\" \/>\n<meta property=\"og:image\" content=\"https:\/\/lumart.fr\/wp-content\/uploads\/2021\/10\/2-Rampe-a\u0300-tableau-Goya-32cm-VDG-Lumart-BD-2.jpg\" \/>\n\t<meta property=\"og:image:width\" content=\"1984\" \/>\n\t<meta property=\"og:image:height\" content=\"1323\" \/>\n<meta name=\"twitter:card\" content=\"summary\" \/>\n<script type=\"application\/ld+json\" class=\"yoast-schema-graph\">{\"@context\":\"https:\/\/schema.org\",\"@graph\":[{\"@type\":\"WebSite\",\"@id\":\"https:\/\/lumart.fr\/fr\/#website\",\"url\":\"https:\/\/lumart.fr\/fr\/\",\"name\":\"Lum'art\",\"description\":\"\",\"potentialAction\":[{\"@type\":\"SearchAction\",\"target\":{\"@type\":\"EntryPoint\",\"urlTemplate\":\"https:\/\/lumart.fr\/fr\/?s={search_term_string}\"},\"query-input\":\"required name=search_term_string\"}],\"inLanguage\":\"fr-FR\"},{\"@type\":\"ImageObject\",\"@id\":\"https:\/\/lumart.fr\/fr\/les-collections\/interieur\/rampes-a-tableau\/goya-rampe-a-tableau-32cm-3432-2\/#primaryimage\",\"inLanguage\":\"fr-FR\",\"url\":\"\/wp-content\/uploads\/2021\/10\/2-Rampe-a\\u0300-tableau-Goya-32cm-VDG-Lumart-BD-2.jpg\",\"contentUrl\":\"\/wp-content\/uploads\/2021\/10\/2-Rampe-a\\u0300-tableau-Goya-32cm-VDG-Lumart-BD-2.jpg\",\"width\":1984,\"height\":1323,\"caption\":\"Rampe \\u00e0 tableau Goya 32 cm - Finition vert de gris\"},{\"@type\":\"WebPage\",\"@id\":\"https:\/\/lumart.fr\/fr\/les-collections\/interieur\/rampes-a-tableau\/goya-rampe-a-tableau-32cm-3432-2\/#webpage\",\"url\":\"https:\/\/lumart.fr\/fr\/les-collections\/interieur\/rampes-a-tableau\/goya-rampe-a-tableau-32cm-3432-2\/\",\"name\":\"Goya Rampe \\u00e0 tableau 32cm (3432\/2) - Lum&#039;art\",\"isPartOf\":{\"@id\":\"https:\/\/lumart.fr\/fr\/#website\"},\"primaryImageOfPage\":{\"@id\":\"https:\/\/lumart.fr\/fr\/les-collections\/interieur\/rampes-a-tableau\/goya-rampe-a-tableau-32cm-3432-2\/#primaryimage\"},\"datePublished\":\"2021-10-14T16:01:24+00:00\",\"dateModified\":\"2023-07-13T13:04:29+00:00\",\"breadcrumb\":{\"@id\":\"https:\/\/lumart.fr\/fr\/les-collections\/interieur\/rampes-a-tableau\/goya-rampe-a-tableau-32cm-3432-2\/#breadcrumb\"},\"inLanguage\":\"fr-FR\",\"potentialAction\":[{\"@type\":\"ReadAction\",\"target\":[\"https:\/\/lumart.fr\/fr\/les-collections\/interieur\/rampes-a-tableau\/goya-rampe-a-tableau-32cm-3432-2\/\"]}]},{\"@type\":\"BreadcrumbList\",\"@id\":\"https:\/\/lumart.fr\/fr\/les-collections\/interieur\/rampes-a-tableau\/goya-rampe-a-tableau-32cm-3432-2\/#breadcrumb\",\"itemListElement\":[{\"@type\":\"ListItem\",\"position\":1,\"name\":\"Home\",\"item\":\"https:\/\/lumart.fr\/fr\/\"},{\"@type\":\"ListItem\",\"position\":2,\"name\":\"Les Collections\",\"item\":\"https:\/\/lumart.fr\/fr\/les-collections\/\"},{\"@type\":\"ListItem\",\"position\":3,\"name\":\"Goya - Rampe \\u00e0 tableau 32 cm\"}]}]}<\/script>\n<!-- \/ Yoast SEO plugin. -->","yoast_head_json":{"robots":{"index":"index","follow":"follow","max-snippet":"max-snippet:-1","max-image-preview":"max-image-preview:large","max-video-preview":"max-video-preview:-1"},"canonical":"https:\/\/lumart.fr\/fr\/les-collections\/interieur\/rampes-a-tableau\/goya-rampe-a-tableau-32cm-3432-2\/","og_locale":"fr_FR","og_type":"article","og_title":"Goya Rampe \u00e0 tableau 32cm (3432\/2) - Lum&#039;art","og_description":"R\u00e9glable en profondeur avec un r\u00e9flecteur orientable, l\u2019applique \u00e0 tableau Goya mettra parfaitement en valeur la toile qu\u2019elle va \u00e9clairer. A associer \u00e0 des cadres dont les moulures ont un certain volume pour jouer l\u2019\u00e9quilibre des mati\u00e8res. [ &hellip; ]","og_url":"https:\/\/lumart.fr\/fr\/les-collections\/interieur\/rampes-a-tableau\/goya-rampe-a-tableau-32cm-3432-2\/","og_site_name":"Lum&#039;art","article_publisher":"https:\/\/www.facebook.com\/LumArt-1543826629180391\/","article_modified_time":"2023-07-13T13:04:29+00:00","og_image":[{"width":1984,"height":1323,"url":"https:\/\/lumart.fr\/wp-content\/uploads\/2021\/10\/2-Rampe-a\u0300-tableau-Goya-32cm-VDG-Lumart-BD-2.jpg","type":"image\/jpeg"}],"twitter_card":"summary","schema":{"@context":"https:\/\/schema.org","@graph":[{"@type":"WebSite","@id":"https:\/\/lumart.fr\/fr\/#website","url":"https:\/\/lumart.fr\/fr\/","name":"Lum'art","description":"","potentialAction":[{"@type":"SearchAction","target":{"@type":"EntryPoint","urlTemplate":"https:\/\/lumart.fr\/fr\/?s={search_term_string}"},"query-input":"required name=search_term_string"}],"inLanguage":"fr-FR"},{"@type":"ImageObject","@id":"https:\/\/lumart.fr\/fr\/les-collections\/interieur\/rampes-a-tableau\/goya-rampe-a-tableau-32cm-3432-2\/#primaryimage","inLanguage":"fr-FR","url":"\/wp-content\/uploads\/2021\/10\/2-Rampe-a\u0300-tableau-Goya-32cm-VDG-Lumart-BD-2.jpg","contentUrl":"\/wp-content\/uploads\/2021\/10\/2-Rampe-a\u0300-tableau-Goya-32cm-VDG-Lumart-BD-2.jpg","width":1984,"height":1323,"caption":"Rampe \u00e0 tableau Goya 32 cm - Finition vert de gris"},{"@type":"WebPage","@id":"https:\/\/lumart.fr\/fr\/les-collections\/interieur\/rampes-a-tableau\/goya-rampe-a-tableau-32cm-3432-2\/#webpage","url":"https:\/\/lumart.fr\/fr\/les-collections\/interieur\/rampes-a-tableau\/goya-rampe-a-tableau-32cm-3432-2\/","name":"Goya Rampe \u00e0 tableau 32cm (3432\/2) - Lum&#039;art","isPartOf":{"@id":"https:\/\/lumart.fr\/fr\/#website"},"primaryImageOfPage":{"@id":"https:\/\/lumart.fr\/fr\/les-collections\/interieur\/rampes-a-tableau\/goya-rampe-a-tableau-32cm-3432-2\/#primaryimage"},"datePublished":"2021-10-14T16:01:24+00:00","dateModified":"2023-07-13T13:04:29+00:00","breadcrumb":{"@id":"https:\/\/lumart.fr\/fr\/les-collections\/interieur\/rampes-a-tableau\/goya-rampe-a-tableau-32cm-3432-2\/#breadcrumb"},"inLanguage":"fr-FR","potentialAction":[{"@type":"ReadAction","target":["https:\/\/lumart.fr\/fr\/les-collections\/interieur\/rampes-a-tableau\/goya-rampe-a-tableau-32cm-3432-2\/"]}]},{"@type":"BreadcrumbList","@id":"https:\/\/lumart.fr\/fr\/les-collections\/interieur\/rampes-a-tableau\/goya-rampe-a-tableau-32cm-3432-2\/#breadcrumb","itemListElement":[{"@type":"ListItem","position":1,"name":"Home","item":"https:\/\/lumart.fr\/fr\/"},{"@type":"ListItem","position":2,"name":"Les Collections","item":"https:\/\/lumart.fr\/fr\/les-collections\/"},{"@type":"ListItem","position":3,"name":"Goya - Rampe \u00e0 tableau 32 cm"}]}]}},"_links":{"self":[{"href":"https:\/\/lumart.fr\/fr\/wp-json\/wp\/v2\/product\/11746"}],"collection":[{"href":"https:\/\/lumart.fr\/fr\/wp-json\/wp\/v2\/product"}],"about":[{"href":"https:\/\/lumart.fr\/fr\/wp-json\/wp\/v2\/types\/product"}],"wp:featuredmedia":[{"embeddable":true,"href":"https:\/\/lumart.fr\/fr\/wp-json\/wp\/v2\/media\/11524"}],"wp:attachment":[{"href":"https:\/\/lumart.fr\/fr\/wp-json\/wp\/v2\/media?parent=11746"}],"wp:term":[{"taxonomy":"product_cat","embeddable":true,"href":"https:\/\/lumart.fr\/fr\/wp-json\/wp\/v2\/product_cat?post=11746"},{"taxonomy":"product_tag","embeddable":true,"href":"https:\/\/lumart.fr\/fr\/wp-json\/wp\/v2\/product_tag?post=11746"}],"curies":[{"name":"wp","href":"https:\/\/api.w.org\/{rel}","templated":true}]}}