{"id":11513,"date":"2021-09-30T17:43:22","date_gmt":"2021-09-30T15:43:22","guid":{"rendered":"https:\/\/lumart.fr\/?post_type=product&#038;p=11513"},"modified":"2023-03-29T15:51:14","modified_gmt":"2023-03-29T13:51:14","slug":"monselet-applique-3494-2","status":"publish","type":"product","link":"https:\/\/lumart.fr\/fr\/les-collections\/interieur\/appliques\/monselet-applique-3494-2\/","title":{"rendered":"Monselet - Applique"},"content":{"rendered":"<p>Tout autant sculpture qu&rsquo;applique, cette nouvelle cr\u00e9ation Lum\u2019art sign\u00e9e du designer Gr\u00e9goire G\u00e9nin est toute en l\u00e9g\u00e8ret\u00e9, alternant \u00ab laiton micro perfor\u00e9 \u00bb et \u00ab laiton plein \u00bb. Elle diffuse une lumi\u00e8re subtile du plus bel effet. A associer avec le lustre \u00ab Monselet \u00bb qui reprend les codes de la ligne mais en version horizontale.<\/p>\n","protected":false},"excerpt":{"rendered":"<p>Tout autant sculpture qu&rsquo;applique, cette nouvelle cr\u00e9ation Lum\u2019art sign\u00e9e du designer Gr\u00e9goire G\u00e9nin est toute en l\u00e9g\u00e8ret\u00e9, alternant \u00ab laiton micro perfor\u00e9 \u00bb et \u00ab laiton plein \u00bb. Elle diffuse une lumi\u00e8re subtile du plus bel effet. A associer avec le lustre \u00ab Monselet \u00bb qui reprend les codes de la ligne mais en version horizontale. <a href=\"https:\/\/lumart.fr\/fr\/les-collections\/interieur\/appliques\/monselet-applique-3494-2\/\" class=\"more\">[ &hellip; ]<\/a><\/p>\n","protected":false},"featured_media":11509,"template":"","meta":[],"product_cat":[229],"product_tag":[],"acf":[],"yoast_head":"<!-- This site is optimized with the Yoast SEO plugin v17.8 - https:\/\/yoast.com\/wordpress\/plugins\/seo\/ -->\n<meta name=\"robots\" content=\"index, follow, max-snippet:-1, max-image-preview:large, max-video-preview:-1\" \/>\n<link rel=\"canonical\" href=\"https:\/\/lumart.fr\/fr\/les-collections\/interieur\/appliques\/monselet-applique-3494-2\/\" \/>\n<meta property=\"og:locale\" content=\"fr_FR\" \/>\n<meta property=\"og:type\" content=\"article\" \/>\n<meta property=\"og:title\" content=\"Monselet, applique (3494\/2) - Lum&#039;art\" \/>\n<meta property=\"og:description\" content=\"Tout autant sculpture qu&#039;applique, cette nouvelle cr\u00e9ation Lum\u2019art sign\u00e9e du designer Gr\u00e9goire G\u00e9nin est toute en l\u00e9g\u00e8ret\u00e9, alternant \u00ab laiton micro perfor\u00e9 \u00bb et \u00ab laiton plein \u00bb. Elle diffuse une lumi\u00e8re subtile du plus bel effet. A associer avec le lustre \u00ab Monselet \u00bb qui reprend les codes de la ligne mais en version horizontale. [ &hellip; ]\" \/>\n<meta property=\"og:url\" content=\"https:\/\/lumart.fr\/fr\/les-collections\/interieur\/appliques\/monselet-applique-3494-2\/\" \/>\n<meta property=\"og:site_name\" content=\"Lum&#039;art\" \/>\n<meta property=\"article:publisher\" content=\"https:\/\/www.facebook.com\/LumArt-1543826629180391\/\" \/>\n<meta property=\"article:modified_time\" content=\"2023-03-29T13:51:14+00:00\" \/>\n<meta property=\"og:image\" content=\"https:\/\/lumart.fr\/wp-content\/uploads\/2021\/09\/3494-2-Applique-Monselet-LB-Lumart-2.jpg\" \/>\n\t<meta property=\"og:image:width\" content=\"1984\" \/>\n\t<meta property=\"og:image:height\" content=\"1323\" \/>\n<meta name=\"twitter:card\" content=\"summary\" \/>\n<script type=\"application\/ld+json\" class=\"yoast-schema-graph\">{\"@context\":\"https:\/\/schema.org\",\"@graph\":[{\"@type\":\"WebSite\",\"@id\":\"https:\/\/lumart.fr\/fr\/#website\",\"url\":\"https:\/\/lumart.fr\/fr\/\",\"name\":\"Lum'art\",\"description\":\"\",\"potentialAction\":[{\"@type\":\"SearchAction\",\"target\":{\"@type\":\"EntryPoint\",\"urlTemplate\":\"https:\/\/lumart.fr\/fr\/?s={search_term_string}\"},\"query-input\":\"required name=search_term_string\"}],\"inLanguage\":\"fr-FR\"},{\"@type\":\"ImageObject\",\"@id\":\"https:\/\/lumart.fr\/fr\/les-collections\/interieur\/appliques\/monselet-applique-3494-2\/#primaryimage\",\"inLanguage\":\"fr-FR\",\"url\":\"\/wp-content\/uploads\/2021\/09\/3494-2-Applique-Monselet-LB-Lumart-2.jpg\",\"contentUrl\":\"\/wp-content\/uploads\/2021\/09\/3494-2-Applique-Monselet-LB-Lumart-2.jpg\",\"width\":1984,\"height\":1323,\"caption\":\"Applique Monselet - Finition laiton bross\\u00e9\"},{\"@type\":\"WebPage\",\"@id\":\"https:\/\/lumart.fr\/fr\/les-collections\/interieur\/appliques\/monselet-applique-3494-2\/#webpage\",\"url\":\"https:\/\/lumart.fr\/fr\/les-collections\/interieur\/appliques\/monselet-applique-3494-2\/\",\"name\":\"Monselet, applique (3494\/2) - Lum&#039;art\",\"isPartOf\":{\"@id\":\"https:\/\/lumart.fr\/fr\/#website\"},\"primaryImageOfPage\":{\"@id\":\"https:\/\/lumart.fr\/fr\/les-collections\/interieur\/appliques\/monselet-applique-3494-2\/#primaryimage\"},\"datePublished\":\"2021-09-30T15:43:22+00:00\",\"dateModified\":\"2023-03-29T13:51:14+00:00\",\"breadcrumb\":{\"@id\":\"https:\/\/lumart.fr\/fr\/les-collections\/interieur\/appliques\/monselet-applique-3494-2\/#breadcrumb\"},\"inLanguage\":\"fr-FR\",\"potentialAction\":[{\"@type\":\"ReadAction\",\"target\":[\"https:\/\/lumart.fr\/fr\/les-collections\/interieur\/appliques\/monselet-applique-3494-2\/\"]}]},{\"@type\":\"BreadcrumbList\",\"@id\":\"https:\/\/lumart.fr\/fr\/les-collections\/interieur\/appliques\/monselet-applique-3494-2\/#breadcrumb\",\"itemListElement\":[{\"@type\":\"ListItem\",\"position\":1,\"name\":\"Home\",\"item\":\"https:\/\/lumart.fr\/fr\/\"},{\"@type\":\"ListItem\",\"position\":2,\"name\":\"Les Collections\",\"item\":\"https:\/\/lumart.fr\/fr\/les-collections\/\"},{\"@type\":\"ListItem\",\"position\":3,\"name\":\"Monselet - Applique\"}]}]}<\/script>\n<!-- \/ Yoast SEO plugin. -->","yoast_head_json":{"robots":{"index":"index","follow":"follow","max-snippet":"max-snippet:-1","max-image-preview":"max-image-preview:large","max-video-preview":"max-video-preview:-1"},"canonical":"https:\/\/lumart.fr\/fr\/les-collections\/interieur\/appliques\/monselet-applique-3494-2\/","og_locale":"fr_FR","og_type":"article","og_title":"Monselet, applique (3494\/2) - Lum&#039;art","og_description":"Tout autant sculpture qu'applique, cette nouvelle cr\u00e9ation Lum\u2019art sign\u00e9e du designer Gr\u00e9goire G\u00e9nin est toute en l\u00e9g\u00e8ret\u00e9, alternant \u00ab laiton micro perfor\u00e9 \u00bb et \u00ab laiton plein \u00bb. Elle diffuse une lumi\u00e8re subtile du plus bel effet. A associer avec le lustre \u00ab Monselet \u00bb qui reprend les codes de la ligne mais en version horizontale. [ &hellip; ]","og_url":"https:\/\/lumart.fr\/fr\/les-collections\/interieur\/appliques\/monselet-applique-3494-2\/","og_site_name":"Lum&#039;art","article_publisher":"https:\/\/www.facebook.com\/LumArt-1543826629180391\/","article_modified_time":"2023-03-29T13:51:14+00:00","og_image":[{"width":1984,"height":1323,"url":"https:\/\/lumart.fr\/wp-content\/uploads\/2021\/09\/3494-2-Applique-Monselet-LB-Lumart-2.jpg","type":"image\/jpeg"}],"twitter_card":"summary","schema":{"@context":"https:\/\/schema.org","@graph":[{"@type":"WebSite","@id":"https:\/\/lumart.fr\/fr\/#website","url":"https:\/\/lumart.fr\/fr\/","name":"Lum'art","description":"","potentialAction":[{"@type":"SearchAction","target":{"@type":"EntryPoint","urlTemplate":"https:\/\/lumart.fr\/fr\/?s={search_term_string}"},"query-input":"required name=search_term_string"}],"inLanguage":"fr-FR"},{"@type":"ImageObject","@id":"https:\/\/lumart.fr\/fr\/les-collections\/interieur\/appliques\/monselet-applique-3494-2\/#primaryimage","inLanguage":"fr-FR","url":"\/wp-content\/uploads\/2021\/09\/3494-2-Applique-Monselet-LB-Lumart-2.jpg","contentUrl":"\/wp-content\/uploads\/2021\/09\/3494-2-Applique-Monselet-LB-Lumart-2.jpg","width":1984,"height":1323,"caption":"Applique Monselet - Finition laiton bross\u00e9"},{"@type":"WebPage","@id":"https:\/\/lumart.fr\/fr\/les-collections\/interieur\/appliques\/monselet-applique-3494-2\/#webpage","url":"https:\/\/lumart.fr\/fr\/les-collections\/interieur\/appliques\/monselet-applique-3494-2\/","name":"Monselet, applique (3494\/2) - Lum&#039;art","isPartOf":{"@id":"https:\/\/lumart.fr\/fr\/#website"},"primaryImageOfPage":{"@id":"https:\/\/lumart.fr\/fr\/les-collections\/interieur\/appliques\/monselet-applique-3494-2\/#primaryimage"},"datePublished":"2021-09-30T15:43:22+00:00","dateModified":"2023-03-29T13:51:14+00:00","breadcrumb":{"@id":"https:\/\/lumart.fr\/fr\/les-collections\/interieur\/appliques\/monselet-applique-3494-2\/#breadcrumb"},"inLanguage":"fr-FR","potentialAction":[{"@type":"ReadAction","target":["https:\/\/lumart.fr\/fr\/les-collections\/interieur\/appliques\/monselet-applique-3494-2\/"]}]},{"@type":"BreadcrumbList","@id":"https:\/\/lumart.fr\/fr\/les-collections\/interieur\/appliques\/monselet-applique-3494-2\/#breadcrumb","itemListElement":[{"@type":"ListItem","position":1,"name":"Home","item":"https:\/\/lumart.fr\/fr\/"},{"@type":"ListItem","position":2,"name":"Les Collections","item":"https:\/\/lumart.fr\/fr\/les-collections\/"},{"@type":"ListItem","position":3,"name":"Monselet - Applique"}]}]}},"_links":{"self":[{"href":"https:\/\/lumart.fr\/fr\/wp-json\/wp\/v2\/product\/11513"}],"collection":[{"href":"https:\/\/lumart.fr\/fr\/wp-json\/wp\/v2\/product"}],"about":[{"href":"https:\/\/lumart.fr\/fr\/wp-json\/wp\/v2\/types\/product"}],"wp:featuredmedia":[{"embeddable":true,"href":"https:\/\/lumart.fr\/fr\/wp-json\/wp\/v2\/media\/11509"}],"wp:attachment":[{"href":"https:\/\/lumart.fr\/fr\/wp-json\/wp\/v2\/media?parent=11513"}],"wp:term":[{"taxonomy":"product_cat","embeddable":true,"href":"https:\/\/lumart.fr\/fr\/wp-json\/wp\/v2\/product_cat?post=11513"},{"taxonomy":"product_tag","embeddable":true,"href":"https:\/\/lumart.fr\/fr\/wp-json\/wp\/v2\/product_tag?post=11513"}],"curies":[{"name":"wp","href":"https:\/\/api.w.org\/{rel}","templated":true}]}}