{"id":11246,"date":"2020-09-14T16:11:16","date_gmt":"2020-09-14T14:11:16","guid":{"rendered":"https:\/\/lumart.fr\/?post_type=product&#038;p=11246"},"modified":"2024-03-27T12:32:49","modified_gmt":"2024-03-27T11:32:49","slug":"lanterne-bougie-bellecour-tgm-2189","status":"publish","type":"product","link":"https:\/\/lumart.fr\/fr\/les-collections\/exterieur\/lanternes_bougie\/lanterne-bougie-bellecour-tgm-2189\/","title":{"rendered":"Bellecour - Lanterne bougie TGM"},"content":{"rendered":"<p>Nouveau classique, la collection Bellecour signe un grand nombre de cr\u00e9ations architecturales contemporaines. Tout en transparence et en sobri\u00e9t\u00e9, elle s\u2019accommode \u00e9galement de b\u00e2ti plus traditionnel voire ancien auquel elle donne une touche design.<\/p>\n","protected":false},"excerpt":{"rendered":"<p>Nouveau classique, la collection Bellecour signe un grand nombre de cr\u00e9ations architecturales contemporaines. Tout en transparence et en sobri\u00e9t\u00e9, elle s\u2019accommode \u00e9galement de b\u00e2ti plus traditionnel voire ancien auquel elle donne une touche design. <a href=\"https:\/\/lumart.fr\/fr\/les-collections\/exterieur\/lanternes_bougie\/lanterne-bougie-bellecour-tgm-2189\/\" class=\"more\">[ &hellip; ]<\/a><\/p>\n","protected":false},"featured_media":11249,"template":"","meta":[],"product_cat":[2053],"product_tag":[],"acf":[],"yoast_head":"<!-- This site is optimized with the Yoast SEO plugin v17.8 - https:\/\/yoast.com\/wordpress\/plugins\/seo\/ -->\n<meta name=\"robots\" content=\"index, follow, max-snippet:-1, max-image-preview:large, max-video-preview:-1\" \/>\n<link rel=\"canonical\" href=\"https:\/\/lumart.fr\/fr\/les-collections\/exterieur\/lanternes_bougie\/lanterne-bougie-bellecour-tgm-2189\/\" \/>\n<meta property=\"og:locale\" content=\"fr_FR\" \/>\n<meta property=\"og:type\" content=\"article\" \/>\n<meta property=\"og:title\" content=\"Lanterne bougie Bellecour TGM (1189) - Lum&#039;art\" \/>\n<meta property=\"og:description\" content=\"Nouveau classique, la collection Bellecour signe un grand nombre de cr\u00e9ations architecturales contemporaines. Tout en transparence et en sobri\u00e9t\u00e9, elle s\u2019accommode \u00e9galement de b\u00e2ti plus traditionnel voire ancien auquel elle donne une touche design. [ &hellip; ]\" \/>\n<meta property=\"og:url\" content=\"https:\/\/lumart.fr\/fr\/les-collections\/exterieur\/lanternes_bougie\/lanterne-bougie-bellecour-tgm-2189\/\" \/>\n<meta property=\"og:site_name\" content=\"Lum&#039;art\" \/>\n<meta property=\"article:publisher\" content=\"https:\/\/www.facebook.com\/LumArt-1543826629180391\/\" \/>\n<meta property=\"article:modified_time\" content=\"2024-03-27T11:32:49+00:00\" \/>\n<meta property=\"og:image\" content=\"https:\/\/lumart.fr\/wp-content\/uploads\/2020\/09\/2189-Lanterne-Bellecour-TGM-VL-Lumart-BD2.jpg\" \/>\n\t<meta property=\"og:image:width\" content=\"1984\" \/>\n\t<meta property=\"og:image:height\" content=\"1323\" \/>\n<meta name=\"twitter:card\" content=\"summary\" \/>\n<script type=\"application\/ld+json\" class=\"yoast-schema-graph\">{\"@context\":\"https:\/\/schema.org\",\"@graph\":[{\"@type\":\"WebSite\",\"@id\":\"https:\/\/lumart.fr\/fr\/#website\",\"url\":\"https:\/\/lumart.fr\/fr\/\",\"name\":\"Lum'art\",\"description\":\"\",\"potentialAction\":[{\"@type\":\"SearchAction\",\"target\":{\"@type\":\"EntryPoint\",\"urlTemplate\":\"https:\/\/lumart.fr\/fr\/?s={search_term_string}\"},\"query-input\":\"required name=search_term_string\"}],\"inLanguage\":\"fr-FR\"},{\"@type\":\"ImageObject\",\"@id\":\"https:\/\/lumart.fr\/fr\/les-collections\/exterieur\/lanternes_bougie\/lanterne-bougie-bellecour-tgm-2189\/#primaryimage\",\"inLanguage\":\"fr-FR\",\"url\":\"\/wp-content\/uploads\/2020\/09\/2189-Lanterne-Bellecour-TGM-VL-Lumart-BD2.jpg\",\"contentUrl\":\"\/wp-content\/uploads\/2020\/09\/2189-Lanterne-Bellecour-TGM-VL-Lumart-BD2.jpg\",\"width\":1984,\"height\":1323,\"caption\":\"Lanterne Bellecour TGM - Finition vieux laiton\"},{\"@type\":\"WebPage\",\"@id\":\"https:\/\/lumart.fr\/fr\/les-collections\/exterieur\/lanternes_bougie\/lanterne-bougie-bellecour-tgm-2189\/#webpage\",\"url\":\"https:\/\/lumart.fr\/fr\/les-collections\/exterieur\/lanternes_bougie\/lanterne-bougie-bellecour-tgm-2189\/\",\"name\":\"Lanterne bougie Bellecour TGM (1189) - Lum&#039;art\",\"isPartOf\":{\"@id\":\"https:\/\/lumart.fr\/fr\/#website\"},\"primaryImageOfPage\":{\"@id\":\"https:\/\/lumart.fr\/fr\/les-collections\/exterieur\/lanternes_bougie\/lanterne-bougie-bellecour-tgm-2189\/#primaryimage\"},\"datePublished\":\"2020-09-14T14:11:16+00:00\",\"dateModified\":\"2024-03-27T11:32:49+00:00\",\"breadcrumb\":{\"@id\":\"https:\/\/lumart.fr\/fr\/les-collections\/exterieur\/lanternes_bougie\/lanterne-bougie-bellecour-tgm-2189\/#breadcrumb\"},\"inLanguage\":\"fr-FR\",\"potentialAction\":[{\"@type\":\"ReadAction\",\"target\":[\"https:\/\/lumart.fr\/fr\/les-collections\/exterieur\/lanternes_bougie\/lanterne-bougie-bellecour-tgm-2189\/\"]}]},{\"@type\":\"BreadcrumbList\",\"@id\":\"https:\/\/lumart.fr\/fr\/les-collections\/exterieur\/lanternes_bougie\/lanterne-bougie-bellecour-tgm-2189\/#breadcrumb\",\"itemListElement\":[{\"@type\":\"ListItem\",\"position\":1,\"name\":\"Home\",\"item\":\"https:\/\/lumart.fr\/fr\/\"},{\"@type\":\"ListItem\",\"position\":2,\"name\":\"Les Collections\",\"item\":\"https:\/\/lumart.fr\/fr\/les-collections\/\"},{\"@type\":\"ListItem\",\"position\":3,\"name\":\"Lanterne bougie Bellecour TGM (1189)\"}]}]}<\/script>\n<!-- \/ Yoast SEO plugin. -->","yoast_head_json":{"robots":{"index":"index","follow":"follow","max-snippet":"max-snippet:-1","max-image-preview":"max-image-preview:large","max-video-preview":"max-video-preview:-1"},"canonical":"https:\/\/lumart.fr\/fr\/les-collections\/exterieur\/lanternes_bougie\/lanterne-bougie-bellecour-tgm-2189\/","og_locale":"fr_FR","og_type":"article","og_title":"Lanterne bougie Bellecour TGM (1189) - Lum&#039;art","og_description":"Nouveau classique, la collection Bellecour signe un grand nombre de cr\u00e9ations architecturales contemporaines. Tout en transparence et en sobri\u00e9t\u00e9, elle s\u2019accommode \u00e9galement de b\u00e2ti plus traditionnel voire ancien auquel elle donne une touche design. [ &hellip; ]","og_url":"https:\/\/lumart.fr\/fr\/les-collections\/exterieur\/lanternes_bougie\/lanterne-bougie-bellecour-tgm-2189\/","og_site_name":"Lum&#039;art","article_publisher":"https:\/\/www.facebook.com\/LumArt-1543826629180391\/","article_modified_time":"2024-03-27T11:32:49+00:00","og_image":[{"width":1984,"height":1323,"url":"https:\/\/lumart.fr\/wp-content\/uploads\/2020\/09\/2189-Lanterne-Bellecour-TGM-VL-Lumart-BD2.jpg","type":"image\/jpeg"}],"twitter_card":"summary","schema":{"@context":"https:\/\/schema.org","@graph":[{"@type":"WebSite","@id":"https:\/\/lumart.fr\/fr\/#website","url":"https:\/\/lumart.fr\/fr\/","name":"Lum'art","description":"","potentialAction":[{"@type":"SearchAction","target":{"@type":"EntryPoint","urlTemplate":"https:\/\/lumart.fr\/fr\/?s={search_term_string}"},"query-input":"required name=search_term_string"}],"inLanguage":"fr-FR"},{"@type":"ImageObject","@id":"https:\/\/lumart.fr\/fr\/les-collections\/exterieur\/lanternes_bougie\/lanterne-bougie-bellecour-tgm-2189\/#primaryimage","inLanguage":"fr-FR","url":"\/wp-content\/uploads\/2020\/09\/2189-Lanterne-Bellecour-TGM-VL-Lumart-BD2.jpg","contentUrl":"\/wp-content\/uploads\/2020\/09\/2189-Lanterne-Bellecour-TGM-VL-Lumart-BD2.jpg","width":1984,"height":1323,"caption":"Lanterne Bellecour TGM - Finition vieux laiton"},{"@type":"WebPage","@id":"https:\/\/lumart.fr\/fr\/les-collections\/exterieur\/lanternes_bougie\/lanterne-bougie-bellecour-tgm-2189\/#webpage","url":"https:\/\/lumart.fr\/fr\/les-collections\/exterieur\/lanternes_bougie\/lanterne-bougie-bellecour-tgm-2189\/","name":"Lanterne bougie Bellecour TGM (1189) - Lum&#039;art","isPartOf":{"@id":"https:\/\/lumart.fr\/fr\/#website"},"primaryImageOfPage":{"@id":"https:\/\/lumart.fr\/fr\/les-collections\/exterieur\/lanternes_bougie\/lanterne-bougie-bellecour-tgm-2189\/#primaryimage"},"datePublished":"2020-09-14T14:11:16+00:00","dateModified":"2024-03-27T11:32:49+00:00","breadcrumb":{"@id":"https:\/\/lumart.fr\/fr\/les-collections\/exterieur\/lanternes_bougie\/lanterne-bougie-bellecour-tgm-2189\/#breadcrumb"},"inLanguage":"fr-FR","potentialAction":[{"@type":"ReadAction","target":["https:\/\/lumart.fr\/fr\/les-collections\/exterieur\/lanternes_bougie\/lanterne-bougie-bellecour-tgm-2189\/"]}]},{"@type":"BreadcrumbList","@id":"https:\/\/lumart.fr\/fr\/les-collections\/exterieur\/lanternes_bougie\/lanterne-bougie-bellecour-tgm-2189\/#breadcrumb","itemListElement":[{"@type":"ListItem","position":1,"name":"Home","item":"https:\/\/lumart.fr\/fr\/"},{"@type":"ListItem","position":2,"name":"Les Collections","item":"https:\/\/lumart.fr\/fr\/les-collections\/"},{"@type":"ListItem","position":3,"name":"Lanterne bougie Bellecour TGM (1189)"}]}]}},"_links":{"self":[{"href":"https:\/\/lumart.fr\/fr\/wp-json\/wp\/v2\/product\/11246"}],"collection":[{"href":"https:\/\/lumart.fr\/fr\/wp-json\/wp\/v2\/product"}],"about":[{"href":"https:\/\/lumart.fr\/fr\/wp-json\/wp\/v2\/types\/product"}],"wp:featuredmedia":[{"embeddable":true,"href":"https:\/\/lumart.fr\/fr\/wp-json\/wp\/v2\/media\/11249"}],"wp:attachment":[{"href":"https:\/\/lumart.fr\/fr\/wp-json\/wp\/v2\/media?parent=11246"}],"wp:term":[{"taxonomy":"product_cat","embeddable":true,"href":"https:\/\/lumart.fr\/fr\/wp-json\/wp\/v2\/product_cat?post=11246"},{"taxonomy":"product_tag","embeddable":true,"href":"https:\/\/lumart.fr\/fr\/wp-json\/wp\/v2\/product_tag?post=11246"}],"curies":[{"name":"wp","href":"https:\/\/api.w.org\/{rel}","templated":true}]}}