{"id":11203,"date":"2020-09-14T10:40:32","date_gmt":"2020-09-14T08:40:32","guid":{"rendered":"https:\/\/lumart.fr\/?post_type=product&#038;p=11203"},"modified":"2023-07-13T15:27:09","modified_gmt":"2023-07-13T13:27:09","slug":"spot-gerando-tgm-7750-5","status":"publish","type":"product","link":"https:\/\/lumart.fr\/fr\/les-collections\/interieur\/spots\/spot-gerando-tgm-7750-5\/","title":{"rendered":"G\u00e9rando - Spot TGM"},"content":{"rendered":"<p>\u00c9pur\u00e9 dans son design, le spot G\u00e9rando apporte une touche graphique quand il est jou\u00e9 en s\u00e9rie sur un plafond par exemple. Totalement orientable, il oriente la lumi\u00e8re de fa\u00e7on directionnelle.<\/p>\n","protected":false},"excerpt":{"rendered":"<p>\u00c9pur\u00e9 dans son design, le spot G\u00e9rando apporte une touche graphique quand il est jou\u00e9 en s\u00e9rie sur un plafond par exemple. Totalement orientable, il oriente la lumi\u00e8re de fa\u00e7on directionnelle. <a href=\"https:\/\/lumart.fr\/fr\/les-collections\/interieur\/spots\/spot-gerando-tgm-7750-5\/\" class=\"more\">[ &hellip; ]<\/a><\/p>\n","protected":false},"featured_media":11204,"template":"","meta":[],"product_cat":[240],"product_tag":[],"acf":[],"yoast_head":"<!-- This site is optimized with the Yoast SEO plugin v17.8 - https:\/\/yoast.com\/wordpress\/plugins\/seo\/ -->\n<meta name=\"robots\" content=\"index, follow, max-snippet:-1, max-image-preview:large, max-video-preview:-1\" \/>\n<link rel=\"canonical\" href=\"https:\/\/lumart.fr\/fr\/les-collections\/interieur\/spots\/spot-gerando-tgm-7750-5\/\" \/>\n<meta property=\"og:locale\" content=\"fr_FR\" \/>\n<meta property=\"og:type\" content=\"article\" \/>\n<meta property=\"og:title\" content=\"Spot G\u00e9rando TGM (7750\/5) - Lum&#039;art\" \/>\n<meta property=\"og:description\" content=\"\u00c9pur\u00e9 dans son design, le spot G\u00e9rando apporte une touche graphique quand il est jou\u00e9 en s\u00e9rie sur un plafond par exemple. Totalement orientable, il oriente la lumi\u00e8re de fa\u00e7on directionnelle. [ &hellip; ]\" \/>\n<meta property=\"og:url\" content=\"https:\/\/lumart.fr\/fr\/les-collections\/interieur\/spots\/spot-gerando-tgm-7750-5\/\" \/>\n<meta property=\"og:site_name\" content=\"Lum&#039;art\" \/>\n<meta property=\"article:publisher\" content=\"https:\/\/www.facebook.com\/LumArt-1543826629180391\/\" \/>\n<meta property=\"article:modified_time\" content=\"2023-07-13T13:27:09+00:00\" \/>\n<meta property=\"og:image\" content=\"https:\/\/lumart.fr\/wp-content\/uploads\/2020\/09\/7750-5-Spot-Gerando-TGM-LB-Lumart-BD6.jpg\" \/>\n\t<meta property=\"og:image:width\" content=\"1984\" \/>\n\t<meta property=\"og:image:height\" content=\"1323\" \/>\n<meta name=\"twitter:card\" content=\"summary\" \/>\n<script type=\"application\/ld+json\" class=\"yoast-schema-graph\">{\"@context\":\"https:\/\/schema.org\",\"@graph\":[{\"@type\":\"WebSite\",\"@id\":\"https:\/\/lumart.fr\/fr\/#website\",\"url\":\"https:\/\/lumart.fr\/fr\/\",\"name\":\"Lum'art\",\"description\":\"\",\"potentialAction\":[{\"@type\":\"SearchAction\",\"target\":{\"@type\":\"EntryPoint\",\"urlTemplate\":\"https:\/\/lumart.fr\/fr\/?s={search_term_string}\"},\"query-input\":\"required name=search_term_string\"}],\"inLanguage\":\"fr-FR\"},{\"@type\":\"ImageObject\",\"@id\":\"https:\/\/lumart.fr\/fr\/les-collections\/interieur\/spots\/spot-gerando-tgm-7750-5\/#primaryimage\",\"inLanguage\":\"fr-FR\",\"url\":\"\/wp-content\/uploads\/2020\/09\/7750-5-Spot-Gerando-TGM-LB-Lumart-BD6.jpg\",\"contentUrl\":\"\/wp-content\/uploads\/2020\/09\/7750-5-Spot-Gerando-TGM-LB-Lumart-BD6.jpg\",\"width\":1984,\"height\":1323,\"caption\":\"Spot G\\u00e9rando TGM - Finition laiton bross\\u00e9\"},{\"@type\":\"WebPage\",\"@id\":\"https:\/\/lumart.fr\/fr\/les-collections\/interieur\/spots\/spot-gerando-tgm-7750-5\/#webpage\",\"url\":\"https:\/\/lumart.fr\/fr\/les-collections\/interieur\/spots\/spot-gerando-tgm-7750-5\/\",\"name\":\"Spot G\\u00e9rando TGM (7750\/5) - Lum&#039;art\",\"isPartOf\":{\"@id\":\"https:\/\/lumart.fr\/fr\/#website\"},\"primaryImageOfPage\":{\"@id\":\"https:\/\/lumart.fr\/fr\/les-collections\/interieur\/spots\/spot-gerando-tgm-7750-5\/#primaryimage\"},\"datePublished\":\"2020-09-14T08:40:32+00:00\",\"dateModified\":\"2023-07-13T13:27:09+00:00\",\"breadcrumb\":{\"@id\":\"https:\/\/lumart.fr\/fr\/les-collections\/interieur\/spots\/spot-gerando-tgm-7750-5\/#breadcrumb\"},\"inLanguage\":\"fr-FR\",\"potentialAction\":[{\"@type\":\"ReadAction\",\"target\":[\"https:\/\/lumart.fr\/fr\/les-collections\/interieur\/spots\/spot-gerando-tgm-7750-5\/\"]}]},{\"@type\":\"BreadcrumbList\",\"@id\":\"https:\/\/lumart.fr\/fr\/les-collections\/interieur\/spots\/spot-gerando-tgm-7750-5\/#breadcrumb\",\"itemListElement\":[{\"@type\":\"ListItem\",\"position\":1,\"name\":\"Home\",\"item\":\"https:\/\/lumart.fr\/fr\/\"},{\"@type\":\"ListItem\",\"position\":2,\"name\":\"Les Collections\",\"item\":\"https:\/\/lumart.fr\/fr\/les-collections\/\"},{\"@type\":\"ListItem\",\"position\":3,\"name\":\"G\\u00e9rando - Spot TGM\"}]}]}<\/script>\n<!-- \/ Yoast SEO plugin. -->","yoast_head_json":{"robots":{"index":"index","follow":"follow","max-snippet":"max-snippet:-1","max-image-preview":"max-image-preview:large","max-video-preview":"max-video-preview:-1"},"canonical":"https:\/\/lumart.fr\/fr\/les-collections\/interieur\/spots\/spot-gerando-tgm-7750-5\/","og_locale":"fr_FR","og_type":"article","og_title":"Spot G\u00e9rando TGM (7750\/5) - Lum&#039;art","og_description":"\u00c9pur\u00e9 dans son design, le spot G\u00e9rando apporte une touche graphique quand il est jou\u00e9 en s\u00e9rie sur un plafond par exemple. Totalement orientable, il oriente la lumi\u00e8re de fa\u00e7on directionnelle. [ &hellip; ]","og_url":"https:\/\/lumart.fr\/fr\/les-collections\/interieur\/spots\/spot-gerando-tgm-7750-5\/","og_site_name":"Lum&#039;art","article_publisher":"https:\/\/www.facebook.com\/LumArt-1543826629180391\/","article_modified_time":"2023-07-13T13:27:09+00:00","og_image":[{"width":1984,"height":1323,"url":"https:\/\/lumart.fr\/wp-content\/uploads\/2020\/09\/7750-5-Spot-Gerando-TGM-LB-Lumart-BD6.jpg","type":"image\/jpeg"}],"twitter_card":"summary","schema":{"@context":"https:\/\/schema.org","@graph":[{"@type":"WebSite","@id":"https:\/\/lumart.fr\/fr\/#website","url":"https:\/\/lumart.fr\/fr\/","name":"Lum'art","description":"","potentialAction":[{"@type":"SearchAction","target":{"@type":"EntryPoint","urlTemplate":"https:\/\/lumart.fr\/fr\/?s={search_term_string}"},"query-input":"required name=search_term_string"}],"inLanguage":"fr-FR"},{"@type":"ImageObject","@id":"https:\/\/lumart.fr\/fr\/les-collections\/interieur\/spots\/spot-gerando-tgm-7750-5\/#primaryimage","inLanguage":"fr-FR","url":"\/wp-content\/uploads\/2020\/09\/7750-5-Spot-Gerando-TGM-LB-Lumart-BD6.jpg","contentUrl":"\/wp-content\/uploads\/2020\/09\/7750-5-Spot-Gerando-TGM-LB-Lumart-BD6.jpg","width":1984,"height":1323,"caption":"Spot G\u00e9rando TGM - Finition laiton bross\u00e9"},{"@type":"WebPage","@id":"https:\/\/lumart.fr\/fr\/les-collections\/interieur\/spots\/spot-gerando-tgm-7750-5\/#webpage","url":"https:\/\/lumart.fr\/fr\/les-collections\/interieur\/spots\/spot-gerando-tgm-7750-5\/","name":"Spot G\u00e9rando TGM (7750\/5) - Lum&#039;art","isPartOf":{"@id":"https:\/\/lumart.fr\/fr\/#website"},"primaryImageOfPage":{"@id":"https:\/\/lumart.fr\/fr\/les-collections\/interieur\/spots\/spot-gerando-tgm-7750-5\/#primaryimage"},"datePublished":"2020-09-14T08:40:32+00:00","dateModified":"2023-07-13T13:27:09+00:00","breadcrumb":{"@id":"https:\/\/lumart.fr\/fr\/les-collections\/interieur\/spots\/spot-gerando-tgm-7750-5\/#breadcrumb"},"inLanguage":"fr-FR","potentialAction":[{"@type":"ReadAction","target":["https:\/\/lumart.fr\/fr\/les-collections\/interieur\/spots\/spot-gerando-tgm-7750-5\/"]}]},{"@type":"BreadcrumbList","@id":"https:\/\/lumart.fr\/fr\/les-collections\/interieur\/spots\/spot-gerando-tgm-7750-5\/#breadcrumb","itemListElement":[{"@type":"ListItem","position":1,"name":"Home","item":"https:\/\/lumart.fr\/fr\/"},{"@type":"ListItem","position":2,"name":"Les Collections","item":"https:\/\/lumart.fr\/fr\/les-collections\/"},{"@type":"ListItem","position":3,"name":"G\u00e9rando - Spot TGM"}]}]}},"_links":{"self":[{"href":"https:\/\/lumart.fr\/fr\/wp-json\/wp\/v2\/product\/11203"}],"collection":[{"href":"https:\/\/lumart.fr\/fr\/wp-json\/wp\/v2\/product"}],"about":[{"href":"https:\/\/lumart.fr\/fr\/wp-json\/wp\/v2\/types\/product"}],"wp:featuredmedia":[{"embeddable":true,"href":"https:\/\/lumart.fr\/fr\/wp-json\/wp\/v2\/media\/11204"}],"wp:attachment":[{"href":"https:\/\/lumart.fr\/fr\/wp-json\/wp\/v2\/media?parent=11203"}],"wp:term":[{"taxonomy":"product_cat","embeddable":true,"href":"https:\/\/lumart.fr\/fr\/wp-json\/wp\/v2\/product_cat?post=11203"},{"taxonomy":"product_tag","embeddable":true,"href":"https:\/\/lumart.fr\/fr\/wp-json\/wp\/v2\/product_tag?post=11203"}],"curies":[{"name":"wp","href":"https:\/\/api.w.org\/{rel}","templated":true}]}}