{"id":11166,"date":"2020-09-07T17:06:59","date_gmt":"2020-09-07T15:06:59","guid":{"rendered":"https:\/\/lumart.fr\/?post_type=product&#038;p=11166"},"modified":"2023-07-13T15:49:22","modified_gmt":"2023-07-13T13:49:22","slug":"lustre-sabin-5107-3","status":"publish","type":"product","link":"https:\/\/lumart.fr\/fr\/les-collections\/interieur\/lustres\/lustre-sabin-5107-3\/","title":{"rendered":"Sabin - Lustre"},"content":{"rendered":"<p>Le lustre de la collection Sabin pr\u00e9sente une descente de 3 abat-jours, tous en laiton micro perfor\u00e9 pour un \u00e9clairage graphique sur vos murs et plafonds. Il viendra compl\u00e9ter avec \u00e9l\u00e9gance les appliques de la m\u00eame gamme, dans un s\u00e9jour ou une chambre, apportant \u00e0 la pi\u00e8ce une lumi\u00e8re subtile et tamis\u00e9e.<\/p>\n","protected":false},"excerpt":{"rendered":"<p>Le lustre de la collection Sabin pr\u00e9sente une descente de 3 abat-jours, tous en laiton micro perfor\u00e9 pour un \u00e9clairage graphique sur vos murs et plafonds. Il viendra compl\u00e9ter avec \u00e9l\u00e9gance les appliques de la m\u00eame gamme, dans un s\u00e9jour ou une chambre, apportant \u00e0 la pi\u00e8ce une lumi\u00e8re subtile et tamis\u00e9e. <a href=\"https:\/\/lumart.fr\/fr\/les-collections\/interieur\/lustres\/lustre-sabin-5107-3\/\" class=\"more\">[ &hellip; ]<\/a><\/p>\n","protected":false},"featured_media":11169,"template":"","meta":[],"product_cat":[232],"product_tag":[],"acf":[],"yoast_head":"<!-- This site is optimized with the Yoast SEO plugin v17.8 - https:\/\/yoast.com\/wordpress\/plugins\/seo\/ -->\n<meta name=\"robots\" content=\"index, follow, max-snippet:-1, max-image-preview:large, max-video-preview:-1\" \/>\n<link rel=\"canonical\" href=\"https:\/\/lumart.fr\/fr\/les-collections\/interieur\/lustres\/lustre-sabin-5107-3\/\" \/>\n<meta property=\"og:locale\" content=\"fr_FR\" \/>\n<meta property=\"og:type\" content=\"article\" \/>\n<meta property=\"og:title\" content=\"Lustre Sabin (5107\/3 ) - Lum&#039;art\" \/>\n<meta property=\"og:description\" content=\"Le lustre de la collection Sabin pr\u00e9sente une descente de 3 abat-jours, tous en laiton micro perfor\u00e9 pour un \u00e9clairage graphique sur vos murs et plafonds. Il viendra compl\u00e9ter avec \u00e9l\u00e9gance les appliques de la m\u00eame gamme, dans un s\u00e9jour ou une chambre, apportant \u00e0 la pi\u00e8ce une lumi\u00e8re subtile et tamis\u00e9e. [ &hellip; ]\" \/>\n<meta property=\"og:url\" content=\"https:\/\/lumart.fr\/fr\/les-collections\/interieur\/lustres\/lustre-sabin-5107-3\/\" \/>\n<meta property=\"og:site_name\" content=\"Lum&#039;art\" \/>\n<meta property=\"article:publisher\" content=\"https:\/\/www.facebook.com\/LumArt-1543826629180391\/\" \/>\n<meta property=\"article:modified_time\" content=\"2023-07-13T13:49:22+00:00\" \/>\n<meta property=\"og:image\" content=\"https:\/\/lumart.fr\/wp-content\/uploads\/2020\/09\/5107-3-Lustre-Sabon-LB-Lumart-BD2.jpg\" \/>\n\t<meta property=\"og:image:width\" content=\"1984\" \/>\n\t<meta property=\"og:image:height\" content=\"1323\" \/>\n<meta name=\"twitter:card\" content=\"summary\" \/>\n<script type=\"application\/ld+json\" class=\"yoast-schema-graph\">{\"@context\":\"https:\/\/schema.org\",\"@graph\":[{\"@type\":\"WebSite\",\"@id\":\"https:\/\/lumart.fr\/fr\/#website\",\"url\":\"https:\/\/lumart.fr\/fr\/\",\"name\":\"Lum'art\",\"description\":\"\",\"potentialAction\":[{\"@type\":\"SearchAction\",\"target\":{\"@type\":\"EntryPoint\",\"urlTemplate\":\"https:\/\/lumart.fr\/fr\/?s={search_term_string}\"},\"query-input\":\"required name=search_term_string\"}],\"inLanguage\":\"fr-FR\"},{\"@type\":\"ImageObject\",\"@id\":\"https:\/\/lumart.fr\/fr\/les-collections\/interieur\/lustres\/lustre-sabin-5107-3\/#primaryimage\",\"inLanguage\":\"fr-FR\",\"url\":\"\/wp-content\/uploads\/2020\/09\/5107-3-Lustre-Sabon-LB-Lumart-BD2.jpg\",\"contentUrl\":\"\/wp-content\/uploads\/2020\/09\/5107-3-Lustre-Sabon-LB-Lumart-BD2.jpg\",\"width\":1984,\"height\":1323,\"caption\":\"Lustre Sabin - Finition laiton bross\\u00e9\"},{\"@type\":\"WebPage\",\"@id\":\"https:\/\/lumart.fr\/fr\/les-collections\/interieur\/lustres\/lustre-sabin-5107-3\/#webpage\",\"url\":\"https:\/\/lumart.fr\/fr\/les-collections\/interieur\/lustres\/lustre-sabin-5107-3\/\",\"name\":\"Lustre Sabin (5107\/3 ) - Lum&#039;art\",\"isPartOf\":{\"@id\":\"https:\/\/lumart.fr\/fr\/#website\"},\"primaryImageOfPage\":{\"@id\":\"https:\/\/lumart.fr\/fr\/les-collections\/interieur\/lustres\/lustre-sabin-5107-3\/#primaryimage\"},\"datePublished\":\"2020-09-07T15:06:59+00:00\",\"dateModified\":\"2023-07-13T13:49:22+00:00\",\"breadcrumb\":{\"@id\":\"https:\/\/lumart.fr\/fr\/les-collections\/interieur\/lustres\/lustre-sabin-5107-3\/#breadcrumb\"},\"inLanguage\":\"fr-FR\",\"potentialAction\":[{\"@type\":\"ReadAction\",\"target\":[\"https:\/\/lumart.fr\/fr\/les-collections\/interieur\/lustres\/lustre-sabin-5107-3\/\"]}]},{\"@type\":\"BreadcrumbList\",\"@id\":\"https:\/\/lumart.fr\/fr\/les-collections\/interieur\/lustres\/lustre-sabin-5107-3\/#breadcrumb\",\"itemListElement\":[{\"@type\":\"ListItem\",\"position\":1,\"name\":\"Home\",\"item\":\"https:\/\/lumart.fr\/fr\/\"},{\"@type\":\"ListItem\",\"position\":2,\"name\":\"Les Collections\",\"item\":\"https:\/\/lumart.fr\/fr\/les-collections\/\"},{\"@type\":\"ListItem\",\"position\":3,\"name\":\"Sabin - Lustre\"}]}]}<\/script>\n<!-- \/ Yoast SEO plugin. -->","yoast_head_json":{"robots":{"index":"index","follow":"follow","max-snippet":"max-snippet:-1","max-image-preview":"max-image-preview:large","max-video-preview":"max-video-preview:-1"},"canonical":"https:\/\/lumart.fr\/fr\/les-collections\/interieur\/lustres\/lustre-sabin-5107-3\/","og_locale":"fr_FR","og_type":"article","og_title":"Lustre Sabin (5107\/3 ) - Lum&#039;art","og_description":"Le lustre de la collection Sabin pr\u00e9sente une descente de 3 abat-jours, tous en laiton micro perfor\u00e9 pour un \u00e9clairage graphique sur vos murs et plafonds. Il viendra compl\u00e9ter avec \u00e9l\u00e9gance les appliques de la m\u00eame gamme, dans un s\u00e9jour ou une chambre, apportant \u00e0 la pi\u00e8ce une lumi\u00e8re subtile et tamis\u00e9e. [ &hellip; ]","og_url":"https:\/\/lumart.fr\/fr\/les-collections\/interieur\/lustres\/lustre-sabin-5107-3\/","og_site_name":"Lum&#039;art","article_publisher":"https:\/\/www.facebook.com\/LumArt-1543826629180391\/","article_modified_time":"2023-07-13T13:49:22+00:00","og_image":[{"width":1984,"height":1323,"url":"https:\/\/lumart.fr\/wp-content\/uploads\/2020\/09\/5107-3-Lustre-Sabon-LB-Lumart-BD2.jpg","type":"image\/jpeg"}],"twitter_card":"summary","schema":{"@context":"https:\/\/schema.org","@graph":[{"@type":"WebSite","@id":"https:\/\/lumart.fr\/fr\/#website","url":"https:\/\/lumart.fr\/fr\/","name":"Lum'art","description":"","potentialAction":[{"@type":"SearchAction","target":{"@type":"EntryPoint","urlTemplate":"https:\/\/lumart.fr\/fr\/?s={search_term_string}"},"query-input":"required name=search_term_string"}],"inLanguage":"fr-FR"},{"@type":"ImageObject","@id":"https:\/\/lumart.fr\/fr\/les-collections\/interieur\/lustres\/lustre-sabin-5107-3\/#primaryimage","inLanguage":"fr-FR","url":"\/wp-content\/uploads\/2020\/09\/5107-3-Lustre-Sabon-LB-Lumart-BD2.jpg","contentUrl":"\/wp-content\/uploads\/2020\/09\/5107-3-Lustre-Sabon-LB-Lumart-BD2.jpg","width":1984,"height":1323,"caption":"Lustre Sabin - Finition laiton bross\u00e9"},{"@type":"WebPage","@id":"https:\/\/lumart.fr\/fr\/les-collections\/interieur\/lustres\/lustre-sabin-5107-3\/#webpage","url":"https:\/\/lumart.fr\/fr\/les-collections\/interieur\/lustres\/lustre-sabin-5107-3\/","name":"Lustre Sabin (5107\/3 ) - Lum&#039;art","isPartOf":{"@id":"https:\/\/lumart.fr\/fr\/#website"},"primaryImageOfPage":{"@id":"https:\/\/lumart.fr\/fr\/les-collections\/interieur\/lustres\/lustre-sabin-5107-3\/#primaryimage"},"datePublished":"2020-09-07T15:06:59+00:00","dateModified":"2023-07-13T13:49:22+00:00","breadcrumb":{"@id":"https:\/\/lumart.fr\/fr\/les-collections\/interieur\/lustres\/lustre-sabin-5107-3\/#breadcrumb"},"inLanguage":"fr-FR","potentialAction":[{"@type":"ReadAction","target":["https:\/\/lumart.fr\/fr\/les-collections\/interieur\/lustres\/lustre-sabin-5107-3\/"]}]},{"@type":"BreadcrumbList","@id":"https:\/\/lumart.fr\/fr\/les-collections\/interieur\/lustres\/lustre-sabin-5107-3\/#breadcrumb","itemListElement":[{"@type":"ListItem","position":1,"name":"Home","item":"https:\/\/lumart.fr\/fr\/"},{"@type":"ListItem","position":2,"name":"Les Collections","item":"https:\/\/lumart.fr\/fr\/les-collections\/"},{"@type":"ListItem","position":3,"name":"Sabin - Lustre"}]}]}},"_links":{"self":[{"href":"https:\/\/lumart.fr\/fr\/wp-json\/wp\/v2\/product\/11166"}],"collection":[{"href":"https:\/\/lumart.fr\/fr\/wp-json\/wp\/v2\/product"}],"about":[{"href":"https:\/\/lumart.fr\/fr\/wp-json\/wp\/v2\/types\/product"}],"wp:featuredmedia":[{"embeddable":true,"href":"https:\/\/lumart.fr\/fr\/wp-json\/wp\/v2\/media\/11169"}],"wp:attachment":[{"href":"https:\/\/lumart.fr\/fr\/wp-json\/wp\/v2\/media?parent=11166"}],"wp:term":[{"taxonomy":"product_cat","embeddable":true,"href":"https:\/\/lumart.fr\/fr\/wp-json\/wp\/v2\/product_cat?post=11166"},{"taxonomy":"product_tag","embeddable":true,"href":"https:\/\/lumart.fr\/fr\/wp-json\/wp\/v2\/product_tag?post=11166"}],"curies":[{"name":"wp","href":"https:\/\/api.w.org\/{rel}","templated":true}]}}