{"id":11114,"date":"2020-07-10T16:27:11","date_gmt":"2020-07-10T14:27:11","guid":{"rendered":"https:\/\/lumart.fr\/?post_type=product&#038;p=11114"},"modified":"2023-07-13T15:54:32","modified_gmt":"2023-07-13T13:54:32","slug":"lustre-monselet-5308-3","status":"publish","type":"product","link":"https:\/\/lumart.fr\/fr\/les-collections\/interieur\/lustres\/lustre-monselet-5308-3\/","title":{"rendered":"Monselet - Lustre"},"content":{"rendered":"<p>Tout autant sculpture que lustre, cette nouvelle cr\u00e9ation Lum&rsquo;art sign\u00e9e du designer Gr\u00e9goire Genin est toute en l\u00e9g\u00e8ret\u00e9, alternant \u00ab\u00a0laiton micro perfor\u00e9\u00a0\u00bb et \u00ab\u00a0laiton plein\u00a0\u00bb. Il diffuse une lumi\u00e8re subtile du plus bel effet. A associer avec l&rsquo;applique \u00ab\u00a0Monselet\u00a0\u00bb qui reprend les codes de la ligne mais en version verticale.<\/p>\n","protected":false},"excerpt":{"rendered":"<p>Tout autant sculpture que lustre, cette nouvelle cr\u00e9ation Lum&rsquo;art sign\u00e9e du designer Gr\u00e9goire Genin est toute en l\u00e9g\u00e8ret\u00e9, alternant \u00ab\u00a0laiton micro perfor\u00e9\u00a0\u00bb et \u00ab\u00a0laiton plein\u00a0\u00bb. Il diffuse une lumi\u00e8re subtile du plus bel effet. A associer avec l&rsquo;applique \u00ab\u00a0Monselet\u00a0\u00bb qui reprend les codes de la ligne mais en version verticale. <a href=\"https:\/\/lumart.fr\/fr\/les-collections\/interieur\/lustres\/lustre-monselet-5308-3\/\" class=\"more\">[ &hellip; ]<\/a><\/p>\n","protected":false},"featured_media":11130,"template":"","meta":[],"product_cat":[232],"product_tag":[],"acf":[],"yoast_head":"<!-- This site is optimized with the Yoast SEO plugin v17.8 - https:\/\/yoast.com\/wordpress\/plugins\/seo\/ -->\n<meta name=\"robots\" content=\"index, follow, max-snippet:-1, max-image-preview:large, max-video-preview:-1\" \/>\n<link rel=\"canonical\" href=\"https:\/\/lumart.fr\/fr\/les-collections\/interieur\/lustres\/lustre-monselet-5308-3\/\" \/>\n<meta property=\"og:locale\" content=\"fr_FR\" \/>\n<meta property=\"og:type\" content=\"article\" \/>\n<meta property=\"og:title\" content=\"Lustre Monselet (5308\/3) - Lum&#039;art\" \/>\n<meta property=\"og:description\" content=\"Tout autant sculpture que lustre, cette nouvelle cr\u00e9ation Lum&#039;art sign\u00e9e du designer Gr\u00e9goire Genin est toute en l\u00e9g\u00e8ret\u00e9, alternant &quot;laiton micro perfor\u00e9&quot; et &quot;laiton plein&quot;. Il diffuse une lumi\u00e8re subtile du plus bel effet. A associer avec l&#039;applique &quot;Monselet&quot; qui reprend les codes de la ligne mais en version verticale. [ &hellip; ]\" \/>\n<meta property=\"og:url\" content=\"https:\/\/lumart.fr\/fr\/les-collections\/interieur\/lustres\/lustre-monselet-5308-3\/\" \/>\n<meta property=\"og:site_name\" content=\"Lum&#039;art\" \/>\n<meta property=\"article:publisher\" content=\"https:\/\/www.facebook.com\/LumArt-1543826629180391\/\" \/>\n<meta property=\"article:modified_time\" content=\"2023-07-13T13:54:32+00:00\" \/>\n<meta property=\"og:image\" content=\"https:\/\/lumart.fr\/wp-content\/uploads\/2020\/07\/5308-3-Lustre-Monselet-LB-Lumart-BD7.jpg\" \/>\n\t<meta property=\"og:image:width\" content=\"1984\" \/>\n\t<meta property=\"og:image:height\" content=\"1323\" \/>\n<meta name=\"twitter:card\" content=\"summary\" \/>\n<script type=\"application\/ld+json\" class=\"yoast-schema-graph\">{\"@context\":\"https:\/\/schema.org\",\"@graph\":[{\"@type\":\"WebSite\",\"@id\":\"https:\/\/lumart.fr\/fr\/#website\",\"url\":\"https:\/\/lumart.fr\/fr\/\",\"name\":\"Lum'art\",\"description\":\"\",\"potentialAction\":[{\"@type\":\"SearchAction\",\"target\":{\"@type\":\"EntryPoint\",\"urlTemplate\":\"https:\/\/lumart.fr\/fr\/?s={search_term_string}\"},\"query-input\":\"required name=search_term_string\"}],\"inLanguage\":\"fr-FR\"},{\"@type\":\"ImageObject\",\"@id\":\"https:\/\/lumart.fr\/fr\/les-collections\/interieur\/lustres\/lustre-monselet-5308-3\/#primaryimage\",\"inLanguage\":\"fr-FR\",\"url\":\"\/wp-content\/uploads\/2020\/07\/5308-3-Lustre-Monselet-LB-Lumart-BD7.jpg\",\"contentUrl\":\"\/wp-content\/uploads\/2020\/07\/5308-3-Lustre-Monselet-LB-Lumart-BD7.jpg\",\"width\":1984,\"height\":1323,\"caption\":\"Lustre Monselet - Finition laiton bross\\u00e9\"},{\"@type\":\"WebPage\",\"@id\":\"https:\/\/lumart.fr\/fr\/les-collections\/interieur\/lustres\/lustre-monselet-5308-3\/#webpage\",\"url\":\"https:\/\/lumart.fr\/fr\/les-collections\/interieur\/lustres\/lustre-monselet-5308-3\/\",\"name\":\"Lustre Monselet (5308\/3) - Lum&#039;art\",\"isPartOf\":{\"@id\":\"https:\/\/lumart.fr\/fr\/#website\"},\"primaryImageOfPage\":{\"@id\":\"https:\/\/lumart.fr\/fr\/les-collections\/interieur\/lustres\/lustre-monselet-5308-3\/#primaryimage\"},\"datePublished\":\"2020-07-10T14:27:11+00:00\",\"dateModified\":\"2023-07-13T13:54:32+00:00\",\"breadcrumb\":{\"@id\":\"https:\/\/lumart.fr\/fr\/les-collections\/interieur\/lustres\/lustre-monselet-5308-3\/#breadcrumb\"},\"inLanguage\":\"fr-FR\",\"potentialAction\":[{\"@type\":\"ReadAction\",\"target\":[\"https:\/\/lumart.fr\/fr\/les-collections\/interieur\/lustres\/lustre-monselet-5308-3\/\"]}]},{\"@type\":\"BreadcrumbList\",\"@id\":\"https:\/\/lumart.fr\/fr\/les-collections\/interieur\/lustres\/lustre-monselet-5308-3\/#breadcrumb\",\"itemListElement\":[{\"@type\":\"ListItem\",\"position\":1,\"name\":\"Home\",\"item\":\"https:\/\/lumart.fr\/fr\/\"},{\"@type\":\"ListItem\",\"position\":2,\"name\":\"Les Collections\",\"item\":\"https:\/\/lumart.fr\/fr\/les-collections\/\"},{\"@type\":\"ListItem\",\"position\":3,\"name\":\"Monselet - Lustre\"}]}]}<\/script>\n<!-- \/ Yoast SEO plugin. -->","yoast_head_json":{"robots":{"index":"index","follow":"follow","max-snippet":"max-snippet:-1","max-image-preview":"max-image-preview:large","max-video-preview":"max-video-preview:-1"},"canonical":"https:\/\/lumart.fr\/fr\/les-collections\/interieur\/lustres\/lustre-monselet-5308-3\/","og_locale":"fr_FR","og_type":"article","og_title":"Lustre Monselet (5308\/3) - Lum&#039;art","og_description":"Tout autant sculpture que lustre, cette nouvelle cr\u00e9ation Lum'art sign\u00e9e du designer Gr\u00e9goire Genin est toute en l\u00e9g\u00e8ret\u00e9, alternant \"laiton micro perfor\u00e9\" et \"laiton plein\". Il diffuse une lumi\u00e8re subtile du plus bel effet. A associer avec l'applique \"Monselet\" qui reprend les codes de la ligne mais en version verticale. [ &hellip; ]","og_url":"https:\/\/lumart.fr\/fr\/les-collections\/interieur\/lustres\/lustre-monselet-5308-3\/","og_site_name":"Lum&#039;art","article_publisher":"https:\/\/www.facebook.com\/LumArt-1543826629180391\/","article_modified_time":"2023-07-13T13:54:32+00:00","og_image":[{"width":1984,"height":1323,"url":"https:\/\/lumart.fr\/wp-content\/uploads\/2020\/07\/5308-3-Lustre-Monselet-LB-Lumart-BD7.jpg","type":"image\/jpeg"}],"twitter_card":"summary","schema":{"@context":"https:\/\/schema.org","@graph":[{"@type":"WebSite","@id":"https:\/\/lumart.fr\/fr\/#website","url":"https:\/\/lumart.fr\/fr\/","name":"Lum'art","description":"","potentialAction":[{"@type":"SearchAction","target":{"@type":"EntryPoint","urlTemplate":"https:\/\/lumart.fr\/fr\/?s={search_term_string}"},"query-input":"required name=search_term_string"}],"inLanguage":"fr-FR"},{"@type":"ImageObject","@id":"https:\/\/lumart.fr\/fr\/les-collections\/interieur\/lustres\/lustre-monselet-5308-3\/#primaryimage","inLanguage":"fr-FR","url":"\/wp-content\/uploads\/2020\/07\/5308-3-Lustre-Monselet-LB-Lumart-BD7.jpg","contentUrl":"\/wp-content\/uploads\/2020\/07\/5308-3-Lustre-Monselet-LB-Lumart-BD7.jpg","width":1984,"height":1323,"caption":"Lustre Monselet - Finition laiton bross\u00e9"},{"@type":"WebPage","@id":"https:\/\/lumart.fr\/fr\/les-collections\/interieur\/lustres\/lustre-monselet-5308-3\/#webpage","url":"https:\/\/lumart.fr\/fr\/les-collections\/interieur\/lustres\/lustre-monselet-5308-3\/","name":"Lustre Monselet (5308\/3) - Lum&#039;art","isPartOf":{"@id":"https:\/\/lumart.fr\/fr\/#website"},"primaryImageOfPage":{"@id":"https:\/\/lumart.fr\/fr\/les-collections\/interieur\/lustres\/lustre-monselet-5308-3\/#primaryimage"},"datePublished":"2020-07-10T14:27:11+00:00","dateModified":"2023-07-13T13:54:32+00:00","breadcrumb":{"@id":"https:\/\/lumart.fr\/fr\/les-collections\/interieur\/lustres\/lustre-monselet-5308-3\/#breadcrumb"},"inLanguage":"fr-FR","potentialAction":[{"@type":"ReadAction","target":["https:\/\/lumart.fr\/fr\/les-collections\/interieur\/lustres\/lustre-monselet-5308-3\/"]}]},{"@type":"BreadcrumbList","@id":"https:\/\/lumart.fr\/fr\/les-collections\/interieur\/lustres\/lustre-monselet-5308-3\/#breadcrumb","itemListElement":[{"@type":"ListItem","position":1,"name":"Home","item":"https:\/\/lumart.fr\/fr\/"},{"@type":"ListItem","position":2,"name":"Les Collections","item":"https:\/\/lumart.fr\/fr\/les-collections\/"},{"@type":"ListItem","position":3,"name":"Monselet - Lustre"}]}]}},"_links":{"self":[{"href":"https:\/\/lumart.fr\/fr\/wp-json\/wp\/v2\/product\/11114"}],"collection":[{"href":"https:\/\/lumart.fr\/fr\/wp-json\/wp\/v2\/product"}],"about":[{"href":"https:\/\/lumart.fr\/fr\/wp-json\/wp\/v2\/types\/product"}],"wp:featuredmedia":[{"embeddable":true,"href":"https:\/\/lumart.fr\/fr\/wp-json\/wp\/v2\/media\/11130"}],"wp:attachment":[{"href":"https:\/\/lumart.fr\/fr\/wp-json\/wp\/v2\/media?parent=11114"}],"wp:term":[{"taxonomy":"product_cat","embeddable":true,"href":"https:\/\/lumart.fr\/fr\/wp-json\/wp\/v2\/product_cat?post=11114"},{"taxonomy":"product_tag","embeddable":true,"href":"https:\/\/lumart.fr\/fr\/wp-json\/wp\/v2\/product_tag?post=11114"}],"curies":[{"name":"wp","href":"https:\/\/api.w.org\/{rel}","templated":true}]}}