{"id":10964,"date":"2020-06-17T23:10:12","date_gmt":"2020-06-17T21:10:12","guid":{"rendered":"https:\/\/lumart.fr\/?post_type=product&#038;p=10964"},"modified":"2023-07-13T15:57:59","modified_gmt":"2023-07-13T13:57:59","slug":"brotteaux-applique-angle-ext-gm-2172-2","status":"publish","type":"product","link":"https:\/\/lumart.fr\/fr\/les-collections\/exterieur\/appliques-dangle-exterieur\/brotteaux-applique-angle-ext-gm-2172-2\/","title":{"rendered":"Brotteaux - Applique d'angle ext\u00e9rieur GM"},"content":{"rendered":"<p>Brotteaux ou la \u00ab box \u00bb contemporaine d\u00e9clin\u00e9e dans un grand nombre de formats pour animer les grands murs mais \u00e9galement le plus petits espaces. <\/p>\n","protected":false},"excerpt":{"rendered":"<p>Brotteaux ou la \u00ab box \u00bb contemporaine d\u00e9clin\u00e9e dans un grand nombre de formats pour animer les grands murs mais \u00e9galement le plus petits espaces.  <a href=\"https:\/\/lumart.fr\/fr\/les-collections\/exterieur\/appliques-dangle-exterieur\/brotteaux-applique-angle-ext-gm-2172-2\/\" class=\"more\">[ &hellip; ]<\/a><\/p>\n","protected":false},"featured_media":10967,"template":"","meta":[],"product_cat":[239],"product_tag":[],"acf":[],"yoast_head":"<!-- This site is optimized with the Yoast SEO plugin v17.8 - https:\/\/yoast.com\/wordpress\/plugins\/seo\/ -->\n<meta name=\"robots\" content=\"index, follow, max-snippet:-1, max-image-preview:large, max-video-preview:-1\" \/>\n<link rel=\"canonical\" href=\"https:\/\/lumart.fr\/fr\/les-collections\/exterieur\/appliques-dangle-exterieur\/brotteaux-applique-angle-ext-gm-2172-2\/\" \/>\n<meta property=\"og:locale\" content=\"fr_FR\" \/>\n<meta property=\"og:type\" content=\"article\" \/>\n<meta property=\"og:title\" content=\"Brotteaux Applique angle ext GM (2172\/2) - Lum&#039;art\" \/>\n<meta property=\"og:description\" content=\"Brotteaux ou la \u00ab box \u00bb contemporaine d\u00e9clin\u00e9e dans un grand nombre de formats pour animer les grands murs mais \u00e9galement le plus petits espaces. [ &hellip; ]\" \/>\n<meta property=\"og:url\" content=\"https:\/\/lumart.fr\/fr\/les-collections\/exterieur\/appliques-dangle-exterieur\/brotteaux-applique-angle-ext-gm-2172-2\/\" \/>\n<meta property=\"og:site_name\" content=\"Lum&#039;art\" \/>\n<meta property=\"article:publisher\" content=\"https:\/\/www.facebook.com\/LumArt-1543826629180391\/\" \/>\n<meta property=\"article:modified_time\" content=\"2023-07-13T13:57:59+00:00\" \/>\n<meta property=\"og:image\" content=\"https:\/\/lumart.fr\/wp-content\/uploads\/2020\/06\/2172-2-Brotteaux-lanterne-angle-ext-GM-VZ-Lumart-BD2.jpg\" \/>\n\t<meta property=\"og:image:width\" content=\"1984\" \/>\n\t<meta property=\"og:image:height\" content=\"1323\" \/>\n<meta name=\"twitter:card\" content=\"summary\" \/>\n<script type=\"application\/ld+json\" class=\"yoast-schema-graph\">{\"@context\":\"https:\/\/schema.org\",\"@graph\":[{\"@type\":\"WebSite\",\"@id\":\"https:\/\/lumart.fr\/fr\/#website\",\"url\":\"https:\/\/lumart.fr\/fr\/\",\"name\":\"Lum'art\",\"description\":\"\",\"potentialAction\":[{\"@type\":\"SearchAction\",\"target\":{\"@type\":\"EntryPoint\",\"urlTemplate\":\"https:\/\/lumart.fr\/fr\/?s={search_term_string}\"},\"query-input\":\"required name=search_term_string\"}],\"inLanguage\":\"fr-FR\"},{\"@type\":\"ImageObject\",\"@id\":\"https:\/\/lumart.fr\/fr\/les-collections\/exterieur\/appliques-dangle-exterieur\/brotteaux-applique-angle-ext-gm-2172-2\/#primaryimage\",\"inLanguage\":\"fr-FR\",\"url\":\"\/wp-content\/uploads\/2020\/06\/2172-2-Brotteaux-lanterne-angle-ext-GM-VZ-Lumart-BD2.jpg\",\"contentUrl\":\"\/wp-content\/uploads\/2020\/06\/2172-2-Brotteaux-lanterne-angle-ext-GM-VZ-Lumart-BD2.jpg\",\"width\":1984,\"height\":1323,\"caption\":\"Applique d'angle ext\\u00e9rieur Brotteaux GM - Finition vieux zinc\"},{\"@type\":\"WebPage\",\"@id\":\"https:\/\/lumart.fr\/fr\/les-collections\/exterieur\/appliques-dangle-exterieur\/brotteaux-applique-angle-ext-gm-2172-2\/#webpage\",\"url\":\"https:\/\/lumart.fr\/fr\/les-collections\/exterieur\/appliques-dangle-exterieur\/brotteaux-applique-angle-ext-gm-2172-2\/\",\"name\":\"Brotteaux Applique angle ext GM (2172\/2) - Lum&#039;art\",\"isPartOf\":{\"@id\":\"https:\/\/lumart.fr\/fr\/#website\"},\"primaryImageOfPage\":{\"@id\":\"https:\/\/lumart.fr\/fr\/les-collections\/exterieur\/appliques-dangle-exterieur\/brotteaux-applique-angle-ext-gm-2172-2\/#primaryimage\"},\"datePublished\":\"2020-06-17T21:10:12+00:00\",\"dateModified\":\"2023-07-13T13:57:59+00:00\",\"breadcrumb\":{\"@id\":\"https:\/\/lumart.fr\/fr\/les-collections\/exterieur\/appliques-dangle-exterieur\/brotteaux-applique-angle-ext-gm-2172-2\/#breadcrumb\"},\"inLanguage\":\"fr-FR\",\"potentialAction\":[{\"@type\":\"ReadAction\",\"target\":[\"https:\/\/lumart.fr\/fr\/les-collections\/exterieur\/appliques-dangle-exterieur\/brotteaux-applique-angle-ext-gm-2172-2\/\"]}]},{\"@type\":\"BreadcrumbList\",\"@id\":\"https:\/\/lumart.fr\/fr\/les-collections\/exterieur\/appliques-dangle-exterieur\/brotteaux-applique-angle-ext-gm-2172-2\/#breadcrumb\",\"itemListElement\":[{\"@type\":\"ListItem\",\"position\":1,\"name\":\"Home\",\"item\":\"https:\/\/lumart.fr\/fr\/\"},{\"@type\":\"ListItem\",\"position\":2,\"name\":\"Les Collections\",\"item\":\"https:\/\/lumart.fr\/fr\/les-collections\/\"},{\"@type\":\"ListItem\",\"position\":3,\"name\":\"Brotteaux - Applique d'angle ext\\u00e9rieur GM\"}]}]}<\/script>\n<!-- \/ Yoast SEO plugin. -->","yoast_head_json":{"robots":{"index":"index","follow":"follow","max-snippet":"max-snippet:-1","max-image-preview":"max-image-preview:large","max-video-preview":"max-video-preview:-1"},"canonical":"https:\/\/lumart.fr\/fr\/les-collections\/exterieur\/appliques-dangle-exterieur\/brotteaux-applique-angle-ext-gm-2172-2\/","og_locale":"fr_FR","og_type":"article","og_title":"Brotteaux Applique angle ext GM (2172\/2) - Lum&#039;art","og_description":"Brotteaux ou la \u00ab box \u00bb contemporaine d\u00e9clin\u00e9e dans un grand nombre de formats pour animer les grands murs mais \u00e9galement le plus petits espaces. [ &hellip; ]","og_url":"https:\/\/lumart.fr\/fr\/les-collections\/exterieur\/appliques-dangle-exterieur\/brotteaux-applique-angle-ext-gm-2172-2\/","og_site_name":"Lum&#039;art","article_publisher":"https:\/\/www.facebook.com\/LumArt-1543826629180391\/","article_modified_time":"2023-07-13T13:57:59+00:00","og_image":[{"width":1984,"height":1323,"url":"https:\/\/lumart.fr\/wp-content\/uploads\/2020\/06\/2172-2-Brotteaux-lanterne-angle-ext-GM-VZ-Lumart-BD2.jpg","type":"image\/jpeg"}],"twitter_card":"summary","schema":{"@context":"https:\/\/schema.org","@graph":[{"@type":"WebSite","@id":"https:\/\/lumart.fr\/fr\/#website","url":"https:\/\/lumart.fr\/fr\/","name":"Lum'art","description":"","potentialAction":[{"@type":"SearchAction","target":{"@type":"EntryPoint","urlTemplate":"https:\/\/lumart.fr\/fr\/?s={search_term_string}"},"query-input":"required name=search_term_string"}],"inLanguage":"fr-FR"},{"@type":"ImageObject","@id":"https:\/\/lumart.fr\/fr\/les-collections\/exterieur\/appliques-dangle-exterieur\/brotteaux-applique-angle-ext-gm-2172-2\/#primaryimage","inLanguage":"fr-FR","url":"\/wp-content\/uploads\/2020\/06\/2172-2-Brotteaux-lanterne-angle-ext-GM-VZ-Lumart-BD2.jpg","contentUrl":"\/wp-content\/uploads\/2020\/06\/2172-2-Brotteaux-lanterne-angle-ext-GM-VZ-Lumart-BD2.jpg","width":1984,"height":1323,"caption":"Applique d'angle ext\u00e9rieur Brotteaux GM - Finition vieux zinc"},{"@type":"WebPage","@id":"https:\/\/lumart.fr\/fr\/les-collections\/exterieur\/appliques-dangle-exterieur\/brotteaux-applique-angle-ext-gm-2172-2\/#webpage","url":"https:\/\/lumart.fr\/fr\/les-collections\/exterieur\/appliques-dangle-exterieur\/brotteaux-applique-angle-ext-gm-2172-2\/","name":"Brotteaux Applique angle ext GM (2172\/2) - Lum&#039;art","isPartOf":{"@id":"https:\/\/lumart.fr\/fr\/#website"},"primaryImageOfPage":{"@id":"https:\/\/lumart.fr\/fr\/les-collections\/exterieur\/appliques-dangle-exterieur\/brotteaux-applique-angle-ext-gm-2172-2\/#primaryimage"},"datePublished":"2020-06-17T21:10:12+00:00","dateModified":"2023-07-13T13:57:59+00:00","breadcrumb":{"@id":"https:\/\/lumart.fr\/fr\/les-collections\/exterieur\/appliques-dangle-exterieur\/brotteaux-applique-angle-ext-gm-2172-2\/#breadcrumb"},"inLanguage":"fr-FR","potentialAction":[{"@type":"ReadAction","target":["https:\/\/lumart.fr\/fr\/les-collections\/exterieur\/appliques-dangle-exterieur\/brotteaux-applique-angle-ext-gm-2172-2\/"]}]},{"@type":"BreadcrumbList","@id":"https:\/\/lumart.fr\/fr\/les-collections\/exterieur\/appliques-dangle-exterieur\/brotteaux-applique-angle-ext-gm-2172-2\/#breadcrumb","itemListElement":[{"@type":"ListItem","position":1,"name":"Home","item":"https:\/\/lumart.fr\/fr\/"},{"@type":"ListItem","position":2,"name":"Les Collections","item":"https:\/\/lumart.fr\/fr\/les-collections\/"},{"@type":"ListItem","position":3,"name":"Brotteaux - Applique d'angle ext\u00e9rieur GM"}]}]}},"_links":{"self":[{"href":"https:\/\/lumart.fr\/fr\/wp-json\/wp\/v2\/product\/10964"}],"collection":[{"href":"https:\/\/lumart.fr\/fr\/wp-json\/wp\/v2\/product"}],"about":[{"href":"https:\/\/lumart.fr\/fr\/wp-json\/wp\/v2\/types\/product"}],"wp:featuredmedia":[{"embeddable":true,"href":"https:\/\/lumart.fr\/fr\/wp-json\/wp\/v2\/media\/10967"}],"wp:attachment":[{"href":"https:\/\/lumart.fr\/fr\/wp-json\/wp\/v2\/media?parent=10964"}],"wp:term":[{"taxonomy":"product_cat","embeddable":true,"href":"https:\/\/lumart.fr\/fr\/wp-json\/wp\/v2\/product_cat?post=10964"},{"taxonomy":"product_tag","embeddable":true,"href":"https:\/\/lumart.fr\/fr\/wp-json\/wp\/v2\/product_tag?post=10964"}],"curies":[{"name":"wp","href":"https:\/\/api.w.org\/{rel}","templated":true}]}}