{"id":10929,"date":"2020-06-17T19:15:37","date_gmt":"2020-06-17T17:15:37","guid":{"rendered":"https:\/\/lumart.fr\/?post_type=product&#038;p=10929"},"modified":"2023-07-13T16:04:27","modified_gmt":"2023-07-13T14:04:27","slug":"cleo-plafonnier-5431","status":"publish","type":"product","link":"https:\/\/lumart.fr\/fr\/les-collections\/interieur\/plafonniers\/cleo-plafonnier-5431\/","title":{"rendered":"Cl\u00e9o - Plafonnier"},"content":{"rendered":"<p>Une boule de lumi\u00e8re d\u00e9licatement pos\u00e9e sur sa corole de laiton ou de zinc pour ponctuer votre mur ou plafond de touches de lumi\u00e8re. Chambre, salle de bain, salon, autour d\u2019un miroir \u00e0 jouer en paire, dans un couloir en r\u00e9p\u00e9tition, Cleo apporte une touche contemporaine \u00e0 votre int\u00e9rieur.<\/p>\n","protected":false},"excerpt":{"rendered":"<p>Une boule de lumi\u00e8re d\u00e9licatement pos\u00e9e sur sa corole de laiton ou de zinc pour ponctuer votre mur ou plafond de touches de lumi\u00e8re. Chambre, salle de bain, salon, autour d\u2019un miroir \u00e0 jouer en paire, dans un couloir en r\u00e9p\u00e9tition, Cleo apporte une touche contemporaine \u00e0 votre int\u00e9rieur. <a href=\"https:\/\/lumart.fr\/fr\/les-collections\/interieur\/plafonniers\/cleo-plafonnier-5431\/\" class=\"more\">[ &hellip; ]<\/a><\/p>\n","protected":false},"featured_media":10930,"template":"","meta":[],"product_cat":[1553],"product_tag":[],"acf":[],"yoast_head":"<!-- This site is optimized with the Yoast SEO plugin v17.8 - https:\/\/yoast.com\/wordpress\/plugins\/seo\/ -->\n<meta name=\"robots\" content=\"index, follow, max-snippet:-1, max-image-preview:large, max-video-preview:-1\" \/>\n<link rel=\"canonical\" href=\"https:\/\/lumart.fr\/fr\/les-collections\/interieur\/plafonniers\/cleo-plafonnier-5431\/\" \/>\n<meta property=\"og:locale\" content=\"fr_FR\" \/>\n<meta property=\"og:type\" content=\"article\" \/>\n<meta property=\"og:title\" content=\"Cl\u00e9o plafonnier (5431) - Lum&#039;art\" \/>\n<meta property=\"og:description\" content=\"Une boule de lumi\u00e8re d\u00e9licatement pos\u00e9e sur sa corole de laiton ou de zinc pour ponctuer votre mur ou plafond de touches de lumi\u00e8re. Chambre, salle de bain, salon, autour d\u2019un miroir \u00e0 jouer en paire, dans un couloir en r\u00e9p\u00e9tition, Cleo apporte une touche contemporaine \u00e0 votre int\u00e9rieur. [ &hellip; ]\" \/>\n<meta property=\"og:url\" content=\"https:\/\/lumart.fr\/fr\/les-collections\/interieur\/plafonniers\/cleo-plafonnier-5431\/\" \/>\n<meta property=\"og:site_name\" content=\"Lum&#039;art\" \/>\n<meta property=\"article:publisher\" content=\"https:\/\/www.facebook.com\/LumArt-1543826629180391\/\" \/>\n<meta property=\"article:modified_time\" content=\"2023-07-13T14:04:27+00:00\" \/>\n<meta property=\"og:image\" content=\"https:\/\/lumart.fr\/wp-content\/uploads\/2020\/06\/5431-Plafonnier-Cleo-LB-Lumart-BD1.jpg\" \/>\n\t<meta property=\"og:image:width\" content=\"1984\" \/>\n\t<meta property=\"og:image:height\" content=\"1323\" \/>\n<meta name=\"twitter:card\" content=\"summary\" \/>\n<script type=\"application\/ld+json\" class=\"yoast-schema-graph\">{\"@context\":\"https:\/\/schema.org\",\"@graph\":[{\"@type\":\"WebSite\",\"@id\":\"https:\/\/lumart.fr\/fr\/#website\",\"url\":\"https:\/\/lumart.fr\/fr\/\",\"name\":\"Lum'art\",\"description\":\"\",\"potentialAction\":[{\"@type\":\"SearchAction\",\"target\":{\"@type\":\"EntryPoint\",\"urlTemplate\":\"https:\/\/lumart.fr\/fr\/?s={search_term_string}\"},\"query-input\":\"required name=search_term_string\"}],\"inLanguage\":\"fr-FR\"},{\"@type\":\"ImageObject\",\"@id\":\"https:\/\/lumart.fr\/fr\/les-collections\/interieur\/plafonniers\/cleo-plafonnier-5431\/#primaryimage\",\"inLanguage\":\"fr-FR\",\"url\":\"\/wp-content\/uploads\/2020\/06\/5431-Plafonnier-Cleo-LB-Lumart-BD1.jpg\",\"contentUrl\":\"\/wp-content\/uploads\/2020\/06\/5431-Plafonnier-Cleo-LB-Lumart-BD1.jpg\",\"width\":1984,\"height\":1323,\"caption\":\"Plafonnier Cl\\u00e9o - Finition laiton bross\\u00e9\"},{\"@type\":\"WebPage\",\"@id\":\"https:\/\/lumart.fr\/fr\/les-collections\/interieur\/plafonniers\/cleo-plafonnier-5431\/#webpage\",\"url\":\"https:\/\/lumart.fr\/fr\/les-collections\/interieur\/plafonniers\/cleo-plafonnier-5431\/\",\"name\":\"Cl\\u00e9o plafonnier (5431) - Lum&#039;art\",\"isPartOf\":{\"@id\":\"https:\/\/lumart.fr\/fr\/#website\"},\"primaryImageOfPage\":{\"@id\":\"https:\/\/lumart.fr\/fr\/les-collections\/interieur\/plafonniers\/cleo-plafonnier-5431\/#primaryimage\"},\"datePublished\":\"2020-06-17T17:15:37+00:00\",\"dateModified\":\"2023-07-13T14:04:27+00:00\",\"breadcrumb\":{\"@id\":\"https:\/\/lumart.fr\/fr\/les-collections\/interieur\/plafonniers\/cleo-plafonnier-5431\/#breadcrumb\"},\"inLanguage\":\"fr-FR\",\"potentialAction\":[{\"@type\":\"ReadAction\",\"target\":[\"https:\/\/lumart.fr\/fr\/les-collections\/interieur\/plafonniers\/cleo-plafonnier-5431\/\"]}]},{\"@type\":\"BreadcrumbList\",\"@id\":\"https:\/\/lumart.fr\/fr\/les-collections\/interieur\/plafonniers\/cleo-plafonnier-5431\/#breadcrumb\",\"itemListElement\":[{\"@type\":\"ListItem\",\"position\":1,\"name\":\"Home\",\"item\":\"https:\/\/lumart.fr\/fr\/\"},{\"@type\":\"ListItem\",\"position\":2,\"name\":\"Les Collections\",\"item\":\"https:\/\/lumart.fr\/fr\/les-collections\/\"},{\"@type\":\"ListItem\",\"position\":3,\"name\":\"Cl\\u00e9o - Plafonnier\"}]}]}<\/script>\n<!-- \/ Yoast SEO plugin. -->","yoast_head_json":{"robots":{"index":"index","follow":"follow","max-snippet":"max-snippet:-1","max-image-preview":"max-image-preview:large","max-video-preview":"max-video-preview:-1"},"canonical":"https:\/\/lumart.fr\/fr\/les-collections\/interieur\/plafonniers\/cleo-plafonnier-5431\/","og_locale":"fr_FR","og_type":"article","og_title":"Cl\u00e9o plafonnier (5431) - Lum&#039;art","og_description":"Une boule de lumi\u00e8re d\u00e9licatement pos\u00e9e sur sa corole de laiton ou de zinc pour ponctuer votre mur ou plafond de touches de lumi\u00e8re. Chambre, salle de bain, salon, autour d\u2019un miroir \u00e0 jouer en paire, dans un couloir en r\u00e9p\u00e9tition, Cleo apporte une touche contemporaine \u00e0 votre int\u00e9rieur. [ &hellip; ]","og_url":"https:\/\/lumart.fr\/fr\/les-collections\/interieur\/plafonniers\/cleo-plafonnier-5431\/","og_site_name":"Lum&#039;art","article_publisher":"https:\/\/www.facebook.com\/LumArt-1543826629180391\/","article_modified_time":"2023-07-13T14:04:27+00:00","og_image":[{"width":1984,"height":1323,"url":"https:\/\/lumart.fr\/wp-content\/uploads\/2020\/06\/5431-Plafonnier-Cleo-LB-Lumart-BD1.jpg","type":"image\/jpeg"}],"twitter_card":"summary","schema":{"@context":"https:\/\/schema.org","@graph":[{"@type":"WebSite","@id":"https:\/\/lumart.fr\/fr\/#website","url":"https:\/\/lumart.fr\/fr\/","name":"Lum'art","description":"","potentialAction":[{"@type":"SearchAction","target":{"@type":"EntryPoint","urlTemplate":"https:\/\/lumart.fr\/fr\/?s={search_term_string}"},"query-input":"required name=search_term_string"}],"inLanguage":"fr-FR"},{"@type":"ImageObject","@id":"https:\/\/lumart.fr\/fr\/les-collections\/interieur\/plafonniers\/cleo-plafonnier-5431\/#primaryimage","inLanguage":"fr-FR","url":"\/wp-content\/uploads\/2020\/06\/5431-Plafonnier-Cleo-LB-Lumart-BD1.jpg","contentUrl":"\/wp-content\/uploads\/2020\/06\/5431-Plafonnier-Cleo-LB-Lumart-BD1.jpg","width":1984,"height":1323,"caption":"Plafonnier Cl\u00e9o - Finition laiton bross\u00e9"},{"@type":"WebPage","@id":"https:\/\/lumart.fr\/fr\/les-collections\/interieur\/plafonniers\/cleo-plafonnier-5431\/#webpage","url":"https:\/\/lumart.fr\/fr\/les-collections\/interieur\/plafonniers\/cleo-plafonnier-5431\/","name":"Cl\u00e9o plafonnier (5431) - Lum&#039;art","isPartOf":{"@id":"https:\/\/lumart.fr\/fr\/#website"},"primaryImageOfPage":{"@id":"https:\/\/lumart.fr\/fr\/les-collections\/interieur\/plafonniers\/cleo-plafonnier-5431\/#primaryimage"},"datePublished":"2020-06-17T17:15:37+00:00","dateModified":"2023-07-13T14:04:27+00:00","breadcrumb":{"@id":"https:\/\/lumart.fr\/fr\/les-collections\/interieur\/plafonniers\/cleo-plafonnier-5431\/#breadcrumb"},"inLanguage":"fr-FR","potentialAction":[{"@type":"ReadAction","target":["https:\/\/lumart.fr\/fr\/les-collections\/interieur\/plafonniers\/cleo-plafonnier-5431\/"]}]},{"@type":"BreadcrumbList","@id":"https:\/\/lumart.fr\/fr\/les-collections\/interieur\/plafonniers\/cleo-plafonnier-5431\/#breadcrumb","itemListElement":[{"@type":"ListItem","position":1,"name":"Home","item":"https:\/\/lumart.fr\/fr\/"},{"@type":"ListItem","position":2,"name":"Les Collections","item":"https:\/\/lumart.fr\/fr\/les-collections\/"},{"@type":"ListItem","position":3,"name":"Cl\u00e9o - Plafonnier"}]}]}},"_links":{"self":[{"href":"https:\/\/lumart.fr\/fr\/wp-json\/wp\/v2\/product\/10929"}],"collection":[{"href":"https:\/\/lumart.fr\/fr\/wp-json\/wp\/v2\/product"}],"about":[{"href":"https:\/\/lumart.fr\/fr\/wp-json\/wp\/v2\/types\/product"}],"wp:featuredmedia":[{"embeddable":true,"href":"https:\/\/lumart.fr\/fr\/wp-json\/wp\/v2\/media\/10930"}],"wp:attachment":[{"href":"https:\/\/lumart.fr\/fr\/wp-json\/wp\/v2\/media?parent=10929"}],"wp:term":[{"taxonomy":"product_cat","embeddable":true,"href":"https:\/\/lumart.fr\/fr\/wp-json\/wp\/v2\/product_cat?post=10929"},{"taxonomy":"product_tag","embeddable":true,"href":"https:\/\/lumart.fr\/fr\/wp-json\/wp\/v2\/product_tag?post=10929"}],"curies":[{"name":"wp","href":"https:\/\/api.w.org\/{rel}","templated":true}]}}