{"id":10898,"date":"2020-06-16T15:27:22","date_gmt":"2020-06-16T13:27:22","guid":{"rendered":"https:\/\/lumart.fr\/?post_type=product&#038;p=10898"},"modified":"2023-07-13T14:15:17","modified_gmt":"2023-07-13T12:15:17","slug":"chapeau-dupont-suspension-85-cm-422","status":"publish","type":"product","link":"https:\/\/lumart.fr\/fr\/les-collections\/exterieur\/suspensions-exterieur\/chapeau-dupont-suspension-85-cm-422\/","title":{"rendered":"Chapeau Dupont - Suspension 85 cm"},"content":{"rendered":"<p>La suspension Chapeau Dupont est tout \u00e0 son aise sous la pergola mais peut \u00e9galement jouer la partition industrielle pour un \u00e9clairage vertical, \u00e0 placer indiff\u00e9remment \u00e0 l\u2019int\u00e9rieur ou \u00e0 l\u2019ext\u00e9rieur et de pr\u00e9f\u00e9rence en s\u00e9rie pour un effet r\u00e9p\u00e9tition.<\/p>\n","protected":false},"excerpt":{"rendered":"<p>La suspension Chapeau Dupont est tout \u00e0 son aise sous la pergola mais peut \u00e9galement jouer la partition industrielle pour un \u00e9clairage vertical, \u00e0 placer indiff\u00e9remment \u00e0 l\u2019int\u00e9rieur ou \u00e0 l\u2019ext\u00e9rieur et de pr\u00e9f\u00e9rence en s\u00e9rie pour un effet r\u00e9p\u00e9tition. <a href=\"https:\/\/lumart.fr\/fr\/les-collections\/exterieur\/suspensions-exterieur\/chapeau-dupont-suspension-85-cm-422\/\" class=\"more\">[ &hellip; ]<\/a><\/p>\n","protected":false},"featured_media":10899,"template":"","meta":[],"product_cat":[236],"product_tag":[],"acf":[],"yoast_head":"<!-- This site is optimized with the Yoast SEO plugin v17.8 - https:\/\/yoast.com\/wordpress\/plugins\/seo\/ -->\n<meta name=\"robots\" content=\"index, follow, max-snippet:-1, max-image-preview:large, max-video-preview:-1\" \/>\n<link rel=\"canonical\" href=\"https:\/\/lumart.fr\/fr\/les-collections\/exterieur\/suspensions-exterieur\/chapeau-dupont-suspension-85-cm-422\/\" \/>\n<meta property=\"og:locale\" content=\"fr_FR\" \/>\n<meta property=\"og:type\" content=\"article\" \/>\n<meta property=\"og:title\" content=\"Chapeau Dupont Suspension 85 cm (422) - Lum&#039;art\" \/>\n<meta property=\"og:description\" content=\"La suspension Chapeau Dupont est tout \u00e0 son aise sous la pergola mais peut \u00e9galement jouer la partition industrielle pour un \u00e9clairage vertical, \u00e0 placer indiff\u00e9remment \u00e0 l\u2019int\u00e9rieur ou \u00e0 l\u2019ext\u00e9rieur et de pr\u00e9f\u00e9rence en s\u00e9rie pour un effet r\u00e9p\u00e9tition. [ &hellip; ]\" \/>\n<meta property=\"og:url\" content=\"https:\/\/lumart.fr\/fr\/les-collections\/exterieur\/suspensions-exterieur\/chapeau-dupont-suspension-85-cm-422\/\" \/>\n<meta property=\"og:site_name\" content=\"Lum&#039;art\" \/>\n<meta property=\"article:publisher\" content=\"https:\/\/www.facebook.com\/LumArt-1543826629180391\/\" \/>\n<meta property=\"article:modified_time\" content=\"2023-07-13T12:15:17+00:00\" \/>\n<meta property=\"og:image\" content=\"https:\/\/lumart.fr\/wp-content\/uploads\/2020\/06\/422-Suspension-Chapeau-Dupont-60cm-VZ-Lumart-BD-1.jpg\" \/>\n\t<meta property=\"og:image:width\" content=\"1984\" \/>\n\t<meta property=\"og:image:height\" content=\"1323\" \/>\n<meta name=\"twitter:card\" content=\"summary\" \/>\n<script type=\"application\/ld+json\" class=\"yoast-schema-graph\">{\"@context\":\"https:\/\/schema.org\",\"@graph\":[{\"@type\":\"WebSite\",\"@id\":\"https:\/\/lumart.fr\/fr\/#website\",\"url\":\"https:\/\/lumart.fr\/fr\/\",\"name\":\"Lum'art\",\"description\":\"\",\"potentialAction\":[{\"@type\":\"SearchAction\",\"target\":{\"@type\":\"EntryPoint\",\"urlTemplate\":\"https:\/\/lumart.fr\/fr\/?s={search_term_string}\"},\"query-input\":\"required name=search_term_string\"}],\"inLanguage\":\"fr-FR\"},{\"@type\":\"ImageObject\",\"@id\":\"https:\/\/lumart.fr\/fr\/les-collections\/exterieur\/suspensions-exterieur\/chapeau-dupont-suspension-85-cm-422\/#primaryimage\",\"inLanguage\":\"fr-FR\",\"url\":\"\/wp-content\/uploads\/2020\/06\/422-Suspension-Chapeau-Dupont-60cm-VZ-Lumart-BD-1.jpg\",\"contentUrl\":\"\/wp-content\/uploads\/2020\/06\/422-Suspension-Chapeau-Dupont-60cm-VZ-Lumart-BD-1.jpg\",\"width\":1984,\"height\":1323,\"caption\":\"Suspension Chapeau Dupont 85 cm - Finition vieux zinc\"},{\"@type\":\"WebPage\",\"@id\":\"https:\/\/lumart.fr\/fr\/les-collections\/exterieur\/suspensions-exterieur\/chapeau-dupont-suspension-85-cm-422\/#webpage\",\"url\":\"https:\/\/lumart.fr\/fr\/les-collections\/exterieur\/suspensions-exterieur\/chapeau-dupont-suspension-85-cm-422\/\",\"name\":\"Chapeau Dupont Suspension 85 cm (422) - Lum&#039;art\",\"isPartOf\":{\"@id\":\"https:\/\/lumart.fr\/fr\/#website\"},\"primaryImageOfPage\":{\"@id\":\"https:\/\/lumart.fr\/fr\/les-collections\/exterieur\/suspensions-exterieur\/chapeau-dupont-suspension-85-cm-422\/#primaryimage\"},\"datePublished\":\"2020-06-16T13:27:22+00:00\",\"dateModified\":\"2023-07-13T12:15:17+00:00\",\"breadcrumb\":{\"@id\":\"https:\/\/lumart.fr\/fr\/les-collections\/exterieur\/suspensions-exterieur\/chapeau-dupont-suspension-85-cm-422\/#breadcrumb\"},\"inLanguage\":\"fr-FR\",\"potentialAction\":[{\"@type\":\"ReadAction\",\"target\":[\"https:\/\/lumart.fr\/fr\/les-collections\/exterieur\/suspensions-exterieur\/chapeau-dupont-suspension-85-cm-422\/\"]}]},{\"@type\":\"BreadcrumbList\",\"@id\":\"https:\/\/lumart.fr\/fr\/les-collections\/exterieur\/suspensions-exterieur\/chapeau-dupont-suspension-85-cm-422\/#breadcrumb\",\"itemListElement\":[{\"@type\":\"ListItem\",\"position\":1,\"name\":\"Home\",\"item\":\"https:\/\/lumart.fr\/fr\/\"},{\"@type\":\"ListItem\",\"position\":2,\"name\":\"Les Collections\",\"item\":\"https:\/\/lumart.fr\/fr\/les-collections\/\"},{\"@type\":\"ListItem\",\"position\":3,\"name\":\"Chapeau Dupont - Suspension 85 cm\"}]}]}<\/script>\n<!-- \/ Yoast SEO plugin. -->","yoast_head_json":{"robots":{"index":"index","follow":"follow","max-snippet":"max-snippet:-1","max-image-preview":"max-image-preview:large","max-video-preview":"max-video-preview:-1"},"canonical":"https:\/\/lumart.fr\/fr\/les-collections\/exterieur\/suspensions-exterieur\/chapeau-dupont-suspension-85-cm-422\/","og_locale":"fr_FR","og_type":"article","og_title":"Chapeau Dupont Suspension 85 cm (422) - Lum&#039;art","og_description":"La suspension Chapeau Dupont est tout \u00e0 son aise sous la pergola mais peut \u00e9galement jouer la partition industrielle pour un \u00e9clairage vertical, \u00e0 placer indiff\u00e9remment \u00e0 l\u2019int\u00e9rieur ou \u00e0 l\u2019ext\u00e9rieur et de pr\u00e9f\u00e9rence en s\u00e9rie pour un effet r\u00e9p\u00e9tition. [ &hellip; ]","og_url":"https:\/\/lumart.fr\/fr\/les-collections\/exterieur\/suspensions-exterieur\/chapeau-dupont-suspension-85-cm-422\/","og_site_name":"Lum&#039;art","article_publisher":"https:\/\/www.facebook.com\/LumArt-1543826629180391\/","article_modified_time":"2023-07-13T12:15:17+00:00","og_image":[{"width":1984,"height":1323,"url":"https:\/\/lumart.fr\/wp-content\/uploads\/2020\/06\/422-Suspension-Chapeau-Dupont-60cm-VZ-Lumart-BD-1.jpg","type":"image\/jpeg"}],"twitter_card":"summary","schema":{"@context":"https:\/\/schema.org","@graph":[{"@type":"WebSite","@id":"https:\/\/lumart.fr\/fr\/#website","url":"https:\/\/lumart.fr\/fr\/","name":"Lum'art","description":"","potentialAction":[{"@type":"SearchAction","target":{"@type":"EntryPoint","urlTemplate":"https:\/\/lumart.fr\/fr\/?s={search_term_string}"},"query-input":"required name=search_term_string"}],"inLanguage":"fr-FR"},{"@type":"ImageObject","@id":"https:\/\/lumart.fr\/fr\/les-collections\/exterieur\/suspensions-exterieur\/chapeau-dupont-suspension-85-cm-422\/#primaryimage","inLanguage":"fr-FR","url":"\/wp-content\/uploads\/2020\/06\/422-Suspension-Chapeau-Dupont-60cm-VZ-Lumart-BD-1.jpg","contentUrl":"\/wp-content\/uploads\/2020\/06\/422-Suspension-Chapeau-Dupont-60cm-VZ-Lumart-BD-1.jpg","width":1984,"height":1323,"caption":"Suspension Chapeau Dupont 85 cm - Finition vieux zinc"},{"@type":"WebPage","@id":"https:\/\/lumart.fr\/fr\/les-collections\/exterieur\/suspensions-exterieur\/chapeau-dupont-suspension-85-cm-422\/#webpage","url":"https:\/\/lumart.fr\/fr\/les-collections\/exterieur\/suspensions-exterieur\/chapeau-dupont-suspension-85-cm-422\/","name":"Chapeau Dupont Suspension 85 cm (422) - Lum&#039;art","isPartOf":{"@id":"https:\/\/lumart.fr\/fr\/#website"},"primaryImageOfPage":{"@id":"https:\/\/lumart.fr\/fr\/les-collections\/exterieur\/suspensions-exterieur\/chapeau-dupont-suspension-85-cm-422\/#primaryimage"},"datePublished":"2020-06-16T13:27:22+00:00","dateModified":"2023-07-13T12:15:17+00:00","breadcrumb":{"@id":"https:\/\/lumart.fr\/fr\/les-collections\/exterieur\/suspensions-exterieur\/chapeau-dupont-suspension-85-cm-422\/#breadcrumb"},"inLanguage":"fr-FR","potentialAction":[{"@type":"ReadAction","target":["https:\/\/lumart.fr\/fr\/les-collections\/exterieur\/suspensions-exterieur\/chapeau-dupont-suspension-85-cm-422\/"]}]},{"@type":"BreadcrumbList","@id":"https:\/\/lumart.fr\/fr\/les-collections\/exterieur\/suspensions-exterieur\/chapeau-dupont-suspension-85-cm-422\/#breadcrumb","itemListElement":[{"@type":"ListItem","position":1,"name":"Home","item":"https:\/\/lumart.fr\/fr\/"},{"@type":"ListItem","position":2,"name":"Les Collections","item":"https:\/\/lumart.fr\/fr\/les-collections\/"},{"@type":"ListItem","position":3,"name":"Chapeau Dupont - Suspension 85 cm"}]}]}},"_links":{"self":[{"href":"https:\/\/lumart.fr\/fr\/wp-json\/wp\/v2\/product\/10898"}],"collection":[{"href":"https:\/\/lumart.fr\/fr\/wp-json\/wp\/v2\/product"}],"about":[{"href":"https:\/\/lumart.fr\/fr\/wp-json\/wp\/v2\/types\/product"}],"wp:featuredmedia":[{"embeddable":true,"href":"https:\/\/lumart.fr\/fr\/wp-json\/wp\/v2\/media\/10899"}],"wp:attachment":[{"href":"https:\/\/lumart.fr\/fr\/wp-json\/wp\/v2\/media?parent=10898"}],"wp:term":[{"taxonomy":"product_cat","embeddable":true,"href":"https:\/\/lumart.fr\/fr\/wp-json\/wp\/v2\/product_cat?post=10898"},{"taxonomy":"product_tag","embeddable":true,"href":"https:\/\/lumart.fr\/fr\/wp-json\/wp\/v2\/product_tag?post=10898"}],"curies":[{"name":"wp","href":"https:\/\/api.w.org\/{rel}","templated":true}]}}