{"id":10481,"date":"2019-02-18T09:14:53","date_gmt":"2019-02-18T09:14:53","guid":{"rendered":"https:\/\/lumart.fr\/?post_type=product&#038;p=10481"},"modified":"2023-07-13T14:18:07","modified_gmt":"2023-07-13T12:18:07","slug":"carnaby-lampe-gm-7122","status":"publish","type":"product","link":"https:\/\/lumart.fr\/fr\/les-collections\/interieur\/lampes\/carnaby-lampe-gm-7122\/","title":{"rendered":"Carnaby - Lampe GM"},"content":{"rendered":"<p class=\"p2\">Puret\u00e9 des lignes. Comme en l\u00e9vitation, la collection Carnaby tourne autour du cercle, v\u00e9ritable miroir sur lequel vient se refl\u00e9ter une de ces belles ampoule \u00e0 filament type Edison (version LED ou pas).<\/p>\n","protected":false},"excerpt":{"rendered":"<p>Puret\u00e9 des lignes. Comme en l\u00e9vitation, la collection Carnaby tourne autour du cercle, v\u00e9ritable miroir sur lequel vient se refl\u00e9ter une de ces belles ampoule \u00e0 filament type Edison (version LED ou pas).<\/p>\n","protected":false},"featured_media":10876,"template":"","meta":[],"product_cat":[238],"product_tag":[],"acf":[],"yoast_head":"<!-- This site is optimized with the Yoast SEO plugin v17.8 - https:\/\/yoast.com\/wordpress\/plugins\/seo\/ -->\n<meta name=\"robots\" content=\"index, follow, max-snippet:-1, max-image-preview:large, max-video-preview:-1\" \/>\n<link rel=\"canonical\" href=\"https:\/\/lumart.fr\/fr\/les-collections\/interieur\/lampes\/carnaby-lampe-gm-7122\/\" \/>\n<meta property=\"og:locale\" content=\"fr_FR\" \/>\n<meta property=\"og:type\" content=\"article\" \/>\n<meta property=\"og:title\" content=\"Carnaby Lampe GM (7122) - Lum&#039;art\" \/>\n<meta property=\"og:description\" content=\"Puret\u00e9 des lignes. Comme en l\u00e9vitation, la collection Carnaby tourne autour du cercle, v\u00e9ritable miroir sur lequel vient se refl\u00e9ter une de ces belles ampoule \u00e0 filament type Edison (version LED ou pas).\" \/>\n<meta property=\"og:url\" content=\"https:\/\/lumart.fr\/fr\/les-collections\/interieur\/lampes\/carnaby-lampe-gm-7122\/\" \/>\n<meta property=\"og:site_name\" content=\"Lum&#039;art\" \/>\n<meta property=\"article:publisher\" content=\"https:\/\/www.facebook.com\/LumArt-1543826629180391\/\" \/>\n<meta property=\"article:modified_time\" content=\"2023-07-13T12:18:07+00:00\" \/>\n<meta property=\"og:image\" content=\"https:\/\/lumart.fr\/wp-content\/uploads\/2019\/02\/7122-Lampe-Carnaby-GM-LB-Lumart-BD6.jpg\" \/>\n\t<meta property=\"og:image:width\" content=\"1984\" \/>\n\t<meta property=\"og:image:height\" content=\"1323\" \/>\n<meta name=\"twitter:card\" content=\"summary\" \/>\n<script type=\"application\/ld+json\" class=\"yoast-schema-graph\">{\"@context\":\"https:\/\/schema.org\",\"@graph\":[{\"@type\":\"WebSite\",\"@id\":\"https:\/\/lumart.fr\/fr\/#website\",\"url\":\"https:\/\/lumart.fr\/fr\/\",\"name\":\"Lum'art\",\"description\":\"\",\"potentialAction\":[{\"@type\":\"SearchAction\",\"target\":{\"@type\":\"EntryPoint\",\"urlTemplate\":\"https:\/\/lumart.fr\/fr\/?s={search_term_string}\"},\"query-input\":\"required name=search_term_string\"}],\"inLanguage\":\"fr-FR\"},{\"@type\":\"ImageObject\",\"@id\":\"https:\/\/lumart.fr\/fr\/les-collections\/interieur\/lampes\/carnaby-lampe-gm-7122\/#primaryimage\",\"inLanguage\":\"fr-FR\",\"url\":\"\/wp-content\/uploads\/2019\/02\/7122-Lampe-Carnaby-GM-LB-Lumart-BD6.jpg\",\"contentUrl\":\"\/wp-content\/uploads\/2019\/02\/7122-Lampe-Carnaby-GM-LB-Lumart-BD6.jpg\",\"width\":1984,\"height\":1323,\"caption\":\"Lampe Carnaby GM - Finition laiton bross\\u00e9\"},{\"@type\":\"WebPage\",\"@id\":\"https:\/\/lumart.fr\/fr\/les-collections\/interieur\/lampes\/carnaby-lampe-gm-7122\/#webpage\",\"url\":\"https:\/\/lumart.fr\/fr\/les-collections\/interieur\/lampes\/carnaby-lampe-gm-7122\/\",\"name\":\"Carnaby Lampe GM (7122) - Lum&#039;art\",\"isPartOf\":{\"@id\":\"https:\/\/lumart.fr\/fr\/#website\"},\"primaryImageOfPage\":{\"@id\":\"https:\/\/lumart.fr\/fr\/les-collections\/interieur\/lampes\/carnaby-lampe-gm-7122\/#primaryimage\"},\"datePublished\":\"2019-02-18T09:14:53+00:00\",\"dateModified\":\"2023-07-13T12:18:07+00:00\",\"breadcrumb\":{\"@id\":\"https:\/\/lumart.fr\/fr\/les-collections\/interieur\/lampes\/carnaby-lampe-gm-7122\/#breadcrumb\"},\"inLanguage\":\"fr-FR\",\"potentialAction\":[{\"@type\":\"ReadAction\",\"target\":[\"https:\/\/lumart.fr\/fr\/les-collections\/interieur\/lampes\/carnaby-lampe-gm-7122\/\"]}]},{\"@type\":\"BreadcrumbList\",\"@id\":\"https:\/\/lumart.fr\/fr\/les-collections\/interieur\/lampes\/carnaby-lampe-gm-7122\/#breadcrumb\",\"itemListElement\":[{\"@type\":\"ListItem\",\"position\":1,\"name\":\"Home\",\"item\":\"https:\/\/lumart.fr\/fr\/\"},{\"@type\":\"ListItem\",\"position\":2,\"name\":\"Les Collections\",\"item\":\"https:\/\/lumart.fr\/fr\/les-collections\/\"},{\"@type\":\"ListItem\",\"position\":3,\"name\":\"Carnaby - Lampe GM\"}]}]}<\/script>\n<!-- \/ Yoast SEO plugin. -->","yoast_head_json":{"robots":{"index":"index","follow":"follow","max-snippet":"max-snippet:-1","max-image-preview":"max-image-preview:large","max-video-preview":"max-video-preview:-1"},"canonical":"https:\/\/lumart.fr\/fr\/les-collections\/interieur\/lampes\/carnaby-lampe-gm-7122\/","og_locale":"fr_FR","og_type":"article","og_title":"Carnaby Lampe GM (7122) - Lum&#039;art","og_description":"Puret\u00e9 des lignes. Comme en l\u00e9vitation, la collection Carnaby tourne autour du cercle, v\u00e9ritable miroir sur lequel vient se refl\u00e9ter une de ces belles ampoule \u00e0 filament type Edison (version LED ou pas).","og_url":"https:\/\/lumart.fr\/fr\/les-collections\/interieur\/lampes\/carnaby-lampe-gm-7122\/","og_site_name":"Lum&#039;art","article_publisher":"https:\/\/www.facebook.com\/LumArt-1543826629180391\/","article_modified_time":"2023-07-13T12:18:07+00:00","og_image":[{"width":1984,"height":1323,"url":"https:\/\/lumart.fr\/wp-content\/uploads\/2019\/02\/7122-Lampe-Carnaby-GM-LB-Lumart-BD6.jpg","type":"image\/jpeg"}],"twitter_card":"summary","schema":{"@context":"https:\/\/schema.org","@graph":[{"@type":"WebSite","@id":"https:\/\/lumart.fr\/fr\/#website","url":"https:\/\/lumart.fr\/fr\/","name":"Lum'art","description":"","potentialAction":[{"@type":"SearchAction","target":{"@type":"EntryPoint","urlTemplate":"https:\/\/lumart.fr\/fr\/?s={search_term_string}"},"query-input":"required name=search_term_string"}],"inLanguage":"fr-FR"},{"@type":"ImageObject","@id":"https:\/\/lumart.fr\/fr\/les-collections\/interieur\/lampes\/carnaby-lampe-gm-7122\/#primaryimage","inLanguage":"fr-FR","url":"\/wp-content\/uploads\/2019\/02\/7122-Lampe-Carnaby-GM-LB-Lumart-BD6.jpg","contentUrl":"\/wp-content\/uploads\/2019\/02\/7122-Lampe-Carnaby-GM-LB-Lumart-BD6.jpg","width":1984,"height":1323,"caption":"Lampe Carnaby GM - Finition laiton bross\u00e9"},{"@type":"WebPage","@id":"https:\/\/lumart.fr\/fr\/les-collections\/interieur\/lampes\/carnaby-lampe-gm-7122\/#webpage","url":"https:\/\/lumart.fr\/fr\/les-collections\/interieur\/lampes\/carnaby-lampe-gm-7122\/","name":"Carnaby Lampe GM (7122) - Lum&#039;art","isPartOf":{"@id":"https:\/\/lumart.fr\/fr\/#website"},"primaryImageOfPage":{"@id":"https:\/\/lumart.fr\/fr\/les-collections\/interieur\/lampes\/carnaby-lampe-gm-7122\/#primaryimage"},"datePublished":"2019-02-18T09:14:53+00:00","dateModified":"2023-07-13T12:18:07+00:00","breadcrumb":{"@id":"https:\/\/lumart.fr\/fr\/les-collections\/interieur\/lampes\/carnaby-lampe-gm-7122\/#breadcrumb"},"inLanguage":"fr-FR","potentialAction":[{"@type":"ReadAction","target":["https:\/\/lumart.fr\/fr\/les-collections\/interieur\/lampes\/carnaby-lampe-gm-7122\/"]}]},{"@type":"BreadcrumbList","@id":"https:\/\/lumart.fr\/fr\/les-collections\/interieur\/lampes\/carnaby-lampe-gm-7122\/#breadcrumb","itemListElement":[{"@type":"ListItem","position":1,"name":"Home","item":"https:\/\/lumart.fr\/fr\/"},{"@type":"ListItem","position":2,"name":"Les Collections","item":"https:\/\/lumart.fr\/fr\/les-collections\/"},{"@type":"ListItem","position":3,"name":"Carnaby - Lampe GM"}]}]}},"_links":{"self":[{"href":"https:\/\/lumart.fr\/fr\/wp-json\/wp\/v2\/product\/10481"}],"collection":[{"href":"https:\/\/lumart.fr\/fr\/wp-json\/wp\/v2\/product"}],"about":[{"href":"https:\/\/lumart.fr\/fr\/wp-json\/wp\/v2\/types\/product"}],"wp:featuredmedia":[{"embeddable":true,"href":"https:\/\/lumart.fr\/fr\/wp-json\/wp\/v2\/media\/10876"}],"wp:attachment":[{"href":"https:\/\/lumart.fr\/fr\/wp-json\/wp\/v2\/media?parent=10481"}],"wp:term":[{"taxonomy":"product_cat","embeddable":true,"href":"https:\/\/lumart.fr\/fr\/wp-json\/wp\/v2\/product_cat?post=10481"},{"taxonomy":"product_tag","embeddable":true,"href":"https:\/\/lumart.fr\/fr\/wp-json\/wp\/v2\/product_tag?post=10481"}],"curies":[{"name":"wp","href":"https:\/\/api.w.org\/{rel}","templated":true}]}}