{"id":10474,"date":"2019-01-23T13:06:20","date_gmt":"2019-01-23T13:06:20","guid":{"rendered":"https:\/\/lumart.fr\/?post_type=product&#038;p=10474"},"modified":"2023-07-13T14:18:56","modified_gmt":"2023-07-13T12:18:56","slug":"carnaby-mm-7121","status":"publish","type":"product","link":"https:\/\/lumart.fr\/fr\/les-collections\/interieur\/lampes\/carnaby-mm-7121\/","title":{"rendered":"Carnaby - Lampe MM"},"content":{"rendered":"<p class=\"p2\">Puret\u00e9 des lignes. Comme en l\u00e9vitation, la collection Carnaby tourne autour du cercle, v\u00e9ritable miroir sur lequel vient se refl\u00e9ter une de ces belles ampoule \u00e0 filament type Edison (version LED ou pas).<\/p>\n","protected":false},"excerpt":{"rendered":"<p class=\"p2\">Puret\u00e9 des lignes. Comme en l\u00e9vitation, la collection Carnaby tourne autour du cercle, v\u00e9ritable miroir sur lequel vient se refl\u00e9ter une de ces belles ampoule \u00e0 filament type Edison (version LED ou pas).<\/p>\n<p> <a href=\"https:\/\/lumart.fr\/fr\/les-collections\/interieur\/lampes\/carnaby-mm-7121\/\" class=\"more\">[ &hellip; ]<\/a><\/p>\n","protected":false},"featured_media":10882,"template":"","meta":[],"product_cat":[238],"product_tag":[],"acf":[],"yoast_head":"<!-- This site is optimized with the Yoast SEO plugin v17.8 - https:\/\/yoast.com\/wordpress\/plugins\/seo\/ -->\n<meta name=\"robots\" content=\"index, follow, max-snippet:-1, max-image-preview:large, max-video-preview:-1\" \/>\n<link rel=\"canonical\" href=\"https:\/\/lumart.fr\/fr\/les-collections\/interieur\/lampes\/carnaby-mm-7121\/\" \/>\n<meta property=\"og:locale\" content=\"fr_FR\" \/>\n<meta property=\"og:type\" content=\"article\" \/>\n<meta property=\"og:title\" content=\"Carnaby Lampe MM (7121) - Lum&#039;art\" \/>\n<meta property=\"og:description\" content=\"Puret\u00e9 des lignes. Comme en l\u00e9vitation, la collection Carnaby tourne autour du cercle, v\u00e9ritable miroir sur lequel vient se refl\u00e9ter une de ces belles ampoule \u00e0 filament type Edison (version LED ou pas). [ &hellip; ]\" \/>\n<meta property=\"og:url\" content=\"https:\/\/lumart.fr\/fr\/les-collections\/interieur\/lampes\/carnaby-mm-7121\/\" \/>\n<meta property=\"og:site_name\" content=\"Lum&#039;art\" \/>\n<meta property=\"article:publisher\" content=\"https:\/\/www.facebook.com\/LumArt-1543826629180391\/\" \/>\n<meta property=\"article:modified_time\" content=\"2023-07-13T12:18:56+00:00\" \/>\n<meta property=\"og:image\" content=\"https:\/\/lumart.fr\/wp-content\/uploads\/2019\/01\/7121-Lampe-Carnaby-MM-LB-Lumart-BD2.jpg\" \/>\n\t<meta property=\"og:image:width\" content=\"1984\" \/>\n\t<meta property=\"og:image:height\" content=\"1323\" \/>\n<meta name=\"twitter:card\" content=\"summary\" \/>\n<script type=\"application\/ld+json\" class=\"yoast-schema-graph\">{\"@context\":\"https:\/\/schema.org\",\"@graph\":[{\"@type\":\"WebSite\",\"@id\":\"https:\/\/lumart.fr\/fr\/#website\",\"url\":\"https:\/\/lumart.fr\/fr\/\",\"name\":\"Lum'art\",\"description\":\"\",\"potentialAction\":[{\"@type\":\"SearchAction\",\"target\":{\"@type\":\"EntryPoint\",\"urlTemplate\":\"https:\/\/lumart.fr\/fr\/?s={search_term_string}\"},\"query-input\":\"required name=search_term_string\"}],\"inLanguage\":\"fr-FR\"},{\"@type\":\"ImageObject\",\"@id\":\"https:\/\/lumart.fr\/fr\/les-collections\/interieur\/lampes\/carnaby-mm-7121\/#primaryimage\",\"inLanguage\":\"fr-FR\",\"url\":\"\/wp-content\/uploads\/2019\/01\/7121-Lampe-Carnaby-MM-LB-Lumart-BD2.jpg\",\"contentUrl\":\"\/wp-content\/uploads\/2019\/01\/7121-Lampe-Carnaby-MM-LB-Lumart-BD2.jpg\",\"width\":1984,\"height\":1323,\"caption\":\"Lampe Carnaby MM - Finition laiton bross\\u00e9\"},{\"@type\":\"WebPage\",\"@id\":\"https:\/\/lumart.fr\/fr\/les-collections\/interieur\/lampes\/carnaby-mm-7121\/#webpage\",\"url\":\"https:\/\/lumart.fr\/fr\/les-collections\/interieur\/lampes\/carnaby-mm-7121\/\",\"name\":\"Carnaby Lampe MM (7121) - Lum&#039;art\",\"isPartOf\":{\"@id\":\"https:\/\/lumart.fr\/fr\/#website\"},\"primaryImageOfPage\":{\"@id\":\"https:\/\/lumart.fr\/fr\/les-collections\/interieur\/lampes\/carnaby-mm-7121\/#primaryimage\"},\"datePublished\":\"2019-01-23T13:06:20+00:00\",\"dateModified\":\"2023-07-13T12:18:56+00:00\",\"breadcrumb\":{\"@id\":\"https:\/\/lumart.fr\/fr\/les-collections\/interieur\/lampes\/carnaby-mm-7121\/#breadcrumb\"},\"inLanguage\":\"fr-FR\",\"potentialAction\":[{\"@type\":\"ReadAction\",\"target\":[\"https:\/\/lumart.fr\/fr\/les-collections\/interieur\/lampes\/carnaby-mm-7121\/\"]}]},{\"@type\":\"BreadcrumbList\",\"@id\":\"https:\/\/lumart.fr\/fr\/les-collections\/interieur\/lampes\/carnaby-mm-7121\/#breadcrumb\",\"itemListElement\":[{\"@type\":\"ListItem\",\"position\":1,\"name\":\"Home\",\"item\":\"https:\/\/lumart.fr\/fr\/\"},{\"@type\":\"ListItem\",\"position\":2,\"name\":\"Les Collections\",\"item\":\"https:\/\/lumart.fr\/fr\/les-collections\/\"},{\"@type\":\"ListItem\",\"position\":3,\"name\":\"Carnaby - Lampe MM\"}]}]}<\/script>\n<!-- \/ Yoast SEO plugin. -->","yoast_head_json":{"robots":{"index":"index","follow":"follow","max-snippet":"max-snippet:-1","max-image-preview":"max-image-preview:large","max-video-preview":"max-video-preview:-1"},"canonical":"https:\/\/lumart.fr\/fr\/les-collections\/interieur\/lampes\/carnaby-mm-7121\/","og_locale":"fr_FR","og_type":"article","og_title":"Carnaby Lampe MM (7121) - Lum&#039;art","og_description":"Puret\u00e9 des lignes. Comme en l\u00e9vitation, la collection Carnaby tourne autour du cercle, v\u00e9ritable miroir sur lequel vient se refl\u00e9ter une de ces belles ampoule \u00e0 filament type Edison (version LED ou pas). [ &hellip; ]","og_url":"https:\/\/lumart.fr\/fr\/les-collections\/interieur\/lampes\/carnaby-mm-7121\/","og_site_name":"Lum&#039;art","article_publisher":"https:\/\/www.facebook.com\/LumArt-1543826629180391\/","article_modified_time":"2023-07-13T12:18:56+00:00","og_image":[{"width":1984,"height":1323,"url":"https:\/\/lumart.fr\/wp-content\/uploads\/2019\/01\/7121-Lampe-Carnaby-MM-LB-Lumart-BD2.jpg","type":"image\/jpeg"}],"twitter_card":"summary","schema":{"@context":"https:\/\/schema.org","@graph":[{"@type":"WebSite","@id":"https:\/\/lumart.fr\/fr\/#website","url":"https:\/\/lumart.fr\/fr\/","name":"Lum'art","description":"","potentialAction":[{"@type":"SearchAction","target":{"@type":"EntryPoint","urlTemplate":"https:\/\/lumart.fr\/fr\/?s={search_term_string}"},"query-input":"required name=search_term_string"}],"inLanguage":"fr-FR"},{"@type":"ImageObject","@id":"https:\/\/lumart.fr\/fr\/les-collections\/interieur\/lampes\/carnaby-mm-7121\/#primaryimage","inLanguage":"fr-FR","url":"\/wp-content\/uploads\/2019\/01\/7121-Lampe-Carnaby-MM-LB-Lumart-BD2.jpg","contentUrl":"\/wp-content\/uploads\/2019\/01\/7121-Lampe-Carnaby-MM-LB-Lumart-BD2.jpg","width":1984,"height":1323,"caption":"Lampe Carnaby MM - Finition laiton bross\u00e9"},{"@type":"WebPage","@id":"https:\/\/lumart.fr\/fr\/les-collections\/interieur\/lampes\/carnaby-mm-7121\/#webpage","url":"https:\/\/lumart.fr\/fr\/les-collections\/interieur\/lampes\/carnaby-mm-7121\/","name":"Carnaby Lampe MM (7121) - Lum&#039;art","isPartOf":{"@id":"https:\/\/lumart.fr\/fr\/#website"},"primaryImageOfPage":{"@id":"https:\/\/lumart.fr\/fr\/les-collections\/interieur\/lampes\/carnaby-mm-7121\/#primaryimage"},"datePublished":"2019-01-23T13:06:20+00:00","dateModified":"2023-07-13T12:18:56+00:00","breadcrumb":{"@id":"https:\/\/lumart.fr\/fr\/les-collections\/interieur\/lampes\/carnaby-mm-7121\/#breadcrumb"},"inLanguage":"fr-FR","potentialAction":[{"@type":"ReadAction","target":["https:\/\/lumart.fr\/fr\/les-collections\/interieur\/lampes\/carnaby-mm-7121\/"]}]},{"@type":"BreadcrumbList","@id":"https:\/\/lumart.fr\/fr\/les-collections\/interieur\/lampes\/carnaby-mm-7121\/#breadcrumb","itemListElement":[{"@type":"ListItem","position":1,"name":"Home","item":"https:\/\/lumart.fr\/fr\/"},{"@type":"ListItem","position":2,"name":"Les Collections","item":"https:\/\/lumart.fr\/fr\/les-collections\/"},{"@type":"ListItem","position":3,"name":"Carnaby - Lampe MM"}]}]}},"_links":{"self":[{"href":"https:\/\/lumart.fr\/fr\/wp-json\/wp\/v2\/product\/10474"}],"collection":[{"href":"https:\/\/lumart.fr\/fr\/wp-json\/wp\/v2\/product"}],"about":[{"href":"https:\/\/lumart.fr\/fr\/wp-json\/wp\/v2\/types\/product"}],"wp:featuredmedia":[{"embeddable":true,"href":"https:\/\/lumart.fr\/fr\/wp-json\/wp\/v2\/media\/10882"}],"wp:attachment":[{"href":"https:\/\/lumart.fr\/fr\/wp-json\/wp\/v2\/media?parent=10474"}],"wp:term":[{"taxonomy":"product_cat","embeddable":true,"href":"https:\/\/lumart.fr\/fr\/wp-json\/wp\/v2\/product_cat?post=10474"},{"taxonomy":"product_tag","embeddable":true,"href":"https:\/\/lumart.fr\/fr\/wp-json\/wp\/v2\/product_tag?post=10474"}],"curies":[{"name":"wp","href":"https:\/\/api.w.org\/{rel}","templated":true}]}}