{"id":96,"date":"2017-11-21T12:44:09","date_gmt":"2017-11-21T12:44:09","guid":{"rendered":"https:\/\/lumart.fr\/?page_id=96"},"modified":"2021-03-15T20:23:34","modified_gmt":"2021-03-15T18:23:34","slug":"les-finitions","status":"publish","type":"page","link":"https:\/\/lumart.fr\/fr\/les-finitions\/","title":{"rendered":"Finitions"},"content":{"rendered":"<p>En travaillant la mati\u00e8re,\u00a0Lum\u2019art a d\u00e9velopp\u00e9 une quinzaine de finitions ou \u00ab\u00a0patines maison\u00a0\u00bb qui rappellent subtilement le charme\u00a0et l\u2019authenticit\u00e9\u00a0de l\u2019ancien ou bien apportent aux cr\u00e9ations une incontestable touche de modernit\u00e9.<\/p>\n<p>Cette large palette de finitions permet aux luminaires Lum\u2019art de s\u2019int\u00e9grer dans tous types de projets d\u2019am\u00e9nagements int\u00e9rieurs comme ext\u00e9rieurs.\u00a0Travaill\u00e9es manuellement dans nos ateliers, ces patines\u00a0peuvent varier\u00a0d\u2019un bain \u00e0 l\u2019autre, rendant chaque pi\u00e8ce unique. Certaines patines continueront \u00e0 \u00e9voluer naturellement au fil du temps.<\/p>\n<p>Pour des raisons techniques, certains mod\u00e8les\u00a0ne peuvent pas \u00eatre d\u00e9clin\u00e9s dans toutes les finitions propos\u00e9es.<\/p>\n","protected":false},"excerpt":{"rendered":"<p>En travaillant la mati\u00e8re,\u00a0Lum\u2019art a d\u00e9velopp\u00e9 une quinzaine de finitions ou \u00ab\u00a0patines maison\u00a0\u00bb qui rappellent subtilement le charme\u00a0et l\u2019authenticit\u00e9\u00a0de l\u2019ancien ou bien apportent aux cr\u00e9ations une incontestable touche de modernit\u00e9. Cette large palette de finitions permet aux luminaires Lum\u2019art de s\u2019int\u00e9grer dans tous types de projets d\u2019am\u00e9nagements int\u00e9rieurs comme ext\u00e9rieurs.\u00a0Travaill\u00e9es manuellement dans nos ateliers, ces patines\u00a0peuvent varier\u00a0d\u2019un bain \u00e0 l\u2019autre, <a href=\"https:\/\/lumart.fr\/fr\/les-finitions\/\" class=\"more\">[ &hellip; ]<\/a><\/p>\n","protected":false},"author":5,"featured_media":6937,"parent":0,"menu_order":0,"comment_status":"closed","ping_status":"closed","template":"page-finitions.php","meta":[],"acf":[],"yoast_head":"<!-- This site is optimized with the Yoast SEO plugin v17.8 - https:\/\/yoast.com\/wordpress\/plugins\/seo\/ -->\n<meta name=\"description\" content=\"Cette large palette de finitions permet aux luminaires Lum\u2019art de s\u2019int\u00e9grer dans tous types de projets d\u2019am\u00e9nagements.Travaill\u00e9es manuellement dans nos ateliers, ces patines\u00a0peuvent varier\u00a0d\u2019un bain \u00e0 l\u2019autre, rendant chaque pi\u00e8ce unique.\" \/>\n<meta name=\"robots\" content=\"index, follow, max-snippet:-1, max-image-preview:large, max-video-preview:-1\" \/>\n<link rel=\"canonical\" href=\"https:\/\/lumart.fr\/fr\/les-finitions\/\" \/>\n<meta property=\"og:locale\" content=\"fr_FR\" \/>\n<meta property=\"og:type\" content=\"article\" \/>\n<meta property=\"og:title\" content=\"Les finitions - Lum&#039;art - Luminaire Fran\u00e7ais de qualit\u00e9\" \/>\n<meta property=\"og:description\" content=\"Cette large palette de finitions permet aux luminaires Lum\u2019art de s\u2019int\u00e9grer dans tous types de projets d\u2019am\u00e9nagements.Travaill\u00e9es manuellement dans nos ateliers, ces patines\u00a0peuvent varier\u00a0d\u2019un bain \u00e0 l\u2019autre, rendant chaque pi\u00e8ce unique.\" \/>\n<meta property=\"og:url\" content=\"https:\/\/lumart.fr\/fr\/les-finitions\/\" \/>\n<meta property=\"og:site_name\" content=\"Lum&#039;art\" \/>\n<meta property=\"article:publisher\" content=\"https:\/\/www.facebook.com\/LumArt-1543826629180391\/\" \/>\n<meta property=\"article:modified_time\" content=\"2021-03-15T18:23:34+00:00\" \/>\n<meta property=\"og:image\" content=\"https:\/\/lumart.fr\/wp-content\/uploads\/2017\/12\/haut-de-page.jpg\" \/>\n\t<meta property=\"og:image:width\" content=\"1900\" \/>\n\t<meta property=\"og:image:height\" content=\"250\" \/>\n<meta name=\"twitter:card\" content=\"summary\" \/>\n<meta name=\"twitter:label1\" content=\"Dur\u00e9e de lecture estim\u00e9e\" \/>\n\t<meta name=\"twitter:data1\" content=\"1 minute\" \/>\n<script type=\"application\/ld+json\" class=\"yoast-schema-graph\">{\"@context\":\"https:\/\/schema.org\",\"@graph\":[{\"@type\":\"WebSite\",\"@id\":\"https:\/\/lumart.fr\/fr\/#website\",\"url\":\"https:\/\/lumart.fr\/fr\/\",\"name\":\"Lum'art\",\"description\":\"\",\"potentialAction\":[{\"@type\":\"SearchAction\",\"target\":{\"@type\":\"EntryPoint\",\"urlTemplate\":\"https:\/\/lumart.fr\/fr\/?s={search_term_string}\"},\"query-input\":\"required name=search_term_string\"}],\"inLanguage\":\"fr-FR\"},{\"@type\":\"ImageObject\",\"@id\":\"https:\/\/lumart.fr\/fr\/les-finitions\/#primaryimage\",\"inLanguage\":\"fr-FR\",\"url\":\"\/wp-content\/uploads\/2017\/12\/haut-de-page.jpg\",\"contentUrl\":\"\/wp-content\/uploads\/2017\/12\/haut-de-page.jpg\",\"width\":1900,\"height\":250},{\"@type\":\"WebPage\",\"@id\":\"https:\/\/lumart.fr\/fr\/les-finitions\/#webpage\",\"url\":\"https:\/\/lumart.fr\/fr\/les-finitions\/\",\"name\":\"Les finitions - Lum'art - Luminaire Fran\\u00e7ais de qualit\\u00e9\",\"isPartOf\":{\"@id\":\"https:\/\/lumart.fr\/fr\/#website\"},\"primaryImageOfPage\":{\"@id\":\"https:\/\/lumart.fr\/fr\/les-finitions\/#primaryimage\"},\"datePublished\":\"2017-11-21T12:44:09+00:00\",\"dateModified\":\"2021-03-15T18:23:34+00:00\",\"description\":\"Cette large palette de finitions permet aux luminaires Lum\\u2019art de s\\u2019int\\u00e9grer dans tous types de projets d\\u2019am\\u00e9nagements.Travaill\\u00e9es manuellement dans nos ateliers, ces patines\\u00a0peuvent varier\\u00a0d\\u2019un bain \\u00e0 l\\u2019autre, rendant chaque pi\\u00e8ce unique.\",\"breadcrumb\":{\"@id\":\"https:\/\/lumart.fr\/fr\/les-finitions\/#breadcrumb\"},\"inLanguage\":\"fr-FR\",\"potentialAction\":[{\"@type\":\"ReadAction\",\"target\":[\"https:\/\/lumart.fr\/fr\/les-finitions\/\"]}]},{\"@type\":\"BreadcrumbList\",\"@id\":\"https:\/\/lumart.fr\/fr\/les-finitions\/#breadcrumb\",\"itemListElement\":[{\"@type\":\"ListItem\",\"position\":1,\"name\":\"Home\",\"item\":\"https:\/\/lumart.fr\/fr\/\"},{\"@type\":\"ListItem\",\"position\":2,\"name\":\"Finitions\"}]}]}<\/script>\n<!-- \/ Yoast SEO plugin. -->","yoast_head_json":{"description":"Cette large palette de finitions permet aux luminaires Lum\u2019art de s\u2019int\u00e9grer dans tous types de projets d\u2019am\u00e9nagements.Travaill\u00e9es manuellement dans nos ateliers, ces patines\u00a0peuvent varier\u00a0d\u2019un bain \u00e0 l\u2019autre, rendant chaque pi\u00e8ce unique.","robots":{"index":"index","follow":"follow","max-snippet":"max-snippet:-1","max-image-preview":"max-image-preview:large","max-video-preview":"max-video-preview:-1"},"canonical":"https:\/\/lumart.fr\/fr\/les-finitions\/","og_locale":"fr_FR","og_type":"article","og_title":"Les finitions - Lum'art - Luminaire Fran\u00e7ais de qualit\u00e9","og_description":"Cette large palette de finitions permet aux luminaires Lum\u2019art de s\u2019int\u00e9grer dans tous types de projets d\u2019am\u00e9nagements.Travaill\u00e9es manuellement dans nos ateliers, ces patines\u00a0peuvent varier\u00a0d\u2019un bain \u00e0 l\u2019autre, rendant chaque pi\u00e8ce unique.","og_url":"https:\/\/lumart.fr\/fr\/les-finitions\/","og_site_name":"Lum&#039;art","article_publisher":"https:\/\/www.facebook.com\/LumArt-1543826629180391\/","article_modified_time":"2021-03-15T18:23:34+00:00","og_image":[{"width":1900,"height":250,"url":"https:\/\/lumart.fr\/wp-content\/uploads\/2017\/12\/haut-de-page.jpg","type":"image\/jpeg"}],"twitter_card":"summary","twitter_misc":{"Dur\u00e9e de lecture estim\u00e9e":"1 minute"},"schema":{"@context":"https:\/\/schema.org","@graph":[{"@type":"WebSite","@id":"https:\/\/lumart.fr\/fr\/#website","url":"https:\/\/lumart.fr\/fr\/","name":"Lum'art","description":"","potentialAction":[{"@type":"SearchAction","target":{"@type":"EntryPoint","urlTemplate":"https:\/\/lumart.fr\/fr\/?s={search_term_string}"},"query-input":"required name=search_term_string"}],"inLanguage":"fr-FR"},{"@type":"ImageObject","@id":"https:\/\/lumart.fr\/fr\/les-finitions\/#primaryimage","inLanguage":"fr-FR","url":"\/wp-content\/uploads\/2017\/12\/haut-de-page.jpg","contentUrl":"\/wp-content\/uploads\/2017\/12\/haut-de-page.jpg","width":1900,"height":250},{"@type":"WebPage","@id":"https:\/\/lumart.fr\/fr\/les-finitions\/#webpage","url":"https:\/\/lumart.fr\/fr\/les-finitions\/","name":"Les finitions - Lum'art - Luminaire Fran\u00e7ais de qualit\u00e9","isPartOf":{"@id":"https:\/\/lumart.fr\/fr\/#website"},"primaryImageOfPage":{"@id":"https:\/\/lumart.fr\/fr\/les-finitions\/#primaryimage"},"datePublished":"2017-11-21T12:44:09+00:00","dateModified":"2021-03-15T18:23:34+00:00","description":"Cette large palette de finitions permet aux luminaires Lum\u2019art de s\u2019int\u00e9grer dans tous types de projets d\u2019am\u00e9nagements.Travaill\u00e9es manuellement dans nos ateliers, ces patines\u00a0peuvent varier\u00a0d\u2019un bain \u00e0 l\u2019autre, rendant chaque pi\u00e8ce unique.","breadcrumb":{"@id":"https:\/\/lumart.fr\/fr\/les-finitions\/#breadcrumb"},"inLanguage":"fr-FR","potentialAction":[{"@type":"ReadAction","target":["https:\/\/lumart.fr\/fr\/les-finitions\/"]}]},{"@type":"BreadcrumbList","@id":"https:\/\/lumart.fr\/fr\/les-finitions\/#breadcrumb","itemListElement":[{"@type":"ListItem","position":1,"name":"Home","item":"https:\/\/lumart.fr\/fr\/"},{"@type":"ListItem","position":2,"name":"Finitions"}]}]}},"_links":{"self":[{"href":"https:\/\/lumart.fr\/fr\/wp-json\/wp\/v2\/pages\/96"}],"collection":[{"href":"https:\/\/lumart.fr\/fr\/wp-json\/wp\/v2\/pages"}],"about":[{"href":"https:\/\/lumart.fr\/fr\/wp-json\/wp\/v2\/types\/page"}],"author":[{"embeddable":true,"href":"https:\/\/lumart.fr\/fr\/wp-json\/wp\/v2\/users\/5"}],"replies":[{"embeddable":true,"href":"https:\/\/lumart.fr\/fr\/wp-json\/wp\/v2\/comments?post=96"}],"version-history":[{"count":5,"href":"https:\/\/lumart.fr\/fr\/wp-json\/wp\/v2\/pages\/96\/revisions"}],"predecessor-version":[{"id":11277,"href":"https:\/\/lumart.fr\/fr\/wp-json\/wp\/v2\/pages\/96\/revisions\/11277"}],"wp:featuredmedia":[{"embeddable":true,"href":"https:\/\/lumart.fr\/fr\/wp-json\/wp\/v2\/media\/6937"}],"wp:attachment":[{"href":"https:\/\/lumart.fr\/fr\/wp-json\/wp\/v2\/media?parent=96"}],"curies":[{"name":"wp","href":"https:\/\/api.w.org\/{rel}","templated":true}]}}