{"id":94,"date":"2017-11-21T12:43:30","date_gmt":"2017-11-21T12:43:30","guid":{"rendered":"https:\/\/lumart.fr\/?page_id=94"},"modified":"2018-05-16T12:22:54","modified_gmt":"2018-05-16T12:22:54","slug":"le-savoir-faire","status":"publish","type":"page","link":"https:\/\/lumart.fr\/fr\/le-savoir-faire\/","title":{"rendered":"Le savoir-faire Lum&rsquo;art"},"content":{"rendered":"<p>V\u00e9ritable entreprise d\u2019artisanat d\u2019art, l\u2019int\u00e9gralit\u00e9 du processus de production, du dessin \u00e0 la fabrication, se fait en France par des \u00e9quipes qualifi\u00e9es. Le souci du d\u00e9tail, la recherche d\u2019esth\u00e9tisme et le respect d\u2019une qualit\u00e9 irr\u00e9prochable sont les valeurs qui\u00a0 rythment quotidiennement notre atelier du Perche. Un savoir-faire unique donnant naissance \u00e0 des luminaires d\u2019exception.<\/p>\n<h2>Les artisans<\/h2>\n<p>Les artisans de Lum\u2019art ont fait, pour la plupart, l\u2019essentiel de leur carri\u00e8re dans la Maison, et maitrisent ainsi les techniques particuli\u00e8res au domaine de l\u2019\u00e9clairage comme la soudure ou l\u2019\u00e9lectrification, en passant par la d\u00e9coupe et la patine. D\u2019autres ont suivi des formations tr\u00e8s pointues &#8211; facteur de clavecins ou joaillier\u00a0 &#8211; et apportent\u00a0 de leur \u0153il particuli\u00e8rement aiguis\u00e9 de nouvelles comp\u00e9tences \u00e0 la Maison.<\/p>\n<img loading=\"lazy\" class=\"alignnone size-full wp-image-7742\" src=\"https:\/\/lumart.fr\/wp-content\/uploads\/2018\/01\/Savoir-faire-les-artisans-1.jpg\" alt=\"\" width=\"871\" height=\"581\" srcset=\"https:\/\/lumart.fr\/wp-content\/uploads\/2018\/01\/Savoir-faire-les-artisans-1.jpg 871w, https:\/\/lumart.fr\/wp-content\/uploads\/2018\/01\/Savoir-faire-les-artisans-1-386x258.jpg 386w, https:\/\/lumart.fr\/wp-content\/uploads\/2018\/01\/Savoir-faire-les-artisans-1-740x494.jpg 740w, https:\/\/lumart.fr\/wp-content\/uploads\/2018\/01\/Savoir-faire-les-artisans-1-300x200.jpg 300w, https:\/\/lumart.fr\/wp-content\/uploads\/2018\/01\/Savoir-faire-les-artisans-1-768x512.jpg 768w, https:\/\/lumart.fr\/wp-content\/uploads\/2018\/01\/Savoir-faire-les-artisans-1-855x570.jpg 855w, https:\/\/lumart.fr\/wp-content\/uploads\/2018\/01\/Savoir-faire-les-artisans-1-570x380.jpg 570w, https:\/\/lumart.fr\/wp-content\/uploads\/2018\/01\/Savoir-faire-les-artisans-1-360x240.jpg 360w, https:\/\/lumart.fr\/wp-content\/uploads\/2018\/01\/Savoir-faire-les-artisans-1-112x75.jpg 112w, https:\/\/lumart.fr\/wp-content\/uploads\/2018\/01\/Savoir-faire-les-artisans-1-84x56.jpg 84w, https:\/\/lumart.fr\/wp-content\/uploads\/2018\/01\/Savoir-faire-les-artisans-1-113x75.jpg 113w, https:\/\/lumart.fr\/wp-content\/uploads\/2018\/01\/Savoir-faire-les-artisans-1-640x427.jpg 640w, https:\/\/lumart.fr\/wp-content\/uploads\/2018\/01\/Savoir-faire-les-artisans-1-387x257.jpg 387w\" sizes=\"(max-width: 871px) 100vw, 871px\" \/>\n<h2><\/h2>\n<h2>Le processus de fabrication, du Studio Lum\u2019art \u00e0 la manufacture<\/h2>\n<p>Gr\u00e2ce \u00e0 une \u00e9quipe de designers et d\u2019artisans passionn\u00e9s, Lum\u2019art cr\u00e9e des pi\u00e8ces d\u2019exception qui s\u2019inspirent de th\u00e9matiques architecturales anciennes ou bien d\u00e9voilent de nouveaux designs tr\u00e8s contemporains.\u00a0 Une fois la cr\u00e9ation aboutie et les sp\u00e9cificit\u00e9s techniques valid\u00e9es, le processus de fabrication se met en marche \u00e0 l\u2019atelier \u00e0 travers 4 grandes \u00e9tapes\u00a0:<\/p>\n<ol>\n<li>Le d\u00e9bit, avec la d\u00e9coupe, le cintrage et le repoussage des plaques de cuivre, laiton ou zinc massif<\/li>\n<li>La soudure, exclusivement \u00e0 l\u2019\u00e9tain ou \u00e0 l\u2019argent<\/li>\n<li>La finition, par le travail manuel des <a href=\"https:\/\/lumart.fr\/fr\/les-finitions\/\">patines<\/a>.<\/li>\n<li>L\u2019\u00e9lectrification, conforme aux normes locales, et le montage des verreries<\/li>\n<\/ol>\n<img loading=\"lazy\" class=\"half-width alignnone wp-image-7744 size-full\" src=\"https:\/\/lumart.fr\/wp-content\/uploads\/2018\/01\/Savoir-faire-processus-1.jpg\" alt=\"\" width=\"430\" height=\"287\" srcset=\"https:\/\/lumart.fr\/wp-content\/uploads\/2018\/01\/Savoir-faire-processus-1.jpg 430w, https:\/\/lumart.fr\/wp-content\/uploads\/2018\/01\/Savoir-faire-processus-1-386x258.jpg 386w, https:\/\/lumart.fr\/wp-content\/uploads\/2018\/01\/Savoir-faire-processus-1-300x200.jpg 300w, https:\/\/lumart.fr\/wp-content\/uploads\/2018\/01\/Savoir-faire-processus-1-360x240.jpg 360w, https:\/\/lumart.fr\/wp-content\/uploads\/2018\/01\/Savoir-faire-processus-1-112x75.jpg 112w, https:\/\/lumart.fr\/wp-content\/uploads\/2018\/01\/Savoir-faire-processus-1-84x56.jpg 84w, https:\/\/lumart.fr\/wp-content\/uploads\/2018\/01\/Savoir-faire-processus-1-113x75.jpg 113w, https:\/\/lumart.fr\/wp-content\/uploads\/2018\/01\/Savoir-faire-processus-1-387x257.jpg 387w\" sizes=\"(max-width: 430px) 100vw, 430px\" \/> <img loading=\"lazy\" class=\"half-width alignnone wp-image-7746 size-full\" src=\"https:\/\/lumart.fr\/wp-content\/uploads\/2018\/01\/Savoir-faire-processus-2.jpg\" alt=\"\" width=\"430\" height=\"287\" srcset=\"https:\/\/lumart.fr\/wp-content\/uploads\/2018\/01\/Savoir-faire-processus-2.jpg 430w, https:\/\/lumart.fr\/wp-content\/uploads\/2018\/01\/Savoir-faire-processus-2-386x258.jpg 386w, https:\/\/lumart.fr\/wp-content\/uploads\/2018\/01\/Savoir-faire-processus-2-300x200.jpg 300w, https:\/\/lumart.fr\/wp-content\/uploads\/2018\/01\/Savoir-faire-processus-2-360x240.jpg 360w, https:\/\/lumart.fr\/wp-content\/uploads\/2018\/01\/Savoir-faire-processus-2-112x75.jpg 112w, https:\/\/lumart.fr\/wp-content\/uploads\/2018\/01\/Savoir-faire-processus-2-84x56.jpg 84w, https:\/\/lumart.fr\/wp-content\/uploads\/2018\/01\/Savoir-faire-processus-2-113x75.jpg 113w, https:\/\/lumart.fr\/wp-content\/uploads\/2018\/01\/Savoir-faire-processus-2-387x257.jpg 387w\" sizes=\"(max-width: 430px) 100vw, 430px\" \/>\n<h2>Une r\u00e9putation construite sur la qualit\u00e9<\/h2>\n<p><iframe loading=\"lazy\" src=\"https:\/\/www.youtube.com\/embed\/6CzyxtkOelA?rel=0&amp;showinfo=0\" width=\"870\" height=\"480\" frameborder=\"0\" allowfullscreen=\"allowfullscreen\"><\/iframe><\/p>\n<p>Tout au long de la fabrication, les pi\u00e8ces et finitions sont v\u00e9rifi\u00e9es tr\u00e8s rigoureusement dans le respect de l\u2019esprit de la cr\u00e9ation. Enfin, la signature Lum\u2019art sera appos\u00e9e sur chaque pi\u00e8ce, preuve de son authenticit\u00e9 et de sa qualit\u00e9.<\/p>\n<h2>Un savoir-faire reconnu<\/h2>\n<p><img loading=\"lazy\" class=\"wp-image-7750 alignleft\" src=\"https:\/\/lumart.fr\/wp-content\/uploads\/2018\/01\/EPV.png\" alt=\"\" width=\"115\" height=\"85\" srcset=\"https:\/\/lumart.fr\/wp-content\/uploads\/2018\/01\/EPV.png 233w, https:\/\/lumart.fr\/wp-content\/uploads\/2018\/01\/EPV-102x75.png 102w, https:\/\/lumart.fr\/wp-content\/uploads\/2018\/01\/EPV-84x62.png 84w, https:\/\/lumart.fr\/wp-content\/uploads\/2018\/01\/EPV-111x82.png 111w\" sizes=\"(max-width: 115px) 100vw, 115px\" \/><img loading=\"lazy\" class=\"wp-image-7748 alignleft\" src=\"https:\/\/lumart.fr\/wp-content\/uploads\/2018\/01\/AFF.jpg\" alt=\"\" width=\"115\" height=\"83\" srcset=\"https:\/\/lumart.fr\/wp-content\/uploads\/2018\/01\/AFF-102x75.jpg 102w, https:\/\/lumart.fr\/wp-content\/uploads\/2018\/01\/AFF-84x62.jpg 84w\" sizes=\"(max-width: 115px) 100vw, 115px\" \/>Ce savoir-faire Lum\u2019art a \u00e9t\u00e9 reconnu en recevant le prestigieux label <a href=\"https:\/\/lumart.fr\/fr\/entreprise-du-patrimoine-vivant\/\">Entreprise du Patrimoine Vivant (EPV)<\/a>. Une marque de reconnaissance de l\u2019Etat mise en place pour distinguer des entreprises fran\u00e7aises aux savoir-faire artisanaux et industriels d\u2019excellence.<\/p>\n<p>La Maison a \u00e9galement rejoint la communaut\u00e9 des <a href=\"https:\/\/lumart.fr\/fr\/atelider-d-art-de-france\/\">Ateliers d&rsquo;art de France<\/a>, ce qui vient conforter la reconnaissance d&rsquo;un travail artisanal fran\u00e7ais de haute qualit\u00e9.<\/p>\n<p>&nbsp;<\/p>\n","protected":false},"excerpt":{"rendered":"<p>V\u00e9ritable entreprise d\u2019artisanat d\u2019art, l\u2019int\u00e9gralit\u00e9 du processus de production, du dessin \u00e0 la fabrication, se fait en France par des \u00e9quipes qualifi\u00e9es. Le souci du d\u00e9tail, la recherche d\u2019esth\u00e9tisme et le respect d\u2019une qualit\u00e9 irr\u00e9prochable sont les valeurs qui\u00a0 rythment quotidiennement notre atelier du Perche. Un savoir-faire unique donnant naissance \u00e0 des luminaires d\u2019exception. Les artisans Les artisans de Lum\u2019art <a href=\"https:\/\/lumart.fr\/fr\/le-savoir-faire\/\" class=\"more\">[ &hellip; ]<\/a><\/p>\n","protected":false},"author":5,"featured_media":7529,"parent":0,"menu_order":0,"comment_status":"closed","ping_status":"closed","template":"page-editorial.php","meta":[],"acf":[],"yoast_head":"<!-- This site is optimized with the Yoast SEO plugin v17.8 - https:\/\/yoast.com\/wordpress\/plugins\/seo\/ -->\n<meta name=\"description\" content=\"V\u00e9ritable entreprise d\u2019artisanat d\u2019art, l\u2019int\u00e9gralit\u00e9 du processus de production, du dessin \u00e0 la fabrication, se fait en France par des \u00e9quipes qualifi\u00e9es. Un savoir-faire reconnu en France et \u00e0 travers le monde qui ne cesse d&#039;\u00e9voluer et d s&#039;adapter aux contraintes de demain.\" \/>\n<meta name=\"robots\" content=\"index, follow, max-snippet:-1, max-image-preview:large, max-video-preview:-1\" \/>\n<link rel=\"canonical\" href=\"https:\/\/lumart.fr\/fr\/le-savoir-faire\/\" \/>\n<meta property=\"og:locale\" content=\"fr_FR\" \/>\n<meta property=\"og:type\" content=\"article\" \/>\n<meta property=\"og:title\" content=\"Savoir-faire - Lum&#039;art - Luminaires Fran\u00e7ais de qualit\u00e9\" \/>\n<meta property=\"og:description\" content=\"V\u00e9ritable entreprise d\u2019artisanat d\u2019art, l\u2019int\u00e9gralit\u00e9 du processus de production, du dessin \u00e0 la fabrication, se fait en France par des \u00e9quipes qualifi\u00e9es. Un savoir-faire reconnu en France et \u00e0 travers le monde qui ne cesse d&#039;\u00e9voluer et d s&#039;adapter aux contraintes de demain.\" \/>\n<meta property=\"og:url\" content=\"https:\/\/lumart.fr\/fr\/le-savoir-faire\/\" \/>\n<meta property=\"og:site_name\" content=\"Lum&#039;art\" \/>\n<meta property=\"article:publisher\" content=\"https:\/\/www.facebook.com\/LumArt-1543826629180391\/\" \/>\n<meta property=\"article:modified_time\" content=\"2018-05-16T12:22:54+00:00\" \/>\n<meta property=\"og:image\" content=\"https:\/\/lumart.fr\/wp-content\/uploads\/2017\/12\/savoir-faire-header.jpg\" \/>\n\t<meta property=\"og:image:width\" content=\"1226\" \/>\n\t<meta property=\"og:image:height\" content=\"250\" \/>\n<meta name=\"twitter:card\" content=\"summary\" \/>\n<meta name=\"twitter:label1\" content=\"Dur\u00e9e de lecture estim\u00e9e\" \/>\n\t<meta name=\"twitter:data1\" content=\"2 minutes\" \/>\n<script type=\"application\/ld+json\" class=\"yoast-schema-graph\">{\"@context\":\"https:\/\/schema.org\",\"@graph\":[{\"@type\":\"WebSite\",\"@id\":\"https:\/\/lumart.fr\/fr\/#website\",\"url\":\"https:\/\/lumart.fr\/fr\/\",\"name\":\"Lum'art\",\"description\":\"\",\"potentialAction\":[{\"@type\":\"SearchAction\",\"target\":{\"@type\":\"EntryPoint\",\"urlTemplate\":\"https:\/\/lumart.fr\/fr\/?s={search_term_string}\"},\"query-input\":\"required name=search_term_string\"}],\"inLanguage\":\"fr-FR\"},{\"@type\":\"ImageObject\",\"@id\":\"https:\/\/lumart.fr\/fr\/le-savoir-faire\/#primaryimage\",\"inLanguage\":\"fr-FR\",\"url\":\"\/wp-content\/uploads\/2017\/12\/savoir-faire-header.jpg\",\"contentUrl\":\"\/wp-content\/uploads\/2017\/12\/savoir-faire-header.jpg\",\"width\":1226,\"height\":250},{\"@type\":\"WebPage\",\"@id\":\"https:\/\/lumart.fr\/fr\/le-savoir-faire\/#webpage\",\"url\":\"https:\/\/lumart.fr\/fr\/le-savoir-faire\/\",\"name\":\"Savoir-faire - Lum'art - Luminaires Fran\\u00e7ais de qualit\\u00e9\",\"isPartOf\":{\"@id\":\"https:\/\/lumart.fr\/fr\/#website\"},\"primaryImageOfPage\":{\"@id\":\"https:\/\/lumart.fr\/fr\/le-savoir-faire\/#primaryimage\"},\"datePublished\":\"2017-11-21T12:43:30+00:00\",\"dateModified\":\"2018-05-16T12:22:54+00:00\",\"description\":\"V\\u00e9ritable entreprise d\\u2019artisanat d\\u2019art, l\\u2019int\\u00e9gralit\\u00e9 du processus de production, du dessin \\u00e0 la fabrication, se fait en France par des \\u00e9quipes qualifi\\u00e9es. Un savoir-faire reconnu en France et \\u00e0 travers le monde qui ne cesse d'\\u00e9voluer et d s'adapter aux contraintes de demain.\",\"breadcrumb\":{\"@id\":\"https:\/\/lumart.fr\/fr\/le-savoir-faire\/#breadcrumb\"},\"inLanguage\":\"fr-FR\",\"potentialAction\":[{\"@type\":\"ReadAction\",\"target\":[\"https:\/\/lumart.fr\/fr\/le-savoir-faire\/\"]}]},{\"@type\":\"BreadcrumbList\",\"@id\":\"https:\/\/lumart.fr\/fr\/le-savoir-faire\/#breadcrumb\",\"itemListElement\":[{\"@type\":\"ListItem\",\"position\":1,\"name\":\"Home\",\"item\":\"https:\/\/lumart.fr\/fr\/\"},{\"@type\":\"ListItem\",\"position\":2,\"name\":\"Le savoir-faire Lum&rsquo;art\"}]}]}<\/script>\n<!-- \/ Yoast SEO plugin. -->","yoast_head_json":{"description":"V\u00e9ritable entreprise d\u2019artisanat d\u2019art, l\u2019int\u00e9gralit\u00e9 du processus de production, du dessin \u00e0 la fabrication, se fait en France par des \u00e9quipes qualifi\u00e9es. Un savoir-faire reconnu en France et \u00e0 travers le monde qui ne cesse d'\u00e9voluer et d s'adapter aux contraintes de demain.","robots":{"index":"index","follow":"follow","max-snippet":"max-snippet:-1","max-image-preview":"max-image-preview:large","max-video-preview":"max-video-preview:-1"},"canonical":"https:\/\/lumart.fr\/fr\/le-savoir-faire\/","og_locale":"fr_FR","og_type":"article","og_title":"Savoir-faire - Lum'art - Luminaires Fran\u00e7ais de qualit\u00e9","og_description":"V\u00e9ritable entreprise d\u2019artisanat d\u2019art, l\u2019int\u00e9gralit\u00e9 du processus de production, du dessin \u00e0 la fabrication, se fait en France par des \u00e9quipes qualifi\u00e9es. Un savoir-faire reconnu en France et \u00e0 travers le monde qui ne cesse d'\u00e9voluer et d s'adapter aux contraintes de demain.","og_url":"https:\/\/lumart.fr\/fr\/le-savoir-faire\/","og_site_name":"Lum&#039;art","article_publisher":"https:\/\/www.facebook.com\/LumArt-1543826629180391\/","article_modified_time":"2018-05-16T12:22:54+00:00","og_image":[{"width":1226,"height":250,"url":"https:\/\/lumart.fr\/wp-content\/uploads\/2017\/12\/savoir-faire-header.jpg","type":"image\/jpeg"}],"twitter_card":"summary","twitter_misc":{"Dur\u00e9e de lecture estim\u00e9e":"2 minutes"},"schema":{"@context":"https:\/\/schema.org","@graph":[{"@type":"WebSite","@id":"https:\/\/lumart.fr\/fr\/#website","url":"https:\/\/lumart.fr\/fr\/","name":"Lum'art","description":"","potentialAction":[{"@type":"SearchAction","target":{"@type":"EntryPoint","urlTemplate":"https:\/\/lumart.fr\/fr\/?s={search_term_string}"},"query-input":"required name=search_term_string"}],"inLanguage":"fr-FR"},{"@type":"ImageObject","@id":"https:\/\/lumart.fr\/fr\/le-savoir-faire\/#primaryimage","inLanguage":"fr-FR","url":"\/wp-content\/uploads\/2017\/12\/savoir-faire-header.jpg","contentUrl":"\/wp-content\/uploads\/2017\/12\/savoir-faire-header.jpg","width":1226,"height":250},{"@type":"WebPage","@id":"https:\/\/lumart.fr\/fr\/le-savoir-faire\/#webpage","url":"https:\/\/lumart.fr\/fr\/le-savoir-faire\/","name":"Savoir-faire - Lum'art - Luminaires Fran\u00e7ais de qualit\u00e9","isPartOf":{"@id":"https:\/\/lumart.fr\/fr\/#website"},"primaryImageOfPage":{"@id":"https:\/\/lumart.fr\/fr\/le-savoir-faire\/#primaryimage"},"datePublished":"2017-11-21T12:43:30+00:00","dateModified":"2018-05-16T12:22:54+00:00","description":"V\u00e9ritable entreprise d\u2019artisanat d\u2019art, l\u2019int\u00e9gralit\u00e9 du processus de production, du dessin \u00e0 la fabrication, se fait en France par des \u00e9quipes qualifi\u00e9es. Un savoir-faire reconnu en France et \u00e0 travers le monde qui ne cesse d'\u00e9voluer et d s'adapter aux contraintes de demain.","breadcrumb":{"@id":"https:\/\/lumart.fr\/fr\/le-savoir-faire\/#breadcrumb"},"inLanguage":"fr-FR","potentialAction":[{"@type":"ReadAction","target":["https:\/\/lumart.fr\/fr\/le-savoir-faire\/"]}]},{"@type":"BreadcrumbList","@id":"https:\/\/lumart.fr\/fr\/le-savoir-faire\/#breadcrumb","itemListElement":[{"@type":"ListItem","position":1,"name":"Home","item":"https:\/\/lumart.fr\/fr\/"},{"@type":"ListItem","position":2,"name":"Le savoir-faire Lum&rsquo;art"}]}]}},"_links":{"self":[{"href":"https:\/\/lumart.fr\/fr\/wp-json\/wp\/v2\/pages\/94"}],"collection":[{"href":"https:\/\/lumart.fr\/fr\/wp-json\/wp\/v2\/pages"}],"about":[{"href":"https:\/\/lumart.fr\/fr\/wp-json\/wp\/v2\/types\/page"}],"author":[{"embeddable":true,"href":"https:\/\/lumart.fr\/fr\/wp-json\/wp\/v2\/users\/5"}],"replies":[{"embeddable":true,"href":"https:\/\/lumart.fr\/fr\/wp-json\/wp\/v2\/comments?post=94"}],"version-history":[{"count":5,"href":"https:\/\/lumart.fr\/fr\/wp-json\/wp\/v2\/pages\/94\/revisions"}],"predecessor-version":[{"id":6518,"href":"https:\/\/lumart.fr\/fr\/wp-json\/wp\/v2\/pages\/94\/revisions\/6518"}],"wp:featuredmedia":[{"embeddable":true,"href":"https:\/\/lumart.fr\/fr\/wp-json\/wp\/v2\/media\/7529"}],"wp:attachment":[{"href":"https:\/\/lumart.fr\/fr\/wp-json\/wp\/v2\/media?parent=94"}],"curies":[{"name":"wp","href":"https:\/\/api.w.org\/{rel}","templated":true}]}}