{"id":9,"date":"2017-11-17T11:31:43","date_gmt":"2017-11-17T11:31:43","guid":{"rendered":"https:\/\/lumart.fr\/?page_id=9"},"modified":"2018-01-15T09:47:08","modified_gmt":"2018-01-15T09:47:08","slug":"contact","status":"publish","type":"page","link":"https:\/\/lumart.fr\/fr\/contact\/","title":{"rendered":"Contact"},"content":{"rendered":"<p>Toute demande de renseignements ou de devis recevra une r\u00e9ponse sous 48H.<\/p>\n","protected":false},"excerpt":{"rendered":"<p>Toute demande de renseignements ou de devis recevra une r\u00e9ponse sous 48H.<\/p>\n","protected":false},"author":5,"featured_media":0,"parent":0,"menu_order":0,"comment_status":"closed","ping_status":"closed","template":"page-contact.php","meta":[],"acf":[],"yoast_head":"<!-- This site is optimized with the Yoast SEO plugin v17.8 - https:\/\/yoast.com\/wordpress\/plugins\/seo\/ -->\n<meta name=\"description\" content=\"Vous souhaitez demander un devis, \u00e9changer avec un expert ou demander conseil. Contactez-nous, nous vous r\u00e9pondrons dans le meilleurs d\u00e9lais.\" \/>\n<meta name=\"robots\" content=\"index, follow, max-snippet:-1, max-image-preview:large, max-video-preview:-1\" \/>\n<link rel=\"canonical\" href=\"https:\/\/lumart.fr\/fr\/contact\/\" \/>\n<meta property=\"og:locale\" content=\"fr_FR\" \/>\n<meta property=\"og:type\" content=\"article\" \/>\n<meta property=\"og:title\" content=\"Contact - Lum&#039;art\" \/>\n<meta property=\"og:description\" content=\"Vous souhaitez demander un devis, \u00e9changer avec un expert ou demander conseil. Contactez-nous, nous vous r\u00e9pondrons dans le meilleurs d\u00e9lais.\" \/>\n<meta property=\"og:url\" content=\"https:\/\/lumart.fr\/fr\/contact\/\" \/>\n<meta property=\"og:site_name\" content=\"Lum&#039;art\" \/>\n<meta property=\"article:publisher\" content=\"https:\/\/www.facebook.com\/LumArt-1543826629180391\/\" \/>\n<meta property=\"article:modified_time\" content=\"2018-01-15T09:47:08+00:00\" \/>\n<meta name=\"twitter:card\" content=\"summary\" \/>\n<script type=\"application\/ld+json\" class=\"yoast-schema-graph\">{\"@context\":\"https:\/\/schema.org\",\"@graph\":[{\"@type\":\"WebSite\",\"@id\":\"https:\/\/lumart.fr\/fr\/#website\",\"url\":\"https:\/\/lumart.fr\/fr\/\",\"name\":\"Lum'art\",\"description\":\"\",\"potentialAction\":[{\"@type\":\"SearchAction\",\"target\":{\"@type\":\"EntryPoint\",\"urlTemplate\":\"https:\/\/lumart.fr\/fr\/?s={search_term_string}\"},\"query-input\":\"required name=search_term_string\"}],\"inLanguage\":\"fr-FR\"},{\"@type\":\"WebPage\",\"@id\":\"https:\/\/lumart.fr\/fr\/contact\/#webpage\",\"url\":\"https:\/\/lumart.fr\/fr\/contact\/\",\"name\":\"Contact - Lum'art\",\"isPartOf\":{\"@id\":\"https:\/\/lumart.fr\/fr\/#website\"},\"datePublished\":\"2017-11-17T11:31:43+00:00\",\"dateModified\":\"2018-01-15T09:47:08+00:00\",\"description\":\"Vous souhaitez demander un devis, \\u00e9changer avec un expert ou demander conseil. Contactez-nous, nous vous r\\u00e9pondrons dans le meilleurs d\\u00e9lais.\",\"breadcrumb\":{\"@id\":\"https:\/\/lumart.fr\/fr\/contact\/#breadcrumb\"},\"inLanguage\":\"fr-FR\",\"potentialAction\":[{\"@type\":\"ReadAction\",\"target\":[\"https:\/\/lumart.fr\/fr\/contact\/\"]}]},{\"@type\":\"BreadcrumbList\",\"@id\":\"https:\/\/lumart.fr\/fr\/contact\/#breadcrumb\",\"itemListElement\":[{\"@type\":\"ListItem\",\"position\":1,\"name\":\"Home\",\"item\":\"https:\/\/lumart.fr\/fr\/\"},{\"@type\":\"ListItem\",\"position\":2,\"name\":\"Contact\"}]}]}<\/script>\n<!-- \/ Yoast SEO plugin. -->","yoast_head_json":{"description":"Vous souhaitez demander un devis, \u00e9changer avec un expert ou demander conseil. Contactez-nous, nous vous r\u00e9pondrons dans le meilleurs d\u00e9lais.","robots":{"index":"index","follow":"follow","max-snippet":"max-snippet:-1","max-image-preview":"max-image-preview:large","max-video-preview":"max-video-preview:-1"},"canonical":"https:\/\/lumart.fr\/fr\/contact\/","og_locale":"fr_FR","og_type":"article","og_title":"Contact - Lum'art","og_description":"Vous souhaitez demander un devis, \u00e9changer avec un expert ou demander conseil. Contactez-nous, nous vous r\u00e9pondrons dans le meilleurs d\u00e9lais.","og_url":"https:\/\/lumart.fr\/fr\/contact\/","og_site_name":"Lum&#039;art","article_publisher":"https:\/\/www.facebook.com\/LumArt-1543826629180391\/","article_modified_time":"2018-01-15T09:47:08+00:00","twitter_card":"summary","schema":{"@context":"https:\/\/schema.org","@graph":[{"@type":"WebSite","@id":"https:\/\/lumart.fr\/fr\/#website","url":"https:\/\/lumart.fr\/fr\/","name":"Lum'art","description":"","potentialAction":[{"@type":"SearchAction","target":{"@type":"EntryPoint","urlTemplate":"https:\/\/lumart.fr\/fr\/?s={search_term_string}"},"query-input":"required name=search_term_string"}],"inLanguage":"fr-FR"},{"@type":"WebPage","@id":"https:\/\/lumart.fr\/fr\/contact\/#webpage","url":"https:\/\/lumart.fr\/fr\/contact\/","name":"Contact - Lum'art","isPartOf":{"@id":"https:\/\/lumart.fr\/fr\/#website"},"datePublished":"2017-11-17T11:31:43+00:00","dateModified":"2018-01-15T09:47:08+00:00","description":"Vous souhaitez demander un devis, \u00e9changer avec un expert ou demander conseil. Contactez-nous, nous vous r\u00e9pondrons dans le meilleurs d\u00e9lais.","breadcrumb":{"@id":"https:\/\/lumart.fr\/fr\/contact\/#breadcrumb"},"inLanguage":"fr-FR","potentialAction":[{"@type":"ReadAction","target":["https:\/\/lumart.fr\/fr\/contact\/"]}]},{"@type":"BreadcrumbList","@id":"https:\/\/lumart.fr\/fr\/contact\/#breadcrumb","itemListElement":[{"@type":"ListItem","position":1,"name":"Home","item":"https:\/\/lumart.fr\/fr\/"},{"@type":"ListItem","position":2,"name":"Contact"}]}]}},"_links":{"self":[{"href":"https:\/\/lumart.fr\/fr\/wp-json\/wp\/v2\/pages\/9"}],"collection":[{"href":"https:\/\/lumart.fr\/fr\/wp-json\/wp\/v2\/pages"}],"about":[{"href":"https:\/\/lumart.fr\/fr\/wp-json\/wp\/v2\/types\/page"}],"author":[{"embeddable":true,"href":"https:\/\/lumart.fr\/fr\/wp-json\/wp\/v2\/users\/5"}],"replies":[{"embeddable":true,"href":"https:\/\/lumart.fr\/fr\/wp-json\/wp\/v2\/comments?post=9"}],"version-history":[{"count":6,"href":"https:\/\/lumart.fr\/fr\/wp-json\/wp\/v2\/pages\/9\/revisions"}],"predecessor-version":[{"id":7922,"href":"https:\/\/lumart.fr\/fr\/wp-json\/wp\/v2\/pages\/9\/revisions\/7922"}],"wp:attachment":[{"href":"https:\/\/lumart.fr\/fr\/wp-json\/wp\/v2\/media?parent=9"}],"curies":[{"name":"wp","href":"https:\/\/api.w.org\/{rel}","templated":true}]}}