{"id":8498,"date":"2018-01-10T15:10:44","date_gmt":"2018-01-10T15:10:44","guid":{"rendered":"https:\/\/lumart.fr\/?page_id=8498"},"modified":"2018-02-06T13:45:23","modified_gmt":"2018-02-06T13:45:23","slug":"press","status":"publish","type":"page","link":"https:\/\/lumart.fr\/fr\/press\/","title":{"rendered":"Press Room"},"content":{"rendered":"<p>If you are a journalist or communications professional and would like to stay informed about the latest Lum\u2019art news, consult our press releases and press kits, request visuals or include Lum\u2019art lights in your articles and news coverage, please write to us via our contact form, or call us at +33 (0)2 37 37 40 93.<br \/>\nWe would be delighted to showcase our Company, its expertise and its exceptional lighting collections.<\/p>\n<p>&nbsp;<\/p>\n<h2>Find us at trade shows<\/h2>\n<img loading=\"lazy\" class=\"size-full wp-image-8512 alignleft\" src=\"https:\/\/lumart.fr\/wp-content\/uploads\/2018\/01\/BD-2V8A2510ret-1.jpg\" alt=\"\" width=\"280\" height=\"420\" srcset=\"https:\/\/lumart.fr\/wp-content\/uploads\/2018\/01\/BD-2V8A2510ret-1.jpg 280w, https:\/\/lumart.fr\/wp-content\/uploads\/2018\/01\/BD-2V8A2510ret-1-200x300.jpg 200w, https:\/\/lumart.fr\/wp-content\/uploads\/2018\/01\/BD-2V8A2510ret-1-193x290.jpg 193w, https:\/\/lumart.fr\/wp-content\/uploads\/2018\/01\/BD-2V8A2510ret-1-50x75.jpg 50w, https:\/\/lumart.fr\/wp-content\/uploads\/2018\/01\/BD-2V8A2510ret-1-84x126.jpg 84w, https:\/\/lumart.fr\/wp-content\/uploads\/2018\/01\/BD-2V8A2510ret-1-55x82.jpg 55w\" sizes=\"(max-width: 280px) 100vw, 280px\" \/> <img loading=\"lazy\" class=\"size-large wp-image-8514 alignleft\" src=\"https:\/\/lumart.fr\/wp-content\/uploads\/2018\/01\/BD-2V8A2517ret-1.jpg\" alt=\"\" width=\"280\" height=\"420\" srcset=\"https:\/\/lumart.fr\/wp-content\/uploads\/2018\/01\/BD-2V8A2517ret-1.jpg 280w, https:\/\/lumart.fr\/wp-content\/uploads\/2018\/01\/BD-2V8A2517ret-1-200x300.jpg 200w, https:\/\/lumart.fr\/wp-content\/uploads\/2018\/01\/BD-2V8A2517ret-1-193x290.jpg 193w, https:\/\/lumart.fr\/wp-content\/uploads\/2018\/01\/BD-2V8A2517ret-1-50x75.jpg 50w, https:\/\/lumart.fr\/wp-content\/uploads\/2018\/01\/BD-2V8A2517ret-1-84x126.jpg 84w, https:\/\/lumart.fr\/wp-content\/uploads\/2018\/01\/BD-2V8A2517ret-1-55x82.jpg 55w\" sizes=\"(max-width: 280px) 100vw, 280px\" \/>\n<h3>Maison &amp; Objet \u2013 January 2018<\/h3>\n<p>Lum&rsquo;art will be attending the Maison &amp; Objet trade show, a marquee event for lifestyle, design, and home decorating professionals from the world over, from 19 to 23 January 2018. Lum&rsquo;art is looking forward to receiving you at Hall 5B, Stand O29, and introducing you to our latest collections.<br \/>\nYou can also contact us to make an appointment so we can host you in the best possible conditions.<br \/>\nWe look forward to seeing you at Maison &amp; Objet!<br \/>\n<a href=\"https:\/\/lumart.fr\/en\/salon-maison-objet\/\">En savoir plus<\/a><\/p>\n<p>&nbsp;<\/p>\n<p>&nbsp;<\/p>\n<p>&nbsp;<\/p>\n<h2 style=\"text-align: left;\">Lum&rsquo;art visuals<\/h2>\n<p>Numerous Lum\u2019art visuals are available to journalists and communications professionals. We invite you to contact us so that we can send you the HD version of these visuals, product pack shots, visuals showcasing installed lighting solutions or photos displaying our expertise. We can assemble a selection to illustrate the themes covered in your articles<\/p>\n<p><img loading=\"lazy\" class=\"half-width alignnone wp-image-8256 size-full\" src=\"https:\/\/lumart.fr\/wp-content\/uploads\/2018\/01\/111-Lanterne-Carnavalet-Geant-VDG-Lumart-BD-6.jpg\" alt=\"\" width=\"430\" height=\"287\" srcset=\"https:\/\/lumart.fr\/wp-content\/uploads\/2018\/01\/111-Lanterne-Carnavalet-Geant-VDG-Lumart-BD-6.jpg 430w, https:\/\/lumart.fr\/wp-content\/uploads\/2018\/01\/111-Lanterne-Carnavalet-Geant-VDG-Lumart-BD-6-386x258.jpg 386w, https:\/\/lumart.fr\/wp-content\/uploads\/2018\/01\/111-Lanterne-Carnavalet-Geant-VDG-Lumart-BD-6-300x200.jpg 300w, https:\/\/lumart.fr\/wp-content\/uploads\/2018\/01\/111-Lanterne-Carnavalet-Geant-VDG-Lumart-BD-6-360x240.jpg 360w, https:\/\/lumart.fr\/wp-content\/uploads\/2018\/01\/111-Lanterne-Carnavalet-Geant-VDG-Lumart-BD-6-112x75.jpg 112w, https:\/\/lumart.fr\/wp-content\/uploads\/2018\/01\/111-Lanterne-Carnavalet-Geant-VDG-Lumart-BD-6-84x56.jpg 84w, https:\/\/lumart.fr\/wp-content\/uploads\/2018\/01\/111-Lanterne-Carnavalet-Geant-VDG-Lumart-BD-6-113x75.jpg 113w, https:\/\/lumart.fr\/wp-content\/uploads\/2018\/01\/111-Lanterne-Carnavalet-Geant-VDG-Lumart-BD-6-387x257.jpg 387w\" sizes=\"(max-width: 430px) 100vw, 430px\" \/> <img loading=\"lazy\" class=\"half-width alignnone wp-image-8254 size-full\" src=\"https:\/\/lumart.fr\/wp-content\/uploads\/2018\/01\/BD-2V8A1283.jpg\" alt=\"\" width=\"430\" height=\"287\" srcset=\"https:\/\/lumart.fr\/wp-content\/uploads\/2018\/01\/BD-2V8A1283.jpg 430w, https:\/\/lumart.fr\/wp-content\/uploads\/2018\/01\/BD-2V8A1283-386x258.jpg 386w, https:\/\/lumart.fr\/wp-content\/uploads\/2018\/01\/BD-2V8A1283-300x200.jpg 300w, https:\/\/lumart.fr\/wp-content\/uploads\/2018\/01\/BD-2V8A1283-360x240.jpg 360w, https:\/\/lumart.fr\/wp-content\/uploads\/2018\/01\/BD-2V8A1283-112x75.jpg 112w, https:\/\/lumart.fr\/wp-content\/uploads\/2018\/01\/BD-2V8A1283-84x56.jpg 84w, https:\/\/lumart.fr\/wp-content\/uploads\/2018\/01\/BD-2V8A1283-113x75.jpg 113w, https:\/\/lumart.fr\/wp-content\/uploads\/2018\/01\/BD-2V8A1283-387x257.jpg 387w\" sizes=\"(max-width: 430px) 100vw, 430px\" \/><br \/>\n<img loading=\"lazy\" class=\"size-full wp-image-8259 alignright\" src=\"https:\/\/lumart.fr\/wp-content\/uploads\/2018\/01\/Lumart-Bougeoirs-1.jpg\" alt=\"\" width=\"430\" height=\"304\" srcset=\"https:\/\/lumart.fr\/wp-content\/uploads\/2018\/01\/Lumart-Bougeoirs-1.jpg 430w, https:\/\/lumart.fr\/wp-content\/uploads\/2018\/01\/Lumart-Bougeoirs-1-300x212.jpg 300w, https:\/\/lumart.fr\/wp-content\/uploads\/2018\/01\/Lumart-Bougeoirs-1-360x255.jpg 360w, https:\/\/lumart.fr\/wp-content\/uploads\/2018\/01\/Lumart-Bougeoirs-1-106x75.jpg 106w, https:\/\/lumart.fr\/wp-content\/uploads\/2018\/01\/Lumart-Bougeoirs-1-84x59.jpg 84w, https:\/\/lumart.fr\/wp-content\/uploads\/2018\/01\/Lumart-Bougeoirs-1-113x80.jpg 113w\" sizes=\"(max-width: 430px) 100vw, 430px\" \/><\/p>\n<h2>Press releases and press kit<\/h2>\n<p>Press releases and press kits are regularly provided to journalists to enable you to stay up-to-date with the latest Lum\u2019art news and new collections released. Do not hesitate to contact us should you require additional information. We would be delighted to talk about the various aspects with you.<\/p>\n<ul>\n<li><a href=\"https:\/\/lumart.fr\/wp-content\/uploads\/2018\/01\/Lumart-La-Maison.pdf\">La Maison Lum&rsquo;art<\/a><\/li>\n<li><a href=\"https:\/\/lumart.fr\/wp-content\/uploads\/2018\/01\/Lumart-Bougeoirs.pdf\">Editions Limit\u00e9es Lum&rsquo;art &#8211; Les bougeoirs<\/a><\/li>\n<\/ul>\n<p>&nbsp;<\/p>\n<h2>Interviews<\/h2>\n<p><iframe loading=\"lazy\" src=\"https:\/\/www.youtube.com\/embed\/77809STcdgs?rel=0&amp;showinfo=0\" width=\"870\" height=\"480\" frameborder=\"0\" allowfullscreen=\"allowfullscreen\" data-mce-fragment=\"1\"><\/iframe><\/p>\n<p>Passionate about architecture and decor, and after more than 20 years as a senior executive at Christian Dior followed by Daum, Pierre G\u00e9nin took over Lum\u2019art in 2010. He will be happy to share his entrepreneurial experience and talk about the Company\u2019s expertise and exceptional lighting solutions designed and manufactured in the design studios of Perche since 1961.<\/p>\n<h2>Press review<\/h2>\n<ul>\n<li><a href=\"https:\/\/lumart.fr\/wp-content\/uploads\/2018\/01\/Orf\u00e8vre-en-lumi\u00e8re-Campagne-D\u00e9coration.jpg\">Orf\u00e8vre en lumi\u00e8re &#8211; Campagne D\u00e9coration<\/a><\/li>\n<li><a href=\"https:\/\/lumart.fr\/wp-content\/uploads\/2018\/01\/La-Rolls-des-luminaires-est-fabriqu\u00e9e-\u00e0-Pontgouin.jpg\">La Rolls des luminaires est fabriqu\u00e9e \u00e0 Pontgouin &#8211; L&rsquo;Echo R\u00e9publicain\u00a0<\/a><\/li>\n<li><a href=\"https:\/\/lumart.fr\/wp-content\/uploads\/2018\/01\/Le-Parisien-7-novembre-2017.jpg\">Cette ancien cadre de Dior a trouv\u00e9 la Lumi\u00e8re &#8211; Parisien\u00a0<\/a><\/li>\n<li><a href=\"https:\/\/lumart.fr\/wp-content\/uploads\/2018\/01\/LEcho-R\u00e9publicain-7-juil-11.jpg\">Crise pour la reprise d&rsquo;entreprise &#8211; L&rsquo;\u00e9cho R\u00e9publicain\u00a0<\/a><\/li>\n<li><a href=\"https:\/\/www.editionmagazine.co.uk\/sleeping-beauty\/\">Designers C\u00e9line and Pierre G\u00e9nin left Paris for rural France to bring a fairytale chateau back to life &#8211; Edition &#8211; London &amp; Country Living<\/a><\/li>\n<\/ul>\n<p><a href=\"https:\/\/lumart.fr\/wp-content\/uploads\/2018\/01\/London-country-living-1.jpg\" target=\"_blank\" rel=\"noopener\"><img loading=\"lazy\" class=\"size-full wp-image-8531 alignleft\" src=\"https:\/\/lumart.fr\/wp-content\/uploads\/2018\/01\/London-country-living-1.jpg\" alt=\"\" width=\"430\" height=\"667\" srcset=\"https:\/\/lumart.fr\/wp-content\/uploads\/2018\/01\/London-country-living-1.jpg 430w, https:\/\/lumart.fr\/wp-content\/uploads\/2018\/01\/London-country-living-1-193x300.jpg 193w, https:\/\/lumart.fr\/wp-content\/uploads\/2018\/01\/London-country-living-1-367x570.jpg 367w, https:\/\/lumart.fr\/wp-content\/uploads\/2018\/01\/London-country-living-1-187x290.jpg 187w, https:\/\/lumart.fr\/wp-content\/uploads\/2018\/01\/London-country-living-1-48x75.jpg 48w, https:\/\/lumart.fr\/wp-content\/uploads\/2018\/01\/London-country-living-1-84x130.jpg 84w, https:\/\/lumart.fr\/wp-content\/uploads\/2018\/01\/London-country-living-1-53x82.jpg 53w\" sizes=\"(max-width: 430px) 100vw, 430px\" \/><\/a><\/p>\n<p><b>Designers <\/b><b>C\u00e9line and Pierre G\u00e9nin left Paris for rural France to bring a fairytale chateau back to <\/b><b>life<\/b><\/p>\n<p>When couple C\u00e9line and Pierre G\u00e9nin fell in love with a small, rundown nineteenth century chateau in the Eure-et-Loir region of France, they vowed to breathe life back into its crumbling walls. The home they\u2019ve created is such a wonderful blend of contemporary and vintage, it caught the eye of photographer and author S\u00e9bastien Sireudeau who features it in his latest book \u2018<i>New Vintage French <\/i><i>Interiors<\/i>\u2019.<\/p>\n<p>It seems the secret of the couple\u2019s success is the fact they are historians as well as designers. Pierre\u00a0\u2013\u00a0who recently revived\u00a0super-stylish artisanal lighting company Lum\u2019art\u00a0\u2013 found himself becoming increasingly passionate about discovering the chateau\u2019s history. He spent years studying the history of the house, poring over illustrated texts on the region and studying the land registry established under Napoleon Bonaparte in great detail. [\u2026]<\/p>\n<p>Through studying old engravings, he re-discovered the original perimeter of the park that surrounded this magnificent house. What\u2019s more, buried beneath brambles and ivy he found the geometric layout of a formal garden, its pools bordered with elegant walkways and its parterres planted with tree roses.<\/p>\n<p><a href=\"https:\/\/www.editionmagazine.co.uk\/sleeping-beauty\/\">Read more\u00a0 <\/a><\/p>\n<h2><\/h2>\n<h2><\/h2>\n<p>&nbsp;<\/p>\n<p>&nbsp;<\/p>\n<p>&nbsp;<\/p>\n<h2 style=\"text-align: left;\">Press products samples<\/h2>\n<p>We are happy to provide you with certain Lum\u2019art products to illustrate your articles with pieces that offer a unique and elegant design.<\/p>\n<p><a href=\"https:\/\/lumart.fr\/wp-content\/uploads\/2018\/01\/Campagne-D\u00e9coration-d\u00e9c-10.jpg\" target=\"_blank\" rel=\"noopener\"><img loading=\"lazy\" class=\"alignnone wp-image-8279 size-full\" src=\"https:\/\/lumart.fr\/wp-content\/uploads\/2018\/01\/Campagne-D\u00e9coration-d\u00e9c-10.jpg\" alt=\"\" width=\"870\" height=\"578\" srcset=\"https:\/\/lumart.fr\/wp-content\/uploads\/2018\/01\/Campagne-D\u00e9coration-d\u00e9c-10.jpg 870w, https:\/\/lumart.fr\/wp-content\/uploads\/2018\/01\/Campagne-D\u00e9coration-d\u00e9c-10-740x492.jpg 740w, https:\/\/lumart.fr\/wp-content\/uploads\/2018\/01\/Campagne-D\u00e9coration-d\u00e9c-10-300x199.jpg 300w, https:\/\/lumart.fr\/wp-content\/uploads\/2018\/01\/Campagne-D\u00e9coration-d\u00e9c-10-768x510.jpg 768w, https:\/\/lumart.fr\/wp-content\/uploads\/2018\/01\/Campagne-D\u00e9coration-d\u00e9c-10-858x570.jpg 858w, https:\/\/lumart.fr\/wp-content\/uploads\/2018\/01\/Campagne-D\u00e9coration-d\u00e9c-10-570x380.jpg 570w, https:\/\/lumart.fr\/wp-content\/uploads\/2018\/01\/Campagne-D\u00e9coration-d\u00e9c-10-360x239.jpg 360w, https:\/\/lumart.fr\/wp-content\/uploads\/2018\/01\/Campagne-D\u00e9coration-d\u00e9c-10-113x75.jpg 113w, https:\/\/lumart.fr\/wp-content\/uploads\/2018\/01\/Campagne-D\u00e9coration-d\u00e9c-10-84x56.jpg 84w, https:\/\/lumart.fr\/wp-content\/uploads\/2018\/01\/Campagne-D\u00e9coration-d\u00e9c-10-640x425.jpg 640w, https:\/\/lumart.fr\/wp-content\/uploads\/2018\/01\/Campagne-D\u00e9coration-d\u00e9c-10-387x257.jpg 387w\" sizes=\"(max-width: 870px) 100vw, 870px\" \/><\/a><\/p>\n<p><a href=\"https:\/\/lumart.fr\/wp-content\/uploads\/2018\/01\/Campagne-D\u00e9coration-d\u00e9c-10-2.jpghttps:\/\/lumart.fr\/en\/\" target=\"_blank\" rel=\"noopener\"><img loading=\"lazy\" class=\"alignnone wp-image-8281 size-full\" src=\"https:\/\/lumart.fr\/wp-content\/uploads\/2018\/01\/Campagne-D\u00e9coration-d\u00e9c-10-2.jpg\" alt=\"\" width=\"870\" height=\"578\" srcset=\"https:\/\/lumart.fr\/wp-content\/uploads\/2018\/01\/Campagne-D\u00e9coration-d\u00e9c-10-2.jpg 870w, https:\/\/lumart.fr\/wp-content\/uploads\/2018\/01\/Campagne-D\u00e9coration-d\u00e9c-10-2-740x492.jpg 740w, https:\/\/lumart.fr\/wp-content\/uploads\/2018\/01\/Campagne-D\u00e9coration-d\u00e9c-10-2-300x199.jpg 300w, https:\/\/lumart.fr\/wp-content\/uploads\/2018\/01\/Campagne-D\u00e9coration-d\u00e9c-10-2-768x510.jpg 768w, https:\/\/lumart.fr\/wp-content\/uploads\/2018\/01\/Campagne-D\u00e9coration-d\u00e9c-10-2-858x570.jpg 858w, https:\/\/lumart.fr\/wp-content\/uploads\/2018\/01\/Campagne-D\u00e9coration-d\u00e9c-10-2-570x380.jpg 570w, https:\/\/lumart.fr\/wp-content\/uploads\/2018\/01\/Campagne-D\u00e9coration-d\u00e9c-10-2-360x239.jpg 360w, https:\/\/lumart.fr\/wp-content\/uploads\/2018\/01\/Campagne-D\u00e9coration-d\u00e9c-10-2-113x75.jpg 113w, https:\/\/lumart.fr\/wp-content\/uploads\/2018\/01\/Campagne-D\u00e9coration-d\u00e9c-10-2-84x56.jpg 84w, https:\/\/lumart.fr\/wp-content\/uploads\/2018\/01\/Campagne-D\u00e9coration-d\u00e9c-10-2-640x425.jpg 640w, https:\/\/lumart.fr\/wp-content\/uploads\/2018\/01\/Campagne-D\u00e9coration-d\u00e9c-10-2-387x257.jpg 387w\" sizes=\"(max-width: 870px) 100vw, 870px\" \/><\/a><\/p>\n","protected":false},"excerpt":{"rendered":"<p>If you are a journalist or communications professional and would like to stay informed about the latest Lum\u2019art news, consult our press releases and press kits, request visuals or include Lum\u2019art lights in your articles and news coverage, please write to us via our contact form, or call us at +33 (0)2 37 37 40 93. We would be delighted <a href=\"https:\/\/lumart.fr\/fr\/press\/\" class=\"more\">[ &hellip; ]<\/a><\/p>\n","protected":false},"author":5,"featured_media":8511,"parent":0,"menu_order":0,"comment_status":"closed","ping_status":"closed","template":"page-editorial.php","meta":[],"acf":[],"yoast_head":"<!-- This site is optimized with the Yoast SEO plugin v17.8 - https:\/\/yoast.com\/wordpress\/plugins\/seo\/ -->\n<meta name=\"description\" content=\"If you are a journalist or communications professional and would like to stay informed about the latest Lum\u2019art news, consult our press releases and press kits, request visuals or include Lum\u2019art lights in your articles and news coverage, please write to us via our contact form, or call us at +33 (0)2 37 37 40 93\" \/>\n<meta name=\"robots\" content=\"index, follow, max-snippet:-1, max-image-preview:large, max-video-preview:-1\" \/>\n<link rel=\"canonical\" href=\"https:\/\/lumart.fr\/fr\/press\/\" \/>\n<meta property=\"og:locale\" content=\"fr_FR\" \/>\n<meta property=\"og:type\" content=\"article\" \/>\n<meta property=\"og:title\" content=\"Press Room - Lum&#039;art\" \/>\n<meta property=\"og:description\" content=\"If you are a journalist or communications professional and would like to stay informed about the latest Lum\u2019art news, consult our press releases and press kits, request visuals or include Lum\u2019art lights in your articles and news coverage, please write to us via our contact form, or call us at +33 (0)2 37 37 40 93\" \/>\n<meta property=\"og:url\" content=\"https:\/\/lumart.fr\/fr\/press\/\" \/>\n<meta property=\"og:site_name\" content=\"Lum&#039;art\" \/>\n<meta property=\"article:publisher\" content=\"https:\/\/www.facebook.com\/LumArt-1543826629180391\/\" \/>\n<meta property=\"article:modified_time\" content=\"2018-02-06T13:45:23+00:00\" \/>\n<meta property=\"og:image\" content=\"https:\/\/lumart.fr\/wp-content\/uploads\/2018\/01\/Lampadaire-pascal.jpg\" \/>\n\t<meta property=\"og:image:width\" content=\"1920\" \/>\n\t<meta property=\"og:image:height\" content=\"370\" \/>\n<meta name=\"twitter:card\" content=\"summary\" \/>\n<meta name=\"twitter:label1\" content=\"Dur\u00e9e de lecture estim\u00e9e\" \/>\n\t<meta name=\"twitter:data1\" content=\"3 minutes\" \/>\n<script type=\"application\/ld+json\" class=\"yoast-schema-graph\">{\"@context\":\"https:\/\/schema.org\",\"@graph\":[{\"@type\":\"WebSite\",\"@id\":\"https:\/\/lumart.fr\/fr\/#website\",\"url\":\"https:\/\/lumart.fr\/fr\/\",\"name\":\"Lum'art\",\"description\":\"\",\"potentialAction\":[{\"@type\":\"SearchAction\",\"target\":{\"@type\":\"EntryPoint\",\"urlTemplate\":\"https:\/\/lumart.fr\/fr\/?s={search_term_string}\"},\"query-input\":\"required name=search_term_string\"}],\"inLanguage\":\"fr-FR\"},{\"@type\":\"ImageObject\",\"@id\":\"https:\/\/lumart.fr\/fr\/press\/#primaryimage\",\"inLanguage\":\"fr-FR\",\"url\":\"\/wp-content\/uploads\/2018\/01\/Lampadaire-pascal.jpg\",\"contentUrl\":\"\/wp-content\/uploads\/2018\/01\/Lampadaire-pascal.jpg\",\"width\":1920,\"height\":370},{\"@type\":\"WebPage\",\"@id\":\"https:\/\/lumart.fr\/fr\/press\/#webpage\",\"url\":\"https:\/\/lumart.fr\/fr\/press\/\",\"name\":\"Press Room - Lum'art\",\"isPartOf\":{\"@id\":\"https:\/\/lumart.fr\/fr\/#website\"},\"primaryImageOfPage\":{\"@id\":\"https:\/\/lumart.fr\/fr\/press\/#primaryimage\"},\"datePublished\":\"2018-01-10T15:10:44+00:00\",\"dateModified\":\"2018-02-06T13:45:23+00:00\",\"description\":\"If you are a journalist or communications professional and would like to stay informed about the latest Lum\\u2019art news, consult our press releases and press kits, request visuals or include Lum\\u2019art lights in your articles and news coverage, please write to us via our contact form, or call us at +33 (0)2 37 37 40 93\",\"breadcrumb\":{\"@id\":\"https:\/\/lumart.fr\/fr\/press\/#breadcrumb\"},\"inLanguage\":\"fr-FR\",\"potentialAction\":[{\"@type\":\"ReadAction\",\"target\":[\"https:\/\/lumart.fr\/fr\/press\/\"]}]},{\"@type\":\"BreadcrumbList\",\"@id\":\"https:\/\/lumart.fr\/fr\/press\/#breadcrumb\",\"itemListElement\":[{\"@type\":\"ListItem\",\"position\":1,\"name\":\"Home\",\"item\":\"https:\/\/lumart.fr\/fr\/\"},{\"@type\":\"ListItem\",\"position\":2,\"name\":\"Press Room\"}]}]}<\/script>\n<!-- \/ Yoast SEO plugin. -->","yoast_head_json":{"description":"If you are a journalist or communications professional and would like to stay informed about the latest Lum\u2019art news, consult our press releases and press kits, request visuals or include Lum\u2019art lights in your articles and news coverage, please write to us via our contact form, or call us at +33 (0)2 37 37 40 93","robots":{"index":"index","follow":"follow","max-snippet":"max-snippet:-1","max-image-preview":"max-image-preview:large","max-video-preview":"max-video-preview:-1"},"canonical":"https:\/\/lumart.fr\/fr\/press\/","og_locale":"fr_FR","og_type":"article","og_title":"Press Room - Lum'art","og_description":"If you are a journalist or communications professional and would like to stay informed about the latest Lum\u2019art news, consult our press releases and press kits, request visuals or include Lum\u2019art lights in your articles and news coverage, please write to us via our contact form, or call us at +33 (0)2 37 37 40 93","og_url":"https:\/\/lumart.fr\/fr\/press\/","og_site_name":"Lum&#039;art","article_publisher":"https:\/\/www.facebook.com\/LumArt-1543826629180391\/","article_modified_time":"2018-02-06T13:45:23+00:00","og_image":[{"width":1920,"height":370,"url":"https:\/\/lumart.fr\/wp-content\/uploads\/2018\/01\/Lampadaire-pascal.jpg","type":"image\/jpeg"}],"twitter_card":"summary","twitter_misc":{"Dur\u00e9e de lecture estim\u00e9e":"3 minutes"},"schema":{"@context":"https:\/\/schema.org","@graph":[{"@type":"WebSite","@id":"https:\/\/lumart.fr\/fr\/#website","url":"https:\/\/lumart.fr\/fr\/","name":"Lum'art","description":"","potentialAction":[{"@type":"SearchAction","target":{"@type":"EntryPoint","urlTemplate":"https:\/\/lumart.fr\/fr\/?s={search_term_string}"},"query-input":"required name=search_term_string"}],"inLanguage":"fr-FR"},{"@type":"ImageObject","@id":"https:\/\/lumart.fr\/fr\/press\/#primaryimage","inLanguage":"fr-FR","url":"\/wp-content\/uploads\/2018\/01\/Lampadaire-pascal.jpg","contentUrl":"\/wp-content\/uploads\/2018\/01\/Lampadaire-pascal.jpg","width":1920,"height":370},{"@type":"WebPage","@id":"https:\/\/lumart.fr\/fr\/press\/#webpage","url":"https:\/\/lumart.fr\/fr\/press\/","name":"Press Room - Lum'art","isPartOf":{"@id":"https:\/\/lumart.fr\/fr\/#website"},"primaryImageOfPage":{"@id":"https:\/\/lumart.fr\/fr\/press\/#primaryimage"},"datePublished":"2018-01-10T15:10:44+00:00","dateModified":"2018-02-06T13:45:23+00:00","description":"If you are a journalist or communications professional and would like to stay informed about the latest Lum\u2019art news, consult our press releases and press kits, request visuals or include Lum\u2019art lights in your articles and news coverage, please write to us via our contact form, or call us at +33 (0)2 37 37 40 93","breadcrumb":{"@id":"https:\/\/lumart.fr\/fr\/press\/#breadcrumb"},"inLanguage":"fr-FR","potentialAction":[{"@type":"ReadAction","target":["https:\/\/lumart.fr\/fr\/press\/"]}]},{"@type":"BreadcrumbList","@id":"https:\/\/lumart.fr\/fr\/press\/#breadcrumb","itemListElement":[{"@type":"ListItem","position":1,"name":"Home","item":"https:\/\/lumart.fr\/fr\/"},{"@type":"ListItem","position":2,"name":"Press Room"}]}]}},"_links":{"self":[{"href":"https:\/\/lumart.fr\/fr\/wp-json\/wp\/v2\/pages\/8498"}],"collection":[{"href":"https:\/\/lumart.fr\/fr\/wp-json\/wp\/v2\/pages"}],"about":[{"href":"https:\/\/lumart.fr\/fr\/wp-json\/wp\/v2\/types\/page"}],"author":[{"embeddable":true,"href":"https:\/\/lumart.fr\/fr\/wp-json\/wp\/v2\/users\/5"}],"replies":[{"embeddable":true,"href":"https:\/\/lumart.fr\/fr\/wp-json\/wp\/v2\/comments?post=8498"}],"version-history":[{"count":5,"href":"https:\/\/lumart.fr\/fr\/wp-json\/wp\/v2\/pages\/8498\/revisions"}],"predecessor-version":[{"id":9448,"href":"https:\/\/lumart.fr\/fr\/wp-json\/wp\/v2\/pages\/8498\/revisions\/9448"}],"wp:featuredmedia":[{"embeddable":true,"href":"https:\/\/lumart.fr\/fr\/wp-json\/wp\/v2\/media\/8511"}],"wp:attachment":[{"href":"https:\/\/lumart.fr\/fr\/wp-json\/wp\/v2\/media?parent=8498"}],"curies":[{"name":"wp","href":"https:\/\/api.w.org\/{rel}","templated":true}]}}